{"id":3959,"date":"2021-04-07T19:29:31","date_gmt":"2021-04-07T19:29:31","guid":{"rendered":"http:\/\/apacame.org.br\/site\/?page_id=3959"},"modified":"2021-04-07T19:29:31","modified_gmt":"2021-04-07T19:29:31","slug":"editorial","status":"publish","type":"page","link":"https:\/\/apacame.org.br\/site\/revista\/mensagem-doce-n-160-marco-de-2021\/editorial\/","title":{"rendered":"Editorial"},"content":{"rendered":"<h1 style=\"text-align: center;\">TRABALHO AP\u00cdCOLA EM PRIMEIRO LUGAR<\/h1>\n<p><span style=\"font-size: large;\">Trabalhar e viver da apicultura no Brasil n\u00e3o \u00e9 tarefa f\u00e1cil, temos que estudar muito al\u00e9m de nos dedicarmos ao m\u00e1ximo a essa tarefa. S\u00e3o poucos os que vivem exclusivamente dos trabalhos com abelhas. Temos participado de v\u00e1rios congressos internacionais, fazemos visitas t\u00e9cnicas aos api\u00e1rios de l\u00e1 e vemos o trabalho s\u00e9rio que eles praticam, mesmo com um clima adverso de apenas tr\u00eas meses de florada por ano e sete meses de frio. <\/span><\/p>\n<p><span style=\"font-size: large;\">A prepara\u00e7\u00e3o dos enxames com alimenta\u00e7\u00e3o e tratamentos qu\u00edmicos s\u00e3o levados muito a s\u00e9rio o ano todo, o que muitas vezes contamina o mel. <\/span><\/p>\n<p><span style=\"font-size: large;\">Apesar desses fatores, muitos t\u00eam uma produ\u00e7\u00e3o muito superior \u00e0 nossa, portanto, precisamos de mais profissionais no mundo ap\u00edcola brasileiro, para produzir mel de qualidade. N\u00e3o podemos admitir um pa\u00eds com diversidade de plantas, enorme extens\u00e3o territorial e mercado consumidor a ser explorado ter produ\u00e7\u00e3o t\u00e3o p\u00edfia.<\/span><\/p>\n<p><span style=\"font-size: large;\">Em rela\u00e7\u00e3o ao \u00faltimo editorial, tivemos alguns debates sobre o assunto, muito mais a favor e menos contra, mas quero deixar claro que como <\/span><\/p>\n<p><span style=\"font-size: large;\">Apicultor e estando no momento presidente de uma associa\u00e7\u00e3o, vamos sempre defender o trabalho \u00e1rduo dos nossos apicultores. <\/span><\/p>\n<p><span style=\"font-size: large;\">\u201cE que as abelhas sejam motivos de reuni\u00e3o e uni\u00e3o entre os homens\u201d <\/span><\/p>\n<p><span style=\"font-size: large;\">Uma associa\u00e7\u00e3o se faz com associados.<\/span><\/p>\n<p><span style=\"font-size: large;\"><i><b>Eloi Viana da Silva \u2013 Presidente Executivo &#8211; <a href=\"mailto:eloi@apacame.org.br\">eloi@apacame.org.br<\/a><\/b><\/i><\/span><\/p>\n","protected":false},"excerpt":{"rendered":"<p>TRABALHO AP\u00cdCOLA EM PRIMEIRO LUGAR Trabalhar e viver da apicultura no Brasil n\u00e3o \u00e9 tarefa f\u00e1cil, temos que estudar muito al\u00e9m de nos dedicarmos ao m\u00e1ximo a essa tarefa. S\u00e3o [&hellip;]<\/p>\n","protected":false},"author":20,"featured_media":0,"parent":3952,"menu_order":0,"comment_status":"open","ping_status":"open","template":"","meta":{"pmpro_default_level":"","_price":"","_stock":"","_tribe_ticket_header":"","_tribe_default_ticket_provider":"","_tribe_ticket_capacity":"0","_ticket_start_date":"","_ticket_end_date":"","_tribe_ticket_show_description":"","_tribe_ticket_show_not_going":false,"_tribe_ticket_use_global_stock":"","_tribe_ticket_global_stock_level":"","_global_stock_mode":"","_global_stock_cap":"","_tribe_rsvp_for_event":"","_tribe_ticket_going_count":"","_tribe_ticket_not_going_count":"","_tribe_tickets_list":"[]","_tribe_ticket_has_attendee_info_fields":false,"cybocfi_hide_featured_image":"","footnotes":""},"class_list":["post-3959","page","type-page","status-publish","hentry","pmpro-has-access"],"_links":{"self":[{"href":"https:\/\/apacame.org.br\/site\/wp-json\/wp\/v2\/pages\/3959"}],"collection":[{"href":"https:\/\/apacame.org.br\/site\/wp-json\/wp\/v2\/pages"}],"about":[{"href":"https:\/\/apacame.org.br\/site\/wp-json\/wp\/v2\/types\/page"}],"author":[{"embeddable":true,"href":"https:\/\/apacame.org.br\/site\/wp-json\/wp\/v2\/users\/20"}],"replies":[{"embeddable":true,"href":"https:\/\/apacame.org.br\/site\/wp-json\/wp\/v2\/comments?post=3959"}],"version-history":[{"count":1,"href":"https:\/\/apacame.org.br\/site\/wp-json\/wp\/v2\/pages\/3959\/revisions"}],"predecessor-version":[{"id":3960,"href":"https:\/\/apacame.org.br\/site\/wp-json\/wp\/v2\/pages\/3959\/revisions\/3960"}],"up":[{"embeddable":true,"href":"https:\/\/apacame.org.br\/site\/wp-json\/wp\/v2\/pages\/3952"}],"wp:attachment":[{"href":"https:\/\/apacame.org.br\/site\/wp-json\/wp\/v2\/media?parent=3959"}],"curies":[{"name":"wp","href":"https:\/\/api.w.org\/{rel}","templated":true}]}}