{"id":3901,"date":"2020-12-09T16:49:24","date_gmt":"2020-12-09T16:49:24","guid":{"rendered":"http:\/\/apacame.org.br\/site\/?page_id=3901"},"modified":"2020-12-09T16:49:24","modified_gmt":"2020-12-09T16:49:24","slug":"noticia-2","status":"publish","type":"page","link":"https:\/\/apacame.org.br\/site\/revista\/mensagem-doce-n-159-novembro-de-2020\/noticia-2\/","title":{"rendered":"Not\u00edcia"},"content":{"rendered":"<h1 style=\"text-align: center;\">Norte de Minas adquire Selo Internacional para Mel<\/h1>\n<blockquote><p>Fonte: <a href=\"https:\/\/gazetanortemineira.com.br\/noticias\/regional\/norte-de-minas-adquire-selo-internacional-para-mel\" target=\"_blank\" rel=\"noopener\">https:\/\/gazetanortemineira.com.br\/noticias\/regional\/norte-de-minas-adquire-selo-internacional-para-mel<\/a> &#8211; Por Girleno Alencar.<\/p><\/blockquote>\n<p><span style=\"font-size: large;\"><a href=\"https:\/\/apacame.org.br\/site\/wp-content\/uploads\/2020\/12\/Figura_Mel-de-minas.jpg\"><img decoding=\"async\" class=\"alignright size-medium wp-image-3902\" src=\"https:\/\/apacame.org.br\/site\/wp-content\/uploads\/2020\/12\/Figura_Mel-de-minas-300x157.jpg\" alt=\"Figura_Mel-de-minas\" width=\"300\" height=\"157\" srcset=\"https:\/\/apacame.org.br\/site\/wp-content\/uploads\/2020\/12\/Figura_Mel-de-minas-300x157.jpg 300w, https:\/\/apacame.org.br\/site\/wp-content\/uploads\/2020\/12\/Figura_Mel-de-minas-1024x535.jpg 1024w, https:\/\/apacame.org.br\/site\/wp-content\/uploads\/2020\/12\/Figura_Mel-de-minas-150x78.jpg 150w, https:\/\/apacame.org.br\/site\/wp-content\/uploads\/2020\/12\/Figura_Mel-de-minas-500x261.jpg 500w, https:\/\/apacame.org.br\/site\/wp-content\/uploads\/2020\/12\/Figura_Mel-de-minas.jpg 1245w\" sizes=\"(max-width: 300px) 100vw, 300px\" \/><\/a>O Norte de Minas enfim conseguiu agora em julho de 2020 o Selo Internacional para exportar a sua produ\u00e7\u00e3o de mel e por isso, estar\u00e1 mandando a sua primeira carga, com 10 toneladas, para os Estados Unidos.<\/span><\/p>\n<p><span style=\"font-size: large;\">Uma carga com nove quilos de potes de 250 gramas foi enviada de forma experimental, para um distribuidor norte-americano. O presidente da Cooperativa de Apicultores e Agricultores Familiares do Norte de Minas (Coopemapi), Luciano Fernandes de Souza explica que a exporta\u00e7\u00e3o do mel da regi\u00e3o permite agregar bons recursos para os produtores, pois um pote de mel com 250 gramas \u00e9 vendido de R$ 30,00 a R$ 35,00, enquanto no Brasil, com o mesmo valor compra de um quilo das m\u00e3os do apicultor.<\/span><\/p>\n<p><span style=\"font-size: large;\">O Minist\u00e9rio do Desenvolvimento Regional informou que liberou para um grupo de produtores de mel est\u00e1 desenvolvendo mercadorias com alto valor agregado que ser\u00e3o exportadas para os Estados Unidos. Com apoio do MDR, que investiu R$ 1,24 milh\u00e3o, a Cooperativa de Apicultores e Agricultores Familiares do Norte de Minas (Coopemapi) adquiriu equipamentos e insumos, al\u00e9m de construir infraestruturas necess\u00e1rias para o beneficiamento de produtos da apicultura mineira. A iniciativa integra a Rota do Mel, que \u00e9 parte do programa Rotas de Integra\u00e7\u00e3o Nacional.<\/span><\/p>\n<p><span style=\"font-size: large;\">At\u00e9 o ano passado o Norte de Minas exportava o mel atrav\u00e9s das exportadoras de Santa Catarina. Por\u00e9m, agora o Entreposto de Bocaiuva foi credenciado, tendo recebido o selo internacional e isso o permite vender diretamente. No ano passado, a regi\u00e3o vendia o mel a granel, em grandes embalagens. Agora, ser\u00e1 vendido em potes de 250 gramas, o que permite agregar mais recursos. No m\u00eas de agosto, dois containers sair\u00e3o de Bocaiuva para os Estados Unidos. O Norte de Minas produz o Mel Aroeira, que \u00e9 considerado o melhor do pa\u00eds e com grande aceita\u00e7\u00e3o.<\/span><\/p>\n","protected":false},"excerpt":{"rendered":"<p>Norte de Minas adquire Selo Internacional para Mel Fonte: https:\/\/gazetanortemineira.com.br\/noticias\/regional\/norte-de-minas-adquire-selo-internacional-para-mel &#8211; Por Girleno Alencar. O Norte de Minas enfim conseguiu agora em julho de 2020 o Selo Internacional para exportar [&hellip;]<\/p>\n","protected":false},"author":20,"featured_media":0,"parent":3801,"menu_order":0,"comment_status":"open","ping_status":"open","template":"","meta":{"pmpro_default_level":"","_price":"","_stock":"","_tribe_ticket_header":"","_tribe_default_ticket_provider":"","_tribe_ticket_capacity":"0","_ticket_start_date":"","_ticket_end_date":"","_tribe_ticket_show_description":"","_tribe_ticket_show_not_going":false,"_tribe_ticket_use_global_stock":"","_tribe_ticket_global_stock_level":"","_global_stock_mode":"","_global_stock_cap":"","_tribe_rsvp_for_event":"","_tribe_ticket_going_count":"","_tribe_ticket_not_going_count":"","_tribe_tickets_list":"[]","_tribe_ticket_has_attendee_info_fields":false,"cybocfi_hide_featured_image":"","footnotes":""},"class_list":["post-3901","page","type-page","status-publish","hentry","pmpro-has-access"],"_links":{"self":[{"href":"https:\/\/apacame.org.br\/site\/wp-json\/wp\/v2\/pages\/3901"}],"collection":[{"href":"https:\/\/apacame.org.br\/site\/wp-json\/wp\/v2\/pages"}],"about":[{"href":"https:\/\/apacame.org.br\/site\/wp-json\/wp\/v2\/types\/page"}],"author":[{"embeddable":true,"href":"https:\/\/apacame.org.br\/site\/wp-json\/wp\/v2\/users\/20"}],"replies":[{"embeddable":true,"href":"https:\/\/apacame.org.br\/site\/wp-json\/wp\/v2\/comments?post=3901"}],"version-history":[{"count":2,"href":"https:\/\/apacame.org.br\/site\/wp-json\/wp\/v2\/pages\/3901\/revisions"}],"predecessor-version":[{"id":3904,"href":"https:\/\/apacame.org.br\/site\/wp-json\/wp\/v2\/pages\/3901\/revisions\/3904"}],"up":[{"embeddable":true,"href":"https:\/\/apacame.org.br\/site\/wp-json\/wp\/v2\/pages\/3801"}],"wp:attachment":[{"href":"https:\/\/apacame.org.br\/site\/wp-json\/wp\/v2\/media?parent=3901"}],"curies":[{"name":"wp","href":"https:\/\/api.w.org\/{rel}","templated":true}]}}