{"id":3895,"date":"2020-12-09T16:41:09","date_gmt":"2020-12-09T16:41:09","guid":{"rendered":"http:\/\/apacame.org.br\/site\/?page_id=3895"},"modified":"2020-12-09T16:42:28","modified_gmt":"2020-12-09T16:42:28","slug":"noticia","status":"publish","type":"page","link":"https:\/\/apacame.org.br\/site\/revista\/mensagem-doce-n-159-novembro-de-2020\/noticia\/","title":{"rendered":"Not\u00edcia"},"content":{"rendered":"<h1 style=\"text-align: center;\">Mel \u00e9 melhor para tosse e resfriado do que antibi\u00f3ticos, diz estudo!<\/h1>\n<blockquote><p><a href=\"https:\/\/exame.com\/ciencia\/mel-e-melhor-para-tosse-e-resfriado-do-que-antibioticos-diz-estudo\/\" target=\"_blank\" rel=\"noopener\">https:\/\/exame.com\/ciencia\/mel-e-melhor-para-tosse-e-resfriado-do-que-antibioticos-diz-estudo\/<\/a> &#8211; Por Tamires Vitorio.<\/p><\/blockquote>\n<p><span style=\"font-size: large;\"><b><em>Pesquisa foi feita por cientistas da Universidade de Oxford e aponta que o mel pode ser um bom aliado no combate a infec\u00e7\u00f5es do trato respirat\u00f3rio<\/em><\/b><\/span><\/p>\n<p><span style=\"font-size: large;\"><a href=\"https:\/\/apacame.org.br\/site\/wp-content\/uploads\/2020\/12\/Aberetura-da-Materia-Mel-e-melhor.jpg\"><img decoding=\"async\" class=\"alignright size-medium wp-image-3897\" src=\"https:\/\/apacame.org.br\/site\/wp-content\/uploads\/2020\/12\/Aberetura-da-Materia-Mel-e-melhor-300x94.jpg\" alt=\"Aberetura-da-Materia-Mel-e-melhor\" width=\"300\" height=\"94\" srcset=\"https:\/\/apacame.org.br\/site\/wp-content\/uploads\/2020\/12\/Aberetura-da-Materia-Mel-e-melhor-300x94.jpg 300w, https:\/\/apacame.org.br\/site\/wp-content\/uploads\/2020\/12\/Aberetura-da-Materia-Mel-e-melhor-1024x320.jpg 1024w, https:\/\/apacame.org.br\/site\/wp-content\/uploads\/2020\/12\/Aberetura-da-Materia-Mel-e-melhor-150x47.jpg 150w, https:\/\/apacame.org.br\/site\/wp-content\/uploads\/2020\/12\/Aberetura-da-Materia-Mel-e-melhor-500x156.jpg 500w\" sizes=\"(max-width: 300px) 100vw, 300px\" \/><\/a>Um estudo feito pela Universidade de Oxford, no\u00a0Reino Unido, aponta que o mel pode ser melhor para tosse e resfriados do que tratamentos mais tradicionais, como a utiliza\u00e7\u00e3o de antibi\u00f3ticos.<\/span><\/p>\n<p><span style=\"font-size: large;\">Para chegar a essa conclus\u00e3o, os pesquisadores analisaram a base de dados de diversas pesquisas para achar estudos relevantes que comparassem o uso do mel com o tratamento comum para infec\u00e7\u00f5es do trato respirat\u00f3rio.<\/span><\/p>\n<p><span style=\"font-size: large;\">Foram encontrados, ent\u00e3o, 14 testes cl\u00ednicos sobre o uso do mel, com cerca de 1.761 participantes de idades variadas. Os dados desses testes mostram que o mel era mais efetivo em especial para casos de tosse, tanto graves quanto leves e que, quando administrado como forma de tratamento, reduziu o tempo dos sintomas em um a dois dias.<\/span><\/p>\n<p><span style=\"font-size: large;\">Para os pesquisadores, a descoberta pode ajudar os m\u00e9dicos a tratarem melhor as infec\u00e7\u00f5es do trato respirat\u00f3rio, uma vez que \u201co mel pode ser usado como uma alternativa aos antibi\u00f3ticos\u201d.<\/span><\/p>\n<p><span style=\"font-size: large;\">\u201cO mel pode ajudar a tornar o espalhamento da resist\u00eancia antimicrobial mais lento, mas outros estudos e testes ainda s\u00e3o necess\u00e1rios\u201d, explicaram os autores da pesquisa.<\/span><\/p>\n<p><span style=\"font-size: large;\">Todos os estudos analisados por eles foram do tipo controlado. Mais testes envolvendo um grupo de placebo devem ser feitos para comprovar totalmente a efic\u00e1cia do mel.<\/span><\/p>\n<p><span style=\"font-size: large;\">Parece, ent\u00e3o, que as propriedades do alimento n\u00e3o est\u00e3o s\u00f3 na imagina\u00e7\u00e3o popular \u2014 que j\u00e1 \u201creceitava\u201d uma colher de mel para casos de gripe.<\/span><\/p>\n","protected":false},"excerpt":{"rendered":"<p>Mel \u00e9 melhor para tosse e resfriado do que antibi\u00f3ticos, diz estudo! https:\/\/exame.com\/ciencia\/mel-e-melhor-para-tosse-e-resfriado-do-que-antibioticos-diz-estudo\/ &#8211; Por Tamires Vitorio. Pesquisa foi feita por cientistas da Universidade de Oxford e aponta que o [&hellip;]<\/p>\n","protected":false},"author":20,"featured_media":0,"parent":3801,"menu_order":0,"comment_status":"open","ping_status":"open","template":"","meta":{"pmpro_default_level":"","_price":"","_stock":"","_tribe_ticket_header":"","_tribe_default_ticket_provider":"","_tribe_ticket_capacity":"0","_ticket_start_date":"","_ticket_end_date":"","_tribe_ticket_show_description":"","_tribe_ticket_show_not_going":false,"_tribe_ticket_use_global_stock":"","_tribe_ticket_global_stock_level":"","_global_stock_mode":"","_global_stock_cap":"","_tribe_rsvp_for_event":"","_tribe_ticket_going_count":"","_tribe_ticket_not_going_count":"","_tribe_tickets_list":"[]","_tribe_ticket_has_attendee_info_fields":false,"cybocfi_hide_featured_image":"","footnotes":""},"class_list":["post-3895","page","type-page","status-publish","hentry","pmpro-has-access"],"_links":{"self":[{"href":"https:\/\/apacame.org.br\/site\/wp-json\/wp\/v2\/pages\/3895"}],"collection":[{"href":"https:\/\/apacame.org.br\/site\/wp-json\/wp\/v2\/pages"}],"about":[{"href":"https:\/\/apacame.org.br\/site\/wp-json\/wp\/v2\/types\/page"}],"author":[{"embeddable":true,"href":"https:\/\/apacame.org.br\/site\/wp-json\/wp\/v2\/users\/20"}],"replies":[{"embeddable":true,"href":"https:\/\/apacame.org.br\/site\/wp-json\/wp\/v2\/comments?post=3895"}],"version-history":[{"count":3,"href":"https:\/\/apacame.org.br\/site\/wp-json\/wp\/v2\/pages\/3895\/revisions"}],"predecessor-version":[{"id":3899,"href":"https:\/\/apacame.org.br\/site\/wp-json\/wp\/v2\/pages\/3895\/revisions\/3899"}],"up":[{"embeddable":true,"href":"https:\/\/apacame.org.br\/site\/wp-json\/wp\/v2\/pages\/3801"}],"wp:attachment":[{"href":"https:\/\/apacame.org.br\/site\/wp-json\/wp\/v2\/media?parent=3895"}],"curies":[{"name":"wp","href":"https:\/\/api.w.org\/{rel}","templated":true}]}}