{"id":3875,"date":"2020-12-09T16:05:58","date_gmt":"2020-12-09T16:05:58","guid":{"rendered":"http:\/\/apacame.org.br\/site\/?page_id=3875"},"modified":"2020-12-09T16:09:30","modified_gmt":"2020-12-09T16:09:30","slug":"meliponicultura","status":"publish","type":"page","link":"https:\/\/apacame.org.br\/site\/revista\/mensagem-doce-n-159-novembro-de-2020\/meliponicultura\/","title":{"rendered":"Meliponicultura"},"content":{"rendered":"<h1 style=\"text-align: center;\">ABELHAS &#8220;NATIVAS&#8221;<\/h1>\n<blockquote><p>Jo\u00e3o de Paula &#8211; <a href=\"mailto:joao_de_paula@yahoo.com.br\">joao_de_paula@yahoo.com.br<\/a><\/p><\/blockquote>\n<figure id=\"attachment_3877\" aria-describedby=\"caption-attachment-3877\" style=\"width: 300px\" class=\"wp-caption alignright\"><a href=\"https:\/\/apacame.org.br\/site\/wp-content\/uploads\/2020\/12\/Figura_1_Abelhas.jpg\"><img fetchpriority=\"high\" decoding=\"async\" class=\"size-medium wp-image-3877\" src=\"https:\/\/apacame.org.br\/site\/wp-content\/uploads\/2020\/12\/Figura_1_Abelhas-300x218.jpg\" alt=\"Ninho novo de Guaraipo, quatro meses ap\u00f3s a divis\u00e3o, r\u00e1pida evolu\u00e7\u00e3o, encostando na tampa da caixa. Esta \u00e9 a Uru\u00e7\u00fa Sulina.\" width=\"300\" height=\"218\" srcset=\"https:\/\/apacame.org.br\/site\/wp-content\/uploads\/2020\/12\/Figura_1_Abelhas-300x218.jpg 300w, https:\/\/apacame.org.br\/site\/wp-content\/uploads\/2020\/12\/Figura_1_Abelhas-1024x745.jpg 1024w, https:\/\/apacame.org.br\/site\/wp-content\/uploads\/2020\/12\/Figura_1_Abelhas-150x109.jpg 150w, https:\/\/apacame.org.br\/site\/wp-content\/uploads\/2020\/12\/Figura_1_Abelhas-500x364.jpg 500w, https:\/\/apacame.org.br\/site\/wp-content\/uploads\/2020\/12\/Figura_1_Abelhas.jpg 1122w\" sizes=\"(max-width: 300px) 100vw, 300px\" \/><\/a><figcaption id=\"caption-attachment-3877\" class=\"wp-caption-text\">Ninho novo de Guaraipo, quatro meses ap\u00f3s a divis\u00e3o, r\u00e1pida evolu\u00e7\u00e3o, encostando<br \/>na tampa da caixa. Esta \u00e9 a Uru\u00e7\u00fa Sulina.<\/figcaption><\/figure>\n<p><span style=\"font-size: large;\">Existe uma correria, entre os entusiastas da meliponicultura, tentando obter enxames, daquelas bel\u00edssimas abelhas, especialmente mel\u00edponas, existentes nas regi\u00f5es norte e nordeste, deste maravilhoso pais, o nosso Brasil.<\/span><\/p>\n<p><span style=\"font-size: large;\">Criar abelhas daqueles biomas aqui no Sul \u00e9 ilus\u00e3o, puro devaneio. J\u00e1 tentei e n\u00e3o consegui. A Natureza desenhou e esculpiu esses maravilhosos bichinhos, para viverem naquele ambiente onde \u00e9 normal um per\u00edodo de estiagem e outro chuvoso, mas sempre quente La a terra, a \u00e1gua, as plantas, as resinas, as flores, o n\u00e9ctar, o p\u00f3len e o mel t\u00eam caracter\u00edsticas pr\u00f3prias, outra composi\u00e7\u00e3o.<\/span><\/p>\n<p><span style=\"font-size: large;\">As doen\u00e7as e os predadores de l\u00e1 tamb\u00e9m s\u00e3o outros. Aqui, o inverno \u00e9 rigoroso com temperaturas at\u00e9 menos de zero grau. <\/span><\/p>\n<p><span style=\"font-size: large;\">Argumentam que, nessas \u00e9pocas os enxames s\u00e3o mantidos com aquecimento artificial. Mas esquecem de que a oper\u00e1ria est\u00e1 no interior da colmeia onde a temperatura es t\u00e1 em trinta e cinco graus e sai para trabalhar, lan\u00e7ando-se, instantaneamente, num ambiente onde o term\u00f4metro indica quinze graus. Essa mudan\u00e7a brusca pode provocar a morte ou um enorme dano no delicado organismo dessa fr\u00e1gil criatura.<a href=\"https:\/\/apacame.org.br\/site\/wp-content\/uploads\/2020\/12\/Figura_2_Abelhas.jpg\"><img decoding=\"async\" class=\"alignleft size-thumbnail wp-image-3878\" src=\"https:\/\/apacame.org.br\/site\/wp-content\/uploads\/2020\/12\/Figura_2_Abelhas-150x150.jpg\" alt=\"Figura_2_Abelhas\" width=\"150\" height=\"150\" srcset=\"https:\/\/apacame.org.br\/site\/wp-content\/uploads\/2020\/12\/Figura_2_Abelhas-150x150.jpg 150w, https:\/\/apacame.org.br\/site\/wp-content\/uploads\/2020\/12\/Figura_2_Abelhas-100x100.jpg 100w\" sizes=\"(max-width: 150px) 100vw, 150px\" \/><\/a><\/span><\/p>\n<p><span style=\"font-size: large;\">Existe entre dois biomas, uma faixa em degrad\u00ea que avan\u00e7a para ambos os lados, onde a Natureza vai lentamente aclimatando suas cria\u00e7\u00f5es.<\/span><\/p>\n<p><span style=\"font-size: large;\">N\u00e3o carece termos ci\u00fame, inveja do povo de l\u00e1, pios eles t\u00eam a Scutel\u00e1ris, n\u00f3s temos a Guaraipo, eles t\u00eam a Jandaira, n\u00f3s temos a Manda\u00e7aia, eles t\u00eam a rajada, n\u00f3s temos a Marginata e muitas outras equival\u00eancias.<\/span><\/p>\n<p><span style=\"font-size: large;\">Cada enxame que tiramos de seu bioma de origem \u00e9 um \u201cenxamicidio\u201d que cometemos. A vida \u00e9 maravilhosa como ela \u00e9. Jamais teremos \u00eaxitos teimando com DEUS.<\/span><\/p>\n","protected":false},"excerpt":{"rendered":"<p>ABELHAS &#8220;NATIVAS&#8221; Jo\u00e3o de Paula &#8211; joao_de_paula@yahoo.com.br Existe uma correria, entre os entusiastas da meliponicultura, tentando obter enxames, daquelas bel\u00edssimas abelhas, especialmente mel\u00edponas, existentes nas regi\u00f5es norte e nordeste, deste [&hellip;]<\/p>\n","protected":false},"author":20,"featured_media":0,"parent":3801,"menu_order":0,"comment_status":"open","ping_status":"open","template":"","meta":{"pmpro_default_level":"","_price":"","_stock":"","_tribe_ticket_header":"","_tribe_default_ticket_provider":"","_tribe_ticket_capacity":"0","_ticket_start_date":"","_ticket_end_date":"","_tribe_ticket_show_description":"","_tribe_ticket_show_not_going":false,"_tribe_ticket_use_global_stock":"","_tribe_ticket_global_stock_level":"","_global_stock_mode":"","_global_stock_cap":"","_tribe_rsvp_for_event":"","_tribe_ticket_going_count":"","_tribe_ticket_not_going_count":"","_tribe_tickets_list":"[]","_tribe_ticket_has_attendee_info_fields":false,"cybocfi_hide_featured_image":"","footnotes":""},"class_list":["post-3875","page","type-page","status-publish","hentry","pmpro-has-access"],"_links":{"self":[{"href":"https:\/\/apacame.org.br\/site\/wp-json\/wp\/v2\/pages\/3875"}],"collection":[{"href":"https:\/\/apacame.org.br\/site\/wp-json\/wp\/v2\/pages"}],"about":[{"href":"https:\/\/apacame.org.br\/site\/wp-json\/wp\/v2\/types\/page"}],"author":[{"embeddable":true,"href":"https:\/\/apacame.org.br\/site\/wp-json\/wp\/v2\/users\/20"}],"replies":[{"embeddable":true,"href":"https:\/\/apacame.org.br\/site\/wp-json\/wp\/v2\/comments?post=3875"}],"version-history":[{"count":3,"href":"https:\/\/apacame.org.br\/site\/wp-json\/wp\/v2\/pages\/3875\/revisions"}],"predecessor-version":[{"id":3879,"href":"https:\/\/apacame.org.br\/site\/wp-json\/wp\/v2\/pages\/3875\/revisions\/3879"}],"up":[{"embeddable":true,"href":"https:\/\/apacame.org.br\/site\/wp-json\/wp\/v2\/pages\/3801"}],"wp:attachment":[{"href":"https:\/\/apacame.org.br\/site\/wp-json\/wp\/v2\/media?parent=3875"}],"curies":[{"name":"wp","href":"https:\/\/api.w.org\/{rel}","templated":true}]}}