{"id":3867,"date":"2020-12-09T15:55:26","date_gmt":"2020-12-09T15:55:26","guid":{"rendered":"http:\/\/apacame.org.br\/site\/?page_id=3867"},"modified":"2020-12-09T15:59:44","modified_gmt":"2020-12-09T15:59:44","slug":"artigo-4","status":"publish","type":"page","link":"https:\/\/apacame.org.br\/site\/revista\/mensagem-doce-n-159-novembro-de-2020\/artigo-4\/","title":{"rendered":"Artigo"},"content":{"rendered":"<h1 style=\"text-align: center;\">Estudo da Universidade Federal de Vi\u00e7osa (UFV) pode ajudar a salvar as abelhas<\/h1>\n<blockquote><p>Fonte: <a href=\"https:\/\/boasnovasmg.com.br\/2019\/07\/01\/estudo-da-ufv-pode-ajudar-a-salvar-as-abelhas\/\" target=\"_blank\" rel=\"noopener\">https:\/\/boasnovasmg.com.br\/2019\/07\/01\/estudo-da-ufv-pode-ajudar-a-salvar-as-abelhas\/<\/a><\/p><\/blockquote>\n<figure id=\"attachment_3869\" aria-describedby=\"caption-attachment-3869\" style=\"width: 300px\" class=\"wp-caption alignright\"><a href=\"https:\/\/apacame.org.br\/site\/wp-content\/uploads\/2020\/12\/Figura_1_Estudo.jpg\"><img fetchpriority=\"high\" decoding=\"async\" class=\"size-medium wp-image-3869\" src=\"https:\/\/apacame.org.br\/site\/wp-content\/uploads\/2020\/12\/Figura_1_Estudo-300x200.jpg\" alt=\"Estudo da UFV avalia impacto do campo magn\u00e9tico na morte das abelhas\" width=\"300\" height=\"200\" srcset=\"https:\/\/apacame.org.br\/site\/wp-content\/uploads\/2020\/12\/Figura_1_Estudo-300x200.jpg 300w, https:\/\/apacame.org.br\/site\/wp-content\/uploads\/2020\/12\/Figura_1_Estudo-1024x682.jpg 1024w, https:\/\/apacame.org.br\/site\/wp-content\/uploads\/2020\/12\/Figura_1_Estudo-150x100.jpg 150w, https:\/\/apacame.org.br\/site\/wp-content\/uploads\/2020\/12\/Figura_1_Estudo-500x333.jpg 500w, https:\/\/apacame.org.br\/site\/wp-content\/uploads\/2020\/12\/Figura_1_Estudo.jpg 1123w\" sizes=\"(max-width: 300px) 100vw, 300px\" \/><\/a><figcaption id=\"caption-attachment-3869\" class=\"wp-caption-text\">Estudo da UFV avalia impacto do campo magn\u00e9tico na morte das abelhas<\/figcaption><\/figure>\n<p><span style=\"font-size: large;\">Um estudo desenvolvido por professores da Universidade Federal de Vi\u00e7osa (UFV), que est\u00e1 entre os mais acessados do mundo na \u00e1rea de ecologia, pode ajudar a salvar as abelhas, que est\u00e3o morrendo em propor\u00e7\u00f5es alarmantes em todos os cantos do planeta. J\u00e1 se sabe que os principais inimigos das abelhas s\u00e3o os agrot\u00f3xicos. Mas os especialistas da UVF descobriram uma outra poss\u00edvel causa para o exterm\u00ednio desse inseto, que \u00e9 o principal polinizador da maioria dos ecossistemas da terra: os campos eletromagn\u00e9ticos.<\/span><\/p>\n<p><span style=\"font-size: large;\">Os professores Eug\u00eanio Eduardo Oliveira, do Departamento de Entomologia, e Maria Augusta Lima, do Departamento de Biologia Animal, investigaram a influ\u00eancia das redes de transmiss\u00e3o de energia e telefonia sobre as abelhas e descobriram que as radia\u00e7\u00f5es interferem na navega\u00e7\u00e3o desses insetos em dire\u00e7\u00e3o \u00e0s plantas.<\/span><\/p>\n<p><span style=\"font-size: large;\">Esse foi o aspecto que mais chamou a aten\u00e7\u00e3o da comunidade cient\u00edfica internacional para o trabalho dos professores, que foi publicado no artigo\u00a0Extremely Low Frequency Electromagnetic Fields Impair the Cognitiv and Motor Abilities of Honey Bees.<\/span><\/p>\n<p><span style=\"font-size: large;\"><b>Fertiliza\u00e7\u00e3o e reprodu\u00e7\u00e3o<\/b><\/span><\/p>\n<figure id=\"attachment_3870\" aria-describedby=\"caption-attachment-3870\" style=\"width: 300px\" class=\"wp-caption alignleft\"><a href=\"https:\/\/apacame.org.br\/site\/wp-content\/uploads\/2020\/12\/Figura_2_Estudo.jpg\"><img decoding=\"async\" class=\"size-medium wp-image-3870\" src=\"https:\/\/apacame.org.br\/site\/wp-content\/uploads\/2020\/12\/Figura_2_Estudo-300x207.jpg\" alt=\"Os professores Eug\u00eanio Oliveira e Maria Augusta Lima, da Universidade Federal de Vi\u00e7osa.\" width=\"300\" height=\"207\" srcset=\"https:\/\/apacame.org.br\/site\/wp-content\/uploads\/2020\/12\/Figura_2_Estudo-300x207.jpg 300w, https:\/\/apacame.org.br\/site\/wp-content\/uploads\/2020\/12\/Figura_2_Estudo-1024x708.jpg 1024w, https:\/\/apacame.org.br\/site\/wp-content\/uploads\/2020\/12\/Figura_2_Estudo-150x104.jpg 150w, https:\/\/apacame.org.br\/site\/wp-content\/uploads\/2020\/12\/Figura_2_Estudo-500x346.jpg 500w, https:\/\/apacame.org.br\/site\/wp-content\/uploads\/2020\/12\/Figura_2_Estudo.jpg 1122w\" sizes=\"(max-width: 300px) 100vw, 300px\" \/><\/a><figcaption id=\"caption-attachment-3870\" class=\"wp-caption-text\">Os professores Eug\u00eanio Oliveira e Maria Augusta Lima, da Universidade Federal<br \/>de Vi\u00e7osa.<\/figcaption><\/figure>\n<p><span style=\"font-size: large;\">O principal objetivo dos pesquisadores foi avaliar como diferentes fatores causadores de estresse, estudados de forma isolada ou em conjunto, podem alterar o comportamento, fisiologia, sa\u00fade e cogni\u00e7\u00e3o de abelhas mel\u00edferas, a esp\u00e9cie mais estudada no mundo todo e que tamb\u00e9m ocorre no Brasil.<\/span><\/p>\n<p><span style=\"font-size: large;\">As abelhas mel\u00edferas voam em um raio de at\u00e9 12 quil\u00f4metros para se alimentar. Enquanto buscam o n\u00e9ctar, carregam o p\u00f3len respons\u00e1vel pela fertiliza\u00e7\u00e3o das flores e a reprodu\u00e7\u00e3o das plantas. O estudo concluiu que, quanto mais perto das torres de transmiss\u00e3o, mais as abelhas t\u00eam o voo alterado. \u201cO campo eletromagn\u00e9tico das redes de transmiss\u00e3o modifica a velocidade do voo fazendo com que as abelhas tenham mais dificuldades para polinizar as plantas\u201d, conta o professor Eug\u00eanio Oliveira.<\/span><\/p>\n<p><span style=\"font-size: large;\">Atualmente, a equipe da UFV est\u00e1 investigando se a exposi\u00e7\u00e3o conjunta aos campos eletromagn\u00e9ticos e aos inseticidas causam efeitos letais ou subletais \u00e0s abelhas mel\u00edferas. \u201cN\u00f3s isolamos os efeitos de diferentes doses de compostos qu\u00edmicos e de graus de radia\u00e7\u00e3o para responder com seguran\u00e7a a influ\u00eancia que exercem no comportamento das abelhas\u201d, explica a professora Maria Augusta.<\/span><\/p>\n<p><span style=\"font-size: large;\">Os resultados j\u00e1 est\u00e3o adiantados e ser\u00e3o publicados em breve. Se houver mais financiamento, os pesquisadores pretendem adaptar os estudos \u00e0s esp\u00e9cies mais comuns no Brasil. \u201cN\u00f3s usamos a abelha mel\u00edfera como refer\u00eancia porque \u00e9 um modelo j\u00e1 conhecido e \u00e9 a esp\u00e9cie mais estudada no mundo\u201d explicou Eug\u00eanio Oliveira.<\/span><\/p>\n<p><span style=\"font-size: large;\">Mas a professora Maria Augusta alerta: \u201cOs estudos t\u00eam que ser conduzidos com muita seguran\u00e7a porque o tema envolve cifras bilion\u00e1rias da ind\u00fastria de alimentos e de agroqu\u00edmicos\u201d.<\/span><\/p>\n<p><span style=\"font-size: large;\"><b>Mortes\u00a0alarmam<\/b><\/span><\/p>\n<figure id=\"attachment_3871\" aria-describedby=\"caption-attachment-3871\" style=\"width: 300px\" class=\"wp-caption alignright\"><a href=\"https:\/\/apacame.org.br\/site\/wp-content\/uploads\/2020\/12\/Figura_3_Estudo.jpg\"><img decoding=\"async\" class=\"size-medium wp-image-3871\" src=\"https:\/\/apacame.org.br\/site\/wp-content\/uploads\/2020\/12\/Figura_3_Estudo-300x207.jpg\" alt=\"Levantamento mostra que em apenas 3 meses deste ano, mais de 500 milh\u00f5es de abelhas foram encontradas mortas, em apenas 4 estados brasileiros\" width=\"300\" height=\"207\" srcset=\"https:\/\/apacame.org.br\/site\/wp-content\/uploads\/2020\/12\/Figura_3_Estudo-300x207.jpg 300w, https:\/\/apacame.org.br\/site\/wp-content\/uploads\/2020\/12\/Figura_3_Estudo-1024x708.jpg 1024w, https:\/\/apacame.org.br\/site\/wp-content\/uploads\/2020\/12\/Figura_3_Estudo-150x104.jpg 150w, https:\/\/apacame.org.br\/site\/wp-content\/uploads\/2020\/12\/Figura_3_Estudo-500x346.jpg 500w, https:\/\/apacame.org.br\/site\/wp-content\/uploads\/2020\/12\/Figura_3_Estudo.jpg 1123w\" sizes=\"(max-width: 300px) 100vw, 300px\" \/><\/a><figcaption id=\"caption-attachment-3871\" class=\"wp-caption-text\">Levantamento mostra que em apenas 3 meses deste ano, mais de 500 milh\u00f5es de<br \/>abelhas foram encontradas mortas, em apenas 4 estados brasileiros<\/figcaption><\/figure>\n<p><span style=\"font-size: large;\">De acordo com a Organiza\u00e7\u00e3o das Na\u00e7\u00f5es Unidas para Agricultura e Alimenta\u00e7\u00e3o (FAO\/ONU), 85% das plantas com flores das matas e florestas e 70% das culturas agr\u00edcolas dependem dos polinizadores. A poliniza\u00e7\u00e3o das abelhas \u00e9 fundamental para garantir alta produtividade, qualidade dos frutos em diversas culturas agr\u00edcolas e a biodiversidade.<\/span><\/p>\n<p><span style=\"font-size: large;\">Mas, nos \u00faltimos 15 anos, a presen\u00e7a das abelhas tem se modificado em todo o mundo. Somente nos EUA, mais de um ter\u00e7o dos enxames s\u00e3o perdidos todos os anos. Segundo levantamento feito pela Ag\u00eancia P\u00fablica e Rep\u00f3rter Brasil, em apenas tr\u00eas meses de 2019, mais de 500 milh\u00f5es de abelhas foram encontradas mortas por apicultores em apenas quatro estados brasileiros.<\/span><\/p>\n<p><span style=\"font-size: large;\">Foram 400 milh\u00f5es no Rio Grande do Sul, 7 milh\u00f5es em S\u00e3o Paulo, 50 milh\u00f5es em Santa Catarina e 45 milh\u00f5es em Mato Grosso do Sul, segundo estimativas de Associa\u00e7\u00f5es de apicultura, secretarias de Agricultura e pesquisas realizadas por universidades.<\/span><\/p>\n<p><span style=\"font-size: large;\">Al\u00e9m dos preju\u00edzos \u00e0 seguran\u00e7a alimentar, o desaparecimento das abelhas, segundo a FAO, pode levar \u00e0 extin\u00e7\u00e3o de alguns alimentos importantes \u00e0 manuten\u00e7\u00e3o de dietas equilibradas. O decl\u00ednio da popula\u00e7\u00e3o de abelhas \u00e9 t\u00e3o preocupante que, desde o ano passado, a FAO instituiu o dia 20 de maio como o Dia Mundial da Abelha e tem realizado campanhas para alertar a popula\u00e7\u00e3o para os perigos da extin\u00e7\u00e3o.<\/span><\/p>\n<p><span style=\"font-size: large;\">O trabalho \u00e9 o 35\u00ba entre os cem artigos mais acessados no ano passado na \u00e1rea de Ecologia e, por isso, eles receberam o selo\u00a0Top 100 in Ecology 2018,\u00a0emitido pelo peri\u00f3dico cient\u00edfico\u00a0Scientific Reports, do grupo\u00a0Nature.\u00a0<\/span><\/p>\n<p><span style=\"font-size: large;\">O trabalho dos professores Eug\u00eanio Eduardo e Maria Augusta \u00e9 fruto de um projeto desenvolvido pelos professores da UFV em parceria com pesquisadores da\u00a0University of Southampton, na Inglaterra. A pesquisa recebeu financiamento da Fapemig, por meio de coopera\u00e7\u00e3o com a universidade inglesa, e da Capes, por meio do Programa\u00a0Ci\u00eancia sem Fronteiras.<\/span><\/p>\n<p><span style=\"font-size: large;\"><b>Campos eletromagn\u00e9ticos<\/b><\/span><\/p>\n<p><span style=\"font-size: large;\">Computadores, celulares, tomadas, micro-ondas, wifi, entre outros. Todos estes aparelhos eletr\u00f4nicos que usamos diariamente, e que fazem nossa vida mais f\u00e1cil, al\u00e9m das torres de transmiss\u00e3o de energia e telefonia, tamb\u00e9m geram ao seu redor campos eletromagn\u00e9ticos que podem afetar negativamente n\u00e3o s\u00f3 as abelhas, mas a sa\u00fade do homem, causando problemas como ins\u00f4nia, ansiedade, alergias, pele seca.<\/span><\/p>\n<p><span style=\"font-size: large;\">Os campos eletromagn\u00e9ticos s\u00e3o produzidos devido a acumula\u00e7\u00e3o de cargas el\u00e9tricas que todos os aparelhos e conex\u00f5es eletr\u00f4nicas geram; desde as antenas de televis\u00e3o ou esta\u00e7\u00f5es de r\u00e1dio e telefonia at\u00e9 uma tomada de parede ou uma m\u00e1quina de raios X, passando por todo o tipo de aparelhos eletr\u00f4nicos.<\/span><\/p>\n","protected":false},"excerpt":{"rendered":"<p>Estudo da Universidade Federal de Vi\u00e7osa (UFV) pode ajudar a salvar as abelhas Fonte: https:\/\/boasnovasmg.com.br\/2019\/07\/01\/estudo-da-ufv-pode-ajudar-a-salvar-as-abelhas\/ Um estudo desenvolvido por professores da Universidade Federal de Vi\u00e7osa (UFV), que est\u00e1 entre os [&hellip;]<\/p>\n","protected":false},"author":20,"featured_media":0,"parent":3801,"menu_order":0,"comment_status":"open","ping_status":"open","template":"","meta":{"pmpro_default_level":"","_price":"","_stock":"","_tribe_ticket_header":"","_tribe_default_ticket_provider":"","_tribe_ticket_capacity":"0","_ticket_start_date":"","_ticket_end_date":"","_tribe_ticket_show_description":"","_tribe_ticket_show_not_going":false,"_tribe_ticket_use_global_stock":"","_tribe_ticket_global_stock_level":"","_global_stock_mode":"","_global_stock_cap":"","_tribe_rsvp_for_event":"","_tribe_ticket_going_count":"","_tribe_ticket_not_going_count":"","_tribe_tickets_list":"[]","_tribe_ticket_has_attendee_info_fields":false,"cybocfi_hide_featured_image":"","footnotes":""},"class_list":["post-3867","page","type-page","status-publish","hentry","pmpro-has-access"],"_links":{"self":[{"href":"https:\/\/apacame.org.br\/site\/wp-json\/wp\/v2\/pages\/3867"}],"collection":[{"href":"https:\/\/apacame.org.br\/site\/wp-json\/wp\/v2\/pages"}],"about":[{"href":"https:\/\/apacame.org.br\/site\/wp-json\/wp\/v2\/types\/page"}],"author":[{"embeddable":true,"href":"https:\/\/apacame.org.br\/site\/wp-json\/wp\/v2\/users\/20"}],"replies":[{"embeddable":true,"href":"https:\/\/apacame.org.br\/site\/wp-json\/wp\/v2\/comments?post=3867"}],"version-history":[{"count":3,"href":"https:\/\/apacame.org.br\/site\/wp-json\/wp\/v2\/pages\/3867\/revisions"}],"predecessor-version":[{"id":3872,"href":"https:\/\/apacame.org.br\/site\/wp-json\/wp\/v2\/pages\/3867\/revisions\/3872"}],"up":[{"embeddable":true,"href":"https:\/\/apacame.org.br\/site\/wp-json\/wp\/v2\/pages\/3801"}],"wp:attachment":[{"href":"https:\/\/apacame.org.br\/site\/wp-json\/wp\/v2\/media?parent=3867"}],"curies":[{"name":"wp","href":"https:\/\/api.w.org\/{rel}","templated":true}]}}