{"id":3857,"date":"2020-12-09T15:44:29","date_gmt":"2020-12-09T15:44:29","guid":{"rendered":"http:\/\/apacame.org.br\/site\/?page_id=3857"},"modified":"2020-12-09T15:48:51","modified_gmt":"2020-12-09T15:48:51","slug":"artigo-3","status":"publish","type":"page","link":"https:\/\/apacame.org.br\/site\/revista\/mensagem-doce-n-159-novembro-de-2020\/artigo-3\/","title":{"rendered":"Artigo"},"content":{"rendered":"<h1 style=\"text-align: center;\">Rede de Cat\u00e1logos Pol\u00ednicos On-Line: o caminho para democratizar dados sobre os gr\u00e3os de p\u00f3len.<\/h1>\n<blockquote><p>Fonte: <a href=\"https:\/\/jornal.usp.br\/ciencias\/rede-de-catalogos-polinicos-on-line-o-caminho-para-democratizar-dados-sobre-os-graos-de-polen\/\" target=\"_blank\" rel=\"noopener\">https:\/\/jornal.usp.br\/ciencias\/rede-de-catalogos-polinicos-on-line-o-caminho-para-democratizar-dados-sobre-os-graos-de-polen\/<\/a> Por\u00a0Fabiana Mariz.<\/p><\/blockquote>\n<p><span style=\"font-size: large;\"><b><i>Tamb\u00e9m chamada de RCPol, a Rede tem hoje uma das cole\u00e7\u00f5es mais importantes do mundo desse item, que \u00e9 fundamental para o estudo de v\u00e1rios campos da ci\u00eancia<\/i><\/b><\/span><\/p>\n<p><span style=\"font-size: large;\"><a href=\"https:\/\/apacame.org.br\/site\/wp-content\/uploads\/2020\/12\/Abertura-da-materia.jpg\"><img decoding=\"async\" class=\"alignright size-medium wp-image-3859\" src=\"https:\/\/apacame.org.br\/site\/wp-content\/uploads\/2020\/12\/Abertura-da-materia-300x92.jpg\" alt=\"Abertura-da-materia\" width=\"300\" height=\"92\" srcset=\"https:\/\/apacame.org.br\/site\/wp-content\/uploads\/2020\/12\/Abertura-da-materia-300x92.jpg 300w, https:\/\/apacame.org.br\/site\/wp-content\/uploads\/2020\/12\/Abertura-da-materia-1024x315.jpg 1024w, https:\/\/apacame.org.br\/site\/wp-content\/uploads\/2020\/12\/Abertura-da-materia-150x46.jpg 150w, https:\/\/apacame.org.br\/site\/wp-content\/uploads\/2020\/12\/Abertura-da-materia-500x154.jpg 500w\" sizes=\"(max-width: 300px) 100vw, 300px\" \/><\/a>Foi mais do que um projeto cient\u00edfico, foi um prop\u00f3sito de vida!\u201d \u00c9 desta maneira que a professora Claudia In\u00eas da Silva, do Instituto de Bioci\u00eancias (IB) da USP, descreve os desafios que enfrentou ao colocar em pr\u00e1tica um sonho antigo: a Rede de Cat\u00e1logos Pol\u00ednicos On-Line, tamb\u00e9m chamada de RCPol. O projeto, idealizado depois que a professora voltou do doutorado-sandu\u00edche na Espanha, em 2007, protagonizou uma mudan\u00e7a na forma de se pesquisar e ter acesso a informa\u00e7\u00f5es sobre o gr\u00e3o de p\u00f3len \u2013 esp\u00e9cie de \u201cimpress\u00e3o digital\u201d da planta que \u00e9 estudada por diversas \u00e1reas da ci\u00eancia.<\/span><\/p>\n<p><span style=\"font-size: large;\">Durante anos, os coordenadores trabalharam na estrutura\u00e7\u00e3o da rede, reunindo pessoas e fazendo a comunidade cient\u00edfica entender a import\u00e2ncia de se construir uma ferramenta que democratizasse os conhecimentos sobre a intera\u00e7\u00e3o entre polinizadores e plantas. Hoje, a RCPol, criada oficialmente em 2013, tem no curr\u00edculo a forma\u00e7\u00e3o de 200 pesquisadores, seis livros lan\u00e7ados \u2013 e alguns cap\u00edtulos em finaliza\u00e7\u00e3o-, al\u00e9m de quase 13 mil figuras, incluindo plantas, flores, p\u00f3len e esp\u00e9cies de abelhas. Mais de 1.200 pessoas participaram de sete workshops e 12 reuni\u00f5es cient\u00edficas, ministrados por 30 instrutores de diferentes institui\u00e7\u00f5es.<\/span><\/p>\n<p><span style=\"font-size: large;\">\u201cMeu objetivo era fazer as pessoas se comunicarem mais, entenderem a ci\u00eancia como um todo e o quanto a palinologia\u00a0[veja explica\u00e7\u00e3o no quadro abaixo]\u00a0\u00e9 importante\u201d, explica Cl\u00e1udia para o\u00a0Jornal da USP. \u201cVer que esse sonho tomou forma \u00e9 uma satisfa\u00e7\u00e3o n\u00e3o s\u00f3 para a professora, mas para a cidad\u00e3 Claudia.\u201d<\/span><\/p>\n<p><span style=\"font-size: large;\">A pesquisadora contou com a ajuda do professor Antonio Mauro Saraiva, do Departamento de Engenharia de Computa\u00e7\u00e3o e Sistemas Digitais da Escola Polit\u00e9cnica (EP) da USP. Formado em Engenharia Eletr\u00f4nica e Agronomia, Saraiva foi o respons\u00e1vel por unir computa\u00e7\u00e3o e biodiversidade. \u201cFiz v\u00e1rios sistemas durante a minha carreira, mas a RCPol \u00e9 o que eu mais tenho orgulho\u201d, destaca Saraiva.<\/span><\/p>\n<p><span style=\"font-size: large;\"><b>Chave de identifica\u00e7\u00e3o de esp\u00e9cies<\/b><\/span><\/p>\n<figure id=\"attachment_3860\" aria-describedby=\"caption-attachment-3860\" style=\"width: 300px\" class=\"wp-caption alignleft\"><a href=\"https:\/\/apacame.org.br\/site\/wp-content\/uploads\/2020\/12\/Figura_1_Rede.jpg\"><img fetchpriority=\"high\" decoding=\"async\" class=\"size-medium wp-image-3860\" src=\"https:\/\/apacame.org.br\/site\/wp-content\/uploads\/2020\/12\/Figura_1_Rede-300x180.jpg\" alt=\"Foto: Abelha Apis Mellifera coberta de P\u00f3len. Adobe Stock.\" width=\"300\" height=\"180\" srcset=\"https:\/\/apacame.org.br\/site\/wp-content\/uploads\/2020\/12\/Figura_1_Rede-300x180.jpg 300w, https:\/\/apacame.org.br\/site\/wp-content\/uploads\/2020\/12\/Figura_1_Rede-1024x615.jpg 1024w, https:\/\/apacame.org.br\/site\/wp-content\/uploads\/2020\/12\/Figura_1_Rede-150x90.jpg 150w, https:\/\/apacame.org.br\/site\/wp-content\/uploads\/2020\/12\/Figura_1_Rede-500x300.jpg 500w, https:\/\/apacame.org.br\/site\/wp-content\/uploads\/2020\/12\/Figura_1_Rede.jpg 1122w\" sizes=\"(max-width: 300px) 100vw, 300px\" \/><\/a><figcaption id=\"caption-attachment-3860\" class=\"wp-caption-text\">Foto: Abelha Apis Mellifera coberta de P\u00f3len. Adobe Stock.<\/figcaption><\/figure>\n<p><span style=\"font-size: large;\">Segundo o engenheiro, a RCPol \u00e9 muito mais do que um site. \u201cTem todo um sistema complexo por tr\u00e1s.\u201d\u00a0 Ele criou na p\u00e1gina uma ferramenta chamada \u201cchaves interativas com m\u00faltiplas entradas para identifica\u00e7\u00e3o de esp\u00e9cies\u201d. Com ela, por meio de descri\u00e7\u00f5es morfol\u00f3gicas de flores e gr\u00e3os de p\u00f3len, o usu\u00e1rio consegue facilmente identificar uma esp\u00e9cie de planta. \u201cQuando voc\u00ea coloca uma caracter\u00edstica, o sistema elimina todas as outras que n\u00e3o servem\u201d, explica Saraiva. \u201cO filtro vai se estreitando conforme mais informa\u00e7\u00f5es s\u00e3o adicionadas, at\u00e9 chegar a um resultado final.\u201d<\/span><\/p>\n<p><span style=\"font-size: large;\">Para atingir esse grau de excel\u00eancia, foi necess\u00e1rio se reunir com pessoas de diferentes pa\u00edses, culturas e l\u00ednguas, at\u00e9 se chegar a um padr\u00e3o comum. A equipe desenhou uma planilha em Excel, com campos padronizados em ingl\u00eas, espanhol e portugu\u00eas. Esse ajuste \u00e9 importante porque permite que os dados possam ser utilizados por pessoas de todo o mundo.<\/span><\/p>\n<p><span style=\"font-size: large;\">Quando alguma palinoteca (cole\u00e7\u00e3o de l\u00e2minas de refer\u00eancia de p\u00f3lens e esporos de plantas) vai ser inserida no banco de dados, os respons\u00e1veis preenchem o documento e o submetem \u00e0 equipe da rede. Depois, \u00e9 feita uma nova checagem e, por \u00faltimo, o grupo curador faz uma an\u00e1lise final. Estando tudo certo, a nova cole\u00e7\u00e3o \u00e9 adicionada ao sistema.<\/span><\/p>\n<p><span style=\"font-size: large;\"><b>Inquieta\u00e7\u00e3o<\/b><\/span><\/p>\n<figure id=\"attachment_3861\" aria-describedby=\"caption-attachment-3861\" style=\"width: 300px\" class=\"wp-caption alignright\"><a href=\"https:\/\/apacame.org.br\/site\/wp-content\/uploads\/2020\/12\/Figura_2_Rede.jpg\"><img decoding=\"async\" class=\"size-medium wp-image-3861\" src=\"https:\/\/apacame.org.br\/site\/wp-content\/uploads\/2020\/12\/Figura_2_Rede-300x171.jpg\" alt=\"Foto: Reprodu\u00e7\u00e3o \/ Plantas e p\u00f3len em \u00e1reas urbanas: uso no paisagismo amig\u00e1vel aos polinizadores.\" width=\"300\" height=\"171\" srcset=\"https:\/\/apacame.org.br\/site\/wp-content\/uploads\/2020\/12\/Figura_2_Rede-300x171.jpg 300w, https:\/\/apacame.org.br\/site\/wp-content\/uploads\/2020\/12\/Figura_2_Rede-1024x582.jpg 1024w, https:\/\/apacame.org.br\/site\/wp-content\/uploads\/2020\/12\/Figura_2_Rede-150x85.jpg 150w, https:\/\/apacame.org.br\/site\/wp-content\/uploads\/2020\/12\/Figura_2_Rede-500x284.jpg 500w, https:\/\/apacame.org.br\/site\/wp-content\/uploads\/2020\/12\/Figura_2_Rede.jpg 1122w\" sizes=\"(max-width: 300px) 100vw, 300px\" \/><\/a><figcaption id=\"caption-attachment-3861\" class=\"wp-caption-text\">Foto: Reprodu\u00e7\u00e3o \/ Plantas e p\u00f3len em \u00e1reas urbanas: uso no paisagismo amig\u00e1vel<br \/>aos polinizadores.<\/figcaption><\/figure>\n<p><span style=\"font-size: large;\">Em 2005, Claudia fez consultoria para o Minist\u00e9rio do Meio Ambiente, onde estudou as intera\u00e7\u00f5es entre plantas cultivadas e os principais polinizadores no Brasil. Existem v\u00e1rios polinizadores na natureza. Dentre eles, destacam-se as abelhas, os morcegos, as borboletas, as mariposas, as moscas, al\u00e9m de pequenos roedores e pequenos r\u00e9pteis.<\/span><\/p>\n<p><span style=\"font-size: large;\">Para realizar o trabalho, Claudia utilizou o gr\u00e3o de p\u00f3len como um marcador natural. O intuito era entender as intera\u00e7\u00f5es entre as abelhas que residiam no entorno dos cultivos e as plantas estudadas. \u201cFiz an\u00e1lise do p\u00f3len a fresco, mas essa t\u00e9cnica n\u00e3o me permitiu chegar a um n\u00edvel mais espec\u00edfico da identidade da planta\u201d, relata a pesquisadora.<\/span><\/p>\n<p><span style=\"font-size: large;\">Tempos depois, Claudia foi convidada pela Universidade Federal de Uberl\u00e2ndia (UFU) a dar continuidade \u00e0 sua linha de pesquisa. \u201cPrestei os exames, fui aprovada e fui para a Espanha fazer meu doutorado-sandu\u00edche\u201d, diz. Durante o per\u00edodo, trabalhou com palinotaxonomia, uma \u00e1rea da palinologia que estuda as caracter\u00edsticas morfol\u00f3gicos dos gr\u00e3os de p\u00f3len. Os objetos de estudo foram os maracuj\u00e1s amarelo e doce, plantas muito cultivadas e importantes na regi\u00e3o do Tri\u00e2ngulo Mineiro. \u201cO resultado foi a produ\u00e7\u00e3o de um cat\u00e1logo pol\u00ednico\u201d, descreve.<\/span><\/p>\n<p><span style=\"font-size: large;\">Quando voltou ao Brasil, Claudia traduziu o livro em portugu\u00eas e voltou a trabalhar com gr\u00e3os de p\u00f3len, mas encontrou alguns entraves. \u201cAs palinotecas eram praticamente inacess\u00edveis e os artigos eram publicados em revistas bem esparsas\u201d, relata. \u201cFazia mais de 30 anos que n\u00e3o publicava um livro como o nosso\u201d.<\/span><\/p>\n<p><span style=\"font-size: large;\">A ec\u00f3loga contou ao\u00a0Jornal da USP\u00a0que, com todo esse cen\u00e1rio, havia uma inquieta\u00e7\u00e3o dentro dela. \u201cAt\u00e9 um livro chegar na m\u00e3o de algu\u00e9m, leva bastante tempo, e n\u00e3o s\u00e3o todos que t\u00eam dinheiro para comprar um exemplar\u201d. Claudia enfatiza tamb\u00e9m o quanto folhear um livro \u00e9 trabalhoso e demanda tempo durante uma pesquisa.<\/span><\/p>\n<p><span style=\"font-size: large;\">Foi ent\u00e3o que ela come\u00e7ou a pensar em algumas redes neurais da computa\u00e7\u00e3o para expandir a acessibilidade a essas informa\u00e7\u00f5es. Em 2014, Cl\u00e1udia conheceu aquele que a ajudaria a entender a complexidade do sistema que ela estava imaginando. \u201cEle \u00e9 um mago, n\u00e9?\u201d, diz ela, referindo-se ao Antonio Mauro Saraiva. \u201cTudo o que propunha, ele dizia ser poss\u00edvel.a<\/span><\/p>\n<p><span style=\"font-size: large;\"><b>Iniciando as atividades<\/b><\/span><\/p>\n<figure id=\"attachment_3862\" aria-describedby=\"caption-attachment-3862\" style=\"width: 300px\" class=\"wp-caption alignleft\"><a href=\"https:\/\/apacame.org.br\/site\/wp-content\/uploads\/2020\/12\/Figura_3_Rede.jpg\"><img loading=\"lazy\" decoding=\"async\" class=\"size-medium wp-image-3862\" src=\"https:\/\/apacame.org.br\/site\/wp-content\/uploads\/2020\/12\/Figura_3_Rede-300x173.jpg\" alt=\"Foto: Reprodu\u00e7\u00e3o \/ Atlas of pollen and plants used by bees - flor da esp\u00e9cie Cucurbita pepo (abobrinha).\" width=\"300\" height=\"173\" srcset=\"https:\/\/apacame.org.br\/site\/wp-content\/uploads\/2020\/12\/Figura_3_Rede-300x173.jpg 300w, https:\/\/apacame.org.br\/site\/wp-content\/uploads\/2020\/12\/Figura_3_Rede-1024x591.jpg 1024w, https:\/\/apacame.org.br\/site\/wp-content\/uploads\/2020\/12\/Figura_3_Rede-150x87.jpg 150w, https:\/\/apacame.org.br\/site\/wp-content\/uploads\/2020\/12\/Figura_3_Rede-500x289.jpg 500w, https:\/\/apacame.org.br\/site\/wp-content\/uploads\/2020\/12\/Figura_3_Rede.jpg 1121w\" sizes=\"(max-width: 300px) 100vw, 300px\" \/><\/a><figcaption id=\"caption-attachment-3862\" class=\"wp-caption-text\">Foto: Reprodu\u00e7\u00e3o \/ Atlas of pollen and plants used by bees &#8211; flor da esp\u00e9cie<br \/>Cucurbita pepo (abobrinha).<\/figcaption><\/figure>\n<p><span style=\"font-size: large;\">A primeira tentativa de workshop da futura RCPol ocorreu no mesmo ano (2014) e contou com a participa\u00e7\u00e3o de 16 pessoas, incluindo a ent\u00e3o presidente da Associa\u00e7\u00e3o Latino-americana de Paleobot\u00e2nica e Palinologia, al\u00e9m de palin\u00f3logos e profissionais da \u00e1rea. \u201cS\u00f3 que no dia seguinte ao evento, houve uma reuni\u00e3o de especialistas mais conservadores que queriam impedir a cria\u00e7\u00e3o da rede porque achavam que tomar\u00edamos o lugar deles\u201d, conta Cl\u00e1udia.<\/span><\/p>\n<p><span style=\"font-size: large;\">Foi em uma palestra na Funda\u00e7\u00e3o de Amparo \u00e0 Pesquisa do Estado de S\u00e3o Paulo (Fapesp) que as portas come\u00e7aram a se abrir. A professora foi apresentada a uma gerente da Bayer. A empresa criou, em 2011, um centro de estudos de abelhas, batizado de Bee Care Center, e, na \u00e9poca, estava \u00e0 procura de projetos desenvolvidos por universidades para melhorar a sa\u00fade desses insetos. Claudia e Saraiva foram convidados a apresentar o projeto da RCPol \u00e0 empresa e viajaram para a Alemanha em abril de 2015, junto com outros 14 pesquisadores. Cinco meses depois, receberam a not\u00edcia que o projeto havia sido aprovado na \u00edntegra.<\/span><\/p>\n<p><span style=\"font-size: large;\">Com os recursos, os coordenadores compraram equipamentos de microscopia e estruturaram a equipe t\u00e9cnica da rede, formada por mestres, doutores e alunos de inicia\u00e7\u00e3o cient\u00edfica. Claudia explicou como seria a estrutura da RCPol aos colaboradores em outro workshop da rede, em 2016. Diferente do primeiro evento, houve 112 interessados, mas s\u00f3 42 foram selecionados por falta de espa\u00e7o. \u201cVieram profissionais da Alemanha, Fran\u00e7a, Col\u00f4mbia, Argentina e do Brasil, inclusive alguns daqueles que foram contra a cria\u00e7\u00e3o da rede\u201d, afirma.<\/span><\/p>\n<p><span style=\"font-size: large;\">Saraiva desenhou as ferramentas computacionais em conson\u00e2ncia \u00e0 realidade dos pa\u00edses envolvidos. \u201cConsidero essa a etapa mais dif\u00edcil\u201d, explica o engenheiro. \u201cColocar pessoas de v\u00e1rias partes do mundo em uma sala foi um desafio e tanto.\u201d<\/span><\/p>\n<p><span style=\"font-size: large;\">\u201cTodos os descritores e gloss\u00e1rios que est\u00e3o no site da RCPol foram desenvolvidos pelos colaboradores\u201d, orgulha-se Claudia. \u201cConstatar que tudo que eu pensei um dia estava aplicado, foi b\u00e1rbaro. 2016 foi um marco para n\u00f3s.\u201d<\/span><\/p>\n<p><span style=\"font-size: large;\">Foram quase cinco anos de estrutura\u00e7\u00e3o, de treinamento e capacita\u00e7\u00e3o. Os resultados, at\u00e9 agora, s\u00e3o motivo de orgulho: nove trabalhos feitos, estudos conclu\u00eddos sobre dieta de mais de cem abelhas nativas do Brasil, al\u00e9m de seis livros e 22 artigos publicados.\u00a0A rede disponibilizou toda a sua base de dados, com livre acesso, organizou e revitalizou v\u00e1rias palinotecas no Brasil e no mundo. Atualmente, atende apicultores, melinopolicultores e produtores rurais. \u201cConsidero que o principal objetivo foi atingido\u201d, comemora a pesquisadora.<\/span><\/p>\n<p><span style=\"font-size: large;\"><b>Futuro<\/b><\/span><\/p>\n<p><span style=\"font-size: large;\">Um dos \u00faltimos trabalhos da RCPol foi feito no cora\u00e7\u00e3o de S\u00e3o Paulo. Claudia e um aluno inauguraram, no Museu Catavento, o Jardim de Polinizadores. \u201cIdentificamos 26 esp\u00e9cies de abelhas que vivem por l\u00e1 e quais plantas elas usam\u201d, relata a ec\u00f3loga. O jardim, aberto ao p\u00fablico, fornece tamb\u00e9m informa\u00e7\u00f5es de como se d\u00e1 o processo de poliniza\u00e7\u00e3o.<\/span><\/p>\n<p><span style=\"font-size: large;\">A parceria com a Bayer se encerrou em maio deste ano. Mas Claudia e Saraiva est\u00e3o \u00e0 procura de novos parceiros. Um dos projetos a ser colocado em pr\u00e1tica \u00e9 escanear os gr\u00e3os de p\u00f3len, j\u00e1 presentes na base de dados da RCPol, em formato 3D. Al\u00e9m disso, o site precisa de manuten\u00e7\u00e3o permanente. \u201cCom o tempo, o sistema fica incompat\u00edvel com os browsers e ele precisa, no m\u00ednimo, ser atualizado\u201d, explica Saraiva. \u201cPrecisamos, tamb\u00e9m, permitir que mais cole\u00e7\u00f5es entrem para a rede e isso s\u00f3 ser\u00e1 poss\u00edvel com esses aperfei\u00e7oamentos.\u201d<\/span><\/p>\n<p><span style=\"font-size: large;\">\u201cTemos uma outra proposta, que \u00e9 trabalhar com avalia\u00e7\u00e3o do entorno de \u00e1reas de api\u00e1rios e melipon\u00e1rios para dar um suporte \u00e0 produ\u00e7\u00e3o de mel, p\u00f3len e pr\u00f3polis e tamb\u00e9m acompanhar o estado de sa\u00fade das abelhas\u201d, conclui Claudia.<\/span><\/p>\n<p><a href=\"https:\/\/apacame.org.br\/site\/wp-content\/uploads\/2020\/12\/Quadro.jpg\"><img loading=\"lazy\" decoding=\"async\" class=\"aligncenter size-large wp-image-3863\" src=\"https:\/\/apacame.org.br\/site\/wp-content\/uploads\/2020\/12\/Quadro-1024x785.jpg\" alt=\"Quadro\" width=\"1024\" height=\"785\" srcset=\"https:\/\/apacame.org.br\/site\/wp-content\/uploads\/2020\/12\/Quadro-1024x785.jpg 1024w, https:\/\/apacame.org.br\/site\/wp-content\/uploads\/2020\/12\/Quadro-300x230.jpg 300w, https:\/\/apacame.org.br\/site\/wp-content\/uploads\/2020\/12\/Quadro-150x115.jpg 150w, https:\/\/apacame.org.br\/site\/wp-content\/uploads\/2020\/12\/Quadro-500x383.jpg 500w, https:\/\/apacame.org.br\/site\/wp-content\/uploads\/2020\/12\/Quadro.jpg 1831w\" sizes=\"(max-width: 1024px) 100vw, 1024px\" \/><\/a><\/p>\n","protected":false},"excerpt":{"rendered":"<p>Rede de Cat\u00e1logos Pol\u00ednicos On-Line: o caminho para democratizar dados sobre os gr\u00e3os de p\u00f3len. Fonte: https:\/\/jornal.usp.br\/ciencias\/rede-de-catalogos-polinicos-on-line-o-caminho-para-democratizar-dados-sobre-os-graos-de-polen\/ Por\u00a0Fabiana Mariz. Tamb\u00e9m chamada de RCPol, a Rede tem hoje uma das cole\u00e7\u00f5es [&hellip;]<\/p>\n","protected":false},"author":20,"featured_media":0,"parent":3801,"menu_order":0,"comment_status":"open","ping_status":"open","template":"","meta":{"pmpro_default_level":"","_price":"","_stock":"","_tribe_ticket_header":"","_tribe_default_ticket_provider":"","_tribe_ticket_capacity":"0","_ticket_start_date":"","_ticket_end_date":"","_tribe_ticket_show_description":"","_tribe_ticket_show_not_going":false,"_tribe_ticket_use_global_stock":"","_tribe_ticket_global_stock_level":"","_global_stock_mode":"","_global_stock_cap":"","_tribe_rsvp_for_event":"","_tribe_ticket_going_count":"","_tribe_ticket_not_going_count":"","_tribe_tickets_list":"[]","_tribe_ticket_has_attendee_info_fields":false,"cybocfi_hide_featured_image":"","footnotes":""},"class_list":["post-3857","page","type-page","status-publish","hentry","pmpro-has-access"],"_links":{"self":[{"href":"https:\/\/apacame.org.br\/site\/wp-json\/wp\/v2\/pages\/3857"}],"collection":[{"href":"https:\/\/apacame.org.br\/site\/wp-json\/wp\/v2\/pages"}],"about":[{"href":"https:\/\/apacame.org.br\/site\/wp-json\/wp\/v2\/types\/page"}],"author":[{"embeddable":true,"href":"https:\/\/apacame.org.br\/site\/wp-json\/wp\/v2\/users\/20"}],"replies":[{"embeddable":true,"href":"https:\/\/apacame.org.br\/site\/wp-json\/wp\/v2\/comments?post=3857"}],"version-history":[{"count":3,"href":"https:\/\/apacame.org.br\/site\/wp-json\/wp\/v2\/pages\/3857\/revisions"}],"predecessor-version":[{"id":3864,"href":"https:\/\/apacame.org.br\/site\/wp-json\/wp\/v2\/pages\/3857\/revisions\/3864"}],"up":[{"embeddable":true,"href":"https:\/\/apacame.org.br\/site\/wp-json\/wp\/v2\/pages\/3801"}],"wp:attachment":[{"href":"https:\/\/apacame.org.br\/site\/wp-json\/wp\/v2\/media?parent=3857"}],"curies":[{"name":"wp","href":"https:\/\/api.w.org\/{rel}","templated":true}]}}