{"id":3741,"date":"2020-10-16T14:26:47","date_gmt":"2020-10-16T14:26:47","guid":{"rendered":"http:\/\/apacame.org.br\/site\/?page_id=3741"},"modified":"2020-10-16T14:26:47","modified_gmt":"2020-10-16T14:26:47","slug":"entrevista","status":"publish","type":"page","link":"https:\/\/apacame.org.br\/site\/revista\/mensagem-doce-n-158-setembro-de-2020\/entrevista\/","title":{"rendered":"Entrevista"},"content":{"rendered":"<h1 style=\"text-align: center;\">Miss\u00e3o: ensinar<\/h1>\n<blockquote><p>Por T\u00e2nia Soares.<\/p><\/blockquote>\n<p><span style=\"font-size: large;\"><b><i>Adriana Abdelnur, instrutora dos cursos de Apicultura e Meliponicultura mantidos pelo SENAR, fala sobre sua trajet\u00f3ria no ensino e a import\u00e2ncia da divulga\u00e7\u00e3o do conhecimento t\u00e9cnico para a evolu\u00e7\u00e3o da atividade<\/i><\/b><\/span><\/p>\n<figure id=\"attachment_3746\" aria-describedby=\"caption-attachment-3746\" style=\"width: 234px\" class=\"wp-caption alignright\"><a href=\"https:\/\/apacame.org.br\/site\/wp-content\/uploads\/2020\/10\/Figura_1_MissaoEnsinar.jpg\"><img fetchpriority=\"high\" decoding=\"async\" class=\"size-medium wp-image-3746\" src=\"https:\/\/apacame.org.br\/site\/wp-content\/uploads\/2020\/10\/Figura_1_MissaoEnsinar-234x300.jpg\" alt=\"Adriana Abdelnur, instrutora dos cursos de Apicultura e Meliponicultura do SENAR\" width=\"234\" height=\"300\" srcset=\"https:\/\/apacame.org.br\/site\/wp-content\/uploads\/2020\/10\/Figura_1_MissaoEnsinar-234x300.jpg 234w, https:\/\/apacame.org.br\/site\/wp-content\/uploads\/2020\/10\/Figura_1_MissaoEnsinar-150x193.jpg 150w, https:\/\/apacame.org.br\/site\/wp-content\/uploads\/2020\/10\/Figura_1_MissaoEnsinar-390x500.jpg 390w, https:\/\/apacame.org.br\/site\/wp-content\/uploads\/2020\/10\/Figura_1_MissaoEnsinar.jpg 748w\" sizes=\"(max-width: 234px) 100vw, 234px\" \/><\/a><figcaption id=\"caption-attachment-3746\" class=\"wp-caption-text\">Adriana Abdelnur, instrutora dos cursos de Apicultura e Meliponicultura do SENAR<\/figcaption><\/figure>\n<p><span style=\"font-size: large;\">Para Adriana Abdelnur o trabalho com as abelhas \u00e9 mais do que uma atividade profissional: \u00e9 lazer, prazer, terapia e miss\u00e3o de vida. \u201cA apicultura e meliponicultura fazem parte do meu dia a dia, um aprendizado di\u00e1rio, uma atividade prazerosa, embora \u00e0s vezes cansativa\u201d, conta a instrutora. \u201c\u00c9 muito gratificante estar sempre em contato com a natureza e poder se surpreender toda vez com a atividade, e a organiza\u00e7\u00e3o e o cooperativismo de nossas amiguinhas aladas\u201d.<\/span><\/p>\n<p><span style=\"font-size: large;\">Graduada em Zootecnia pela Escola Superior de Agricultura de Lavras (ESAL-MG), atual Universidade Federal de Lavras, com p\u00f3s-gradua\u00e7\u00e3o em Nutri\u00e7\u00e3o e Produ\u00e7\u00e3o Animal, e mestrado em Apicultura pela Universidade Estadual Paulista (Unesp), em Botucatu, na \u00e1rea de Armazenamento e Qualidade do Mel, Adriana Abdelnur ministra os cursos de Apicultura e Meliponicultura oferecidos pelo Servi\u00e7o Nacional de Aprendizagem Rural (SENAR) no estado de S\u00e3o Paulo, ajudando a formar dezenas de novos apicultores e meliponicultores, al\u00e9m de contribuir com o desenvolvimento de diversos praticantes j\u00e1 experientes, que melhoram seu manejo gra\u00e7as ao aprendizado de t\u00e9cnicas mais eficientes.<\/span><\/p>\n<p><span style=\"font-size: large;\"><a href=\"https:\/\/apacame.org.br\/site\/wp-content\/uploads\/2020\/10\/box1_Abelhasaluguel.jpg\"><img decoding=\"async\" class=\"alignleft size-medium wp-image-3742\" src=\"https:\/\/apacame.org.br\/site\/wp-content\/uploads\/2020\/10\/box1_Abelhasaluguel-300x248.jpg\" alt=\"box1_Abelhasaluguel\" width=\"300\" height=\"248\" srcset=\"https:\/\/apacame.org.br\/site\/wp-content\/uploads\/2020\/10\/box1_Abelhasaluguel-300x248.jpg 300w, https:\/\/apacame.org.br\/site\/wp-content\/uploads\/2020\/10\/box1_Abelhasaluguel-150x124.jpg 150w, https:\/\/apacame.org.br\/site\/wp-content\/uploads\/2020\/10\/box1_Abelhasaluguel.jpg 448w\" sizes=\"(max-width: 300px) 100vw, 300px\" \/><\/a>Nesta entrevista, Adriana conta um pouco de sua trajet\u00f3ria pessoal, seus desafios como apicultora e o importante papel dos cursos livres na profissionaliza\u00e7\u00e3o da atividade em nosso Pa\u00eds.<\/span><\/p>\n<p><span style=\"font-size: large;\"><b>Mensagem Doce<\/b> \u2013 Conte-nos como voc\u00ea se iniciou na Apicultura.<\/span><\/p>\n<p><span style=\"font-size: large;\"><b>Adriana Abdelnur<\/b> \u2013 Iniciei na Apicultura bem antes de ingressar na faculdade, por volta de 1980, acompanhando meu irm\u00e3o mais velho, que trouxe a novidade para casa. Naquela \u00e9poca, eu o acompanhava por curiosidade. Mais tarde ele parou e eu dei continuidade com a brincadeira que virou paix\u00e3o e depois profiss\u00e3o.<\/span><\/p>\n<p><span style=\"font-size: large;\"><b>MD<\/b> \u2013 E quando se iniciou no ensino?<\/span><\/p>\n<p><span style=\"font-size: large;\"><b>AA<\/b> \u2013 Minhas atividades no ensino com as abelhas tiveram in\u00edcio junto ao Sebrae e Instituto Biosist\u00eamico (IBS), onde atuava a campo, visitando propriedades e ministrando palestras para os apicultores, em 2004. Na \u00e9poca, j\u00e1 atuava no SENAR como instrutora de olericultura org\u00e2nica, fui convidada tamb\u00e9m a ministrar o Programa de Apicultura, onde atuo at\u00e9 hoje.<a href=\"https:\/\/apacame.org.br\/site\/wp-content\/uploads\/2020\/10\/box2_Abelhasaluguel.jpg\"><img decoding=\"async\" class=\"alignright size-medium wp-image-3743\" src=\"https:\/\/apacame.org.br\/site\/wp-content\/uploads\/2020\/10\/box2_Abelhasaluguel-300x222.jpg\" alt=\"box2_Abelhasaluguel\" width=\"300\" height=\"222\" srcset=\"https:\/\/apacame.org.br\/site\/wp-content\/uploads\/2020\/10\/box2_Abelhasaluguel-300x222.jpg 300w, https:\/\/apacame.org.br\/site\/wp-content\/uploads\/2020\/10\/box2_Abelhasaluguel-150x111.jpg 150w, https:\/\/apacame.org.br\/site\/wp-content\/uploads\/2020\/10\/box2_Abelhasaluguel.jpg 448w\" sizes=\"(max-width: 300px) 100vw, 300px\" \/><\/a><\/span><\/p>\n<p><span style=\"font-size: large;\"><b>MD<\/b> \u2013 Como criadora, quais s\u00e3o seus maiores desafios? E como instrutora?<\/span><\/p>\n<p><span style=\"font-size: large;\"><b>AA<\/b> \u2013 Como apicultora, meu maior desafio no momento \u00e9 a implanta\u00e7\u00e3o da Casa do Mel na minha propriedade, com o Selo de Inspe\u00e7\u00e3o Municipal (SIM), para ter o produto regularizado no mercado. J\u00e1 como instrutora \u00e9 fazer com que o apicultor ou iniciante na apicultura consiga entender a import\u00e2ncia das abelhas e de seus v\u00e1rios produtos, n\u00e3o s\u00f3 o mel, mas a pr\u00f3polis, o p\u00f3len, a cera, a geleia real e a poliniza\u00e7\u00e3o, que \u00e9 de fundamental import\u00e2ncia para n\u00f3s e nossa sobreviv\u00eancia no planeta, e que o aprendiz tenha assim condi\u00e7\u00f5es de montar seu api\u00e1rio, respeitando as abelhas e produzir para viver bem.<\/span><\/p>\n<figure id=\"attachment_3747\" aria-describedby=\"caption-attachment-3747\" style=\"width: 300px\" class=\"wp-caption alignleft\"><a href=\"https:\/\/apacame.org.br\/site\/wp-content\/uploads\/2020\/10\/Figura_2_MissaoEnsinar.jpg\"><img loading=\"lazy\" decoding=\"async\" class=\"size-medium wp-image-3747\" src=\"https:\/\/apacame.org.br\/site\/wp-content\/uploads\/2020\/10\/Figura_2_MissaoEnsinar-300x133.jpg\" alt=\"Turma formada por Adriana em Itapeva (SP), em mar\u00e7o deste ano, antes da pandemia de COVID-19.\" width=\"300\" height=\"133\" srcset=\"https:\/\/apacame.org.br\/site\/wp-content\/uploads\/2020\/10\/Figura_2_MissaoEnsinar-300x133.jpg 300w, https:\/\/apacame.org.br\/site\/wp-content\/uploads\/2020\/10\/Figura_2_MissaoEnsinar-150x66.jpg 150w, https:\/\/apacame.org.br\/site\/wp-content\/uploads\/2020\/10\/Figura_2_MissaoEnsinar-500x221.jpg 500w, https:\/\/apacame.org.br\/site\/wp-content\/uploads\/2020\/10\/Figura_2_MissaoEnsinar.jpg 748w\" sizes=\"(max-width: 300px) 100vw, 300px\" \/><\/a><figcaption id=\"caption-attachment-3747\" class=\"wp-caption-text\">Turma formada por Adriana em Itapeva (SP), em mar\u00e7o deste ano, antes da pandemia de COVID-19.<\/figcaption><\/figure>\n<p><span style=\"font-size: large;\"><b>MD<\/b> \u2013 Em sua vis\u00e3o, qual a import\u00e2ncia dos cursos livres de Apicultura\/Meliponicultura?<\/span><\/p>\n<p><span style=\"font-size: large;\"><b>AA<\/b> \u2013 \u00c9 fundamental levar o conhecimento e a import\u00e2ncia das abelhas e seus produtos para o maior n\u00famero de pessoas poss\u00edvel, possibilitando assim aumentar a preserva\u00e7\u00e3o do meio ambiente, bem como gerar renda e melhorar a qualidade da alimenta\u00e7\u00e3o. S\u00e3o cursos pr\u00e1ticos que possibilitam um contato direto do p\u00fablico com as colmeias e seus produtos.<\/span><\/p>\n<p><span style=\"font-size: large;\"><b>MD<\/b> \u2013 Qual o perfil geral das pessoas que procuram os cursos? A que fatores voc\u00ea atribui essa procura? <\/span><\/p>\n<p><span style=\"font-size: large;\"><b>AA<\/b> \u2013 Muitos procuram os cursos pois j\u00e1 est\u00e3o envolvidos de alguma forma na \u00e1rea e querem aumentar ou aperfei\u00e7oar o conhecimento. Outros s\u00e3o iniciantes que de alguma forma se interessaram e querem adquirir conhecimento antes de investir, possuem propriedade e sabem da import\u00e2ncia da abelha, ou querem uma op\u00e7\u00e3o a mais de renda. Temos ainda um p\u00fablico de interesse exclusivo pelo pre\u00e7o do mel.<a href=\"https:\/\/apacame.org.br\/site\/wp-content\/uploads\/2020\/10\/box3_Abelhasaluguel.jpg\"><img loading=\"lazy\" decoding=\"async\" class=\"alignright size-medium wp-image-3744\" src=\"https:\/\/apacame.org.br\/site\/wp-content\/uploads\/2020\/10\/box3_Abelhasaluguel-300x151.jpg\" alt=\"box3_Abelhasaluguel\" width=\"300\" height=\"151\" srcset=\"https:\/\/apacame.org.br\/site\/wp-content\/uploads\/2020\/10\/box3_Abelhasaluguel-300x151.jpg 300w, https:\/\/apacame.org.br\/site\/wp-content\/uploads\/2020\/10\/box3_Abelhasaluguel-150x75.jpg 150w, https:\/\/apacame.org.br\/site\/wp-content\/uploads\/2020\/10\/box3_Abelhasaluguel.jpg 448w\" sizes=\"(max-width: 300px) 100vw, 300px\" \/><\/a> <\/span><\/p>\n<p>Quando pre\u00e7o est\u00e1 em alta, muitos querem se tornar apicultores, geralmente esses t\u00eam um perfil que n\u00e3o combina com a atividade, normalmente n\u00e3o permanecem por muito tempo.<\/p>\n<p><span style=\"font-size: large;\"><b>MD<\/b> \u2013 E qual o papel do SENAR neste contexto?<\/span><\/p>\n<p><span style=\"font-size: large;\"><b>AA<\/b> \u2013 A Apicultura e Meliponicultura vem cada vez mais se destacando em cursos e atividades pr\u00e1ticas para o p\u00fablico em geral. A procura e participa\u00e7\u00e3o pelos apicultores \u00e9 grande, o que favorece a organiza\u00e7\u00e3o das atividades, melhora a produ\u00e7\u00e3o e a comercializa\u00e7\u00e3o. O SENAR tem papel de destaque na \u00e1rea, atuando a campo, junto ao produtor, em todo o estado, levando at\u00e9 ele teoria e pr\u00e1tica, o que \u00e9 de fundamental import\u00e2ncia para a estrutura\u00e7\u00e3o e sucesso da atividade. Aprender fazendo!<\/span><\/p>\n<p><span style=\"font-size: large;\"><b><a href=\"https:\/\/apacame.org.br\/site\/wp-content\/uploads\/2020\/10\/Box_senar.jpg\"><img loading=\"lazy\" decoding=\"async\" class=\"alignleft size-medium wp-image-3745\" src=\"https:\/\/apacame.org.br\/site\/wp-content\/uploads\/2020\/10\/Box_senar-205x300.jpg\" alt=\"Box_senar\" width=\"205\" height=\"300\" srcset=\"https:\/\/apacame.org.br\/site\/wp-content\/uploads\/2020\/10\/Box_senar-205x300.jpg 205w, https:\/\/apacame.org.br\/site\/wp-content\/uploads\/2020\/10\/Box_senar-699x1024.jpg 699w, https:\/\/apacame.org.br\/site\/wp-content\/uploads\/2020\/10\/Box_senar-150x220.jpg 150w, https:\/\/apacame.org.br\/site\/wp-content\/uploads\/2020\/10\/Box_senar-341x500.jpg 341w, https:\/\/apacame.org.br\/site\/wp-content\/uploads\/2020\/10\/Box_senar.jpg 830w\" sizes=\"(max-width: 205px) 100vw, 205px\" \/><\/a>MD<\/b> \u2013 Voc\u00ea percebe alguma influ\u00eancia das campanhas ambientais pela conserva\u00e7\u00e3o das abelhas na procura por cursos de Apicultura\/Meliponicultura?<\/span><\/p>\n<p><span style=\"font-size: large;\"><b>AA<\/b> \u2013 Com certeza as mudan\u00e7as ambientais assim como agrot\u00f3xicos chamam muito a aten\u00e7\u00e3o para a apicultura e as abelhas de um modo geral, e \u00e9 muito bom que isso aconte\u00e7a, pois quanto mais pessoas se envolverem e se preocuparem com quest\u00f5es t\u00e3o s\u00e9rias e que afetam a todos como essa grande mortalidade que vem ocorrendo, maiores as chances de preservarmos quem \u00e9 t\u00e3o importante e fundamental para nossa exist\u00eancia, nossas insubstitu\u00edveis abelhas.<\/span><\/p>\n<p><span style=\"font-size: large;\"><b>MD<\/b> \u2013 Como voc\u00ea prepara suas aulas? Que aspectos da Apicultura\/Meliponicultura s\u00e3o mais dif\u00edceis de ensinar e de aprender?<\/span><\/p>\n<p><span style=\"font-size: large;\"><b>AA<\/b> \u2013 Como trabalhamos com p\u00fablico misto e conhecimento de n\u00edveis variados, procuro sempre conhecer um pouco da realidade de cada participante para direcionar o assunto abordado na teoria e na pr\u00e1tica de forma que fique acess\u00edvel e f\u00e1cil de ser aplicado no dia a dia. N\u00e3o vejo um aspecto que diria dif\u00edcil ou f\u00e1cil, para ensinar ou aprender, mas o que me chama mais a aten\u00e7\u00e3o e me fascina \u00e9 o comportamento das abelhas. Na verdade, e um privil\u00e9gio trabalhar com elas e s\u00f3 quem convive sabe do que estou falando!<\/span><\/p>\n<p><span style=\"font-size: large;\"><b>MD<\/b> \u2013 Poderia compartilhar alguma hist\u00f3ria de sucesso de participantes dos cursos?<\/span><\/p>\n<p><span style=\"font-size: large;\"><b>AA<\/b> \u2013 Casos de sucesso acontecem em todos os cursos sem exce\u00e7\u00f5es, onde vemos apicultores experientes aumentando suas produ\u00e7\u00f5es a partir de implementa\u00e7\u00e3o de novas t\u00e9cnicas ou simplesmente no ajuste do manejo, novatos montando seus api\u00e1rios, alguns mudando o tipo de produ\u00e7\u00e3o pois passa a olhar com outros olhos sua regi\u00e3o e possibilidades. Temos apicultores que s\u00f3 produziam mel e nem sabiam da possibilidade do uso da pr\u00f3polis e do p\u00f3len. Ap\u00f3s os cursos, redirecionaram as atividades observando que a regi\u00e3o era mais prop\u00edcia a outra atividade. Apicultores que passaram a produzir hidromel como complemento de renda e derivados como velas e sabonetes. <\/span><\/p>\n<p><span style=\"font-size: large;\"><b>MD<\/b> \u2013 Podemos dizer que os cursos ajudam os apicultores a evoluir?<\/span><\/p>\n<p><span style=\"font-size: large;\"><b>AA<\/b> \u2013 Sem d\u00favida. A maioria dos participantes que j\u00e1 possuem api\u00e1rio conseguem pelo menos dobrar sua produ\u00e7\u00e3o ap\u00f3s adaptar as t\u00e9cnicas de manejo aprendidas e colocadas em pr\u00e1ticas em pouco tempo de produ\u00e7\u00e3o. Iniciantes concluem o curso e se realizam com o api\u00e1rio j\u00e1 em andamento e in\u00edcio de produ\u00e7\u00e3o, o que \u00e9 considerado um sucesso. Leonardo e J\u00e9ssica, jovens apicultores de Avar\u00e9, ap\u00f3s o curso, juntamente com os outros participantes, fundaram a Associa\u00e7\u00e3o de Apicultores de Avar\u00e9 e Regi\u00e3o, est\u00e3o com a Casa do Mel, o SIM e comercializa\u00e7\u00e3o local. J\u00e1 aproveito para dar parab\u00e9ns ao grupo!<\/span><\/p>\n<p><span style=\"font-size: large;\"><b>MD<\/b> \u2013 Em sua opini\u00e3o, como as entidades do setor poderiam contribuir com o desenvolvimento da Apicultura?<\/span><\/p>\n<p><span style=\"font-size: large;\"><b>AA<\/b> \u2013 Acredito que a atividade poderia crescer se houvesse maior incentivo ao consumo interno dos produtos das abelhas, fortalecendo a ideia de que o mel \u00e9 um alimento de riqu\u00edssimo valor nutricional, devendo ser consumido como tal, e n\u00e3o simplesmente ser tratado como \u201crem\u00e9dio\u201d, quando se tem resfriado. Havendo maior divulga\u00e7\u00e3o e facilitando a acesso do mel as merendas, e a popula\u00e7\u00e3o mais carente aumentando assim o consumo, a produ\u00e7\u00e3o e o desenvolvimento da atividade.<\/span><\/p>\n","protected":false},"excerpt":{"rendered":"<p>Miss\u00e3o: ensinar Por T\u00e2nia Soares. Adriana Abdelnur, instrutora dos cursos de Apicultura e Meliponicultura mantidos pelo SENAR, fala sobre sua trajet\u00f3ria no ensino e a import\u00e2ncia da divulga\u00e7\u00e3o do conhecimento [&hellip;]<\/p>\n","protected":false},"author":20,"featured_media":0,"parent":3681,"menu_order":0,"comment_status":"open","ping_status":"open","template":"","meta":{"pmpro_default_level":"","_price":"","_stock":"","_tribe_ticket_header":"","_tribe_default_ticket_provider":"","_tribe_ticket_capacity":"0","_ticket_start_date":"","_ticket_end_date":"","_tribe_ticket_show_description":"","_tribe_ticket_show_not_going":false,"_tribe_ticket_use_global_stock":"","_tribe_ticket_global_stock_level":"","_global_stock_mode":"","_global_stock_cap":"","_tribe_rsvp_for_event":"","_tribe_ticket_going_count":"","_tribe_ticket_not_going_count":"","_tribe_tickets_list":"[]","_tribe_ticket_has_attendee_info_fields":false,"cybocfi_hide_featured_image":"","footnotes":""},"class_list":["post-3741","page","type-page","status-publish","hentry","pmpro-has-access"],"_links":{"self":[{"href":"https:\/\/apacame.org.br\/site\/wp-json\/wp\/v2\/pages\/3741"}],"collection":[{"href":"https:\/\/apacame.org.br\/site\/wp-json\/wp\/v2\/pages"}],"about":[{"href":"https:\/\/apacame.org.br\/site\/wp-json\/wp\/v2\/types\/page"}],"author":[{"embeddable":true,"href":"https:\/\/apacame.org.br\/site\/wp-json\/wp\/v2\/users\/20"}],"replies":[{"embeddable":true,"href":"https:\/\/apacame.org.br\/site\/wp-json\/wp\/v2\/comments?post=3741"}],"version-history":[{"count":2,"href":"https:\/\/apacame.org.br\/site\/wp-json\/wp\/v2\/pages\/3741\/revisions"}],"predecessor-version":[{"id":3749,"href":"https:\/\/apacame.org.br\/site\/wp-json\/wp\/v2\/pages\/3741\/revisions\/3749"}],"up":[{"embeddable":true,"href":"https:\/\/apacame.org.br\/site\/wp-json\/wp\/v2\/pages\/3681"}],"wp:attachment":[{"href":"https:\/\/apacame.org.br\/site\/wp-json\/wp\/v2\/media?parent=3741"}],"curies":[{"name":"wp","href":"https:\/\/api.w.org\/{rel}","templated":true}]}}