{"id":3704,"date":"2020-10-15T19:24:58","date_gmt":"2020-10-15T19:24:58","guid":{"rendered":"http:\/\/apacame.org.br\/site\/?page_id=3704"},"modified":"2020-10-15T19:24:58","modified_gmt":"2020-10-15T19:24:58","slug":"homenagem","status":"publish","type":"page","link":"https:\/\/apacame.org.br\/site\/revista\/mensagem-doce-n-158-setembro-de-2020\/homenagem\/","title":{"rendered":"Homenagem"},"content":{"rendered":"<h1 style=\"text-align: center;\">JO\u00c3O SOBENKO: intelig\u00eancia e integridade dedicadas \u00e0 Apicultura<\/h1>\n<blockquote><p>Radam\u00e9s Zovaro &#8211; Vice-Presidente da APACAME<\/p><\/blockquote>\n<p><span style=\"font-size: large;\">A Fam\u00edlia APACAME sofreu mais uma perda. Jo\u00e3o Sobenko, s\u00f3cio n\u00famero 325, membro desde outubro de 1981 e vice-presidente da nossa associa\u00e7\u00e3o de 2016 a 2018 e presidente de 2018 a mar\u00e7o de 2020, faleceu em julho deste ano em Curitiba.<a href=\"https:\/\/apacame.org.br\/site\/wp-content\/uploads\/2020\/10\/Figura_1_Sobenko.jpg\"><img fetchpriority=\"high\" decoding=\"async\" class=\"alignright size-medium wp-image-3705\" src=\"https:\/\/apacame.org.br\/site\/wp-content\/uploads\/2020\/10\/Figura_1_Sobenko-300x279.jpg\" alt=\"Figura_1_Sobenko\" width=\"300\" height=\"279\" srcset=\"https:\/\/apacame.org.br\/site\/wp-content\/uploads\/2020\/10\/Figura_1_Sobenko-300x279.jpg 300w, https:\/\/apacame.org.br\/site\/wp-content\/uploads\/2020\/10\/Figura_1_Sobenko-270x250.jpg 270w, https:\/\/apacame.org.br\/site\/wp-content\/uploads\/2020\/10\/Figura_1_Sobenko-150x139.jpg 150w, https:\/\/apacame.org.br\/site\/wp-content\/uploads\/2020\/10\/Figura_1_Sobenko-500x464.jpg 500w, https:\/\/apacame.org.br\/site\/wp-content\/uploads\/2020\/10\/Figura_1_Sobenko.jpg 830w\" sizes=\"(max-width: 300px) 100vw, 300px\" \/><\/a> <\/span><\/p>\n<p><span style=\"font-size: large;\">Nascido em 1926, na cidade de Mallet (PR), Sobenko era formado em Matem\u00e1tica pela Universidade Federal do Paran\u00e1 e lecionou em diversos col\u00e9gios da regi\u00e3o. Na d\u00e9cada de 1960, transferiu-se para S\u00e3o Paulo, onde, al\u00e9m de lecionar, tamb\u00e9m foi funcion\u00e1rio p\u00fablico, exercendo a atividade de Agente Fiscal de Rendas do Estado de S\u00e3o Paulo.<\/span><\/p>\n<p><span style=\"font-size: large;\">Sobenko iniciou a atividade ap\u00edcola em 1981 e no ano de 1982 fez um curso de Apicultura, com a fam\u00edlia Zovaro, na cidade de Caieiras (SP), onde eu e meu pai, Luiz Zovaro, \u00e9ramos os organizadores e professores do curso, que tinha a dura\u00e7\u00e3o de cinco semanas, com aulas te\u00f3ricas e pr\u00e1ticas em nossos api\u00e1rios. Ap\u00f3s o t\u00e9rmino do curso continuamos amigos, e passamos a ter um relacionamento ainda mais pr\u00f3ximo gra\u00e7as \u00e0s nossas participa\u00e7\u00f5es na APACAME. <\/span><\/p>\n<p><span style=\"font-size: large;\">Em seu s\u00edtio no munic\u00edpio de Mairipor\u00e3(SP), Sobenko produzia mel e fazia experi\u00eancias com bebidas, como cervejas, digestivos e refrigerantes para divertir os amigos. Era comum nas viagens de \u00f4nibus levar um licor produzido por ele para distribuir e alegrar a todos. Era um grande companheiro nas viagens: conheceu o mundo, acompanhando tudo e a todos, participando dos congressos nacionais e internacionais de Apicultura. Foi tamb\u00e9m colaborador da Meliponicultura, e criou a Caixa Sobenko, com um design pr\u00f3prio de colmeia para as abelhas Jata\u00ed (Tetragonisca angustula angustula), ainda hoje comercializado na loja da associa\u00e7\u00e3o.<\/span><\/p>\n<p><span style=\"font-size: large;\">Em toda a sua vida morou sozinho, mas jamais foi solit\u00e1rio. Homem de grande intelig\u00eancia e integridade, produziu e compartilhou muito conhecimento e sempre manteve uma \u00f3tima rela\u00e7\u00e3o com familiares e amigos, tornando-se companheiro imprescind\u00edvel para a fam\u00edlia APACAME. Jo\u00e3o Sobenko j\u00e1 est\u00e1 fazendo falta.<\/span><\/p>\n<p><span style=\"font-size: large;\">\u201cV\u00e1 em paz, amigo das abelhas, cuidar de Apicultura. Agora em outras paragens!\u201d<\/span><\/p>\n<div id='gallery-1' class='gallery galleryid-3704 gallery-columns-2 gallery-size-full'><figure class='gallery-item'>\n\t\t\t<div class='gallery-icon landscape'>\n\t\t\t\t<a href='https:\/\/apacame.org.br\/site\/wp-content\/uploads\/2020\/10\/Figura_2_Sobenko.jpg'><img decoding=\"async\" width=\"825\" height=\"537\" src=\"https:\/\/apacame.org.br\/site\/wp-content\/uploads\/2020\/10\/Figura_2_Sobenko.jpg\" class=\"attachment-full size-full\" alt=\"\" aria-describedby=\"gallery-1-3706\" srcset=\"https:\/\/apacame.org.br\/site\/wp-content\/uploads\/2020\/10\/Figura_2_Sobenko.jpg 825w, https:\/\/apacame.org.br\/site\/wp-content\/uploads\/2020\/10\/Figura_2_Sobenko-300x195.jpg 300w, https:\/\/apacame.org.br\/site\/wp-content\/uploads\/2020\/10\/Figura_2_Sobenko-150x98.jpg 150w, https:\/\/apacame.org.br\/site\/wp-content\/uploads\/2020\/10\/Figura_2_Sobenko-500x325.jpg 500w\" sizes=\"(max-width: 825px) 100vw, 825px\" \/><\/a>\n\t\t\t<\/div>\n\t\t\t\t<figcaption class='wp-caption-text gallery-caption' id='gallery-1-3706'>\n\t\t\t\t1982 \u2013 Participantes do curso de apicultura dado por Luiz e Radam\u00e9s Zovaro, Jo\u00e3o  Sobenko \u00e9 o segundo da Direita para a esquerda com seu tradicional Bon\u00e9 na cabe\u00e7a.\n\t\t\t\t<\/figcaption><\/figure><figure class='gallery-item'>\n\t\t\t<div class='gallery-icon landscape'>\n\t\t\t\t<a href='https:\/\/apacame.org.br\/site\/wp-content\/uploads\/2020\/10\/Figura_3_Sobenko.jpg'><img decoding=\"async\" width=\"823\" height=\"447\" src=\"https:\/\/apacame.org.br\/site\/wp-content\/uploads\/2020\/10\/Figura_3_Sobenko.jpg\" class=\"attachment-full size-full\" alt=\"\" aria-describedby=\"gallery-1-3707\" srcset=\"https:\/\/apacame.org.br\/site\/wp-content\/uploads\/2020\/10\/Figura_3_Sobenko.jpg 823w, https:\/\/apacame.org.br\/site\/wp-content\/uploads\/2020\/10\/Figura_3_Sobenko-300x163.jpg 300w, https:\/\/apacame.org.br\/site\/wp-content\/uploads\/2020\/10\/Figura_3_Sobenko-150x81.jpg 150w, https:\/\/apacame.org.br\/site\/wp-content\/uploads\/2020\/10\/Figura_3_Sobenko-500x272.jpg 500w\" sizes=\"(max-width: 823px) 100vw, 823px\" \/><\/a>\n\t\t\t<\/div>\n\t\t\t\t<figcaption class='wp-caption-text gallery-caption' id='gallery-1-3707'>\n\t\t\t\t2015 \u2013 Radam\u00e9s Zovaro com Jo\u00e3o Sobenko na visita t\u00e9cn\u00edca do 44\u00ba Congresso da  Apimondia realizado na cidade de Daejeon \u2013 Coreia do Sul.\n\t\t\t\t<\/figcaption><\/figure>\n\t\t<\/div>\n\n","protected":false},"excerpt":{"rendered":"<p>JO\u00c3O SOBENKO: intelig\u00eancia e integridade dedicadas \u00e0 Apicultura Radam\u00e9s Zovaro &#8211; Vice-Presidente da APACAME A Fam\u00edlia APACAME sofreu mais uma perda. Jo\u00e3o Sobenko, s\u00f3cio n\u00famero 325, membro desde outubro de [&hellip;]<\/p>\n","protected":false},"author":20,"featured_media":0,"parent":3681,"menu_order":0,"comment_status":"open","ping_status":"open","template":"","meta":{"pmpro_default_level":"","_price":"","_stock":"","_tribe_ticket_header":"","_tribe_default_ticket_provider":"","_tribe_ticket_capacity":"0","_ticket_start_date":"","_ticket_end_date":"","_tribe_ticket_show_description":"","_tribe_ticket_show_not_going":false,"_tribe_ticket_use_global_stock":"","_tribe_ticket_global_stock_level":"","_global_stock_mode":"","_global_stock_cap":"","_tribe_rsvp_for_event":"","_tribe_ticket_going_count":"","_tribe_ticket_not_going_count":"","_tribe_tickets_list":"[]","_tribe_ticket_has_attendee_info_fields":false,"cybocfi_hide_featured_image":"","footnotes":""},"class_list":["post-3704","page","type-page","status-publish","hentry","pmpro-has-access"],"_links":{"self":[{"href":"https:\/\/apacame.org.br\/site\/wp-json\/wp\/v2\/pages\/3704"}],"collection":[{"href":"https:\/\/apacame.org.br\/site\/wp-json\/wp\/v2\/pages"}],"about":[{"href":"https:\/\/apacame.org.br\/site\/wp-json\/wp\/v2\/types\/page"}],"author":[{"embeddable":true,"href":"https:\/\/apacame.org.br\/site\/wp-json\/wp\/v2\/users\/20"}],"replies":[{"embeddable":true,"href":"https:\/\/apacame.org.br\/site\/wp-json\/wp\/v2\/comments?post=3704"}],"version-history":[{"count":2,"href":"https:\/\/apacame.org.br\/site\/wp-json\/wp\/v2\/pages\/3704\/revisions"}],"predecessor-version":[{"id":3709,"href":"https:\/\/apacame.org.br\/site\/wp-json\/wp\/v2\/pages\/3704\/revisions\/3709"}],"up":[{"embeddable":true,"href":"https:\/\/apacame.org.br\/site\/wp-json\/wp\/v2\/pages\/3681"}],"wp:attachment":[{"href":"https:\/\/apacame.org.br\/site\/wp-json\/wp\/v2\/media?parent=3704"}],"curies":[{"name":"wp","href":"https:\/\/api.w.org\/{rel}","templated":true}]}}