{"id":3689,"date":"2020-10-15T18:19:23","date_gmt":"2020-10-15T18:19:23","guid":{"rendered":"http:\/\/apacame.org.br\/site\/?page_id=3689"},"modified":"2020-10-15T18:19:23","modified_gmt":"2020-10-15T18:19:23","slug":"editorial","status":"publish","type":"page","link":"https:\/\/apacame.org.br\/site\/revista\/mensagem-doce-n-158-setembro-de-2020\/editorial\/","title":{"rendered":"Editorial"},"content":{"rendered":"<h1 style=\"text-align: center;\">Apicultura e o mundo digital<\/h1>\n<p><span style=\"font-size: large;\">Nunca antes a Apicultura foi t\u00e3o comentada no mundo digital quanto nos \u00faltimos meses. S\u00e3o tantos os eventos: os v\u00eddeos ao vivo, chamados popularmente de lives, mini-cursos, semin\u00e1rios on-line, n\u00e3o s\u00f3 de produtores e pesquisadores, mas tamb\u00e9m de importantes entidades do setor, como o F\u00f3rum patrocinado pela CBA, entre outras institui\u00e7\u00f5es.<\/span><\/p>\n<p><span style=\"font-size: large;\">Um exemplo que chamou muito minha aten\u00e7\u00e3o: cada vez mais mulheres fazem v\u00eddeos ao vivo em prol da Apicultura, algo que n\u00e3o se via antes da crise pand\u00eamica. Do ponto de vista da divulga\u00e7\u00e3o, fica muito interessante o mundo ap\u00edcola, mas a realidade da apicultura no campo \u00e9 muito diferente do que pode aparecer nas redes sociais. Quando se p\u00f5e a m\u00e3o na massa, a\u00ed \u201co bicho pega\u201d. Entendo que a apicultura \u00e9 90 % pr\u00e1tica. \u00c9 necess\u00e1rio que o trabalho nos api\u00e1rios seja levado muito a s\u00e9rio, muitos aprendizes de apicultores desistem por falta de uma t\u00e9cnica mais apurada no trabalho efetivo com as colmeias. <\/span><\/p>\n<p><span style=\"font-size: large;\">Portanto fica um alerta para os novos apicultores, n\u00e3o desistam na primeira dificuldade, pois os grandes produtores e empres\u00e1rios come\u00e7aram pequenos. H\u00e1 casos de pessoas que iniciaram com apenas uma colmeia e hoje est\u00e3o no topo do setor. \u00c9 por isso que o aprendizado em cursos mantidos por entidades s\u00e9rias pode ser um aliado dos interessados por apicultura, tanto iniciantes como os mais experientes, como nos conta a instrutora do SENAR, Adriana Abdelnur, em sua Entrevista nesta edi\u00e7\u00e3o, onde tamb\u00e9m comenta sobre a import\u00e2ncia de incentivar o consumo interno dos produtos ap\u00edcolas, mercado que ainda tem muito para crescer.<\/span><\/p>\n<p><span style=\"font-size: large;\">Devemos ficar atentos a essa exposi\u00e7\u00e3o nas redes e aproveit\u00e1-la de maneira positiva. \u00c9 hora de investir em produ\u00e7\u00e3o, na qualidade e diversifica\u00e7\u00e3o dos produtos, a exemplo do que ocorre na Turquia, e combater a falsifica\u00e7\u00e3o que existe por a\u00ed, n\u00e3o aceitar que sejam usados outros produtos junto ao mel, pois mel \u00e9 mel.<\/span><\/p>\n<p><span style=\"font-size: large;\">Espero que esta edi\u00e7\u00e3o traga informa\u00e7\u00f5es importantes para o desempenho dos api\u00e1rios de nossos associados, e que as abelhas sejam motivo de reuni\u00e3o e uni\u00e3o entre as pessoas, nas lives e na vida. <\/span><\/p>\n<p><span style=\"font-size: large;\">Boa leitura!<\/span><\/p>\n<p><span style=\"font-size: large;\">Uma associa\u00e7\u00e3o se faz com associados. \u201ce que as abelhas sejam motivos de reuni\u00e3o e uni\u00e3o entre os homens.\u201d<\/span><\/p>\n<p><span style=\"font-size: large;\"><i><b>Eloi Viana da Silva &#8211; Presidente da APACAME<\/b><\/i><\/span><\/p>\n","protected":false},"excerpt":{"rendered":"<p>Apicultura e o mundo digital Nunca antes a Apicultura foi t\u00e3o comentada no mundo digital quanto nos \u00faltimos meses. S\u00e3o tantos os eventos: os v\u00eddeos ao vivo, chamados popularmente de [&hellip;]<\/p>\n","protected":false},"author":20,"featured_media":0,"parent":3681,"menu_order":0,"comment_status":"open","ping_status":"open","template":"","meta":{"pmpro_default_level":"","_price":"","_stock":"","_tribe_ticket_header":"","_tribe_default_ticket_provider":"","_tribe_ticket_capacity":"0","_ticket_start_date":"","_ticket_end_date":"","_tribe_ticket_show_description":"","_tribe_ticket_show_not_going":false,"_tribe_ticket_use_global_stock":"","_tribe_ticket_global_stock_level":"","_global_stock_mode":"","_global_stock_cap":"","_tribe_rsvp_for_event":"","_tribe_ticket_going_count":"","_tribe_ticket_not_going_count":"","_tribe_tickets_list":"[]","_tribe_ticket_has_attendee_info_fields":false,"cybocfi_hide_featured_image":"","footnotes":""},"class_list":["post-3689","page","type-page","status-publish","hentry","pmpro-has-access"],"_links":{"self":[{"href":"https:\/\/apacame.org.br\/site\/wp-json\/wp\/v2\/pages\/3689"}],"collection":[{"href":"https:\/\/apacame.org.br\/site\/wp-json\/wp\/v2\/pages"}],"about":[{"href":"https:\/\/apacame.org.br\/site\/wp-json\/wp\/v2\/types\/page"}],"author":[{"embeddable":true,"href":"https:\/\/apacame.org.br\/site\/wp-json\/wp\/v2\/users\/20"}],"replies":[{"embeddable":true,"href":"https:\/\/apacame.org.br\/site\/wp-json\/wp\/v2\/comments?post=3689"}],"version-history":[{"count":1,"href":"https:\/\/apacame.org.br\/site\/wp-json\/wp\/v2\/pages\/3689\/revisions"}],"predecessor-version":[{"id":3690,"href":"https:\/\/apacame.org.br\/site\/wp-json\/wp\/v2\/pages\/3689\/revisions\/3690"}],"up":[{"embeddable":true,"href":"https:\/\/apacame.org.br\/site\/wp-json\/wp\/v2\/pages\/3681"}],"wp:attachment":[{"href":"https:\/\/apacame.org.br\/site\/wp-json\/wp\/v2\/media?parent=3689"}],"curies":[{"name":"wp","href":"https:\/\/api.w.org\/{rel}","templated":true}]}}