{"id":3649,"date":"2020-08-20T21:42:14","date_gmt":"2020-08-20T21:42:14","guid":{"rendered":"http:\/\/apacame.org.br\/site\/?page_id=3649"},"modified":"2020-08-20T21:48:47","modified_gmt":"2020-08-20T21:48:47","slug":"noticia-6","status":"publish","type":"page","link":"https:\/\/apacame.org.br\/site\/revista\/mensagem-doce-n-157-julho-de-2020\/noticia-6\/","title":{"rendered":"Not\u00edcia"},"content":{"rendered":"<h1 style=\"text-align: center;\">Terapia com pr\u00f3polis representa oportunidade de neg\u00f3cio para apicultores<\/h1>\n<blockquote><p>Fonte: Reda\u00e7\u00e3o Engeplusem 23\/06\/2020 &#8211; <a href=\"http:\/\/www.engeplus.com.br\/noticia\/geral\/2020\/terapia-com-propolis-representa-oportunidade-de-negocio-para-apicultores\" target=\"_blank\" rel=\"noopener\">http:\/\/www.engeplus.com.br\/noticia\/geral\/2020\/terapia-com-propolis-representa-oportunidade-de-negocio-para-apicultores<\/a><\/p><\/blockquote>\n<p><span style=\"font-size: large;\"><b>Produto \u00e9 elaborado pelas abelhas a partir das resinas das \u00e1rvores<\/b><\/span><\/p>\n<p><span style=\"font-size: large;\">A pr\u00f3polis \u00e9 um dos produtos derivados da apicultura usados como tratamento alternativo na rede de sa\u00fade p\u00fablica do Brasil, por meio do Sistema \u00danico de Sa\u00fade (SUS). A apiterapia, ou seja, terapia com produtos das abelhas, inclu\u00edda em 2018 nas Pr\u00e1ticas Integrativas e Complementares autorizadas pelo Minist\u00e9rio da Sa\u00fade, tamb\u00e9m \u00e9 uma oportunidade de neg\u00f3cio para os 9,8 mil apicultores catarinenses. Afinal, \u00e9 poss\u00edvel agregar valor \u00e0 atividade produzindo mel e pr\u00f3polis na mesma colmeia.<\/span><\/p>\n<figure id=\"attachment_3653\" aria-describedby=\"caption-attachment-3653\" style=\"width: 300px\" class=\"wp-caption alignright\"><a href=\"https:\/\/apacame.org.br\/site\/wp-content\/uploads\/2020\/08\/Figura-Terapia.jpg\"><img fetchpriority=\"high\" decoding=\"async\" class=\"size-medium wp-image-3653\" src=\"https:\/\/apacame.org.br\/site\/wp-content\/uploads\/2020\/08\/Figura-Terapia-300x217.jpg\" alt=\"Foto: Divulga\u00e7\u00e3o\/Epagri\" width=\"300\" height=\"217\" srcset=\"https:\/\/apacame.org.br\/site\/wp-content\/uploads\/2020\/08\/Figura-Terapia-300x217.jpg 300w, https:\/\/apacame.org.br\/site\/wp-content\/uploads\/2020\/08\/Figura-Terapia-1024x742.jpg 1024w, https:\/\/apacame.org.br\/site\/wp-content\/uploads\/2020\/08\/Figura-Terapia-150x109.jpg 150w, https:\/\/apacame.org.br\/site\/wp-content\/uploads\/2020\/08\/Figura-Terapia-500x362.jpg 500w, https:\/\/apacame.org.br\/site\/wp-content\/uploads\/2020\/08\/Figura-Terapia.jpg 1232w\" sizes=\"(max-width: 300px) 100vw, 300px\" \/><\/a><figcaption id=\"caption-attachment-3653\" class=\"wp-caption-text\">Foto: Divulga\u00e7\u00e3o\/Epagri<\/figcaption><\/figure>\n<p><span style=\"font-size: large;\">Esse produto \u00e9 elaborado pelas abelhas a partir das resinas das \u00e1rvores e \u00e9 utilizado pelos insetos para prote\u00e7\u00e3o das crias e para manter a colmeia livre de bact\u00e9rias, v\u00edrus, fungos e parasitas. Conforme Instru\u00e7\u00e3o Normativa do Minist\u00e9rio da Agricultura, Pecu\u00e1ria e Abastecimento (Mapa), a pr\u00f3polis \u00e9 composta basicamente por resinas, produtos bals\u00e2micos, cera, \u00f3leos essenciais, p\u00f3len e microelementos.\u00a0<\/span><\/p>\n<p><span style=\"font-size: large;\">\u201cJ\u00e1 foram identificados mais de 200 componentes ativos na pr\u00f3polis. A composi\u00e7\u00e3o qu\u00edmica e a quantidade produzida dependem da fonte vegetal que \u00e9 coletada\u201d, explica o chefe da Divis\u00e3o de Estudos Ap\u00edcolas da Epagri,\u00a0Rodrigo Durieux Cunha.<\/span><\/p>\n<p><span style=\"font-size: large;\">A Epagri conta com t\u00e9cnicos em todas as regi\u00f5es catarinenses para prestar assist\u00eancia t\u00e9cnica aos apicultores. Uma das frentes de trabalho \u00e9 a capacita\u00e7\u00e3o para a diversifica\u00e7\u00e3o da atividade com o objetivo de melhorar a renda na apicultura, como \u00e9 o caso da extra\u00e7\u00e3o da pr\u00f3polis e outros produtos das abelhas, como geleia real e p\u00f3len.\u00a0<\/span><\/p>\n<p><span style=\"font-size: large;\">Em 2019, a Epagri prestou assist\u00eancia a 5.984 fam\u00edlias e realizou 15.463 atendimentos em apicultura e meliponicultura. \u201cNosso foco \u00e9 orientar para a alta produtividade, boas pr\u00e1ticas de produ\u00e7\u00e3o e extra\u00e7\u00e3o, legaliza\u00e7\u00e3o e mercado\u201d, ressalta Cunha.<a href=\"https:\/\/apacame.org.br\/site\/wp-content\/uploads\/2020\/08\/Quadro-Terapia.jpg\"><img decoding=\"async\" class=\"alignleft size-medium wp-image-3654\" src=\"https:\/\/apacame.org.br\/site\/wp-content\/uploads\/2020\/08\/Quadro-Terapia-300x150.jpg\" alt=\"Quadro-Terapia\" width=\"300\" height=\"150\" srcset=\"https:\/\/apacame.org.br\/site\/wp-content\/uploads\/2020\/08\/Quadro-Terapia-300x150.jpg 300w, https:\/\/apacame.org.br\/site\/wp-content\/uploads\/2020\/08\/Quadro-Terapia-1024x513.jpg 1024w, https:\/\/apacame.org.br\/site\/wp-content\/uploads\/2020\/08\/Quadro-Terapia-150x75.jpg 150w, https:\/\/apacame.org.br\/site\/wp-content\/uploads\/2020\/08\/Quadro-Terapia-500x251.jpg 500w, https:\/\/apacame.org.br\/site\/wp-content\/uploads\/2020\/08\/Quadro-Terapia.jpg 1257w\" sizes=\"(max-width: 300px) 100vw, 300px\" \/><\/a><\/span><\/p>\n<p><span style=\"font-size: large;\">A exemplo do mel, para a comercializa\u00e7\u00e3o da pr\u00f3polis \u00e9 necess\u00e1ria a regulariza\u00e7\u00e3o fiscal e de servi\u00e7o de inspe\u00e7\u00e3o. O controle de qualidade analisa alguns aspectos, como o tipo de pr\u00f3polis, as propriedades qu\u00edmicas (apar\u00eancia, viscosidade, teor de cera, umidade) e as propriedades microbiol\u00f3gicas. Para ter certeza se a pr\u00f3polis \u00e9 de boa qualidade, assim como qualquer produto de origem animal, \u00e9 importante observar a proced\u00eancia e se \u00e9 inspecionado, dados identificados pelos selos referentes ao \u00f3rg\u00e3o de inspe\u00e7\u00e3o sanit\u00e1ria.<\/span><\/p>\n<p><span style=\"font-size: large;\">Melhora a imunidade<\/span><\/p>\n<p><span style=\"font-size: large;\">Segundo a m\u00e9dica especialista em Sa\u00fade da Fam\u00edlia,\u00a0Dinorah Boada Bilhalva, a pr\u00f3polis serve como um aliado para ajudar na preven\u00e7\u00e3o e na cura, pois \u00e9 um produto que melhora a imunidade.\u00a0 De acordo com a m\u00e9dica, os componentes da pr\u00f3polis cont\u00eam propriedades antivirais, antitumorais, antibi\u00f3ticas, antif\u00fangicas, anti-inflamat\u00f3rias, antioxidantes, antiss\u00e9pticas e cicatrizantes, e s\u00e3o ainda capazes de combater artrites e diminuir o estresse. \u201cJ\u00e1 foram comprovados resultados com o uso de pr\u00f3polis em doen\u00e7as respirat\u00f3rias e da pele, no tratamento de patologias do sistema digestivo e na odontologia, impedindo a forma\u00e7\u00e3o de c\u00e1ries, por exemplo\u201d, afirma Dinorah.<\/span><\/p>\n<p><span style=\"font-size: large;\">A pr\u00f3polis pode auxiliar inclusive em tempos do novo coronav\u00edrus. A divis\u00e3o de estudos ap\u00edcolas da Epagri compartilha um protocolo da m\u00e9dica e apicultora Am\u00e9lia Cristina Tor, que d\u00e1 dicas para o enfrentamento da pandemia. Como uso preventivo, ela indica 25 gotas de pr\u00f3polis a 10% duas vezes ao dia. Por\u00e9m, Am\u00e9lia ressalta que o tratamento com pr\u00f3polis deve ser complementar, n\u00e3o dispensando o acompanhamento m\u00e9dico e os tratamentos convencionais.<\/span><\/p>\n<p><span style=\"font-size: large;\">Informa\u00e7\u00f5es t\u00e9cnicas de como produzir a pr\u00f3polis de forma correta podem ser encontradas no Boletim Did\u00e1tico da Epagri Produ\u00e7\u00e3o e beneficiamento da pr\u00f3polis, dispon\u00edvel no site Apis on-line. Nessa plataforma, o usu\u00e1rio encontra diferentes informa\u00e7\u00f5es sobre o trabalho da Empresa com a apicultura.<\/span><\/p>\n","protected":false},"excerpt":{"rendered":"<p>Terapia com pr\u00f3polis representa oportunidade de neg\u00f3cio para apicultores Fonte: Reda\u00e7\u00e3o Engeplusem 23\/06\/2020 &#8211; http:\/\/www.engeplus.com.br\/noticia\/geral\/2020\/terapia-com-propolis-representa-oportunidade-de-negocio-para-apicultores Produto \u00e9 elaborado pelas abelhas a partir das resinas das \u00e1rvores A pr\u00f3polis \u00e9 um [&hellip;]<\/p>\n","protected":false},"author":20,"featured_media":0,"parent":3535,"menu_order":0,"comment_status":"open","ping_status":"open","template":"","meta":{"pmpro_default_level":"","_price":"","_stock":"","_tribe_ticket_header":"","_tribe_default_ticket_provider":"","_tribe_ticket_capacity":"0","_ticket_start_date":"","_ticket_end_date":"","_tribe_ticket_show_description":"","_tribe_ticket_show_not_going":false,"_tribe_ticket_use_global_stock":"","_tribe_ticket_global_stock_level":"","_global_stock_mode":"","_global_stock_cap":"","_tribe_rsvp_for_event":"","_tribe_ticket_going_count":"","_tribe_ticket_not_going_count":"","_tribe_tickets_list":"[]","_tribe_ticket_has_attendee_info_fields":false,"cybocfi_hide_featured_image":"","footnotes":""},"class_list":["post-3649","page","type-page","status-publish","hentry","pmpro-has-access"],"_links":{"self":[{"href":"https:\/\/apacame.org.br\/site\/wp-json\/wp\/v2\/pages\/3649"}],"collection":[{"href":"https:\/\/apacame.org.br\/site\/wp-json\/wp\/v2\/pages"}],"about":[{"href":"https:\/\/apacame.org.br\/site\/wp-json\/wp\/v2\/types\/page"}],"author":[{"embeddable":true,"href":"https:\/\/apacame.org.br\/site\/wp-json\/wp\/v2\/users\/20"}],"replies":[{"embeddable":true,"href":"https:\/\/apacame.org.br\/site\/wp-json\/wp\/v2\/comments?post=3649"}],"version-history":[{"count":3,"href":"https:\/\/apacame.org.br\/site\/wp-json\/wp\/v2\/pages\/3649\/revisions"}],"predecessor-version":[{"id":3652,"href":"https:\/\/apacame.org.br\/site\/wp-json\/wp\/v2\/pages\/3649\/revisions\/3652"}],"up":[{"embeddable":true,"href":"https:\/\/apacame.org.br\/site\/wp-json\/wp\/v2\/pages\/3535"}],"wp:attachment":[{"href":"https:\/\/apacame.org.br\/site\/wp-json\/wp\/v2\/media?parent=3649"}],"curies":[{"name":"wp","href":"https:\/\/api.w.org\/{rel}","templated":true}]}}