{"id":3635,"date":"2020-08-20T21:15:19","date_gmt":"2020-08-20T21:15:19","guid":{"rendered":"http:\/\/apacame.org.br\/site\/?page_id=3635"},"modified":"2020-08-20T21:24:15","modified_gmt":"2020-08-20T21:24:15","slug":"noticia-5","status":"publish","type":"page","link":"https:\/\/apacame.org.br\/site\/revista\/mensagem-doce-n-157-julho-de-2020\/noticia-5\/","title":{"rendered":"Not\u00edcia"},"content":{"rendered":"<h1 style=\"text-align: center;\">Apitoxina produzida no Piau\u00ed ser\u00e1 utilizada em pesquisa contra coronav\u00edrus<\/h1>\n<blockquote><p>Fonte: <a href=\"https:\/\/www.pi.gov.br\/noticias\/apitoxina-produzida-com-apoio-do-governo-do-estado-sera-utilizada-em-pesquisa-contra-coronavirus\/\" target=\"_blank\" rel=\"noopener\">https:\/\/www.pi.gov.br\/noticias\/apitoxina-produzida-com-apoio-do-governo-do-estado-sera-utilizada-em-pesquisa-contra-coronavirus\/<\/a> &#8211; Edna Maciel.<\/p><\/blockquote>\n<p><span style=\"font-size: large;\">A Cooperativa de Desenvolvimento Rural do Vale do Rio Piracuruca (Codevarpi) realizou, em 26 de junho de 2020, a coleta de apitoxina (subst\u00e2ncia encontrada no ferr\u00e3o das abelhas do g\u00eanero\u00a0Apis) para que seja realizado um estudo acad\u00eamico onde ser\u00e1 verificada a efic\u00e1cia desta subst\u00e2ncia no combate a bact\u00e9rias resistentes e tamb\u00e9m \u00e0s complica\u00e7\u00f5es ocasionadas pelo coronav\u00edrus Sars-COV-2, causador da Covid-19. A pesquisa est\u00e1 sendo desenvolvida pela mestranda em Biotecnologia pela Unifacid, Rilkaelle Gomes de Melo Cerqueira.<\/span><\/p>\n<figure id=\"attachment_3638\" aria-describedby=\"caption-attachment-3638\" style=\"width: 259px\" class=\"wp-caption alignright\"><a href=\"https:\/\/apacame.org.br\/site\/wp-content\/uploads\/2020\/08\/Figura-apitoxina.jpg\"><img fetchpriority=\"high\" decoding=\"async\" class=\"size-medium wp-image-3638\" src=\"https:\/\/apacame.org.br\/site\/wp-content\/uploads\/2020\/08\/Figura-apitoxina-259x300.jpg\" alt=\"Detalhe de ferr\u00e3o da Abelha Apis melifera e placas de coleta de apitoxina dentro da colmeia.\" width=\"259\" height=\"300\" srcset=\"https:\/\/apacame.org.br\/site\/wp-content\/uploads\/2020\/08\/Figura-apitoxina-259x300.jpg 259w, https:\/\/apacame.org.br\/site\/wp-content\/uploads\/2020\/08\/Figura-apitoxina-884x1024.jpg 884w, https:\/\/apacame.org.br\/site\/wp-content\/uploads\/2020\/08\/Figura-apitoxina-150x174.jpg 150w, https:\/\/apacame.org.br\/site\/wp-content\/uploads\/2020\/08\/Figura-apitoxina-432x500.jpg 432w, https:\/\/apacame.org.br\/site\/wp-content\/uploads\/2020\/08\/Figura-apitoxina.jpg 1122w\" sizes=\"(max-width: 259px) 100vw, 259px\" \/><\/a><figcaption id=\"caption-attachment-3638\" class=\"wp-caption-text\">Detalhe de ferr\u00e3o da Abelha Apis melifera e placas de coleta de apitoxina dentro da colmeia.<\/figcaption><\/figure>\n<p><span style=\"font-size: large;\">A coleta do veneno das abelhas foi realizada, na semana passada, em duas etapas: a coleta no api\u00e1rio da comunidade Fazenda Nova, onde foram utilizadas doze colmeias, e o processamento no laborat\u00f3rio da Unidade de Extra\u00e7\u00e3o da Apitoxina da Codevarpi, que recebe o apoio da Secretaria de Estado da Agricultura Familiar (SAF) e do Programa de Gera\u00e7\u00e3o de Emprego e Renda (Progere II).<\/span><\/p>\n<p><span style=\"font-size: large;\">Participaram da atividade, o consultor de cadeias produtivas do Territ\u00f3rio dos Cocais, Erivaldo Rodrigues; o presidente da Codervap, Saturnino Mendes; a t\u00e9cnica de Assist\u00eancia T\u00e9cnica Sistem\u00e1tica (ATS) do CEAA, Rejane Silva; al\u00e9m da pr\u00f3pria pesquisadora, Rikaelle Gomes, que tamb\u00e9m \u00e9 vice-presidente do Sindicato Patronal Rural de Piracuruca, e de outros integrantes da cooperativa.<\/span><\/p>\n<p><span style=\"font-size: large;\">O consultor Erivaldo Rodrigues destaca que este Projeto de Inclus\u00e3o Produtiva (PIP) vem trazendo verdadeiras inova\u00e7\u00f5es tecnol\u00f3gicas e mercadol\u00f3gicas sobre a apitoxina. \u201cIsso possibilita gera\u00e7\u00e3o de renda, durante todo o ano, para os apicultores envolvidos e ganhos ecol\u00f3gicos para toda a sociedade. J\u00e1 se sabe que h\u00e1 estudos relacionados \u00e0 Covid-19 sobre o uso da apitoxina e estes destacam que a subst\u00e2ncia \u00e9 promissora por seus efeitos bactericidas e anti-inflamat\u00f3rios. No entanto, pesquisas sobre as propriedades do veneno da abelha em rela\u00e7\u00e3o ao v\u00edrus da Covid-19 s\u00e3o inovadores e as pesquisas s\u00e3o escassas\u201d, pontuou.<\/span><\/p>\n<p><span style=\"font-size: large;\"><a href=\"https:\/\/apacame.org.br\/site\/wp-content\/uploads\/2020\/08\/Quadro-apitoxina.jpg\"><img decoding=\"async\" class=\"alignleft size-medium wp-image-3639\" src=\"https:\/\/apacame.org.br\/site\/wp-content\/uploads\/2020\/08\/Quadro-apitoxina-300x194.jpg\" alt=\"Quadro-apitoxina\" width=\"300\" height=\"194\" srcset=\"https:\/\/apacame.org.br\/site\/wp-content\/uploads\/2020\/08\/Quadro-apitoxina-300x194.jpg 300w, https:\/\/apacame.org.br\/site\/wp-content\/uploads\/2020\/08\/Quadro-apitoxina-1024x663.jpg 1024w, https:\/\/apacame.org.br\/site\/wp-content\/uploads\/2020\/08\/Quadro-apitoxina-150x97.jpg 150w, https:\/\/apacame.org.br\/site\/wp-content\/uploads\/2020\/08\/Quadro-apitoxina-500x324.jpg 500w\" sizes=\"(max-width: 300px) 100vw, 300px\" \/><\/a>A diretora t\u00e9cnica do Progere II, Jana\u00edna Mendes, destaca que o projeto do Vale do Rio Piracuruca \u00e9 resultado de uma demanda da Codevarpi e que atua em seis munic\u00edpios com mais de 200 cooperados. \u201cO projeto, inaugurado no final do ano passado, beneficia diretamente 24 fam\u00edlias e o investimento total \u00e9 de duzentos e trinta e dois mil, quatrocentos e onze reais. Estas primeiras coletas est\u00e3o servindo para ajustes de equipamentos e para treinamento dos apicultores, al\u00e9m de contribuir tamb\u00e9m para a pesquisa da jovem Rilkaelle, que \u00e9 neta de um benefici\u00e1rio indireto do Programa\u201d, afirmou.<\/span><\/p>\n<p><span style=\"font-size: large;\">Mendes refor\u00e7a que o objetivo do Progere II \u00e9 aumentar a renda de pequenos produtores tendo como principal linha de a\u00e7\u00e3o a concess\u00e3o de incentivos financeiros para implanta\u00e7\u00e3o de planos que visam o aumento da produ\u00e7\u00e3o, da produtividade, uso racional dos recursos naturais e o acesso a mercado por meio destes produtores.<\/span><\/p>\n","protected":false},"excerpt":{"rendered":"<p>Apitoxina produzida no Piau\u00ed ser\u00e1 utilizada em pesquisa contra coronav\u00edrus Fonte: https:\/\/www.pi.gov.br\/noticias\/apitoxina-produzida-com-apoio-do-governo-do-estado-sera-utilizada-em-pesquisa-contra-coronavirus\/ &#8211; Edna Maciel. A Cooperativa de Desenvolvimento Rural do Vale do Rio Piracuruca (Codevarpi) realizou, em 26 de [&hellip;]<\/p>\n","protected":false},"author":20,"featured_media":0,"parent":3535,"menu_order":0,"comment_status":"open","ping_status":"open","template":"","meta":{"pmpro_default_level":"","_price":"","_stock":"","_tribe_ticket_header":"","_tribe_default_ticket_provider":"","_tribe_ticket_capacity":"0","_ticket_start_date":"","_ticket_end_date":"","_tribe_ticket_show_description":"","_tribe_ticket_show_not_going":false,"_tribe_ticket_use_global_stock":"","_tribe_ticket_global_stock_level":"","_global_stock_mode":"","_global_stock_cap":"","_tribe_rsvp_for_event":"","_tribe_ticket_going_count":"","_tribe_ticket_not_going_count":"","_tribe_tickets_list":"[]","_tribe_ticket_has_attendee_info_fields":false,"cybocfi_hide_featured_image":"","footnotes":""},"class_list":["post-3635","page","type-page","status-publish","hentry","pmpro-has-access"],"_links":{"self":[{"href":"https:\/\/apacame.org.br\/site\/wp-json\/wp\/v2\/pages\/3635"}],"collection":[{"href":"https:\/\/apacame.org.br\/site\/wp-json\/wp\/v2\/pages"}],"about":[{"href":"https:\/\/apacame.org.br\/site\/wp-json\/wp\/v2\/types\/page"}],"author":[{"embeddable":true,"href":"https:\/\/apacame.org.br\/site\/wp-json\/wp\/v2\/users\/20"}],"replies":[{"embeddable":true,"href":"https:\/\/apacame.org.br\/site\/wp-json\/wp\/v2\/comments?post=3635"}],"version-history":[{"count":3,"href":"https:\/\/apacame.org.br\/site\/wp-json\/wp\/v2\/pages\/3635\/revisions"}],"predecessor-version":[{"id":3637,"href":"https:\/\/apacame.org.br\/site\/wp-json\/wp\/v2\/pages\/3635\/revisions\/3637"}],"up":[{"embeddable":true,"href":"https:\/\/apacame.org.br\/site\/wp-json\/wp\/v2\/pages\/3535"}],"wp:attachment":[{"href":"https:\/\/apacame.org.br\/site\/wp-json\/wp\/v2\/media?parent=3635"}],"curies":[{"name":"wp","href":"https:\/\/api.w.org\/{rel}","templated":true}]}}