{"id":3627,"date":"2020-08-20T21:02:01","date_gmt":"2020-08-20T21:02:01","guid":{"rendered":"http:\/\/apacame.org.br\/site\/?page_id=3627"},"modified":"2020-08-20T21:07:31","modified_gmt":"2020-08-20T21:07:31","slug":"artigo-6","status":"publish","type":"page","link":"https:\/\/apacame.org.br\/site\/revista\/mensagem-doce-n-157-julho-de-2020\/artigo-6\/","title":{"rendered":"Artigo"},"content":{"rendered":"<h1 style=\"text-align: center;\">A dan\u00e7a das abelhas produtoras de mel tem dialetos<\/h1>\n<blockquote><p>Fonte: Proceedings of the Royal Society. &#8211; Por Alejandro Serrano.<\/p><\/blockquote>\n<blockquote><p><em>(Veja Revista Mensagem Doce 71 maio de 2003)<\/em><\/p><\/blockquote>\n<p><span style=\"font-size: large;\"><b>Os resultados confirmam o que von Frisch e Lindauer suspeitavam sobre o significado dos dialetos da dan\u00e7a.<\/b><br \/>\n<\/span><\/p>\n<p><span style=\"font-size: large;\">Depois de mais de 70 anos, uma grande controv\u00e9rsia da zoologia foi resolvida: as abelhas melificas realmente usam diferentes dialetos em sua conhecida dan\u00e7a. Os dialetos, que foram desenvolvidos e aperfei\u00e7oados nos \u00faltimos milh\u00f5es de anos de evolu\u00e7\u00e3o, est\u00e3o relacionados ao raio de a\u00e7\u00e3o em que elas coletam sua alimenta\u00e7\u00e3o ao redor da colmeia.<a href=\"https:\/\/apacame.org.br\/site\/wp-content\/uploads\/2020\/08\/Figura-Danca.jpg\"><img decoding=\"async\" class=\"alignright size-medium wp-image-3630\" src=\"https:\/\/apacame.org.br\/site\/wp-content\/uploads\/2020\/08\/Figura-Danca-300x131.jpg\" alt=\"Figura-Danca\" width=\"300\" height=\"131\" srcset=\"https:\/\/apacame.org.br\/site\/wp-content\/uploads\/2020\/08\/Figura-Danca-300x131.jpg 300w, https:\/\/apacame.org.br\/site\/wp-content\/uploads\/2020\/08\/Figura-Danca-1024x447.jpg 1024w, https:\/\/apacame.org.br\/site\/wp-content\/uploads\/2020\/08\/Figura-Danca-150x66.jpg 150w, https:\/\/apacame.org.br\/site\/wp-content\/uploads\/2020\/08\/Figura-Danca-500x218.jpg 500w, https:\/\/apacame.org.br\/site\/wp-content\/uploads\/2020\/08\/Figura-Danca.jpg 1122w\" sizes=\"(max-width: 300px) 100vw, 300px\" \/><\/a><\/span><\/p>\n<p><span style=\"font-size: large;\">O estudo que garante isso foi realizado por equipes de pesquisa do biocentro Julius-Maximilians na Universidade de W\u00fcrzburg (JMU) na Baviera (Alemanha) e pelo Centro Nacional de Ci\u00eancias Biol\u00f3gicas (NCBS) em Bangalore (\u00cdndia), e foi publicado na revista Proceedings of the Royal Society.<\/span><\/p>\n<p><span style=\"font-size: large;\">O fato de as abelhas poderem ter dialetos de dan\u00e7a foi proposto pela primeira vez na d\u00e9cada de 1940 por Karl von Frisch, vencedor do Nobel, e seu aluno Martin Lindauer. Experi\u00eancias posteriores, no entanto, levantaram d\u00favidas sobre a exist\u00eancia desses dialetos. Os novos resultados agora provam que Frisch e Lindauer estavam certos. Os dois pioneiros da pesquisa comportamental tamb\u00e9m estiveram corretos ao explicar os motivos que levaram as abelhas a desenvolver esses dialetos.<\/span><\/p>\n<p><span style=\"font-size: large;\"><a href=\"https:\/\/apacame.org.br\/site\/wp-content\/uploads\/2020\/08\/Quadro-Danca.jpg\"><img fetchpriority=\"high\" decoding=\"async\" class=\"alignleft size-medium wp-image-3631\" src=\"https:\/\/apacame.org.br\/site\/wp-content\/uploads\/2020\/08\/Quadro-Danca-190x300.jpg\" alt=\"Quadro-Danca\" width=\"190\" height=\"300\" srcset=\"https:\/\/apacame.org.br\/site\/wp-content\/uploads\/2020\/08\/Quadro-Danca-190x300.jpg 190w, https:\/\/apacame.org.br\/site\/wp-content\/uploads\/2020\/08\/Quadro-Danca-649x1024.jpg 649w, https:\/\/apacame.org.br\/site\/wp-content\/uploads\/2020\/08\/Quadro-Danca-150x237.jpg 150w, https:\/\/apacame.org.br\/site\/wp-content\/uploads\/2020\/08\/Quadro-Danca-317x500.jpg 317w, https:\/\/apacame.org.br\/site\/wp-content\/uploads\/2020\/08\/Quadro-Danca.jpg 1834w\" sizes=\"(max-width: 190px) 100vw, 190px\" \/><\/a>A linguagem da dan\u00e7a das abelhas \u00e9 uma forma \u00fanica de comunica\u00e7\u00e3o simb\u00f3lica no reino animal. Por exemplo, quando uma abelha descobre uma flor de cerejeira, ela volta \u00e0 colmeia. L\u00e1, ela informa os outros com uma dan\u00e7a sobre a dire\u00e7\u00e3o em que a fonte de alimento est\u00e1 e a que dist\u00e2ncia est\u00e1.<\/span><\/p>\n<p><span style=\"font-size: large;\">Parte da dan\u00e7a \u00e9 a chamada dan\u00e7a do requebrado, na qual as abelhas agitam vigorosamente o abd\u00f4men. A dire\u00e7\u00e3o em que a dan\u00e7a \u00e9 feita no favo comunica a dire\u00e7\u00e3o do destino em rela\u00e7\u00e3o \u00e0 posi\u00e7\u00e3o do sol, enquanto a dura\u00e7\u00e3o do movimento indica a dist\u00e2ncia.<\/span><\/p>\n<p><span style=\"font-size: large;\">\u00c0 medida que a dist\u00e2ncia da fonte de alimento do ninho aumenta, a dura\u00e7\u00e3o do movimento aumenta linearmente\u201d, diz o estudante de p\u00f3s-doutorado da JMU Patrick Kohl , primeiro autor da publica\u00e7\u00e3o. No entanto, esse aumento \u00e9 diferente para diferentes esp\u00e9cies de abelhas. Isso foi demonstrado em experimentos realizados pela equipe de pesquisa no sul da \u00cdndia.<\/span><\/p>\n<p><span style=\"font-size: large;\">L\u00e1, foram estudadas tr\u00eas esp\u00e9cies de abelhas com diferentes raios de a\u00e7\u00e3o. As abelhas orientais (Apis cerana) voam at\u00e9 cerca de um quil\u00f4metro do ninho. As abelhas an\u00e3s (Apis florea) voam at\u00e9 2,5 quil\u00f4metros, as abelhas gigantes (Apis dorsata) voam cerca de tr\u00eas quil\u00f4metros.<\/span><\/p>\n<p><span style=\"font-size: large;\">As rela\u00e7\u00f5es opostas se aplicam ao aumento da dura\u00e7\u00e3o do movimento. Por exemplo, se uma fonte de alimento estiver a 800 m de dist\u00e2ncia, uma abelha oriental ter\u00e1 um movimento muito mais longo que uma abelha an\u00e3, e a \u00faltima ter\u00e1 um movimento mais longo que a abelha gigante. Para comunicar uma dist\u00e2ncia id\u00eantica \u00e0 comida, cada esp\u00e9cie usa seu pr\u00f3prio dialeto de dan\u00e7a.<\/span><\/p>\n<p><span style=\"font-size: large;\">Tamb\u00e9m vimos isso quando comparamos nossos resultados com dados publicados de outros grupos de pesquisa\u201d, diz Kohl. A correla\u00e7\u00e3o entre a faixa de alimenta\u00e7\u00e3o e o dialeto da dan\u00e7a foi corroborada quando esp\u00e9cies de abelhas nativas da Inglaterra, Botsuana e Jap\u00e3o foram observadas.<\/span><\/p>\n<p><span style=\"font-size: large;\">Por que os pesquisadores da JMU foram ao sul da \u00cdndia para estudar abelhas? A \u00cdndia tem a vantagem de tr\u00eas esp\u00e9cies de abelhas viverem na mesma \u00e1rea, para que seus dialetos de dan\u00e7a possam ser facilmente comparados, explica Kohl. Tamb\u00e9m temos \u00f3timos contatos com pesquisadores do NCBS, uma das principais diretorias de pesquisa do sul da \u00c1sia .<\/span><\/p>\n<p><span style=\"font-size: large;\">Os resultados tamb\u00e9m confirmam o que von Frisch e Lindauer suspeitavam sobre o significado dos dialetos da dan\u00e7a. S\u00e3o adapta\u00e7\u00f5es evolutivas \u00e0s dist\u00e2ncias t\u00edpicas de alimenta\u00e7\u00e3o das esp\u00e9cies de abelhas. As abelhas, por exemplo, que voam regularmente longas dist\u00e2ncias, n\u00e3o podem se dar ao luxo de comunicar essas dist\u00e2ncias na colmeia com percursos muito longos: na \u201cpista de dan\u00e7a\u201d, cheia de abelhas, outros cong\u00eaneres teriam dificuldade para seguir tais \u00abmaratonas\u00bb.<\/span><\/p>\n<p><span style=\"font-size: large;\">A conclus\u00e3o dos cientistas \u00e9 clara: os dialetos da dan\u00e7a das abelhas s\u00e3o um excelente exemplo de como comportamentos complexos s\u00e3o ajustados como uma adapta\u00e7\u00e3o evolutiva ao meio ambiente.<\/span><\/p>\n","protected":false},"excerpt":{"rendered":"<p>A dan\u00e7a das abelhas produtoras de mel tem dialetos Fonte: Proceedings of the Royal Society. &#8211; Por Alejandro Serrano. (Veja Revista Mensagem Doce 71 maio de 2003) Os resultados confirmam [&hellip;]<\/p>\n","protected":false},"author":20,"featured_media":0,"parent":3535,"menu_order":0,"comment_status":"open","ping_status":"open","template":"","meta":{"pmpro_default_level":"","_price":"","_stock":"","_tribe_ticket_header":"","_tribe_default_ticket_provider":"","_tribe_ticket_capacity":"0","_ticket_start_date":"","_ticket_end_date":"","_tribe_ticket_show_description":"","_tribe_ticket_show_not_going":false,"_tribe_ticket_use_global_stock":"","_tribe_ticket_global_stock_level":"","_global_stock_mode":"","_global_stock_cap":"","_tribe_rsvp_for_event":"","_tribe_ticket_going_count":"","_tribe_ticket_not_going_count":"","_tribe_tickets_list":"[]","_tribe_ticket_has_attendee_info_fields":false,"cybocfi_hide_featured_image":"","footnotes":""},"class_list":["post-3627","page","type-page","status-publish","hentry","pmpro-has-access"],"_links":{"self":[{"href":"https:\/\/apacame.org.br\/site\/wp-json\/wp\/v2\/pages\/3627"}],"collection":[{"href":"https:\/\/apacame.org.br\/site\/wp-json\/wp\/v2\/pages"}],"about":[{"href":"https:\/\/apacame.org.br\/site\/wp-json\/wp\/v2\/types\/page"}],"author":[{"embeddable":true,"href":"https:\/\/apacame.org.br\/site\/wp-json\/wp\/v2\/users\/20"}],"replies":[{"embeddable":true,"href":"https:\/\/apacame.org.br\/site\/wp-json\/wp\/v2\/comments?post=3627"}],"version-history":[{"count":4,"href":"https:\/\/apacame.org.br\/site\/wp-json\/wp\/v2\/pages\/3627\/revisions"}],"predecessor-version":[{"id":3629,"href":"https:\/\/apacame.org.br\/site\/wp-json\/wp\/v2\/pages\/3627\/revisions\/3629"}],"up":[{"embeddable":true,"href":"https:\/\/apacame.org.br\/site\/wp-json\/wp\/v2\/pages\/3535"}],"wp:attachment":[{"href":"https:\/\/apacame.org.br\/site\/wp-json\/wp\/v2\/media?parent=3627"}],"curies":[{"name":"wp","href":"https:\/\/api.w.org\/{rel}","templated":true}]}}