{"id":3618,"date":"2020-08-20T20:40:02","date_gmt":"2020-08-20T20:40:02","guid":{"rendered":"http:\/\/apacame.org.br\/site\/?page_id=3618"},"modified":"2020-08-20T20:48:47","modified_gmt":"2020-08-20T20:48:47","slug":"artigo-5","status":"publish","type":"page","link":"https:\/\/apacame.org.br\/site\/revista\/mensagem-doce-n-157-julho-de-2020\/artigo-5\/","title":{"rendered":"Artigo"},"content":{"rendered":"<h1 style=\"text-align: center;\">Agrot\u00f3xico utilizado contra fungos tamb\u00e9m pode matar abelhas<\/h1>\n<blockquote><p>Fonte; Jornal USP por EESC &#8211; 3 de setembro de 2019<\/p><\/blockquote>\n<p><span style=\"font-size: large;\">Um estudo realizado por pesquisadores da Escola de Engenharia de S\u00e3o Carlos (EESC) da USP, em parceria com cientistas da Universidade Federal de Vi\u00e7osa (UFV), revelou que o cerconil, agrot\u00f3xico utilizado no Brasil para matar fungos, tamb\u00e9m pode ser letal para abelhas. O trabalho mostrou ainda que, mesmo aquelas que resistem inicialmente aos efeitos do produto qu\u00edmico, passam a se comportar como se estivessem mais velhas, indicando que n\u00e3o viver\u00e3o por muito tempo.<\/span><\/p>\n<figure id=\"attachment_3620\" aria-describedby=\"caption-attachment-3620\" style=\"width: 300px\" class=\"wp-caption alignright\"><a href=\"https:\/\/apacame.org.br\/site\/wp-content\/uploads\/2020\/08\/Figura1-Agrotoxico.jpg\"><img fetchpriority=\"high\" decoding=\"async\" class=\"size-medium wp-image-3620\" src=\"https:\/\/apacame.org.br\/site\/wp-content\/uploads\/2020\/08\/Figura1-Agrotoxico-300x195.jpg\" alt=\"Abelhas tamb\u00e9m podem ser v\u00edtimas de fungicida. Foto: Pixabay\" width=\"300\" height=\"195\" srcset=\"https:\/\/apacame.org.br\/site\/wp-content\/uploads\/2020\/08\/Figura1-Agrotoxico-300x195.jpg 300w, https:\/\/apacame.org.br\/site\/wp-content\/uploads\/2020\/08\/Figura1-Agrotoxico-1024x665.jpg 1024w, https:\/\/apacame.org.br\/site\/wp-content\/uploads\/2020\/08\/Figura1-Agrotoxico-150x97.jpg 150w, https:\/\/apacame.org.br\/site\/wp-content\/uploads\/2020\/08\/Figura1-Agrotoxico-500x325.jpg 500w, https:\/\/apacame.org.br\/site\/wp-content\/uploads\/2020\/08\/Figura1-Agrotoxico.jpg 1123w\" sizes=\"(max-width: 300px) 100vw, 300px\" \/><\/a><figcaption id=\"caption-attachment-3620\" class=\"wp-caption-text\">Abelhas tamb\u00e9m podem ser v\u00edtimas de fungicida. Foto: Pixabay<\/figcaption><\/figure>\n<p><span style=\"font-size: large;\">Os resultados foram obtidos a partir do programa de computador desenvolvido por Jord\u00e3o Natal durante seu mestrado na USP. O sistema analisou, durante 10 dias, o comportamento de 200 abelhas contaminadas com o fungicida, o qual \u00e9 muito comum no combate a pragas de meloeiro e melancia. Elas foram colocadas junto a outras 800 abelhas saud\u00e1veis dentro de uma caixa cercada por vidros transparentes, onde c\u00e2meras registravam seus movimentos. Para diferenciar as abelhas saud\u00e1veis das contaminadas, uma marca com tinta foi feita nas costas das que ingeriram o agrot\u00f3xico. \u201cAt\u00e9 o d\u00e9cimo dia, 65% das abelhas contaminadas haviam morrido. J\u00e1 as que resistiram, tiveram seu comportamento alterado, aparentando estarem idosas, j\u00e1 que faziam atividades incompat\u00edveis com a idade, como tarefas de limpeza e a procura por alimentos\u201d, relata Natal, que teve sua pesquisa financiada pela Coordena\u00e7\u00e3o de Aperfei\u00e7oamento de Pessoal de N\u00edvel Superior (CAPES). Vale ressaltar que as abelhas vivem, em m\u00e9dia, 44 dias, ou seja, elas estariam morrendo antes de completarem um quarto de suas vidas.<\/span><\/p>\n<figure id=\"attachment_3621\" aria-describedby=\"caption-attachment-3621\" style=\"width: 300px\" class=\"wp-caption alignleft\"><a href=\"https:\/\/apacame.org.br\/site\/wp-content\/uploads\/2020\/08\/Figura2-Agrotoxico.jpg\"><img decoding=\"async\" class=\"size-medium wp-image-3621\" src=\"https:\/\/apacame.org.br\/site\/wp-content\/uploads\/2020\/08\/Figura2-Agrotoxico-300x152.jpg\" alt=\"Figura ilustra trajet\u00f3ria percorrida pelas abelhas dentro da caixa. Foto: Jord\u00e3o Natal\/Divulga\u00e7\u00e3o.\" width=\"300\" height=\"152\" srcset=\"https:\/\/apacame.org.br\/site\/wp-content\/uploads\/2020\/08\/Figura2-Agrotoxico-300x152.jpg 300w, https:\/\/apacame.org.br\/site\/wp-content\/uploads\/2020\/08\/Figura2-Agrotoxico-1024x518.jpg 1024w, https:\/\/apacame.org.br\/site\/wp-content\/uploads\/2020\/08\/Figura2-Agrotoxico-150x76.jpg 150w, https:\/\/apacame.org.br\/site\/wp-content\/uploads\/2020\/08\/Figura2-Agrotoxico-500x253.jpg 500w, https:\/\/apacame.org.br\/site\/wp-content\/uploads\/2020\/08\/Figura2-Agrotoxico.jpg 1123w\" sizes=\"(max-width: 300px) 100vw, 300px\" \/><\/a><figcaption id=\"caption-attachment-3621\" class=\"wp-caption-text\">Figura ilustra trajet\u00f3ria percorrida pelas abelhas dentro da caixa. Foto: Jord\u00e3o Natal\/Divulga\u00e7\u00e3o.<\/figcaption><\/figure>\n<p><span style=\"font-size: large;\">Algo que ajudou o sistema a interpretar essa grande quantidade de dados ao final do per\u00edodo analisado foi a localiza\u00e7\u00e3o das abelhas contaminadas dentro da caixa. A posi\u00e7\u00e3o das polinizadoras tende a revelar em que fase da vida elas est\u00e3o, pois, conforme elas envelhecem, se aproximam das extremidades. \u201cO software foi capaz de monitorar as a\u00e7\u00f5es de cada uma das abelhas, o que \u00e9 uma tarefa \u00e9 muito dif\u00edcil, por serem animais de tamanho semelhante, que est\u00e3o quase sempre em movimento e se cruzando rapidamente\u201d, explica Carlos Maciel, professor do Departamento de Engenharia El\u00e9trica e de Computa\u00e7\u00e3o (SEL) da EESC e orientador da pesquisa. Apesar do desafio, o programa, que levou cerca de 10 meses para ser desenvolvido e captura at\u00e9 30 fotos por segundo, apresentou um \u00edndice de 99% de precis\u00e3o.<\/span><\/p>\n<p><span style=\"font-size: large;\">Contaminadas com doses n\u00e3o letais de cerconil no api\u00e1rio da UFV, as abelhas utilizadas no estudo s\u00e3o da esp\u00e9cie Apis mellifera, a mais comum do mundo. \u201cO que mais nos chocou foi descobrir que um fungicida at\u00e9 ent\u00e3o inofensivo para abelhas se mostrou mais t\u00f3xico que o imidaclopride, inseticida considerado o grande vil\u00e3o dos cultivos agr\u00edcolas. Os dados s\u00e3o preocupantes\u201d, afirma Eug\u00eanio de Oliveira, professor de entomologia da UFV. Apesar de ainda n\u00e3o haver um entendimento sobre o motivo de o fungicida ter levado as abelhas \u00e0 morte, o docente suspeita que o produto pode estar anulando os efeitos de enzimas respons\u00e1veis pela desintoxica\u00e7\u00e3o desses insetos.<\/span><\/p>\n<figure id=\"attachment_3622\" aria-describedby=\"caption-attachment-3622\" style=\"width: 300px\" class=\"wp-caption alignright\"><a href=\"https:\/\/apacame.org.br\/site\/wp-content\/uploads\/2020\/08\/Figura3-Agrotoxico.jpg\"><img decoding=\"async\" class=\"size-medium wp-image-3622\" src=\"https:\/\/apacame.org.br\/site\/wp-content\/uploads\/2020\/08\/Figura3-Agrotoxico-300x211.jpg\" alt=\"Carlos Maciel (\u00e0 esquerda) e Jord\u00e3o Natal desenvolveram um sistema in\u00e9dito para monitorar o comportamento de animais que atuam de forma coletiva. Foto: Henrique Fontes\/SEL.\" width=\"300\" height=\"211\" srcset=\"https:\/\/apacame.org.br\/site\/wp-content\/uploads\/2020\/08\/Figura3-Agrotoxico-300x211.jpg 300w, https:\/\/apacame.org.br\/site\/wp-content\/uploads\/2020\/08\/Figura3-Agrotoxico-1024x720.jpg 1024w, https:\/\/apacame.org.br\/site\/wp-content\/uploads\/2020\/08\/Figura3-Agrotoxico-150x105.jpg 150w, https:\/\/apacame.org.br\/site\/wp-content\/uploads\/2020\/08\/Figura3-Agrotoxico-500x352.jpg 500w, https:\/\/apacame.org.br\/site\/wp-content\/uploads\/2020\/08\/Figura3-Agrotoxico.jpg 1122w\" sizes=\"(max-width: 300px) 100vw, 300px\" \/><\/a><figcaption id=\"caption-attachment-3622\" class=\"wp-caption-text\">Carlos Maciel (\u00e0 esquerda) e Jord\u00e3o Natal desenvolveram um sistema in\u00e9dito para monitorar o comportamento de animais que atuam de forma coletiva. Foto: Henrique Fontes\/SEL.<\/figcaption><\/figure>\n<p><span style=\"font-size: large;\">No trabalho, os pesquisadores tamb\u00e9m analisaram o comportamento de abelhas que ingeriram o imidaclopride1. Derivado da nicotina, o produto normalmente \u00e9 aplicado em pomares, planta\u00e7\u00f5es de arroz, algod\u00e3o e batata e, embora seja proibido em diversos pa\u00edses, seu uso ainda \u00e9 permitido no Brasil. <\/span><\/p>\n<p><span style=\"font-size: large;\">O software da USP mostrou que aproximadamente 52% das abelhas contaminadas com o agroqu\u00edmico estavam mortas no d\u00e9cimo dia.<\/span><\/p>\n<p><span style=\"font-size: large;\">\u201cA extin\u00e7\u00e3o das abelhas \u00e9 uma preocupa\u00e7\u00e3o global, pois se trata de um problema que n\u00e3o afeta apenas o meio ambiente, mas tamb\u00e9m a economia. Elas participam de boa parte da poliniza\u00e7\u00e3o de nossos alimentos, alguns deles, inclusive, polinizados exclusivamente por elas\u201d, alerta Maciel, que tamb\u00e9m \u00e9 pesquisador do\u00a0Instituto Nacional de Ci\u00eancia e Tecnologia para Sistemas Aut\u00f4nomos Cooperativos (InSAC), sediado no SEL. Segundo o estudo realizado pela Plataforma Brasileira de Biodiversidade e Servi\u00e7os Ecossist\u00eamicos (BPBES), em parceria com a Rede Brasileira de Intera\u00e7\u00f5es Planta-Polinizador (Rebipp), o valor do trabalho prestado pelos animais polinizadores \u00e0 agricultura brasileira gira em torno de R$ 43 bilh\u00f5es por ano. O levantamento considerou 67 cultivos, sendo que a soja, primeira colocada, responde por 60% do valor estimado, seguida pelo caf\u00e9 (12%), laranja (5%) e ma\u00e7\u00e3 (4%).<\/span><\/p>\n<p><span style=\"font-size: large;\">Com a nova tecnologia criada na EESC, a qual j\u00e1 est\u00e1 pronta para ser utilizada no mercado, a miss\u00e3o de compreender o comportamento de animais que atuam de forma coletiva se tornou mais simples, pois toda intera\u00e7\u00e3o entre esses organismos e o meio ambiente poder\u00e1 ser \u201censinada\u201d para o computador em forma de algoritmos. \u201cO que o sistema fez em semanas, n\u00f3s levar\u00edamos alguns anos para mensurar\u201d, comemora Eug\u00eanio. Combinando t\u00e9cnicas de intelig\u00eancia artificial e big data, o software desenvolvido conseguiu analisar dezenas de horas de v\u00eddeo, totalizando 700Gb de material. A partir de agora, os pesquisadores pretendem estudar o comportamento de abelhas contaminadas com outros tipos de agrot\u00f3xicos, a fim de ampliar o entendimento a respeito dos efeitos desses produtos qu\u00edmicos.<\/span><\/p>\n<p><a href=\"https:\/\/apacame.org.br\/site\/wp-content\/uploads\/2020\/08\/quadro-Agrotoxico.jpg\"><img loading=\"lazy\" decoding=\"async\" class=\"aligncenter size-large wp-image-3623\" src=\"https:\/\/apacame.org.br\/site\/wp-content\/uploads\/2020\/08\/quadro-Agrotoxico-1024x109.jpg\" alt=\"quadro-Agrotoxico\" width=\"1024\" height=\"109\" srcset=\"https:\/\/apacame.org.br\/site\/wp-content\/uploads\/2020\/08\/quadro-Agrotoxico-1024x109.jpg 1024w, https:\/\/apacame.org.br\/site\/wp-content\/uploads\/2020\/08\/quadro-Agrotoxico-300x32.jpg 300w, https:\/\/apacame.org.br\/site\/wp-content\/uploads\/2020\/08\/quadro-Agrotoxico-150x16.jpg 150w, https:\/\/apacame.org.br\/site\/wp-content\/uploads\/2020\/08\/quadro-Agrotoxico-500x53.jpg 500w\" sizes=\"(max-width: 1024px) 100vw, 1024px\" \/><\/a><\/p>\n","protected":false},"excerpt":{"rendered":"<p>Agrot\u00f3xico utilizado contra fungos tamb\u00e9m pode matar abelhas Fonte; Jornal USP por EESC &#8211; 3 de setembro de 2019 Um estudo realizado por pesquisadores da Escola de Engenharia de S\u00e3o [&hellip;]<\/p>\n","protected":false},"author":20,"featured_media":0,"parent":3535,"menu_order":0,"comment_status":"open","ping_status":"open","template":"","meta":{"pmpro_default_level":"","_price":"","_stock":"","_tribe_ticket_header":"","_tribe_default_ticket_provider":"","_tribe_ticket_capacity":"0","_ticket_start_date":"","_ticket_end_date":"","_tribe_ticket_show_description":"","_tribe_ticket_show_not_going":false,"_tribe_ticket_use_global_stock":"","_tribe_ticket_global_stock_level":"","_global_stock_mode":"","_global_stock_cap":"","_tribe_rsvp_for_event":"","_tribe_ticket_going_count":"","_tribe_ticket_not_going_count":"","_tribe_tickets_list":"[]","_tribe_ticket_has_attendee_info_fields":false,"cybocfi_hide_featured_image":"","footnotes":""},"class_list":["post-3618","page","type-page","status-publish","hentry","pmpro-has-access"],"_links":{"self":[{"href":"https:\/\/apacame.org.br\/site\/wp-json\/wp\/v2\/pages\/3618"}],"collection":[{"href":"https:\/\/apacame.org.br\/site\/wp-json\/wp\/v2\/pages"}],"about":[{"href":"https:\/\/apacame.org.br\/site\/wp-json\/wp\/v2\/types\/page"}],"author":[{"embeddable":true,"href":"https:\/\/apacame.org.br\/site\/wp-json\/wp\/v2\/users\/20"}],"replies":[{"embeddable":true,"href":"https:\/\/apacame.org.br\/site\/wp-json\/wp\/v2\/comments?post=3618"}],"version-history":[{"count":3,"href":"https:\/\/apacame.org.br\/site\/wp-json\/wp\/v2\/pages\/3618\/revisions"}],"predecessor-version":[{"id":3624,"href":"https:\/\/apacame.org.br\/site\/wp-json\/wp\/v2\/pages\/3618\/revisions\/3624"}],"up":[{"embeddable":true,"href":"https:\/\/apacame.org.br\/site\/wp-json\/wp\/v2\/pages\/3535"}],"wp:attachment":[{"href":"https:\/\/apacame.org.br\/site\/wp-json\/wp\/v2\/media?parent=3618"}],"curies":[{"name":"wp","href":"https:\/\/api.w.org\/{rel}","templated":true}]}}