{"id":3613,"date":"2020-08-19T20:57:55","date_gmt":"2020-08-19T20:57:55","guid":{"rendered":"http:\/\/apacame.org.br\/site\/?page_id=3613"},"modified":"2020-08-19T20:57:55","modified_gmt":"2020-08-19T20:57:55","slug":"noticia-4","status":"publish","type":"page","link":"https:\/\/apacame.org.br\/site\/revista\/mensagem-doce-n-157-julho-de-2020\/noticia-4\/","title":{"rendered":"Not\u00edcia"},"content":{"rendered":"<h1 style=\"text-align: center;\">Alarme sobre a morte de abelhas por doen\u00e7a viral que se espalha rapidamente<\/h1>\n<blockquote><p>Fonte: &lt;<a href=\"https:\/\/www.theguardian.com\/environment\/2020\/may\/01\/alarm-over-deaths-of-bees-from-rapidly-spreading-viral-disease\" target=\"_blank\" rel=\"noopener\">https:\/\/www.theguardian.com\/environment\/2020\/may\/01\/alarm-over-deaths-of-bees-from-rapidly-spreading-viral-disease<\/a>&gt;<\/p><\/blockquote>\n<p><span style=\"font-size: large;\"><b>Pesquisadores estudam se nova cepa do v\u00edrus da paralisia cr\u00f4nica de abelhas \u00e9 respons\u00e1vel<\/b><\/span><\/p>\n<p><span style=\"font-size: large;\">Uma doen\u00e7a viral que faz com que as abelhas sofram tremores graves, falta de voo e morte em uma semana est\u00e1 se espalhando exponencialmente na Gr\u00e3-Bretanha.<\/span><\/p>\n<figure id=\"attachment_3614\" aria-describedby=\"caption-attachment-3614\" style=\"width: 300px\" class=\"wp-caption alignright\"><a href=\"https:\/\/apacame.org.br\/site\/wp-content\/uploads\/2020\/08\/Figura-Alarme.jpg\"><img fetchpriority=\"high\" decoding=\"async\" class=\"size-medium wp-image-3614\" src=\"https:\/\/apacame.org.br\/site\/wp-content\/uploads\/2020\/08\/Figura-Alarme-300x278.jpg\" alt=\"A doen\u00e7a parece ser mais comum entre as abelhas criadas por apicultores profissionais.\" width=\"300\" height=\"278\" srcset=\"https:\/\/apacame.org.br\/site\/wp-content\/uploads\/2020\/08\/Figura-Alarme-300x278.jpg 300w, https:\/\/apacame.org.br\/site\/wp-content\/uploads\/2020\/08\/Figura-Alarme-1024x948.jpg 1024w, https:\/\/apacame.org.br\/site\/wp-content\/uploads\/2020\/08\/Figura-Alarme-270x250.jpg 270w, https:\/\/apacame.org.br\/site\/wp-content\/uploads\/2020\/08\/Figura-Alarme-150x139.jpg 150w, https:\/\/apacame.org.br\/site\/wp-content\/uploads\/2020\/08\/Figura-Alarme-500x463.jpg 500w, https:\/\/apacame.org.br\/site\/wp-content\/uploads\/2020\/08\/Figura-Alarme.jpg 1123w\" sizes=\"(max-width: 300px) 100vw, 300px\" \/><\/a><figcaption id=\"caption-attachment-3614\" class=\"wp-caption-text\">A doen\u00e7a parece ser mais comum entre as abelhas criadas por apicultores profissionais.<\/figcaption><\/figure>\n<p><span style=\"font-size: large;\">O v\u00edrus da paralisia cr\u00f4nica das abelhas (CBPV) s\u00f3 foi registrado em Lincolnshire em 2007. Uma d\u00e9cada depois, foi encontrado em 39 dos 47 condados ingleses (regi\u00f5es administrativas) e seis dos oito condados galeses, de acordo com dados coletados de visitas a mais de 24.000 apicultores.<\/span><\/p>\n<p><span style=\"font-size: large;\">Al\u00e9m de lutar para voar, as abelhas atingidas desenvolvem um abd\u00f4men brilhante e sem pelos. Pilhas de indiv\u00edduos mortos s\u00e3o encontradas fora das colmeias, com col\u00f4nias inteiras frequentemente destru\u00eddas pela doen\u00e7a.<\/span><\/p>\n<p><span style=\"font-size: large;\">Uma equipe de cientistas liderada pelo professor Giles Budge, da Universidade de Newcastle, identificou agrupamentos da doen\u00e7a, com casos concentrados entre api\u00e1rios administrados por apicultores profissionais e n\u00e3o por amadores.<\/span><\/p>\n<p><span style=\"font-size: large;\">No estudo, publicado na Nature Communications, os cientistas usaram dados de 130.000 importa\u00e7\u00f5es de abelhas de 25 pa\u00edses para mostrar pela primeira vez que a doen\u00e7a era quase duas vezes mais prov\u00e1vel em api\u00e1rios pertencentes a apicultores que importavam abelhas. Apicultores profissionais trazem rainhas de abelhas para reabastecer suas colmeias a cada poucos anos.<\/span><\/p>\n<p><span style=\"font-size: large;\">Outra maneira pela qual a apicultura comercial pode estar contribuindo para a dissemina\u00e7\u00e3o da doen\u00e7a \u00e9 porque eles tendem a gerenciar grandes col\u00f4nias, e o v\u00edrus parece ser rapidamente transmitido em colmeias densamente povoadas.<\/span><\/p>\n<p><span style=\"font-size: large;\">Mas Budge disse que n\u00e3o est\u00e1 claro que a doen\u00e7a tenha sido importada por rainhas e que \u00e9 \u201cinjusto\u201d afirmar que a doen\u00e7a foi causada pela apicultura industrial.<\/span><\/p>\n<p><span style=\"font-size: large;\">\u201cOs apicultores deste pa\u00eds tendem a ser em pequena escala. Um produtor de abelhas comum pode ter de 100 a 200 col\u00f4nias. Nos Estados Unidos, eles t\u00eam at\u00e9 10.000. Mesmo na Alemanha, haver\u00e1 uma apicultura em grande escala\u201d, disse ele.<\/span><\/p>\n<p><span style=\"font-size: large;\">De acordo com Budge, os apicultores profissionais podem ter problemas na Gr\u00e3-Bretanha porque s\u00e3o muito bem-sucedidos em trazer abelhas durante o inverno e construir col\u00f4nias na primavera para aproveitar as flores precoces, como o estupro de oleaginosas. Se o clima ficar \u00famido, essas grandes col\u00f4nias ficam confinadas a uma colmeia. \u201cVoc\u00ea n\u00e3o pode fazer o distanciamento social em uma colmeia t\u00e3o facilmente, mas voc\u00ea pode gerenci\u00e1-lo aumentando o espa\u00e7o l\u00e1\u201d, disse Budge.<\/span><\/p>\n<p><span style=\"font-size: large;\">A doen\u00e7a viral existe h\u00e1 s\u00e9culos &#8211; seus sintomas foram descritos pela primeira vez por Arist\u00f3teles &#8211; mas os pesquisadores desejam descobrir se uma nova cepa mais virulenta est\u00e1 por tr\u00e1s de sua onda global. Nos Estados Unidos, a preval\u00eancia de CBPV foi de 0,7% em 2010, mas atingiu 16% em 2014. A preval\u00eancia dobrou na It\u00e1lia de 5% para 10% entre 2009 e 2010. Na China, a preval\u00eancia aumentou de 9% para 38%.<\/span><\/p>\n<p><span style=\"font-size: large;\">As abelhas adultas infectadas carregam o v\u00edrus por at\u00e9 seis dias sem mostrar sintomas e podem espalh\u00e1-lo para outras col\u00f4nias em locais onde diferentes abelhas buscam alimentos.<\/span><\/p>\n<p><span style=\"font-size: large;\">Mas as abelhas normalmente n\u00e3o se alimentam mais do que 10 km na Gr\u00e3-Bretanha, e o estudo encontrou grupos significativos da doen\u00e7a com at\u00e9 40 km de dist\u00e2ncia.\u00a0Um quarto dos apicultores tem v\u00e1rios locais, por isso poderia estar ajudando na dissemina\u00e7\u00e3o da doen\u00e7a.<\/span><\/p>\n<p><span style=\"font-size: large;\">Embora a doen\u00e7a pare\u00e7a \u201cqueimar\u201d na Gr\u00e3-Bretanha e n\u00e3o se repita em pontos quentes entre as esta\u00e7\u00f5es, ela volta ao pa\u00eds em outros locais ao longo do tempo.\u00a0<\/span><\/p>\n<p><span style=\"font-size: large;\">A doen\u00e7a tamb\u00e9m foi encontrada em popula\u00e7\u00f5es selvagens de abelhas e formigas, mas a dire\u00e7\u00e3o da transmiss\u00e3o n\u00e3o \u00e9 clara.<\/span><\/p>\n<p><span style=\"font-size: large;\">Rob Nickless, presidente da\u00a0Associa\u00e7\u00e3o de Agricultores de Abelhas\u00a0, que apoiou o estudo, disse: \u201cEsse \u00e9 o tipo de pesquisa que traz benef\u00edcios pr\u00e1ticos para a ind\u00fastria &#8211; ajudando os produtores de abelhas no n\u00edvel da base a melhorar a sa\u00fade das abelhas e aumentar a produ\u00e7\u00e3o de mel no Reino Unido. \u201c<\/span><\/p>\n<p><span style=\"font-size: large;\">Os pesquisadores continuar\u00e3o a examinar a gen\u00e9tica da doen\u00e7a para determinar se h\u00e1 uma nova cepa e procurar descobrir se as rainhas importadas est\u00e3o trazendo a doen\u00e7a para a Gr\u00e3-Bretanha ou se essas rainhas s\u00e3o simplesmente mais suscet\u00edveis ao v\u00edrus.<\/span><\/p>\n","protected":false},"excerpt":{"rendered":"<p>Alarme sobre a morte de abelhas por doen\u00e7a viral que se espalha rapidamente Fonte: &lt;https:\/\/www.theguardian.com\/environment\/2020\/may\/01\/alarm-over-deaths-of-bees-from-rapidly-spreading-viral-disease&gt; Pesquisadores estudam se nova cepa do v\u00edrus da paralisia cr\u00f4nica de abelhas \u00e9 respons\u00e1vel Uma [&hellip;]<\/p>\n","protected":false},"author":20,"featured_media":0,"parent":3535,"menu_order":0,"comment_status":"open","ping_status":"open","template":"","meta":{"pmpro_default_level":"","_price":"","_stock":"","_tribe_ticket_header":"","_tribe_default_ticket_provider":"","_tribe_ticket_capacity":"0","_ticket_start_date":"","_ticket_end_date":"","_tribe_ticket_show_description":"","_tribe_ticket_show_not_going":false,"_tribe_ticket_use_global_stock":"","_tribe_ticket_global_stock_level":"","_global_stock_mode":"","_global_stock_cap":"","_tribe_rsvp_for_event":"","_tribe_ticket_going_count":"","_tribe_ticket_not_going_count":"","_tribe_tickets_list":"[]","_tribe_ticket_has_attendee_info_fields":false,"cybocfi_hide_featured_image":"","footnotes":""},"class_list":["post-3613","page","type-page","status-publish","hentry","pmpro-has-access"],"_links":{"self":[{"href":"https:\/\/apacame.org.br\/site\/wp-json\/wp\/v2\/pages\/3613"}],"collection":[{"href":"https:\/\/apacame.org.br\/site\/wp-json\/wp\/v2\/pages"}],"about":[{"href":"https:\/\/apacame.org.br\/site\/wp-json\/wp\/v2\/types\/page"}],"author":[{"embeddable":true,"href":"https:\/\/apacame.org.br\/site\/wp-json\/wp\/v2\/users\/20"}],"replies":[{"embeddable":true,"href":"https:\/\/apacame.org.br\/site\/wp-json\/wp\/v2\/comments?post=3613"}],"version-history":[{"count":2,"href":"https:\/\/apacame.org.br\/site\/wp-json\/wp\/v2\/pages\/3613\/revisions"}],"predecessor-version":[{"id":3616,"href":"https:\/\/apacame.org.br\/site\/wp-json\/wp\/v2\/pages\/3613\/revisions\/3616"}],"up":[{"embeddable":true,"href":"https:\/\/apacame.org.br\/site\/wp-json\/wp\/v2\/pages\/3535"}],"wp:attachment":[{"href":"https:\/\/apacame.org.br\/site\/wp-json\/wp\/v2\/media?parent=3613"}],"curies":[{"name":"wp","href":"https:\/\/api.w.org\/{rel}","templated":true}]}}