{"id":3608,"date":"2020-08-19T20:49:17","date_gmt":"2020-08-19T20:49:17","guid":{"rendered":"http:\/\/apacame.org.br\/site\/?page_id=3608"},"modified":"2020-08-19T20:49:17","modified_gmt":"2020-08-19T20:49:17","slug":"noticia-3","status":"publish","type":"page","link":"https:\/\/apacame.org.br\/site\/revista\/mensagem-doce-n-157-julho-de-2020\/noticia-3\/","title":{"rendered":"Not\u00edcia"},"content":{"rendered":"<h1 style=\"text-align: center;\">Com recomenda\u00e7\u00f5es t\u00e9cnicas do Senar, apicultores de MS celebram \u201csaltos\u201d na produ\u00e7\u00e3o de mel<\/h1>\n<blockquote><p>Fonte: Leandro Abreu Assessoria de Comunica\u00e7\u00e3o do Sistema Famasul<\/p><\/blockquote>\n<p><span style=\"font-size: large;\">Produtora de Tr\u00eas Lagoas passou de 38 kg por colmeia para 350 kg ap\u00f3s suporte t\u00e9cnico<\/span><\/p>\n<p><span style=\"font-size: large;\">Com o aux\u00edlio e as recomenda\u00e7\u00f5es da ATeG (Assist\u00eancia T\u00e9cnica e Gerencial), apicultores de diversos munic\u00edpios de Mato Grosso do Sul t\u00eam melhorado o manejo das abelhas e celebrado o aumento na produ\u00e7\u00e3o de mel. Conquistas como as dos produtores Kelya Fagundes, de Tr\u00eas Lagoas, e Dolossandro dos Santos, de Bela Vista, s\u00e3o t\u00e3o inspiradoras que se tornaram os cases de sucesso da s\u00e9rie \u201cSenar\/MS Transformando Vidas\u201d desta semana.<a href=\"https:\/\/apacame.org.br\/site\/wp-content\/uploads\/2020\/08\/Figura-Recomendacao-senar.jpg\"><img fetchpriority=\"high\" decoding=\"async\" class=\"alignright size-medium wp-image-3609\" src=\"https:\/\/apacame.org.br\/site\/wp-content\/uploads\/2020\/08\/Figura-Recomendacao-senar-300x228.jpg\" alt=\"Figura-Recomendacao-senar\" width=\"300\" height=\"228\" srcset=\"https:\/\/apacame.org.br\/site\/wp-content\/uploads\/2020\/08\/Figura-Recomendacao-senar-300x228.jpg 300w, https:\/\/apacame.org.br\/site\/wp-content\/uploads\/2020\/08\/Figura-Recomendacao-senar-1024x779.jpg 1024w, https:\/\/apacame.org.br\/site\/wp-content\/uploads\/2020\/08\/Figura-Recomendacao-senar-150x114.jpg 150w, https:\/\/apacame.org.br\/site\/wp-content\/uploads\/2020\/08\/Figura-Recomendacao-senar-500x380.jpg 500w, https:\/\/apacame.org.br\/site\/wp-content\/uploads\/2020\/08\/Figura-Recomendacao-senar.jpg 1121w\" sizes=\"(max-width: 300px) 100vw, 300px\" \/><\/a><\/span><\/p>\n<p><span style=\"font-size: large;\">\u201cDesde crian\u00e7a meu sonho era ser apicultora, inspirada no meu padrinho. Em 2018, fiz o curso \u2018Neg\u00f3cio Certo Rural\u2019, do Senar\/MS, nesta \u00e1rea. Vi que era vi\u00e1vel e entrei para o grupo de assist\u00eancia t\u00e9cnica, o que foi fundamental para o desenvolvimento das minhas colmeias\u201d, comenta Kelya.<\/span><\/p>\n<p><span style=\"font-size: large;\">Com aux\u00edlio da assist\u00eancia t\u00e9cnica desde o in\u00edcio, a produ\u00e7\u00e3o de Kelya deu um salto, sendo na primeira colheita 38 quilos de mel, e posteriormente 350 quilos de mel com 10 colmeias.\u00a0\u201cAs expectativas para as pr\u00f3ximas semanas s\u00e3o excelentes. Tudo devido ao manejo correto e bem-estar animal, seguindo orienta\u00e7\u00f5es dos t\u00e9cnicos de campo da ATeG Apicultura.<\/span><\/p>\n<p><span style=\"font-size: large;\">\u201cAs colmeias est\u00e3o saud\u00e1veis e produzindo muito bem. S\u00f3 tenho a agradecer ao Senar\/MS e \u00e0 assist\u00eancia t\u00e9cnica por realizar um sonho. O resultado n\u00e3o poderia ser melhor. Estamos com boa produ\u00e7\u00e3o de mel, totalmente org\u00e2nica e saud\u00e1vel\u201d, completa.<\/span><\/p>\n<p><span style=\"font-size: large;\">No munic\u00edpio de Bela Vista a hist\u00f3ria n\u00e3o \u00e9 diferente. O apicultor Dolossandro dos Santos tamb\u00e9m conseguiu aumentar sua produ\u00e7\u00e3o de mel ap\u00f3s iniciar as atividades junto ao Senar\/MS.<\/span><\/p>\n<p><span style=\"font-size: large;\">\u201cAntes, produz\u00edamos em m\u00e9dia 15 quilos de mel por colmeia. Com orienta\u00e7\u00f5es e recomenda\u00e7\u00f5es t\u00e9cnicas, h\u00e1 um ano, come\u00e7amos a produzir at\u00e9 60 quilos de mel por colmeia\u201d, relata.<\/span><\/p>\n<p><span style=\"font-size: large;\">Por conta dessa grande diferen\u00e7a, que tamb\u00e9m resultou no aumento do faturamento da propriedade rural, Dolossandro refor\u00e7a a import\u00e2ncia da Assist\u00eancia T\u00e9cnica e Gerencial do Senar\/MS em seu neg\u00f3cio.<\/span><\/p>\n<p><span style=\"font-size: large;\">\u201cEspero continuar com essa assist\u00eancia, porque temos s\u00f3 a ganhar. Assim, vamos produzir cada vez mais e melhores alimentos para a mesa dos brasileiros\u201d, finaliza.<\/span><\/p>\n","protected":false},"excerpt":{"rendered":"<p>Com recomenda\u00e7\u00f5es t\u00e9cnicas do Senar, apicultores de MS celebram \u201csaltos\u201d na produ\u00e7\u00e3o de mel Fonte: Leandro Abreu Assessoria de Comunica\u00e7\u00e3o do Sistema Famasul Produtora de Tr\u00eas Lagoas passou de 38 [&hellip;]<\/p>\n","protected":false},"author":20,"featured_media":0,"parent":3535,"menu_order":0,"comment_status":"open","ping_status":"open","template":"","meta":{"pmpro_default_level":"","_price":"","_stock":"","_tribe_ticket_header":"","_tribe_default_ticket_provider":"","_tribe_ticket_capacity":"0","_ticket_start_date":"","_ticket_end_date":"","_tribe_ticket_show_description":"","_tribe_ticket_show_not_going":false,"_tribe_ticket_use_global_stock":"","_tribe_ticket_global_stock_level":"","_global_stock_mode":"","_global_stock_cap":"","_tribe_rsvp_for_event":"","_tribe_ticket_going_count":"","_tribe_ticket_not_going_count":"","_tribe_tickets_list":"[]","_tribe_ticket_has_attendee_info_fields":false,"cybocfi_hide_featured_image":"","footnotes":""},"class_list":["post-3608","page","type-page","status-publish","hentry","pmpro-has-access"],"_links":{"self":[{"href":"https:\/\/apacame.org.br\/site\/wp-json\/wp\/v2\/pages\/3608"}],"collection":[{"href":"https:\/\/apacame.org.br\/site\/wp-json\/wp\/v2\/pages"}],"about":[{"href":"https:\/\/apacame.org.br\/site\/wp-json\/wp\/v2\/types\/page"}],"author":[{"embeddable":true,"href":"https:\/\/apacame.org.br\/site\/wp-json\/wp\/v2\/users\/20"}],"replies":[{"embeddable":true,"href":"https:\/\/apacame.org.br\/site\/wp-json\/wp\/v2\/comments?post=3608"}],"version-history":[{"count":2,"href":"https:\/\/apacame.org.br\/site\/wp-json\/wp\/v2\/pages\/3608\/revisions"}],"predecessor-version":[{"id":3611,"href":"https:\/\/apacame.org.br\/site\/wp-json\/wp\/v2\/pages\/3608\/revisions\/3611"}],"up":[{"embeddable":true,"href":"https:\/\/apacame.org.br\/site\/wp-json\/wp\/v2\/pages\/3535"}],"wp:attachment":[{"href":"https:\/\/apacame.org.br\/site\/wp-json\/wp\/v2\/media?parent=3608"}],"curies":[{"name":"wp","href":"https:\/\/api.w.org\/{rel}","templated":true}]}}