{"id":3584,"date":"2020-08-19T19:52:30","date_gmt":"2020-08-19T19:52:30","guid":{"rendered":"http:\/\/apacame.org.br\/site\/?page_id=3584"},"modified":"2020-08-19T20:17:37","modified_gmt":"2020-08-19T20:17:37","slug":"artigo-4","status":"publish","type":"page","link":"https:\/\/apacame.org.br\/site\/revista\/mensagem-doce-n-157-julho-de-2020\/artigo-4\/","title":{"rendered":"Artigo"},"content":{"rendered":"<h1 style=\"text-align: center;\">COMO UMA ABELHA V\u00ca<\/h1>\n<blockquote><p>Fonte: Chiara Fei Veterin\u00e1ria de ecocolmena &lt;<a href=\"https:\/\/ecocolmena.com\/como-ve-una-abeja-el-aparato-visual-de-las-abejas\/\" target=\"_blank\" rel=\"noopener\">https:\/\/ecocolmena.com\/como-ve-una-abeja-el-aparato-visual-de-las-abejas\/<\/a>&gt;.<\/p><\/blockquote>\n<p><span style=\"font-size: large;\"><b>O aparato visual da Apis mellifera<\/b><\/span><\/p>\n<p><span style=\"font-size: large;\">As abelhas adaptam sua vis\u00e3o com base em seu voo ou na busca de alimentos e tr\u00eas olhos primitivos adicionais a ajudam a conhecer a hora solar. O fotografo Craig P. Burrows captou em fotografia como as abelhas veem as flores.<a href=\"https:\/\/apacame.org.br\/site\/wp-content\/uploads\/2020\/08\/figura1-Como-uma-Abelha.jpg\"><img decoding=\"async\" class=\"alignright size-medium wp-image-3586\" src=\"https:\/\/apacame.org.br\/site\/wp-content\/uploads\/2020\/08\/figura1-Como-uma-Abelha-300x144.jpg\" alt=\"figura1-Como-uma-Abelha\" width=\"300\" height=\"144\" srcset=\"https:\/\/apacame.org.br\/site\/wp-content\/uploads\/2020\/08\/figura1-Como-uma-Abelha-300x144.jpg 300w, https:\/\/apacame.org.br\/site\/wp-content\/uploads\/2020\/08\/figura1-Como-uma-Abelha-1024x490.jpg 1024w, https:\/\/apacame.org.br\/site\/wp-content\/uploads\/2020\/08\/figura1-Como-uma-Abelha-150x72.jpg 150w, https:\/\/apacame.org.br\/site\/wp-content\/uploads\/2020\/08\/figura1-Como-uma-Abelha-500x239.jpg 500w\" sizes=\"(max-width: 300px) 100vw, 300px\" \/><\/a><\/span><\/p>\n<p><span style=\"font-size: large;\"><b>Aparato visual<\/b><\/span><\/p>\n<p><span style=\"font-size: large;\">O aparato visual das abelhas \u00e9 composto por dois grandes olhos compostos localizados na posi\u00e7\u00e3o dorso-lateral da cabe\u00e7a e tr\u00eas pequenos ocelos (olhos pequenos) organizados em um tri\u00e2ngulo na frente da cabe\u00e7a.<\/span><\/p>\n<p><span style=\"font-size: large;\"><b>Olhos Compostos<\/b><\/span><\/p>\n<p><span style=\"font-size: large;\">Os olhos compostos s\u00e3o constitu\u00eddos por um conjunto de unidades \u00f3pticas simples, com cerca de 6000 unidades, chamadas omat\u00eddios1. Cada uma dessas unidades captura uma por\u00e7\u00e3o pequena e espec\u00edfica do campo visual que envia ao sistema nervoso, que processa e forma uma \u00fanica imagem. composto por milhares de pontos, como se fosse um mosaico. A imagem gerada n\u00e3o \u00e9 n\u00edtida, por isso as abelhas precisam se aproximar de uma dist\u00e2ncia de 5 cm de uma flor para distingui-la das plantas e folhas;\u00a0embora para este trabalho eles usem outros sentidos\u00a0<\/span><\/p>\n<p><span style=\"font-size: large;\"><b>Percep\u00e7\u00e3o de cores<\/b><\/span><\/p>\n<figure id=\"attachment_3587\" aria-describedby=\"caption-attachment-3587\" style=\"width: 300px\" class=\"wp-caption alignleft\"><a href=\"https:\/\/apacame.org.br\/site\/wp-content\/uploads\/2020\/08\/figura2-Como-uma-Abelha.jpg\"><img fetchpriority=\"high\" decoding=\"async\" class=\"size-medium wp-image-3587\" src=\"https:\/\/apacame.org.br\/site\/wp-content\/uploads\/2020\/08\/figura2-Como-uma-Abelha-300x191.jpg\" alt=\"Olhos compostos constitu\u00eddo por mais de 6.000 omat\u00eddios. Em biologia, omat\u00eddeos s\u00e3o unidades formadoras dos olhos compostos de um artr\u00f3pode.\" width=\"300\" height=\"191\" srcset=\"https:\/\/apacame.org.br\/site\/wp-content\/uploads\/2020\/08\/figura2-Como-uma-Abelha-300x191.jpg 300w, https:\/\/apacame.org.br\/site\/wp-content\/uploads\/2020\/08\/figura2-Como-uma-Abelha-1024x651.jpg 1024w, https:\/\/apacame.org.br\/site\/wp-content\/uploads\/2020\/08\/figura2-Como-uma-Abelha-150x95.jpg 150w, https:\/\/apacame.org.br\/site\/wp-content\/uploads\/2020\/08\/figura2-Como-uma-Abelha-500x318.jpg 500w, https:\/\/apacame.org.br\/site\/wp-content\/uploads\/2020\/08\/figura2-Como-uma-Abelha.jpg 1121w\" sizes=\"(max-width: 300px) 100vw, 300px\" \/><\/a><figcaption id=\"caption-attachment-3587\" class=\"wp-caption-text\">Olhos compostos constitu\u00eddo por mais de 6.000 omat\u00eddios. Em biologia, omat\u00eddeos s\u00e3o unidades formadoras dos olhos compostos de um artr\u00f3pode.<\/figcaption><\/figure>\n<p><span style=\"font-size: large;\">Outro fator importante \u00e9 a percep\u00e7\u00e3o das cores que est\u00e1 intimamente relacionada \u00e0 poliniza\u00e7\u00e3o das plantas com flores. As abelhas t\u00eam maior sensibilidade a comprimentos de onda mais curtas do espectro visual e menor sensibilidade a comprimentos de onda longas, isso significa que as abelhas percebem as cores do mundo que as rodeia de maneira muito diferente dos vertebrados.<\/span><\/p>\n<p><span style=\"font-size: large;\">As flores polinizadas por abelhas s\u00e3o geralmente azuis ou amarelas, nunca vermelhas. Essa caracter\u00edstica deve-se ao fato de que abelhas enxergam o ultravioleta, e n\u00e3o conseguem ver o vermelho.<\/span><\/p>\n<p><span style=\"font-size: large;\">As flores aproveitam essa sensibilidade visual das abelhas para seu pr\u00f3prio benef\u00edcio. Para os olhos humanos, as p\u00e9talas podem parecer uniformes em cores, mas possuem \u00e1reas que refletem a luz ultravioleta que guia as abelhas para a fonte de p\u00f3len, garantindo a poliniza\u00e7\u00e3o.<\/span><\/p>\n<p><span style=\"font-size: large;\">Diferente \u00e9 a situa\u00e7\u00e3o na percep\u00e7\u00e3o de comprimentos de onda longas que estimulam muito pouco os omat\u00eddios1, o que deriva que uma flor que aos olhos humanos possa parecer vermelha, uma abelha a perceber\u00e1 como preta.<\/span><\/p>\n<figure id=\"attachment_3588\" aria-describedby=\"caption-attachment-3588\" style=\"width: 300px\" class=\"wp-caption alignright\"><a href=\"https:\/\/apacame.org.br\/site\/wp-content\/uploads\/2020\/08\/figura3-Como-uma-Abelha.jpg\"><img decoding=\"async\" class=\"size-medium wp-image-3588\" src=\"https:\/\/apacame.org.br\/site\/wp-content\/uploads\/2020\/08\/figura3-Como-uma-Abelha-300x213.jpg\" alt=\"As abelhas possuem receptores de cores, permitindo que percebam cores que \u00e9 imposs\u00edvel para n\u00f3s experimentarmos ou at\u00e9 imaginar.\" width=\"300\" height=\"213\" srcset=\"https:\/\/apacame.org.br\/site\/wp-content\/uploads\/2020\/08\/figura3-Como-uma-Abelha-300x213.jpg 300w, https:\/\/apacame.org.br\/site\/wp-content\/uploads\/2020\/08\/figura3-Como-uma-Abelha-1024x725.jpg 1024w, https:\/\/apacame.org.br\/site\/wp-content\/uploads\/2020\/08\/figura3-Como-uma-Abelha-150x106.jpg 150w, https:\/\/apacame.org.br\/site\/wp-content\/uploads\/2020\/08\/figura3-Como-uma-Abelha-500x354.jpg 500w, https:\/\/apacame.org.br\/site\/wp-content\/uploads\/2020\/08\/figura3-Como-uma-Abelha.jpg 1125w\" sizes=\"(max-width: 300px) 100vw, 300px\" \/><\/a><figcaption id=\"caption-attachment-3588\" class=\"wp-caption-text\">As abelhas possuem receptores de cores, permitindo que percebam cores que \u00e9 imposs\u00edvel para n\u00f3s experimentarmos ou at\u00e9 imaginar.<\/figcaption><\/figure>\n<p><span style=\"font-size: large;\"><b>Velocidade<\/b><\/span><\/p>\n<p><span style=\"font-size: large;\">Para as abelhas, a percep\u00e7\u00e3o das cores tamb\u00e9m depende de outro fator, a velocidade do voo; quando est\u00e3o em alta velocidade, n\u00e3o percebem as cores; s\u00f3 s\u00e3o percebidas quando se aproximam e lentamente e d\u00e3o volta ao redor das flores.<\/span><\/p>\n<p><span style=\"font-size: large;\">Al\u00e9m disso, o objetivo do voo afeta a percep\u00e7\u00e3o das cores, quando as abelhas se movem em dire\u00e7\u00e3o a uma fonte de alimento, elas t\u00eam uma excelente capacidade de discriminar cores, porque o objetivo \u00e9 encontrar o p\u00f3len escondido nas flores mais chamativas.<\/span><\/p>\n<p><span style=\"font-size: large;\">Mas de volta para a colmeia com a ves\u00edcula Mel\u00edfera cheia, a vis\u00e3o das cores \u00e9 menos importante, neste caso elas prestam mais aten\u00e7\u00e3o a outros fatores, como superar obst\u00e1culos ou reconhecer os ambientes onde a percep\u00e7\u00e3o das cores se torna sup\u00e9rflua.<\/span><\/p>\n<p><span style=\"font-size: large;\"><b>Sensibilidade \u00d3tica<\/b> <\/span><\/p>\n<figure id=\"attachment_3589\" aria-describedby=\"caption-attachment-3589\" style=\"width: 300px\" class=\"wp-caption alignleft\"><a href=\"https:\/\/apacame.org.br\/site\/wp-content\/uploads\/2020\/08\/figura4-Como-uma-Abelha.jpg\"><img loading=\"lazy\" decoding=\"async\" class=\"size-medium wp-image-3589\" src=\"https:\/\/apacame.org.br\/site\/wp-content\/uploads\/2020\/08\/figura4-Como-uma-Abelha-300x200.jpg\" alt=\"O fot\u00f3grafo Craig P. Burrows capturou em fotografia como uma abelha v\u00ea.\" width=\"300\" height=\"200\" srcset=\"https:\/\/apacame.org.br\/site\/wp-content\/uploads\/2020\/08\/figura4-Como-uma-Abelha-300x200.jpg 300w, https:\/\/apacame.org.br\/site\/wp-content\/uploads\/2020\/08\/figura4-Como-uma-Abelha-1024x683.jpg 1024w, https:\/\/apacame.org.br\/site\/wp-content\/uploads\/2020\/08\/figura4-Como-uma-Abelha-150x100.jpg 150w, https:\/\/apacame.org.br\/site\/wp-content\/uploads\/2020\/08\/figura4-Como-uma-Abelha-500x333.jpg 500w, https:\/\/apacame.org.br\/site\/wp-content\/uploads\/2020\/08\/figura4-Como-uma-Abelha.jpg 1123w\" sizes=\"(max-width: 300px) 100vw, 300px\" \/><\/a><figcaption id=\"caption-attachment-3589\" class=\"wp-caption-text\">O fot\u00f3grafo Craig P. Burrows capturou em fotografia como uma abelha v\u00ea.<\/figcaption><\/figure>\n<p><span style=\"font-size: large;\">Al\u00e9m disso, as abelhas, como outros insetos, possuem alta sensibilidade \u00f3ptica ao movimento, ou seja, movimentos pequenos e r\u00e1pidos s\u00e3o percebidos de maneira clara e detalhada, como se fossem em c\u00e2mera lenta. Essa peculiaridade seja \u00fatil para identificar e seguir outras abelhas em movimento r\u00e1pido, como ocorre em voos nupciais ou quando enxameiam.<\/span><\/p>\n<p><span style=\"font-size: large;\">Tamb\u00e9m interceptam os movimentos r\u00e1pidos causados pelo vento nas flores menores ou menos coloridas que competem com as flores maiores e mais atraentes para serem polinizadas.<\/span><\/p>\n<p><span style=\"font-size: large;\"><b>Vis\u00e3o Polarizada<\/b><\/span><\/p>\n<p><span style=\"font-size: large;\">Os fotorreceptores (ocelos) n\u00e3o percebem imagens, mas apenas a intensidade da luz, incluindo a luz polarizada para que possam localizar o sol tamb\u00e9m em dias com condi\u00e7\u00f5es nubladas e por isso que eles s\u00e3o t\u00e3o importantes para sua orienta\u00e7\u00e3o.<\/span><\/p>\n<p><span style=\"font-size: large;\">As abelhas ao entardecer aproveitam essa percep\u00e7\u00e3o da intensidade da luz solar para estimar a hora do dia e calcular se t\u00eam tempo suficiente para percorrer a dist\u00e2ncia de volta \u00e0 sua col\u00f4nia.<\/span><\/p>\n<div id='gallery-1' class='gallery galleryid-3584 gallery-columns-3 gallery-size-medium'><figure class='gallery-item'>\n\t\t\t<div class='gallery-icon landscape'>\n\t\t\t\t<a href=\"https:\/\/apacame.org.br\/site\/wp-content\/uploads\/2020\/08\/figura5-Como-uma-Abelha.jpg\"><img loading=\"lazy\" decoding=\"async\" width=\"300\" height=\"205\" src=\"https:\/\/apacame.org.br\/site\/wp-content\/uploads\/2020\/08\/figura5-Como-uma-Abelha-300x205.jpg\" class=\"attachment-medium size-medium\" alt=\"\" aria-describedby=\"gallery-1-3590\" srcset=\"https:\/\/apacame.org.br\/site\/wp-content\/uploads\/2020\/08\/figura5-Como-uma-Abelha-300x205.jpg 300w, https:\/\/apacame.org.br\/site\/wp-content\/uploads\/2020\/08\/figura5-Como-uma-Abelha-1024x698.jpg 1024w, https:\/\/apacame.org.br\/site\/wp-content\/uploads\/2020\/08\/figura5-Como-uma-Abelha-150x102.jpg 150w, https:\/\/apacame.org.br\/site\/wp-content\/uploads\/2020\/08\/figura5-Como-uma-Abelha-500x341.jpg 500w, https:\/\/apacame.org.br\/site\/wp-content\/uploads\/2020\/08\/figura5-Como-uma-Abelha.jpg 1122w\" sizes=\"(max-width: 300px) 100vw, 300px\" \/><\/a>\n\t\t\t<\/div>\n\t\t\t\t<figcaption class='wp-caption-text gallery-caption' id='gallery-1-3590'>\n\t\t\t\tQuando uma abelha voa para o seu jardim, ela n\u00e3o v\u00ea o que vemos. As flores saltam brilham e t\u00eam faixas de aterrissagem com reflexos ultravioleta que mostram o caminho para o n\u00e9ctar.\n\t\t\t\t<\/figcaption><\/figure><figure class='gallery-item'>\n\t\t\t<div class='gallery-icon landscape'>\n\t\t\t\t<a href=\"https:\/\/apacame.org.br\/site\/wp-content\/uploads\/2020\/08\/figura6-Como-uma-Abelha.jpg\"><img loading=\"lazy\" decoding=\"async\" width=\"300\" height=\"203\" src=\"https:\/\/apacame.org.br\/site\/wp-content\/uploads\/2020\/08\/figura6-Como-uma-Abelha-300x203.jpg\" class=\"attachment-medium size-medium\" alt=\"\" aria-describedby=\"gallery-1-3591\" srcset=\"https:\/\/apacame.org.br\/site\/wp-content\/uploads\/2020\/08\/figura6-Como-uma-Abelha-300x203.jpg 300w, https:\/\/apacame.org.br\/site\/wp-content\/uploads\/2020\/08\/figura6-Como-uma-Abelha-1024x694.jpg 1024w, https:\/\/apacame.org.br\/site\/wp-content\/uploads\/2020\/08\/figura6-Como-uma-Abelha-150x102.jpg 150w, https:\/\/apacame.org.br\/site\/wp-content\/uploads\/2020\/08\/figura6-Como-uma-Abelha-500x339.jpg 500w, https:\/\/apacame.org.br\/site\/wp-content\/uploads\/2020\/08\/figura6-Como-uma-Abelha.jpg 1122w\" sizes=\"(max-width: 300px) 100vw, 300px\" \/><\/a>\n\t\t\t<\/div>\n\t\t\t\t<figcaption class='wp-caption-text gallery-caption' id='gallery-1-3591'>\n\t\t\t\tElas enxergam as flores como se fosse um mosaico composto por milhares de pontos.\n\t\t\t\t<\/figcaption><\/figure><figure class='gallery-item'>\n\t\t\t<div class='gallery-icon landscape'>\n\t\t\t\t<a href=\"https:\/\/apacame.org.br\/site\/wp-content\/uploads\/2020\/08\/figura7-Como-uma-Abelha.jpg\"><img loading=\"lazy\" decoding=\"async\" width=\"300\" height=\"285\" src=\"https:\/\/apacame.org.br\/site\/wp-content\/uploads\/2020\/08\/figura7-Como-uma-Abelha-300x285.jpg\" class=\"attachment-medium size-medium\" alt=\"\" aria-describedby=\"gallery-1-3592\" srcset=\"https:\/\/apacame.org.br\/site\/wp-content\/uploads\/2020\/08\/figura7-Como-uma-Abelha-300x285.jpg 300w, https:\/\/apacame.org.br\/site\/wp-content\/uploads\/2020\/08\/figura7-Como-uma-Abelha-1024x972.jpg 1024w, https:\/\/apacame.org.br\/site\/wp-content\/uploads\/2020\/08\/figura7-Como-uma-Abelha-150x142.jpg 150w, https:\/\/apacame.org.br\/site\/wp-content\/uploads\/2020\/08\/figura7-Como-uma-Abelha-500x475.jpg 500w, https:\/\/apacame.org.br\/site\/wp-content\/uploads\/2020\/08\/figura7-Como-uma-Abelha.jpg 1122w\" sizes=\"(max-width: 300px) 100vw, 300px\" \/><\/a>\n\t\t\t<\/div>\n\t\t\t\t<figcaption class='wp-caption-text gallery-caption' id='gallery-1-3592'>\n\t\t\t\tA percep\u00e7\u00e3o de cores muda segundo o objetivo e a velocidade de voo das abelhas\n\t\t\t\t<\/figcaption><\/figure>\n\t\t<\/div>\n\n<div id='gallery-2' class='gallery galleryid-3584 gallery-columns-2 gallery-size-large'><figure class='gallery-item'>\n\t\t\t<div class='gallery-icon landscape'>\n\t\t\t\t<a href=\"https:\/\/apacame.org.br\/site\/wp-content\/uploads\/2020\/08\/Quadro-Como-uma-Abelha.jpg\"><img loading=\"lazy\" decoding=\"async\" width=\"1024\" height=\"442\" src=\"https:\/\/apacame.org.br\/site\/wp-content\/uploads\/2020\/08\/Quadro-Como-uma-Abelha-1024x442.jpg\" class=\"attachment-large size-large\" alt=\"\" srcset=\"https:\/\/apacame.org.br\/site\/wp-content\/uploads\/2020\/08\/Quadro-Como-uma-Abelha-1024x442.jpg 1024w, https:\/\/apacame.org.br\/site\/wp-content\/uploads\/2020\/08\/Quadro-Como-uma-Abelha-300x130.jpg 300w, https:\/\/apacame.org.br\/site\/wp-content\/uploads\/2020\/08\/Quadro-Como-uma-Abelha-150x65.jpg 150w, https:\/\/apacame.org.br\/site\/wp-content\/uploads\/2020\/08\/Quadro-Como-uma-Abelha-500x216.jpg 500w, https:\/\/apacame.org.br\/site\/wp-content\/uploads\/2020\/08\/Quadro-Como-uma-Abelha.jpg 1237w\" sizes=\"(max-width: 1024px) 100vw, 1024px\" \/><\/a>\n\t\t\t<\/div><\/figure><figure class='gallery-item'>\n\t\t\t<div class='gallery-icon landscape'>\n\t\t\t\t<a href=\"https:\/\/apacame.org.br\/site\/wp-content\/uploads\/2020\/08\/Quadro2-Como-uma-Abelha.jpg\"><img loading=\"lazy\" decoding=\"async\" width=\"1024\" height=\"806\" src=\"https:\/\/apacame.org.br\/site\/wp-content\/uploads\/2020\/08\/Quadro2-Como-uma-Abelha-1024x806.jpg\" class=\"attachment-large size-large\" alt=\"\" srcset=\"https:\/\/apacame.org.br\/site\/wp-content\/uploads\/2020\/08\/Quadro2-Como-uma-Abelha-1024x806.jpg 1024w, https:\/\/apacame.org.br\/site\/wp-content\/uploads\/2020\/08\/Quadro2-Como-uma-Abelha-300x236.jpg 300w, https:\/\/apacame.org.br\/site\/wp-content\/uploads\/2020\/08\/Quadro2-Como-uma-Abelha-150x118.jpg 150w, https:\/\/apacame.org.br\/site\/wp-content\/uploads\/2020\/08\/Quadro2-Como-uma-Abelha-500x394.jpg 500w, https:\/\/apacame.org.br\/site\/wp-content\/uploads\/2020\/08\/Quadro2-Como-uma-Abelha.jpg 1242w\" sizes=\"(max-width: 1024px) 100vw, 1024px\" \/><\/a>\n\t\t\t<\/div><\/figure>\n\t\t<\/div>\n\n","protected":false},"excerpt":{"rendered":"<p>COMO UMA ABELHA V\u00ca Fonte: Chiara Fei Veterin\u00e1ria de ecocolmena &lt;https:\/\/ecocolmena.com\/como-ve-una-abeja-el-aparato-visual-de-las-abejas\/&gt;. O aparato visual da Apis mellifera As abelhas adaptam sua vis\u00e3o com base em seu voo ou na busca [&hellip;]<\/p>\n","protected":false},"author":20,"featured_media":0,"parent":3535,"menu_order":0,"comment_status":"open","ping_status":"open","template":"","meta":{"pmpro_default_level":"","_price":"","_stock":"","_tribe_ticket_header":"","_tribe_default_ticket_provider":"","_tribe_ticket_capacity":"0","_ticket_start_date":"","_ticket_end_date":"","_tribe_ticket_show_description":"","_tribe_ticket_show_not_going":false,"_tribe_ticket_use_global_stock":"","_tribe_ticket_global_stock_level":"","_global_stock_mode":"","_global_stock_cap":"","_tribe_rsvp_for_event":"","_tribe_ticket_going_count":"","_tribe_ticket_not_going_count":"","_tribe_tickets_list":"[]","_tribe_ticket_has_attendee_info_fields":false,"cybocfi_hide_featured_image":"","footnotes":""},"class_list":["post-3584","page","type-page","status-publish","hentry","pmpro-has-access"],"_links":{"self":[{"href":"https:\/\/apacame.org.br\/site\/wp-json\/wp\/v2\/pages\/3584"}],"collection":[{"href":"https:\/\/apacame.org.br\/site\/wp-json\/wp\/v2\/pages"}],"about":[{"href":"https:\/\/apacame.org.br\/site\/wp-json\/wp\/v2\/types\/page"}],"author":[{"embeddable":true,"href":"https:\/\/apacame.org.br\/site\/wp-json\/wp\/v2\/users\/20"}],"replies":[{"embeddable":true,"href":"https:\/\/apacame.org.br\/site\/wp-json\/wp\/v2\/comments?post=3584"}],"version-history":[{"count":3,"href":"https:\/\/apacame.org.br\/site\/wp-json\/wp\/v2\/pages\/3584\/revisions"}],"predecessor-version":[{"id":3595,"href":"https:\/\/apacame.org.br\/site\/wp-json\/wp\/v2\/pages\/3584\/revisions\/3595"}],"up":[{"embeddable":true,"href":"https:\/\/apacame.org.br\/site\/wp-json\/wp\/v2\/pages\/3535"}],"wp:attachment":[{"href":"https:\/\/apacame.org.br\/site\/wp-json\/wp\/v2\/media?parent=3584"}],"curies":[{"name":"wp","href":"https:\/\/api.w.org\/{rel}","templated":true}]}}