{"id":3572,"date":"2020-08-18T21:57:44","date_gmt":"2020-08-18T21:57:44","guid":{"rendered":"http:\/\/apacame.org.br\/site\/?page_id=3572"},"modified":"2020-08-18T22:00:41","modified_gmt":"2020-08-18T22:00:41","slug":"noticia","status":"publish","type":"page","link":"https:\/\/apacame.org.br\/site\/revista\/mensagem-doce-n-157-julho-de-2020\/noticia\/","title":{"rendered":"Not\u00edcia"},"content":{"rendered":"<h1 style=\"text-align: center;\">Pr\u00f3polis traz benef\u00edcios para tratamento de doen\u00e7a renal cr\u00f4nica<\/h1>\n<blockquote><p>Fonte: jornal USP por Caroline Aragaki<\/p><\/blockquote>\n<p><span style=\"font-size: large;\"><b>Subst\u00e2ncia, que funciona como um complemento, diminui marcador inflamat\u00f3rio e evita perda de prote\u00edna na urina<\/b><\/span><\/p>\n<figure id=\"attachment_3573\" aria-describedby=\"caption-attachment-3573\" style=\"width: 295px\" class=\"wp-caption alignleft\"><a href=\"https:\/\/apacame.org.br\/site\/wp-content\/uploads\/2020\/08\/figura-Propolis.jpg\"><img fetchpriority=\"high\" decoding=\"async\" class=\"size-medium wp-image-3573\" src=\"https:\/\/apacame.org.br\/site\/wp-content\/uploads\/2020\/08\/figura-Propolis-295x300.jpg\" alt=\"Abelhas produzindo pr\u00f3polis - Foto adobestock.\" width=\"295\" height=\"300\" srcset=\"https:\/\/apacame.org.br\/site\/wp-content\/uploads\/2020\/08\/figura-Propolis-295x300.jpg 295w, https:\/\/apacame.org.br\/site\/wp-content\/uploads\/2020\/08\/figura-Propolis-150x153.jpg 150w, https:\/\/apacame.org.br\/site\/wp-content\/uploads\/2020\/08\/figura-Propolis-491x500.jpg 491w, https:\/\/apacame.org.br\/site\/wp-content\/uploads\/2020\/08\/figura-Propolis.jpg 800w\" sizes=\"(max-width: 295px) 100vw, 295px\" \/><\/a><figcaption id=\"caption-attachment-3573\" class=\"wp-caption-text\">Abelhas produzindo pr\u00f3polis &#8211; Foto adobestock.<\/figcaption><\/figure>\n<p><span style=\"font-size: large;\">O extrato de pr\u00f3polis, subst\u00e2ncia extra\u00edda da resina da abelha, possui propriedades anti-inflamat\u00f3ria, imunomoduladora, antic\u00e2ncer e antioxidante, bem como demonstrou ter efeito antiprotein\u00farico em modelo experimental de doen\u00e7a renal cr\u00f4nica. Estudo cl\u00ednico buscou avaliar as propriedades da subst\u00e2ncia no tratamento da doen\u00e7a. No Brasil, 120 mil brasileiros fazem hemodi\u00e1lise e o pr\u00f3polis pode ser um tratamento complementar para esses pacientes. O Jornal da USP conversou com Marcelo Augusto Duarte Silveira, nefrologista do Hospital das Cl\u00ednicas (HC) da Faculdade de Medicina (FM) da USP e participante do Grupo de Insufici\u00eancia Renal Aguda e Hemodi\u00e1lise.<\/span><\/p>\n<p><span style=\"font-size: large;\">A perda de prote\u00edna na urina e o aumento do mecanismo de inflama\u00e7\u00e3o s\u00e3o alguns dos marcadores de\u00a0progress\u00e3o da doen\u00e7a renal cr\u00f4nica. Ambos tiveram boa rela\u00e7\u00e3o com o pr\u00f3polis. \u201cAvaliamos 32 pacientes. Percebemos um resultado muito positivo, com redu\u00e7\u00e3o do marcador inflamat\u00f3rio e uma menor perda de prote\u00edna, evitando que 40% de prote\u00edna fosse perdida. No in\u00edcio eles perdiam cerca de 1.000mg\/dia. Ao final de 12 meses passaram a perder cerca de 600mg\/dia\u201d, conta Silveira.<\/span><\/p>\n<p><span style=\"font-size: large;\">A doen\u00e7a renal cr\u00f4nica tem como duas principais causas a diabete e a press\u00e3o alta, ent\u00e3o o paciente tem que tomar medicamentos para controlar ambas tamb\u00e9m. Assim, o pr\u00f3polis seria um tratamento coadjuvante, complementar, que \u201cage imunomodulando um fator de transcri\u00e7\u00e3o dentro do n\u00facleo da c\u00e9lula que produz localmente marcadores inflamat\u00f3rios. Ela age como uma via em que as outras medica\u00e7\u00f5es n\u00e3o agem\u201d, explica o m\u00e9dico.<\/span><\/p>\n<p><span style=\"font-size: large;\">A pesquisa, que teve in\u00edcio em 2015, utilizou o extrato de pr\u00f3polis verde como base de padroniza\u00e7\u00e3o. Este \u00e9 apenas um dos 13 tipos de pr\u00f3polis existentes no Brasil, que variam de acordo com o clima e mata da regi\u00e3o. O consumo da subst\u00e2ncia foi feito por meio de comprimidos, desenvolvidos a partir de uma parceria com a Apis Flora, de Ribeir\u00e3o Preto.<\/span><\/p>\n<p><span style=\"font-size: large;\">\u201cUm fato interessante \u00e9 que a abelha utiliza o pr\u00f3polis para proteger a colmeia, e nele n\u00e3o cresce fungo nem bact\u00e9ria\u201d, afirma o pesquisador. Ele complementa dizendo que se trata de uma subst\u00e2ncia milenar. \u201cNas guerras\u00a0greco-p\u00e9rsicas, era utilizada para tratar feridas de soldados. No s\u00e9culo\u00a0XVII,\u00a0j\u00e1 fazia parte de medicamento oficial em Londres. Ent\u00e3o \u00e9 algo bem antigo e utilizado por diversos povos ao redor do mundo, para diferentes finalidades.\u201d<\/span><\/p>\n","protected":false},"excerpt":{"rendered":"<p>Pr\u00f3polis traz benef\u00edcios para tratamento de doen\u00e7a renal cr\u00f4nica Fonte: jornal USP por Caroline Aragaki Subst\u00e2ncia, que funciona como um complemento, diminui marcador inflamat\u00f3rio e evita perda de prote\u00edna na [&hellip;]<\/p>\n","protected":false},"author":20,"featured_media":0,"parent":3535,"menu_order":0,"comment_status":"open","ping_status":"open","template":"","meta":{"pmpro_default_level":"","_price":"","_stock":"","_tribe_ticket_header":"","_tribe_default_ticket_provider":"","_tribe_ticket_capacity":"0","_ticket_start_date":"","_ticket_end_date":"","_tribe_ticket_show_description":"","_tribe_ticket_show_not_going":false,"_tribe_ticket_use_global_stock":"","_tribe_ticket_global_stock_level":"","_global_stock_mode":"","_global_stock_cap":"","_tribe_rsvp_for_event":"","_tribe_ticket_going_count":"","_tribe_ticket_not_going_count":"","_tribe_tickets_list":"[]","_tribe_ticket_has_attendee_info_fields":false,"cybocfi_hide_featured_image":"","footnotes":""},"class_list":["post-3572","page","type-page","status-publish","hentry","pmpro-has-access"],"_links":{"self":[{"href":"https:\/\/apacame.org.br\/site\/wp-json\/wp\/v2\/pages\/3572"}],"collection":[{"href":"https:\/\/apacame.org.br\/site\/wp-json\/wp\/v2\/pages"}],"about":[{"href":"https:\/\/apacame.org.br\/site\/wp-json\/wp\/v2\/types\/page"}],"author":[{"embeddable":true,"href":"https:\/\/apacame.org.br\/site\/wp-json\/wp\/v2\/users\/20"}],"replies":[{"embeddable":true,"href":"https:\/\/apacame.org.br\/site\/wp-json\/wp\/v2\/comments?post=3572"}],"version-history":[{"count":3,"href":"https:\/\/apacame.org.br\/site\/wp-json\/wp\/v2\/pages\/3572\/revisions"}],"predecessor-version":[{"id":3575,"href":"https:\/\/apacame.org.br\/site\/wp-json\/wp\/v2\/pages\/3572\/revisions\/3575"}],"up":[{"embeddable":true,"href":"https:\/\/apacame.org.br\/site\/wp-json\/wp\/v2\/pages\/3535"}],"wp:attachment":[{"href":"https:\/\/apacame.org.br\/site\/wp-json\/wp\/v2\/media?parent=3572"}],"curies":[{"name":"wp","href":"https:\/\/api.w.org\/{rel}","templated":true}]}}