{"id":3542,"date":"2020-08-17T20:59:35","date_gmt":"2020-08-17T20:59:35","guid":{"rendered":"http:\/\/apacame.org.br\/site\/?page_id=3542"},"modified":"2020-08-17T20:59:35","modified_gmt":"2020-08-17T20:59:35","slug":"editorial","status":"publish","type":"page","link":"https:\/\/apacame.org.br\/site\/revista\/mensagem-doce-n-157-julho-de-2020\/editorial\/","title":{"rendered":"Editorial"},"content":{"rendered":"<h1 style=\"text-align: center;\">Sobre crises e oportunidades<\/h1>\n<p><span style=\"font-size: large;\">Desde o in\u00edcio da pandemia de coronav\u00edrus, tivemos que nos adaptar \u00e0 nova realidade. A diretoria rec\u00e9m-eleita da APACAME ainda n\u00e3o pode se reunir pessoalmente, as plen\u00e1rias e os cursos foram suspensos, a loja tem funcionado apenas parcialmente, sem contar todas mudan\u00e7as de comportamento a que todos n\u00f3s estamos sujeitos. Com tantas atividades paralisadas, nosso trabalho junto aos associados tamb\u00e9m ficou prejudicado, mas o importante \u00e9 que cada um fa\u00e7a sua parte para o v\u00edrus n\u00e3o se espalhar e que todos sigam protegidos at\u00e9 que a situa\u00e7\u00e3o esteja sob controle.<\/span><\/p>\n<p><span style=\"font-size: large;\">Assim que poss\u00edvel, voltaremos assessorar nossos associados como sempre. Temos novos projetos e novas ideias para fortalecer ainda mais a APACAME e contribuir para a melhoria do setor ap\u00edcola em nosso Pa\u00eds.<\/span><\/p>\n<p><span style=\"font-size: large;\">Nesta edi\u00e7\u00e3o, trazemos uma reportagem da ABEMEL com um panorama da apicultura, esclarecendo como o mercado de exporta\u00e7\u00e3o tamb\u00e9m regula os pre\u00e7os do mercado interno, e quantas oportunidades ainda h\u00e1 para serem exploradas, quanto espa\u00e7o h\u00e1 para crescermos, principalmente se cada apicultor assumir o papel de divulgar seu produto.<\/span><\/p>\n<p><span style=\"font-size: large;\">Se ganharmos a confian\u00e7a dos consumidores com mel de qualidade, logo o mundo todo vai querer comprar nosso produto, que \u00e9 especial pela diversidade de florada que s\u00f3 temos no Brasil.<\/span><\/p>\n<p><span style=\"font-size: large;\">Vale tamb\u00e9m destacar o nosso pr\u00f3polis, nosso orgulho, t\u00e3o bem aceita na maioria dos pa\u00edses.<\/span><\/p>\n<p><span style=\"font-size: large;\">Precisamos reconhecer e aproveitar melhor nosso potencial. Como a forte preocupa\u00e7\u00e3o do momento \u00e9 sa\u00fade, essa \u00e9 a hora de fazer uma grande divulga\u00e7\u00e3o dos produtos das abelhas e seus benef\u00edcios.<\/span><\/p>\n<p><span style=\"font-size: large;\">Espero que esta edi\u00e7\u00e3o inspire o trabalho de todos os apicultores.<\/span><\/p>\n<p><span style=\"font-size: large;\">Boa leitura! <\/span><\/p>\n<p><span style=\"font-size: large;\"> \u2018\u2019Uma associa\u00e7\u00e3o se faz com associados, e que as abelhas sejam motivos de reuni\u00e3o e uni\u00e3o entre os homens.\u2019\u2019 <\/span><\/p>\n<p><span style=\"font-size: large;\"><i><b>Eloi Viana da Silva  &#8211; Presidente da APACAME<\/b><\/i><\/span><\/p>\n","protected":false},"excerpt":{"rendered":"<p>Sobre crises e oportunidades Desde o in\u00edcio da pandemia de coronav\u00edrus, tivemos que nos adaptar \u00e0 nova realidade. A diretoria rec\u00e9m-eleita da APACAME ainda n\u00e3o pode se reunir pessoalmente, as [&hellip;]<\/p>\n","protected":false},"author":20,"featured_media":0,"parent":3535,"menu_order":0,"comment_status":"open","ping_status":"open","template":"","meta":{"pmpro_default_level":"","_price":"","_stock":"","_tribe_ticket_header":"","_tribe_default_ticket_provider":"","_tribe_ticket_capacity":"0","_ticket_start_date":"","_ticket_end_date":"","_tribe_ticket_show_description":"","_tribe_ticket_show_not_going":false,"_tribe_ticket_use_global_stock":"","_tribe_ticket_global_stock_level":"","_global_stock_mode":"","_global_stock_cap":"","_tribe_rsvp_for_event":"","_tribe_ticket_going_count":"","_tribe_ticket_not_going_count":"","_tribe_tickets_list":"[]","_tribe_ticket_has_attendee_info_fields":false,"cybocfi_hide_featured_image":"","footnotes":""},"class_list":["post-3542","page","type-page","status-publish","hentry","pmpro-has-access"],"_links":{"self":[{"href":"https:\/\/apacame.org.br\/site\/wp-json\/wp\/v2\/pages\/3542"}],"collection":[{"href":"https:\/\/apacame.org.br\/site\/wp-json\/wp\/v2\/pages"}],"about":[{"href":"https:\/\/apacame.org.br\/site\/wp-json\/wp\/v2\/types\/page"}],"author":[{"embeddable":true,"href":"https:\/\/apacame.org.br\/site\/wp-json\/wp\/v2\/users\/20"}],"replies":[{"embeddable":true,"href":"https:\/\/apacame.org.br\/site\/wp-json\/wp\/v2\/comments?post=3542"}],"version-history":[{"count":1,"href":"https:\/\/apacame.org.br\/site\/wp-json\/wp\/v2\/pages\/3542\/revisions"}],"predecessor-version":[{"id":3543,"href":"https:\/\/apacame.org.br\/site\/wp-json\/wp\/v2\/pages\/3542\/revisions\/3543"}],"up":[{"embeddable":true,"href":"https:\/\/apacame.org.br\/site\/wp-json\/wp\/v2\/pages\/3535"}],"wp:attachment":[{"href":"https:\/\/apacame.org.br\/site\/wp-json\/wp\/v2\/media?parent=3542"}],"curies":[{"name":"wp","href":"https:\/\/api.w.org\/{rel}","templated":true}]}}