{"id":3493,"date":"2020-06-16T20:26:19","date_gmt":"2020-06-16T20:26:19","guid":{"rendered":"http:\/\/apacame.org.br\/site\/?page_id=3493"},"modified":"2020-06-16T20:26:19","modified_gmt":"2020-06-16T20:26:19","slug":"artigo-9","status":"publish","type":"page","link":"https:\/\/apacame.org.br\/site\/revista\/mensagem-doce-n-156-maio-de-2020\/artigo-9\/","title":{"rendered":"Artigo"},"content":{"rendered":"<h1 style=\"text-align: center;\">De cor clara e sabor suave, Mel de Ortigueira se destaca no mercado<\/h1>\n<blockquote><p>Fonte: Ag\u00eancia Sebrae<\/p><\/blockquote>\n<figure id=\"attachment_3494\" aria-describedby=\"caption-attachment-3494\" style=\"width: 300px\" class=\"wp-caption alignright\"><a href=\"https:\/\/apacame.org.br\/site\/wp-content\/uploads\/2020\/06\/Figura_1_Cor.jpg\"><img fetchpriority=\"high\" decoding=\"async\" class=\"size-medium wp-image-3494\" src=\"https:\/\/apacame.org.br\/site\/wp-content\/uploads\/2020\/06\/Figura_1_Cor-300x209.jpg\" alt=\"Abelha pousa na flor de assa-peixe, planta nativa da regi\u00e3o, que concede caracter\u00edsticas \u00fanicas ao mel produzido. Foto: Divulga\u00e7\u00e3o\" width=\"300\" height=\"209\" srcset=\"https:\/\/apacame.org.br\/site\/wp-content\/uploads\/2020\/06\/Figura_1_Cor-300x209.jpg 300w, https:\/\/apacame.org.br\/site\/wp-content\/uploads\/2020\/06\/Figura_1_Cor-150x105.jpg 150w, https:\/\/apacame.org.br\/site\/wp-content\/uploads\/2020\/06\/Figura_1_Cor.jpg 350w\" sizes=\"(max-width: 300px) 100vw, 300px\" \/><\/a><figcaption id=\"caption-attachment-3494\" class=\"wp-caption-text\">Abelha pousa na flor de assa-peixe, planta nativa da regi\u00e3o, que concede<br \/>caracter\u00edsticas \u00fanicas ao mel produzido. Foto: Divulga\u00e7\u00e3o<\/figcaption><\/figure>\n<p><span style=\"font-size: large;\">As caracter\u00edsticas \u00fanicas do produto s\u00e3o consequ\u00eancia, principalmente, das flores de capixingui e de assa-peixe (arbusto nativo), plantas t\u00edpicas das pastagens ap\u00edcolas da regi\u00e3o, que servem como fonte de p\u00f3len para as abelhas<\/span><\/p>\n<p><span style=\"font-size: large;\">O mel produzido em Ortigueira, na regi\u00e3o central do Estado do Paran\u00e1, foi o primeiro produto paranaense a receber o registro de Denomina\u00e7\u00e3o de Origem (DO), em 2015. A concess\u00e3o reconhece que as caracter\u00edsticas f\u00edsico-qu\u00edmicas do produto decorrem das condi\u00e7\u00f5es bot\u00e2nicas da regi\u00e3o, sendo diferenciado do mel produzido nos arredores.<\/span><\/p>\n<p><span style=\"font-size: large;\">O produto apresenta propriedades espec\u00edficas e \u00fanicas, qualidade comprovada e atributos como a colora\u00e7\u00e3o clara e o sabor suave, caracter\u00edsticas asseguradas principalmente pelas flores de capixingui (\u00e1rvore nativa) e de assa-peixe (arbusto nativo), comuns nas pastagens ap\u00edcolas da regi\u00e3o.<\/span><\/p>\n<p><span style=\"font-size: large;\">A Indica\u00e7\u00e3o Geogr\u00e1fica (IG), na esp\u00e9cie Denomina\u00e7\u00e3o de Origem (DO), para Ortigueira, foi conferida pelo Instituto Nacional de Propriedade Industrial (INPI). A conquista foi decorrente do Projeto Mel do Munic\u00edpio de Ortigueira, iniciativa apoiada pelo Sebrae\/PR e parceiros, como a Associa\u00e7\u00e3o dos Produtores Ortigueirenses de Mel (Apomel), Instituto Paranaense de Assist\u00eancia T\u00e9cnica e Extens\u00e3o Rural (Emater), Instituto Agron\u00f4mico do Paran\u00e1 (Iapar), Universidade Tecnol\u00f3gica Federal do Paran\u00e1 (UTFPR) e Prefeitura de Ortigueira, por meio da Secretaria Municipal de Agricultura.<\/span><\/p>\n<p><span style=\"font-size: large;\">O registro foi parte da estrat\u00e9gia do Sebrae\/PR para o setor do agroneg\u00f3cio, com foco em produtos de diferencia\u00e7\u00e3o pela qualidade e tipicidade.\u201cEm 2009, quando a proposta come\u00e7ou a ser desenvolvida em Ortigueira, as a\u00e7\u00f5es eram mais focadas na qualifica\u00e7\u00e3o dos apicultores. O desafio era melhorar o processo de fabrica\u00e7\u00e3o e extra\u00e7\u00e3o do mel\u201d, relembra o consultor do Sebrae\/PR, Fabr\u00edcio Bianchi.<\/span><\/p>\n<p><span style=\"font-size: large;\"><b>O processo de an\u00e1lise<\/b><\/span><\/p>\n<figure id=\"attachment_3495\" aria-describedby=\"caption-attachment-3495\" style=\"width: 300px\" class=\"wp-caption alignleft\"><a href=\"https:\/\/apacame.org.br\/site\/wp-content\/uploads\/2020\/06\/Figura_2_Cor.jpg\"><img decoding=\"async\" class=\"size-medium wp-image-3495\" src=\"https:\/\/apacame.org.br\/site\/wp-content\/uploads\/2020\/06\/Figura_2_Cor-300x211.jpg\" alt=\"Selo de Denomina\u00e7\u00e3o de Origem do Mel de Ortigueira. Imagem: Reprodu\u00e7\u00e3o\" width=\"300\" height=\"211\" srcset=\"https:\/\/apacame.org.br\/site\/wp-content\/uploads\/2020\/06\/Figura_2_Cor-300x211.jpg 300w, https:\/\/apacame.org.br\/site\/wp-content\/uploads\/2020\/06\/Figura_2_Cor-150x105.jpg 150w, https:\/\/apacame.org.br\/site\/wp-content\/uploads\/2020\/06\/Figura_2_Cor.jpg 350w\" sizes=\"(max-width: 300px) 100vw, 300px\" \/><\/a><figcaption id=\"caption-attachment-3495\" class=\"wp-caption-text\">Selo de Denomina\u00e7\u00e3o de Origem do Mel de Ortigueira. Imagem: Reprodu\u00e7\u00e3o<\/figcaption><\/figure>\n<p><span style=\"font-size: large;\">Posteriormente, foram realizadas an\u00e1lises da produ\u00e7\u00e3o do mel em Ortigueira, no per\u00edodo de 2009 a 2011, para que o processo de produ\u00e7\u00e3o pudesse ser melhor compreendido, j\u00e1 visando ao pedido junto ao INPI, que inicialmente, era\u00a0para esp\u00e9cie Indica\u00e7\u00e3o de Proced\u00eancia (IP).<\/span><\/p>\n<p><span style=\"font-size: large;\">\u201cComo j\u00e1 tinha sido realizada a an\u00e1lise microbiol\u00f3gica, fisioqu\u00edmica e sensorial do mel, fomos instru\u00eddos a buscar o registro de Denomina\u00e7\u00e3o de Origem. Fizemos o pedido junto ao INPI em maio de 2013 e, um ano ap\u00f3s, foram feitas algumas exig\u00eancias pelo Instituto, que inclu\u00edam a apresenta\u00e7\u00e3o de novos documentos e alguns novos detalhamentos. Todas as exig\u00eancias foram cumpridas e, recentemente, foi conquistado o registro que garante a origem do mel e onde ele \u00e9 produzido\u201d, comemora Fabr\u00edcio Bianchi.<\/span><\/p>\n<p><span style=\"font-size: large;\"><b>Bom para os produtores<\/b><\/span><\/p>\n<p><span style=\"font-size: large;\">Segundo o consultor do Sebrae\/PR, o registro beneficia 45 apicultores de Ortigueira, respons\u00e1veis por aproximadamente 90% da produ\u00e7\u00e3o local.<\/span><\/p>\n<p><span style=\"font-size: large;\">\u201cO processo de identifica\u00e7\u00e3o geogr\u00e1fica visa n\u00e3o somente \u00e0 obten\u00e7\u00e3o de um selo. Ele mexe com toda a organiza\u00e7\u00e3o da cadeia produtiva, \u00e9 um processo de converg\u00eancia de interesses e de muitas conversas. A partir de agora, o desafio continua sendo grande, pois \u00e9 necess\u00e1rio que o registro seja resguardado como outras Denomina\u00e7\u00f5es de Origem que existem no Pa\u00eds\u201d, afirma Fabr\u00edcio Bianchi, que esteve \u00e0 frente do Projeto Mel do Munic\u00edpio de Ortigueira.<\/span><\/p>\n<p><span style=\"font-size: large;\">Em 2015, o Projeto foi assumido pelo consultor do Sebrae\/PR, Fernando Pizani, ent\u00e3o gestor regional de agroneg\u00f3cio.\u00a0O trabalho, segundo ele, depois da conquista do selo ficou focado na comercializa\u00e7\u00e3o do mel, que \u00e9 o maior desafio para os apicultores do munic\u00edpio, considerado o maior produtor de mel do Pa\u00eds.<\/span><\/p>\n<p><span style=\"font-size: large;\">\u201cA ideia \u00e9 processar e envasar o produto por meio da Unidade de Beneficiamento de Mel, que foi constru\u00edda pela Apomel, para que o produto receba o selo no r\u00f3tulo e ganhe mais valor no mercado\u201d, explica o consultor Fernando, ao refor\u00e7ar que o trabalho tamb\u00e9m se volta para o mercado internacional.<\/span><\/p>\n<p><span style=\"font-size: large;\">Segundo ele, parte da comercializa\u00e7\u00e3o do mel produzido em Ortigueira \u00e9 vendida para empresas que beneficiam o produto e o restante para pessoas que intermediam o processo de venda para empresas. \u201cNosso objetivo \u00e9 que o produto seja processado e envasado na Unidade de Beneficiamento do Mel, porque isso vai agregar mais valor ao produto.\u201d<\/span><\/p>\n<p><span style=\"font-size: large;\"><b>Diferencia\u00e7\u00e3o no mercado<\/b><\/span><\/p>\n<p><span style=\"font-size: large;\">Para o diretor de Opera\u00e7\u00f5es do Sebrae\/PR, Julio Cezar Agostini, o registro de Indica\u00e7\u00e3o Geogr\u00e1fica (IG), na esp\u00e9cie Denomina\u00e7\u00e3o de Origem (DO), para o mel de Ortigueira, atribui ao apicultor a diferencia\u00e7\u00e3o de mercado.<\/span><\/p>\n<p><span style=\"font-size: large;\">\u201cCada vez mais o produto ser\u00e1 conhecido e reconhecido pelo p\u00fablico consumidor pela sua qualidade e pelo seu diferencial de qualidade. Isso far\u00e1 com que os pequenos produtores tenham mais renda em longo prazo e, provavelmente, a produ\u00e7\u00e3o ser\u00e1 melhor remunerada no mercado\u201d, comenta Julio Agostini.<\/span><\/p>\n<p><span style=\"font-size: large;\"><b>Mais notoriedade<\/b><\/span><\/p>\n<p><span style=\"font-size: large;\">Para Andreia Claudino, coordenadora estadual de Agroneg\u00f3cios, Alimentos e Bebidas do Sebrae\/PR, a obten\u00e7\u00e3o do registro de Denomina\u00e7\u00e3o de Origem do Mel de Ortigueira posiciona o Paran\u00e1 como um importante \u2018ator\u2019, n\u00e3o somente em produ\u00e7\u00e3o, mas em hist\u00f3ria e notoriedade.<\/span><\/p>\n<p><span style=\"font-size: large;\">\u201cO registro demonstra que o Estado, na localidade de Ortigueira, tem um ambiente favor\u00e1vel para a produ\u00e7\u00e3o do mel, com caracter\u00edsticas genu\u00ednas. Isso faz com que tenhamos um posicionamento diferenciado na cadeia produtiva\u201d, explica.<\/span><\/p>\n<p><span style=\"font-size: large;\">O desafio, a partir da obten\u00e7\u00e3o do registro, conforme Andreia Claudino, \u00e9 focar as a\u00e7\u00f5es na \u00e1rea de marketing e no acesso ao mercado. \u201cA obten\u00e7\u00e3o de registros e certifica\u00e7\u00f5es s\u00e3o formas de agregar valor a determinados produtos. \u00c9 uma maneira de apoiar e promover os pequenos neg\u00f3cios rurais para que eles consigam ter diferencia\u00e7\u00e3o e acessar o mercado de maneira \u00fanica e particular\u201d, refor\u00e7a.<\/span><\/p>\n<p><span style=\"font-size: large;\"><b>Modalidades<\/b><\/span><\/p>\n<p><span style=\"font-size: large;\">O registro de IG permite delimitar uma \u00e1rea geogr\u00e1fica, restringindo o uso de seu nome aos produtores e prestadores de servi\u00e7os da regi\u00e3o, em geral, organizados em entidades representativas.<\/span><\/p>\n<p><span style=\"font-size: large;\">A esp\u00e9cie de IG chamada Denomina\u00e7\u00e3o de Origem reconhece o nome de um pa\u00eds, cidade ou regi\u00e3o cujo produto ou servi\u00e7o tem certas caracter\u00edsticas espec\u00edficas gra\u00e7as a seu meio geogr\u00e1fico, inclu\u00eddos fatores naturais e humanos.<\/span><\/p>\n<p><span style=\"font-size: large;\">J\u00e1 a esp\u00e9cie Indica\u00e7\u00e3o de Proced\u00eancia se refere ao nome de um pa\u00eds, cidade ou regi\u00e3o conhecido como centro de extra\u00e7\u00e3o, produ\u00e7\u00e3o ou fabrica\u00e7\u00e3o de determinado produto ou de presta\u00e7\u00e3o de determinado servi\u00e7o.<\/span><\/p>\n","protected":false},"excerpt":{"rendered":"<p>De cor clara e sabor suave, Mel de Ortigueira se destaca no mercado Fonte: Ag\u00eancia Sebrae As caracter\u00edsticas \u00fanicas do produto s\u00e3o consequ\u00eancia, principalmente, das flores de capixingui e de [&hellip;]<\/p>\n","protected":false},"author":20,"featured_media":0,"parent":3421,"menu_order":0,"comment_status":"open","ping_status":"open","template":"","meta":{"pmpro_default_level":"","_price":"","_stock":"","_tribe_ticket_header":"","_tribe_default_ticket_provider":"","_tribe_ticket_capacity":"0","_ticket_start_date":"","_ticket_end_date":"","_tribe_ticket_show_description":"","_tribe_ticket_show_not_going":false,"_tribe_ticket_use_global_stock":"","_tribe_ticket_global_stock_level":"","_global_stock_mode":"","_global_stock_cap":"","_tribe_rsvp_for_event":"","_tribe_ticket_going_count":"","_tribe_ticket_not_going_count":"","_tribe_tickets_list":"[]","_tribe_ticket_has_attendee_info_fields":false,"cybocfi_hide_featured_image":"","footnotes":""},"class_list":["post-3493","page","type-page","status-publish","hentry","pmpro-has-access"],"_links":{"self":[{"href":"https:\/\/apacame.org.br\/site\/wp-json\/wp\/v2\/pages\/3493"}],"collection":[{"href":"https:\/\/apacame.org.br\/site\/wp-json\/wp\/v2\/pages"}],"about":[{"href":"https:\/\/apacame.org.br\/site\/wp-json\/wp\/v2\/types\/page"}],"author":[{"embeddable":true,"href":"https:\/\/apacame.org.br\/site\/wp-json\/wp\/v2\/users\/20"}],"replies":[{"embeddable":true,"href":"https:\/\/apacame.org.br\/site\/wp-json\/wp\/v2\/comments?post=3493"}],"version-history":[{"count":2,"href":"https:\/\/apacame.org.br\/site\/wp-json\/wp\/v2\/pages\/3493\/revisions"}],"predecessor-version":[{"id":3497,"href":"https:\/\/apacame.org.br\/site\/wp-json\/wp\/v2\/pages\/3493\/revisions\/3497"}],"up":[{"embeddable":true,"href":"https:\/\/apacame.org.br\/site\/wp-json\/wp\/v2\/pages\/3421"}],"wp:attachment":[{"href":"https:\/\/apacame.org.br\/site\/wp-json\/wp\/v2\/media?parent=3493"}],"curies":[{"name":"wp","href":"https:\/\/api.w.org\/{rel}","templated":true}]}}