{"id":3480,"date":"2020-06-16T20:01:48","date_gmt":"2020-06-16T20:01:48","guid":{"rendered":"http:\/\/apacame.org.br\/site\/?page_id=3480"},"modified":"2020-06-16T20:01:48","modified_gmt":"2020-06-16T20:01:48","slug":"artigo-7","status":"publish","type":"page","link":"https:\/\/apacame.org.br\/site\/revista\/mensagem-doce-n-156-maio-de-2020\/artigo-7\/","title":{"rendered":"Artigo"},"content":{"rendered":"<h1 style=\"text-align: center;\">Surpresa: as abelhas precisam de carne!<\/h1>\n<blockquote><p>Fonte: <a href=\"https:\/\/www.scientificamerican.com\/article\/surprise-bees-need-meat\/\" target=\"_blank\" rel=\"noopener\">https:\/\/www.scientificamerican.com\/article\/surprise-bees-need-meat\/<\/a><br \/>\nPaige Embry em 23 de agosto de 2019<\/p><\/blockquote>\n<figure id=\"attachment_3481\" aria-describedby=\"caption-attachment-3481\" style=\"width: 300px\" class=\"wp-caption alignright\"><a href=\"https:\/\/apacame.org.br\/site\/wp-content\/uploads\/2020\/06\/Figura_1_surpresa.jpg\"><img fetchpriority=\"high\" decoding=\"async\" class=\"size-medium wp-image-3481\" src=\"https:\/\/apacame.org.br\/site\/wp-content\/uploads\/2020\/06\/Figura_1_surpresa-300x200.jpg\" alt=\"Abelha (Apis mellifera) coletando n\u00e9ctar e p\u00f3len em Mentha sachalinensis, conhecida pelo nome comum de hortel\u00e3.\" width=\"300\" height=\"200\" srcset=\"https:\/\/apacame.org.br\/site\/wp-content\/uploads\/2020\/06\/Figura_1_surpresa-300x200.jpg 300w, https:\/\/apacame.org.br\/site\/wp-content\/uploads\/2020\/06\/Figura_1_surpresa-150x100.jpg 150w, https:\/\/apacame.org.br\/site\/wp-content\/uploads\/2020\/06\/Figura_1_surpresa.jpg 450w\" sizes=\"(max-width: 300px) 100vw, 300px\" \/><\/a><figcaption id=\"caption-attachment-3481\" class=\"wp-caption-text\">Abelha (Apis mellifera) coletando n\u00e9ctar e p\u00f3len em Mentha sachalinensis,<br \/>conhecida pelo nome comum de hortel\u00e3.<\/figcaption><\/figure>\n<p><span style=\"font-size: large;\">Os Micr\u00f3bios nas flores s\u00e3o cruciais para as dietas das abelhas, assim as mudan\u00e7as no microbioma podem estar matando de fome esses insetos.<\/span><\/p>\n<p><span style=\"font-size: large;\">Pergunte a um entomologista o que faz de uma abelha uma abelha, e voc\u00ea provavelmente ter\u00e1 uma alguma vers\u00e3o dizendo: \u00abas abelhas s\u00e3o apenas vespas que se tornaram vegetarianas\u00bb. Novas pesquisas mostram que isso n\u00e3o \u00e9 verdade. As abelhas s\u00e3o realmente on\u00edvoras e sua carne s\u00e3o os micr\u00f3bios.<\/span><\/p>\n<p><span style=\"font-size: large;\">Esta descoberta pode abrir uma nova janela sobre por que as abelhas est\u00e3o com problemas: qualquer coisa que perturbe a comunidade microbiana nos alimentos de uma abelha, seja o calor elevado associado \u00e0s mudan\u00e7as clim\u00e1ticas, fungicidas ou outro fator estressante, podem estar causando a fome das abelhas em desenvolvimento (larvas).<\/span><\/p>\n<p><span style=\"font-size: large;\">As abelhas s\u00e3o polinizadores supremos por causa do que suas crias comem. A maioria dos animais visita as flores para roubar o n\u00e9ctar, e pode ou n\u00e3o ro\u00e7ar no p\u00f3len e carreg\u00e1-lo para a pr\u00f3xima flor. As abelhas, ao contr\u00e1rio, coletam deliberadamente p\u00f3len, junto com o n\u00e9ctar, para alimentar suas crias. Essa escolha de comida para as larvas faz parte do que define uma abelha.<\/span><\/p>\n<p><span style=\"font-size: large;\">Os cientistas sabem h\u00e1 d\u00e9cadas que os micr\u00f3bios em fermenta\u00e7\u00e3o est\u00e3o presentes no p\u00f3len, mas ningu\u00e9m parecia considerar que eles tamb\u00e9m eram um alimento importante para as abelhas. Os micr\u00f3bios funcionam como um \u00abr\u00famen externo\u00bb que decomp\u00f5e partes do p\u00f3len. \u00c9 l\u00f3gico que as abelhas podem ingerir alguns micr\u00f3bios, mas dois pesquisadores decidiram investigar se comem o suficiente para torn\u00e1-las on\u00edvoras e se realmente precisam desses micr\u00f3bios para prosperar.<\/span><\/p>\n<p><span style=\"font-size: large;\">Prarthana Dharampal, da Universidade de Wisconsin-Madison e Shawn Steffan, trabalhando juntos na universidade e no Servi\u00e7o de Pesquisa Agr\u00edcola (ARS) do Departamento de Agricultura dos EUA, avaliaram 14 esp\u00e9cies diferentes de abelhas em seis das sete fam\u00edlias de abelhas. Eles descobriram que as abelhas comem quantidades substanciais de micr\u00f3bios, o suficiente para mudar a maneira de como se encaixam nas redes alimentares.<\/span><\/p>\n<p><span style=\"font-size: large;\">Os cientistas usam uma escala para classificar os organismos dentro da rede alimentar: aqueles que produzem seus pr\u00f3prios alimentos, como plantas, s\u00e3o registrados na chamada posi\u00e7\u00e3o tr\u00f3fica 1 (TP 1), os herb\u00edvoros s\u00e3o registrados em TP 2 e os carn\u00edvoros est\u00e3o no TP 3, ou at\u00e9 mais, se comem outros carn\u00edvoros. O TP m\u00e9dio em todas as abelhas estudadas foi de 2.6, colocando-as diretamente no local on\u00edvoro, a meio caminho entre herb\u00edvoros e carn\u00edvoros. Curiosamente, a posi\u00e7\u00e3o tr\u00f3fica varia entre as fam\u00edlias, variando de levemente mais alta que os herb\u00edvoros (2.11) a carn\u00edvoros s\u00f3lidos (3.09). Agora que o TP \u00e9 conhecido, Dharampal diz que se pergunta se as abelhas est\u00e3o realmente procurando p\u00f3len ou se est\u00e3o procurando por micr\u00f3bios associados ao p\u00f3len.<\/span><\/p>\n<figure id=\"attachment_3482\" aria-describedby=\"caption-attachment-3482\" style=\"width: 300px\" class=\"wp-caption alignleft\"><a href=\"https:\/\/apacame.org.br\/site\/wp-content\/uploads\/2020\/06\/Figura_2_surpresa.jpg\"><img decoding=\"async\" class=\"size-medium wp-image-3482\" src=\"https:\/\/apacame.org.br\/site\/wp-content\/uploads\/2020\/06\/Figura_2_surpresa-300x196.jpg\" alt=\"Os micr\u00f3bios s\u00e3o uma fonte muito importante de nutrientes para as larvas das abelhas\u00bb\" width=\"300\" height=\"196\" srcset=\"https:\/\/apacame.org.br\/site\/wp-content\/uploads\/2020\/06\/Figura_2_surpresa-300x196.jpg 300w, https:\/\/apacame.org.br\/site\/wp-content\/uploads\/2020\/06\/Figura_2_surpresa-150x98.jpg 150w, https:\/\/apacame.org.br\/site\/wp-content\/uploads\/2020\/06\/Figura_2_surpresa-500x327.jpg 500w, https:\/\/apacame.org.br\/site\/wp-content\/uploads\/2020\/06\/Figura_2_surpresa.jpg 550w\" sizes=\"(max-width: 300px) 100vw, 300px\" \/><\/a><figcaption id=\"caption-attachment-3482\" class=\"wp-caption-text\">Os micr\u00f3bios s\u00e3o uma fonte muito importante de nutrientes para as larvas das abelhas\u00bb<\/figcaption><\/figure>\n<p><span style=\"font-size: large;\">Para a maioria das pessoas, a ideia de que os microrganismos podem se qualificar como carne \u00e9 radical. Nos \u00faltimos quatro anos, Steffan e seus colegas, incluindo Dharampal, publicaram uma s\u00e9rie de documentos mostrando suas evid\u00eancias de que os micr\u00f3bios s\u00e3o uma parte importante de uma variedade de redes alimentares, incluindo aquelas que envolvem abelhas. Suas descobertas confirmam que fungos, bact\u00e9rias e outros agentes microsc\u00f3picos podem caber em qualquer lugar da cadeia alimentar, alterando nossa vis\u00e3o de predador e presa, carn\u00edvoro e herb\u00edvoro, e o que faz de uma abelha seja uma abelha.<\/span><\/p>\n<p><span style=\"font-size: large;\">Steffan e seus colegas tamb\u00e9m mostraram que a carne microbiana \u00e9 uma parte necess\u00e1ria da dieta das abelhas. Os pesquisadores testaram uma esp\u00e9cie de abelha que coloca ovos em tubos no ch\u00e3o para facilitar o acesso e o transporte. Em cada tubo, a abelha coloca uma s\u00e9rie de ovos, cada um em seu pr\u00f3prio feixe de p\u00f3len e n\u00e9ctar. Os pesquisadores pediram a um apicultor de Utah que enviasse um lote de tubos imediatamente depois que as abelhas os enchessem. Eles ent\u00e3o removeram os ovos das cavilhas e separaram os machos das f\u00eameas e usaram apenas as larvas de abelhas machos, divididas em sete grupos de 12.<\/span><\/p>\n<p><span style=\"font-size: large;\">Os cientistas esterilizaram metade do p\u00f3len e depois forneceram diferentes misturas de p\u00f3len est\u00e9ril e n\u00e3o est\u00e9ril aos grupos. \u00c0 medida que a porcentagem de p\u00f3len esterilizado nos alimentos aumentava, a probabilidade de morte larval tamb\u00e9m aumentava. As larvas tamb\u00e9m pesavam menos e levavam mais tempo para amadurecer. \u00abOs micr\u00f3bios s\u00e3o uma fonte muito importante de nutrientes para essas abelhas\u00bb, diz Dharampal. \u00abSe voc\u00ea remover essa fonte ou parte cr\u00edtica da dieta delas, elas sofrer\u00e3o muito\u00bb.<\/span><\/p>\n<p><span style=\"font-size: large;\">A ideia de que as abelhas s\u00e3o vegetarianas est\u00e1 enraizada na entomologia, e Steffan admite que ele e seus colegas se depararam com ventos contr\u00e1rios ao tentar convenc\u00ea-los a aceitar seus documentos relacionados \u00e0 onivoria nas abelhas. Finalmente, eles foram publicados no American Naturalist e Proceedings da Royal Society B, respectivamente. Gloria Degrandi-Hoffman, que trabalha na ARS e investigou o microbioma das abelhas, mas n\u00e3o fazia parte do trabalho, diz que a comunidade cient\u00edfica \u00e9 sempre c\u00e9tica. Quando uma nova descoberta vai de encontro a uma percep\u00e7\u00e3o amplamente aceita, as pessoas s\u00e3o convincentes.<\/span><\/p>\n<p><span style=\"font-size: large;\">Os resultados das abelhas Osmia \u201c(Hymenoptera, Megachilidae) \u201csugerem que as abelhas podem sofrer ou morrer de fome se certos micr\u00f3bios desaparecerem de sua dieta. Os cientistas atribu\u00edram o decl\u00ednio nas abelhas manejadas e selvagens a v\u00e1rias combina\u00e7\u00f5es de perda e degrada\u00e7\u00e3o de habitats, pragas e pat\u00f3genos, exposi\u00e7\u00e3o a pesticidas e mudan\u00e7as clim\u00e1ticas. Eles se concentraram amplamente em como esses fatores afetam diretamente as abelhas. O pr\u00f3ximo passo \u00e9 verificar se os fatores estressantes podem afetar os micr\u00f3bios transmitidos pelo p\u00f3len. Steffan diz que quaisquer fatores estressantes que tirem o \u201cr\u00famen externo\u201d de controle poderiam ser \u201cuma maneira indireta, mas n\u00e3o menos mortal\u201d de matar as abelhas.<\/span><\/p>\n<p><span style=\"font-size: large;\">Um desses fatores \u00e9 o calor das mudan\u00e7as clim\u00e1ticas. \u201cPode n\u00e3o ser que o calor seja diretamente letal para o desenvolvimento das abelhas\u201d, diz Steffan. \u201cMas pode muito bem ser que o calor alto mate os simbiontes microbianos no p\u00f3len e, em seguida, a abelha sofra da falta de micr\u00f3bios\u201d. Steffan e Dharampal est\u00e3o investigando essa possibilidade.<\/span><\/p>\n<p><span style=\"font-size: large;\">Os fungicidas tamb\u00e9m podem ser os culpados. Embora sejam necess\u00e1rias mais pesquisas, Steffan diz: \u201cTemos muitas evid\u00eancias, neste ponto, de que os fungicidas alteram drasticamente a comunidade microbiana de fermenta\u00e7\u00e3o do p\u00f3len\u201d. E acrescenta, \u201co uso agr\u00edcola de fungicidas \u00e9 provavelmente um fator estressante prim\u00e1rio: e principal causa para o decl\u00ednio das abelhas\u201d.<\/span><\/p>\n<p><span style=\"font-size: large;\">\u00c9 claro que as popula\u00e7\u00f5es de abelhas em dificuldades podem paralisar culturas e plantas selvagens que ajudam a polinizar. Cerca de tr\u00eas quartos das plantas e culturas com flores do mundo se beneficiam dos polinizadores de animais, incluindo 87 das 115 culturas alimentares mais importantes do mundo. As 20.000 esp\u00e9cies de abelhas no mundo n\u00e3o s\u00e3o os \u00fanicos animais que polinizam, mas s\u00e3o os melhores polinizadores para muitos alimentos b\u00e1sicos.<\/span><\/p>\n<p><span style=\"font-size: large;\">Conhecer o papel dos micr\u00f3bios do p\u00f3len pode ajudar a resolver os desafios de conserva\u00e7\u00e3o, por exemplo, direcionando as escolhas de flores para a restaura\u00e7\u00e3o do habitat.<\/span><\/p>\n<p><span style=\"font-size: large;\">Sandra Rehan, da Universidade de York, em Toronto, que estuda a vida microbiana associada \u00e0s abelhas selvagens e n\u00e3o fez parte dos trabalhos recentes, diz que as descobertas \u00abter\u00e3o aplica\u00e7\u00f5es de conserva\u00e7\u00e3o a longo prazo quando associarmos as flores, as paisagens e os micr\u00f3bios \u00bb.<\/span><\/p>\n<p><span style=\"font-size: large;\">Em um estudo de 2017, ela e seus coautores escreveram: &#8220;Os esfor\u00e7os de restaura\u00e7\u00e3o do habitat dos polinizadores podem precisar considerar plantios de flores que aumentam a presen\u00e7a de bact\u00e9rias essenciais encontradas em flores, adultas e disposi\u00e7\u00f5es. de p\u00f3len, como Lactobacillus e Saccharibacter. Trabalhos futuros s\u00e3o necess\u00e1rios para determinar o papel dessas bact\u00e9rias essenciais na restaura\u00e7\u00e3o de comunidades saud\u00e1veis de polinizadores &#8220;.<br \/>\n<span style=\"font-size: large;\">A nova vis\u00e3o sobre micr\u00f3bios de p\u00f3len \u00e9 apenas o exemplo mais recente de qu\u00e3o importante \u00e9 o microbioma em todas as esferas da vida, o que podemos ter ignorado por nosso risco. \u201dN\u00f3s, como animais e plantas com flores, florescemos na medida em que somos capazes de cooperar, cooptar e capturar servi\u00e7os microbianos\u00bb, diz Steffan.<\/span><\/span><\/p>\n<p><span style=\"font-size: large;\">Ele acrescenta que vemos as cadeias alimentares atrav\u00e9s das lentes de vertebrados e mam\u00edferos, mas os micr\u00f3bios est\u00e3o no planeta h\u00e1 muito mais tempo do que animais ou plantas.<\/span><\/p>\n<p><span style=\"font-size: large;\">Steffan, Dharampal e outros pedem uma revis\u00e3o radical de como vemos a vida na Terra. No final de seu artigo sobre o naturalista americano, eles escrevem: &#8220;Considerando a simbiose de abelhas e micr\u00f3bios de uma perspectiva microbiana, os micr\u00f3bios podem ser vistos como apicultores \u00e1vidos, facilitando e auxiliando seus simbiontes da vida selvagem na colheita anual de p\u00f3len&#8221;.<\/span><\/p>\n","protected":false},"excerpt":{"rendered":"<p>Surpresa: as abelhas precisam de carne! Fonte: https:\/\/www.scientificamerican.com\/article\/surprise-bees-need-meat\/ Paige Embry em 23 de agosto de 2019 Os Micr\u00f3bios nas flores s\u00e3o cruciais para as dietas das abelhas, assim as mudan\u00e7as [&hellip;]<\/p>\n","protected":false},"author":20,"featured_media":0,"parent":3421,"menu_order":0,"comment_status":"open","ping_status":"open","template":"","meta":{"pmpro_default_level":"","_price":"","_stock":"","_tribe_ticket_header":"","_tribe_default_ticket_provider":"","_tribe_ticket_capacity":"0","_ticket_start_date":"","_ticket_end_date":"","_tribe_ticket_show_description":"","_tribe_ticket_show_not_going":false,"_tribe_ticket_use_global_stock":"","_tribe_ticket_global_stock_level":"","_global_stock_mode":"","_global_stock_cap":"","_tribe_rsvp_for_event":"","_tribe_ticket_going_count":"","_tribe_ticket_not_going_count":"","_tribe_tickets_list":"[]","_tribe_ticket_has_attendee_info_fields":false,"cybocfi_hide_featured_image":"","footnotes":""},"class_list":["post-3480","page","type-page","status-publish","hentry","pmpro-has-access"],"_links":{"self":[{"href":"https:\/\/apacame.org.br\/site\/wp-json\/wp\/v2\/pages\/3480"}],"collection":[{"href":"https:\/\/apacame.org.br\/site\/wp-json\/wp\/v2\/pages"}],"about":[{"href":"https:\/\/apacame.org.br\/site\/wp-json\/wp\/v2\/types\/page"}],"author":[{"embeddable":true,"href":"https:\/\/apacame.org.br\/site\/wp-json\/wp\/v2\/users\/20"}],"replies":[{"embeddable":true,"href":"https:\/\/apacame.org.br\/site\/wp-json\/wp\/v2\/comments?post=3480"}],"version-history":[{"count":2,"href":"https:\/\/apacame.org.br\/site\/wp-json\/wp\/v2\/pages\/3480\/revisions"}],"predecessor-version":[{"id":3484,"href":"https:\/\/apacame.org.br\/site\/wp-json\/wp\/v2\/pages\/3480\/revisions\/3484"}],"up":[{"embeddable":true,"href":"https:\/\/apacame.org.br\/site\/wp-json\/wp\/v2\/pages\/3421"}],"wp:attachment":[{"href":"https:\/\/apacame.org.br\/site\/wp-json\/wp\/v2\/media?parent=3480"}],"curies":[{"name":"wp","href":"https:\/\/api.w.org\/{rel}","templated":true}]}}