{"id":3474,"date":"2020-06-16T19:42:34","date_gmt":"2020-06-16T19:42:34","guid":{"rendered":"http:\/\/apacame.org.br\/site\/?page_id=3474"},"modified":"2020-06-16T19:42:34","modified_gmt":"2020-06-16T19:42:34","slug":"artigo-6","status":"publish","type":"page","link":"https:\/\/apacame.org.br\/site\/revista\/mensagem-doce-n-156-maio-de-2020\/artigo-6\/","title":{"rendered":"Artigo"},"content":{"rendered":"<h1 style=\"text-align: center;\">Verdades sobre a pr\u00f3polis em tempos de coronav\u00edrus<\/h1>\n<blockquote><p>Profa. Dra. Maria Cristina Marcucci, especialista em pr\u00f3polis.<\/p><\/blockquote>\n<figure id=\"attachment_3475\" aria-describedby=\"caption-attachment-3475\" style=\"width: 300px\" class=\"wp-caption alignright\"><a href=\"https:\/\/apacame.org.br\/site\/wp-content\/uploads\/2020\/06\/Figura_1_Verdades.jpg\"><img fetchpriority=\"high\" decoding=\"async\" class=\"size-medium wp-image-3475\" src=\"https:\/\/apacame.org.br\/site\/wp-content\/uploads\/2020\/06\/Figura_1_Verdades-300x189.jpg\" alt=\"Esta \u00e9 a pr\u00f3polis em seu estado natural.\" width=\"300\" height=\"189\" srcset=\"https:\/\/apacame.org.br\/site\/wp-content\/uploads\/2020\/06\/Figura_1_Verdades-300x189.jpg 300w, https:\/\/apacame.org.br\/site\/wp-content\/uploads\/2020\/06\/Figura_1_Verdades-150x95.jpg 150w, https:\/\/apacame.org.br\/site\/wp-content\/uploads\/2020\/06\/Figura_1_Verdades.jpg 350w\" sizes=\"(max-width: 300px) 100vw, 300px\" \/><\/a><figcaption id=\"caption-attachment-3475\" class=\"wp-caption-text\">Esta \u00e9 a pr\u00f3polis em seu estado natural.<\/figcaption><\/figure>\n<p><span style=\"font-size: large;\">A pr\u00f3polis \u00e9 um produto elaborado pelas abelhas a partir de fontes vegetais, como brotos e exsudatos. A palavra pr\u00f3polis vem do grego e quer dizer pro, em defesa de e polis a cidade. O nome sugere exatamente o papel da pr\u00f3polis, em defesa da cidade ou em defesa da colmeia propriamente dita. As abelhas coletam esse material resinoso e\/ou bals\u00e2mico, constitu\u00eddo de metabolitos secund\u00e1rios produzidos pelas plantas. Os metabolitos secund\u00e1rios s\u00e3o subst\u00e2ncias que as plantas produzem para a sua defesa contra predadores, v\u00edrus, bact\u00e9rias e fungos. Portanto, se as abelhas utilizam esse material para a produ\u00e7\u00e3o da pr\u00f3polis, era de se esperar que esta tivesse as mesmas propriedades de defesa. Esse fato foi comprovado ao longo de quase cem anos de pesquisa em diferentes partes do mundo com diferentes tipos de pr\u00f3polis, evidenciando a sua efic\u00e1cia contra microrganismos, tumores e refor\u00e7adora do sistema imunol\u00f3gico. <\/span><\/p>\n<p><span style=\"font-size: large;\">No Brasil, no final da d\u00e9cada de 1950, houve uma miscigena\u00e7\u00e3o acidental de abelhas europeias Apis mellifera com abelhas africanas, surgindo a nossa abelha africanizada, que \u00e9 mais forte, mais resistente a doen\u00e7as e tem um grande potencial de produ\u00e7\u00e3o de pr\u00f3polis. Como dito anteriormente, a pr\u00f3polis \u00e9 uma resina de origem vegetal, que as abelhas levam para a colmeia, misturando com secre\u00e7\u00f5es salivares e cera para a elabora\u00e7\u00e3o do produto final. Devido \u00e0 grande biodiversidade existente em nosso pa\u00eds, era de se esperar que tiv\u00e9ssemos diferentes tipos de pr\u00f3polis, de cores e aspectos diversos e com composi\u00e7\u00e3o qu\u00edmica caracter\u00edstica. Em 20081 foi publicado um cap\u00edtulo de livro cient\u00edfico que trata da tipifica\u00e7\u00e3o da pr\u00f3polis brasileira, mostrando a exist\u00eancia de diferentes tipos de pr\u00f3polis no Brasil. Dentro de cada tipo, existem subtipos, os quais t\u00eam os mesmos compostos bioativos do seu tipo, por\u00e9m em quantidades diferentes. As pr\u00f3polis hoje mais estudadas e com melhores resultados, s\u00e3o a BRP (pr\u00f3polis verde) e BRV (pr\u00f3polis vermelha). Sendo que a pr\u00f3polis verde \u00e9 a mais conhecida entre elas e a que tem sido disseminada como a melhor de todas pela excel\u00eancia da qualidade. <\/span><\/p>\n<figure id=\"attachment_3476\" aria-describedby=\"caption-attachment-3476\" style=\"width: 250px\" class=\"wp-caption alignleft\"><a href=\"https:\/\/apacame.org.br\/site\/wp-content\/uploads\/2020\/06\/Figura_2_Verdades.jpg\"><img decoding=\"async\" class=\"size-full wp-image-3476\" src=\"https:\/\/apacame.org.br\/site\/wp-content\/uploads\/2020\/06\/Figura_2_Verdades.jpg\" alt=\"Este \u00e9 o extrato de pr\u00f3polis pronto para o uso.\" width=\"250\" height=\"284\" srcset=\"https:\/\/apacame.org.br\/site\/wp-content\/uploads\/2020\/06\/Figura_2_Verdades.jpg 250w, https:\/\/apacame.org.br\/site\/wp-content\/uploads\/2020\/06\/Figura_2_Verdades-150x170.jpg 150w\" sizes=\"(max-width: 250px) 100vw, 250px\" \/><\/a><figcaption id=\"caption-attachment-3476\" class=\"wp-caption-text\">Este \u00e9 o extrato de pr\u00f3polis pronto<br \/>para o uso.<\/figcaption><\/figure>\n<p><span style=\"font-size: large;\">Mas ser\u00e1 que outras pr\u00f3polis de outras cores t\u00eam algum valor? Ser\u00e1 que s\u00f3 a verde \u00e9 eficaz? Se voltarmos ao in\u00edcio deste artigo e verificarmos que foi mencionado que a pr\u00f3polis defende a colmeia, chegaremos, portanto, a conclus\u00e3o que toda pr\u00f3polis tem efic\u00e1cia!!!<\/span><\/p>\n<p><span style=\"font-size: large;\">Muito se tem indagado a respeito da pr\u00f3polis marrom, se \u00e9 ativa como a verde. O que se pode dizer, \u00e9 que algumas subtipagens da BRP tem colora\u00e7\u00e3o marrom, tendo portanto os mesmos metab\u00f3litos mas em quantidades diferentes. <\/span><\/p>\n<p><span style=\"font-size: large;\">O mais importante para o consumidor \u00e9 saber se a empresa que produz o extrato de pr\u00f3polis possui, no seu processo produtivo, os crit\u00e9rios de qualidade que obedecem \u00e0s normas de fabrica\u00e7\u00e3o e se atende ao preconizado pela legisla\u00e7\u00e3o brasileira sobre o conte\u00fado de polifen\u00f3is e flavonoides no produto. Ressalta-se tamb\u00e9m que a legisla\u00e7\u00e3o brasileira prev\u00ea que seja comercializado o extrato com teor m\u00ednimo de 11% de concentra\u00e7\u00e3o, um teor de cera de no m\u00e1ximo 1%, flavonoides no m\u00ednimo 0,25% e polifen\u00f3is de no m\u00ednimo 0,50%2. Outro par\u00e2metro extremamente importante \u00e9 a atividade antioxidante, que mede se a pr\u00f3polis \u00e9 nova, n\u00e3o oxidada e se atende a esses conte\u00fados de flavonoides e polifen\u00f3is preconizados pela legisla\u00e7\u00e3o. Quanto maior o teor de flavonoides e polifen\u00f3is, mais ativa \u00e9 a pr\u00f3polis contra os radicais livres.<\/span><\/p>\n<p><span style=\"font-size: large;\">No tocante a sua atividade antiviral, tal como referido no t\u00edtulo dessa mat\u00e9ria, a pr\u00f3polis possui essa atividade. Extratos de pr\u00f3polis brasileira foram estudados frente ao poliov\u00edrus tipo 1 (PV1) da poliomielite, da influenza (gripe), HIV, H1N1, hepatite viral, v\u00edrus da herpes tipo 1 e tipo 2, v\u00edrus envolvido na dengue hemorr\u00e1gica e em coronav\u00edrus de origem animal. Em alguns desses estudos foi avaliada a pr\u00f3polis verde, mas em outros, a pr\u00f3polis marrom, comprovando em todos eles, a atividade antiviral da pr\u00f3polis. Esse \u201cnovo coronav\u00edrus\u201d \u00e9 bastante desconhecido e n\u00e3o existem ainda estudos conclusivos sobre qualquer produto ativo em seu combate, mas, os caminhos para as pesquisas est\u00e3o abertos.<\/span><\/p>\n<p><span style=\"font-size: large;\">Concluindo, pode-se afirmar que a se pr\u00f3polis, dadas as caracter\u00edsticas descritas anteriormente, defende a colmeia contra bact\u00e9rias, fungos e v\u00edrus, como n\u00e3o ir\u00e1 defender o homem de doen\u00e7as dessa natureza?<\/span><\/p>\n<p><span style=\"font-size: large;\"><b>Refer\u00eancias<\/b><\/span><\/p>\n<p><span style=\"font-size: large;\">1. Marcucci, M.C., Sawaya, A.C.H.F., Custodio, A.R., Paulino, N., Eberlin, M.N. (2008). HPLC and ESI-MS typification: New approaches for natural therapy with Brazilian propolis. Scientific Evidence of the Use of Propolis in Ethnomedicine, 2008: 33-54, ISBN: 978-81-7895-357-1 Editors: Nada Or\u0161oli\u0107 and Ivan Ba\u0161i\u0107.<\/span><\/p>\n<p><span style=\"font-size: large;\">2. Brasil (2001). IN 3 de 19 de janeiro de 2002.<\/span><\/p>\n","protected":false},"excerpt":{"rendered":"<p>Verdades sobre a pr\u00f3polis em tempos de coronav\u00edrus Profa. Dra. Maria Cristina Marcucci, especialista em pr\u00f3polis. A pr\u00f3polis \u00e9 um produto elaborado pelas abelhas a partir de fontes vegetais, como [&hellip;]<\/p>\n","protected":false},"author":20,"featured_media":0,"parent":3421,"menu_order":0,"comment_status":"open","ping_status":"open","template":"","meta":{"pmpro_default_level":"","_price":"","_stock":"","_tribe_ticket_header":"","_tribe_default_ticket_provider":"","_tribe_ticket_capacity":"0","_ticket_start_date":"","_ticket_end_date":"","_tribe_ticket_show_description":"","_tribe_ticket_show_not_going":false,"_tribe_ticket_use_global_stock":"","_tribe_ticket_global_stock_level":"","_global_stock_mode":"","_global_stock_cap":"","_tribe_rsvp_for_event":"","_tribe_ticket_going_count":"","_tribe_ticket_not_going_count":"","_tribe_tickets_list":"[]","_tribe_ticket_has_attendee_info_fields":false,"cybocfi_hide_featured_image":"","footnotes":""},"class_list":["post-3474","page","type-page","status-publish","hentry","pmpro-has-access"],"_links":{"self":[{"href":"https:\/\/apacame.org.br\/site\/wp-json\/wp\/v2\/pages\/3474"}],"collection":[{"href":"https:\/\/apacame.org.br\/site\/wp-json\/wp\/v2\/pages"}],"about":[{"href":"https:\/\/apacame.org.br\/site\/wp-json\/wp\/v2\/types\/page"}],"author":[{"embeddable":true,"href":"https:\/\/apacame.org.br\/site\/wp-json\/wp\/v2\/users\/20"}],"replies":[{"embeddable":true,"href":"https:\/\/apacame.org.br\/site\/wp-json\/wp\/v2\/comments?post=3474"}],"version-history":[{"count":2,"href":"https:\/\/apacame.org.br\/site\/wp-json\/wp\/v2\/pages\/3474\/revisions"}],"predecessor-version":[{"id":3478,"href":"https:\/\/apacame.org.br\/site\/wp-json\/wp\/v2\/pages\/3474\/revisions\/3478"}],"up":[{"embeddable":true,"href":"https:\/\/apacame.org.br\/site\/wp-json\/wp\/v2\/pages\/3421"}],"wp:attachment":[{"href":"https:\/\/apacame.org.br\/site\/wp-json\/wp\/v2\/media?parent=3474"}],"curies":[{"name":"wp","href":"https:\/\/api.w.org\/{rel}","templated":true}]}}