{"id":3468,"date":"2020-06-16T19:31:12","date_gmt":"2020-06-16T19:31:12","guid":{"rendered":"http:\/\/apacame.org.br\/site\/?page_id=3468"},"modified":"2020-06-16T19:31:12","modified_gmt":"2020-06-16T19:31:12","slug":"artigo-5","status":"publish","type":"page","link":"https:\/\/apacame.org.br\/site\/revista\/mensagem-doce-n-156-maio-de-2020\/artigo-5\/","title":{"rendered":"Artigo"},"content":{"rendered":"<h1 style=\"text-align: center;\">COMO EXPORTAR PRODUTOS AP\u00cdCOLAS E SEUS DERIVADOS<\/h1>\n<blockquote><p>Suelen C. de Palma Tomazella<\/p><\/blockquote>\n<p><span style=\"font-size: large;\">O mel, a pr\u00f3polis, o p\u00f3len, a geleia real e a cera de abelha, assim como seus derivados, compostos de mel, extrato de pr\u00f3polis entre outros, s\u00e3o produtos de origem animal e no Brasil s\u00e3o regulados pelo Minist\u00e9rio da Agricultura, \u00f3rg\u00e3os estaduais e municipais ligados a agricultura.<a href=\"https:\/\/apacame.org.br\/site\/wp-content\/uploads\/2020\/06\/figura-1-exportar.jpg\"><img fetchpriority=\"high\" decoding=\"async\" class=\"alignright size-medium wp-image-3469\" src=\"https:\/\/apacame.org.br\/site\/wp-content\/uploads\/2020\/06\/figura-1-exportar-228x300.jpg\" alt=\"figura-1-exportar\" width=\"228\" height=\"300\" srcset=\"https:\/\/apacame.org.br\/site\/wp-content\/uploads\/2020\/06\/figura-1-exportar-228x300.jpg 228w, https:\/\/apacame.org.br\/site\/wp-content\/uploads\/2020\/06\/figura-1-exportar-150x197.jpg 150w, https:\/\/apacame.org.br\/site\/wp-content\/uploads\/2020\/06\/figura-1-exportar-381x500.jpg 381w, https:\/\/apacame.org.br\/site\/wp-content\/uploads\/2020\/06\/figura-1-exportar.jpg 450w\" sizes=\"(max-width: 228px) 100vw, 228px\" \/><\/a><\/span><\/p>\n<p><span style=\"font-size: large;\">Para realizar com\u00e9rcio internacional (exporta\u00e7\u00e3o) desses produtos, o estabelecimento deve estar regularizado e os produtos devem estar de acordo com os regulamentos e com os r\u00f3tulos adequados e registrados. \u00c9 tamb\u00e9m imprescind\u00edvel conhecer os requisitos espec\u00edficos para os destinos para os quais pretende exportar, ou seja, quais s\u00e3o a regras sanit\u00e1rias que devem ser obedecidas no pa\u00eds que se pretende enviar os produtos. <\/span><\/p>\n<p><span style=\"font-size: large;\">No Minist\u00e9rio da Agricultura, a DHC (Divis\u00e3o de Habilita\u00e7\u00e3o e Certifica\u00e7\u00e3o) \u00e9 respons\u00e1vel por coordenar e habilitar os estabelecimentos aptos a exportar os produtos de origem animal. Hoje em dia, todo estabelecimento sob Inspe\u00e7\u00e3o Federal do SIF (Servi\u00e7o de Inspe\u00e7\u00e3o Federal) com Minist\u00e9rio da Agricultura \u00e9 automaticamente exportador. <\/span><\/p>\n<p><span style=\"font-size: large;\">Assim, estando o estabelecimento e os produtos aptos a exportar, existem alguns requisitos espec\u00edficos para iniciar uma exporta\u00e7\u00e3o. Como o Brasil \u00e9 signat\u00e1rio do Codex Alimentarius, \u00e9 necess\u00e1rio cumprir acordos internacionais e emitir documentos sanit\u00e1rios espec\u00edficos para resguardar o tr\u00e2nsito de produtos de origem animal ao com\u00e9rcio exterior. <\/span><\/p>\n<p><span style=\"font-size: large;\">Atualmente, os documentos exigidos s\u00e3o CSN (Certificado Sanit\u00e1rio Nacional), CSI (Certificado Sanit\u00e1rio Internacional) e a GT (Guia de Tr\u00e2nsito) obtidas nas Centrais de Certifica\u00e7\u00e3o atrav\u00e9s do preenchimento do DCPOA \u2013 Declara\u00e7\u00e3o de Conformidade de Produtos de Origem Animal. <\/span><\/p>\n<p><span style=\"font-size: large;\">\u00c9 v\u00e1lido frisar que, al\u00e9m de todos os tr\u00e2mites sanit\u00e1rios explicados acima \u00e9 importante conhecer outros requisitos legais como a Fatura Comercial ou Commercial Invoice, Romaneio ou Packing List, conhecimento de embarque mar\u00edtimo, a\u00e9reo, ferrovi\u00e1rio ou rodovi\u00e1rio, Certificado de Origem, Certificado ou Ap\u00f3lice de Seguro de Transporte, Carta de Cr\u00e9dito, Registro de exporta\u00e7\u00e3o, Contrato de C\u00e2mbio, entre outros. O Sebrae Nacional costuma ser um \u00f3timo parceiro na orienta\u00e7\u00e3o das empresas, mais informa\u00e7\u00f5es podem ser obtidas diretamente em uma ag\u00eancia do Sebrae, ou atrav\u00e9s do seu site.<\/span><\/p>\n<p><span style=\"font-size: large;\"><a href=\"https:\/\/apacame.org.br\/site\/wp-content\/uploads\/2020\/06\/Quadro-como-exportar.jpg\"><img decoding=\"async\" class=\"alignleft size-medium wp-image-3470\" src=\"https:\/\/apacame.org.br\/site\/wp-content\/uploads\/2020\/06\/Quadro-como-exportar-300x257.jpg\" alt=\"Quadro-como-exportar\" width=\"300\" height=\"257\" srcset=\"https:\/\/apacame.org.br\/site\/wp-content\/uploads\/2020\/06\/Quadro-como-exportar-300x257.jpg 300w, https:\/\/apacame.org.br\/site\/wp-content\/uploads\/2020\/06\/Quadro-como-exportar-150x128.jpg 150w, https:\/\/apacame.org.br\/site\/wp-content\/uploads\/2020\/06\/Quadro-como-exportar-500x428.jpg 500w, https:\/\/apacame.org.br\/site\/wp-content\/uploads\/2020\/06\/Quadro-como-exportar.jpg 550w\" sizes=\"(max-width: 300px) 100vw, 300px\" \/><\/a>A ABEMEL \u00e9 a entidade com maior representatividade das empresas beneficiadoras e exportadoras de produtos ap\u00edcolas do Brasil. As empresas associadas s\u00e3o inspecionadas pelo SIF e est\u00e3o aptas para exportar os produtos de abelhas e derivados produzidos pelo produtor rural brasileiro para muitos lugares do mundo. <\/span><\/p>\n<p><span style=\"font-size: large;\">Para que os produtos das abelhas brasileiros alcancem muitos lugares do mundo, se faz necess\u00e1rio manter alinhada \u00e0 parceria entre os diversos elos da cadeia produtiva, ind\u00fastria, apicultor e \u00f3rg\u00e3os fiscalizadores, que precisam estar sempre em sintonia.<\/span><\/p>\n<p><span style=\"font-size: large;\">Um dos elos mais importante de toda essa cadeia \u00e9 o apicultor, pois este \u00e9 o respons\u00e1vel por produzir adequadamente a mat\u00e9ria prima que ser\u00e1 exportada. Assim, os entrepostos exportadores procuram manter uma \u00f3tima parceria com seus fornecedores, orientando cada produtor. <\/span><\/p>\n<p><span style=\"font-size: large;\">O produtor que deseja exportar tamb\u00e9m precisa cumprir alguns requisitos b\u00e1sicos, como ser cadastrado na OESA (\u00d3rg\u00e3os Executores de Sanidade Agropecu\u00e1ria), que est\u00e1 vinculado a Defesa Agropecu\u00e1ria de seu estado, munic\u00edpio ou regi\u00e3o, procurando a Secretaria de Defesa Agropecu\u00e1ria de sua localidade e levando os documentos necess\u00e1rios. Cada estado\/regi\u00e3o tem uma forma de trabalhar, portanto, a ABEMEL recomenda o contato antecipado com o \u00f3rg\u00e3o para verificar as exig\u00eancias locais.<\/span><\/p>\n<p><span style=\"font-size: large;\">Uma boa op\u00e7\u00e3o aos produtores rurais, apicultores e meliponicultores \u00e9 sempre estar vinculado a alguma associa\u00e7\u00e3o ou federa\u00e7\u00e3o de apicultores, tais como a APACAME (Associa\u00e7\u00e3o Paulista de Apicultores, Criadores de Abelhas Mel\u00edficas Europeias) e a FAAMESP (Federa\u00e7\u00e3o das Associa\u00e7\u00f5es de Apicultores e Meliponicultores do Estado de S\u00e3o Paulo), ambas com sede na cidade de S\u00e3o Paulo e a FAASC (Federa\u00e7\u00e3o das Associa\u00e7\u00f5es de Apicultores e Meliponicultores de Santa Catarina), em Santa Catarina.<\/span><\/p>\n<p><span style=\"font-size: large;\">Cada estado tem a sua federa\u00e7\u00e3o, tais associa\u00e7\u00f5es e federa\u00e7\u00f5es, assim como a pr\u00f3pria CBA (Confedera\u00e7\u00e3o Brasileira de Apicultura) s\u00e3o entidades que possuem total respaldo e condi\u00e7\u00f5es de orientar o apicultor, al\u00e9m de, muitas vezes, serem aptas a processar o mel de forma adequada. <\/span><\/p>\n<p><span style=\"font-size: large;\">O apicultor cadastrado nas OESA`s e com a sua produ\u00e7\u00e3o adequada pode procurar um entreposto apto a exportar, negociar e oferecer seu produto. O entreposto poder\u00e1 fazer algumas orienta\u00e7\u00f5es e exigir alguns requisitos espec\u00edficos da produ\u00e7\u00e3o. <\/span><\/p>\n<p><span style=\"font-size: large;\">Procure a empresa mais pr\u00f3xima de sua regi\u00e3o e ofere\u00e7a o seu produto!<\/span><\/p>\n","protected":false},"excerpt":{"rendered":"<p>COMO EXPORTAR PRODUTOS AP\u00cdCOLAS E SEUS DERIVADOS Suelen C. de Palma Tomazella O mel, a pr\u00f3polis, o p\u00f3len, a geleia real e a cera de abelha, assim como seus derivados, [&hellip;]<\/p>\n","protected":false},"author":20,"featured_media":0,"parent":3421,"menu_order":0,"comment_status":"open","ping_status":"open","template":"","meta":{"pmpro_default_level":"","_price":"","_stock":"","_tribe_ticket_header":"","_tribe_default_ticket_provider":"","_tribe_ticket_capacity":"0","_ticket_start_date":"","_ticket_end_date":"","_tribe_ticket_show_description":"","_tribe_ticket_show_not_going":false,"_tribe_ticket_use_global_stock":"","_tribe_ticket_global_stock_level":"","_global_stock_mode":"","_global_stock_cap":"","_tribe_rsvp_for_event":"","_tribe_ticket_going_count":"","_tribe_ticket_not_going_count":"","_tribe_tickets_list":"[]","_tribe_ticket_has_attendee_info_fields":false,"cybocfi_hide_featured_image":"","footnotes":""},"class_list":["post-3468","page","type-page","status-publish","hentry","pmpro-has-access"],"_links":{"self":[{"href":"https:\/\/apacame.org.br\/site\/wp-json\/wp\/v2\/pages\/3468"}],"collection":[{"href":"https:\/\/apacame.org.br\/site\/wp-json\/wp\/v2\/pages"}],"about":[{"href":"https:\/\/apacame.org.br\/site\/wp-json\/wp\/v2\/types\/page"}],"author":[{"embeddable":true,"href":"https:\/\/apacame.org.br\/site\/wp-json\/wp\/v2\/users\/20"}],"replies":[{"embeddable":true,"href":"https:\/\/apacame.org.br\/site\/wp-json\/wp\/v2\/comments?post=3468"}],"version-history":[{"count":2,"href":"https:\/\/apacame.org.br\/site\/wp-json\/wp\/v2\/pages\/3468\/revisions"}],"predecessor-version":[{"id":3472,"href":"https:\/\/apacame.org.br\/site\/wp-json\/wp\/v2\/pages\/3468\/revisions\/3472"}],"up":[{"embeddable":true,"href":"https:\/\/apacame.org.br\/site\/wp-json\/wp\/v2\/pages\/3421"}],"wp:attachment":[{"href":"https:\/\/apacame.org.br\/site\/wp-json\/wp\/v2\/media?parent=3468"}],"curies":[{"name":"wp","href":"https:\/\/api.w.org\/{rel}","templated":true}]}}