{"id":3446,"date":"2020-06-15T19:49:34","date_gmt":"2020-06-15T19:49:34","guid":{"rendered":"http:\/\/apacame.org.br\/site\/?page_id=3446"},"modified":"2020-06-15T19:49:34","modified_gmt":"2020-06-15T19:49:34","slug":"artigo-3","status":"publish","type":"page","link":"https:\/\/apacame.org.br\/site\/revista\/mensagem-doce-n-156-maio-de-2020\/artigo-3\/","title":{"rendered":"Artigo"},"content":{"rendered":"<h1 style=\"text-align: center;\">Estudo revela potencial antiglic\u00eamico de p\u00f3len produzido por esp\u00e9cie de abelha nativa do Amazonas<\/h1>\n<blockquote><p>Fonte: http:\/\/www.fapeam.am.gov.br\/estudo-revela-potencial-antiglicemico-de-polen-produzido-por-especie-de-abelha-nativa-do-amazonas\/<br \/>\nTexto: Helen de Melo &#8211; Fotos: \u00c9rico Xavier.<\/p><\/blockquote>\n<p><span style=\"font-size: large;\">Um estudo realizado com um modelo experimental animal comprovou que a ingest\u00e3o de \u201cp\u00f3len de pote\u201d produzido por Melipona seminigra, uma esp\u00e9cie de abelha sem ferr\u00e3o nativa do Amazonas, reduziu significativamente a glicemia de jejum de camundongos alimentados com uma dieta rica em gordura e a\u00e7\u00facar.<\/span><\/p>\n<p><span style=\"font-size: large;\"><b>P\u00f3len de Pote<\/b><\/span><\/p>\n<figure id=\"attachment_3447\" aria-describedby=\"caption-attachment-3447\" style=\"width: 550px\" class=\"wp-caption alignright\"><a href=\"https:\/\/apacame.org.br\/site\/wp-content\/uploads\/2020\/06\/figura-1-Potencial.jpg\"><img fetchpriority=\"high\" decoding=\"async\" class=\"size-full wp-image-3447\" src=\"https:\/\/apacame.org.br\/site\/wp-content\/uploads\/2020\/06\/figura-1-Potencial.jpg\" alt=\"P\u00f3len de Pote produzido por uma esp\u00e9cie de abelha sem ferr\u00e3o.\" width=\"550\" height=\"395\" srcset=\"https:\/\/apacame.org.br\/site\/wp-content\/uploads\/2020\/06\/figura-1-Potencial.jpg 550w, https:\/\/apacame.org.br\/site\/wp-content\/uploads\/2020\/06\/figura-1-Potencial-300x215.jpg 300w, https:\/\/apacame.org.br\/site\/wp-content\/uploads\/2020\/06\/figura-1-Potencial-150x108.jpg 150w, https:\/\/apacame.org.br\/site\/wp-content\/uploads\/2020\/06\/figura-1-Potencial-500x359.jpg 500w\" sizes=\"(max-width: 550px) 100vw, 550px\" \/><\/a><figcaption id=\"caption-attachment-3447\" class=\"wp-caption-text\">P\u00f3len de Pote produzido por uma esp\u00e9cie de abelha sem ferr\u00e3o.<\/figcaption><\/figure>\n<p><span style=\"font-size: large;\">Na produ\u00e7\u00e3o do p\u00f3len de pote, conhecido popularmente como \u201csambur\u00e1\u201d, as abelhas sem ferr\u00e3o coletam os gr\u00e3os de p\u00f3len das flores formando uma carga pol\u00ednica, que \u00e9 transportada at\u00e9 a colmeia e, depositada em potes de cerume onde recebem a adi\u00e7\u00e3o de subst\u00e2ncias presentes no est\u00f4mago das abelhas (enzimas, n\u00e9ctar e microrganismos), que favorecem um processo natural de fermenta\u00e7\u00e3o. <\/span><\/p>\n<p><span style=\"font-size: large;\">Os potes de cerume (uma mistura de cera com resina vegetal) s\u00e3o constru\u00eddos pelas abelhas sem ferr\u00e3o, dentro das colmeias, e servem como dep\u00f3sitos de alimentos (mel e p\u00f3len) desses insetos. Por isso, o termo \u201cp\u00f3len de pote\u201d \u00e9 adotado para nomear esse produto. <\/span><\/p>\n<p><span style=\"font-size: large;\"><b>Valor nutritivo<\/b><\/span><\/p>\n<p><span style=\"font-size: large;\">As amostras de \u201cp\u00f3len de pote\u201d foram coletadas em quatro localidades diferentes do Amazonas: Melipon\u00e1rio do Grupo de Pesquisas em Abelhas (GPA) do Instituto Nacional de Pesquisas da Amaz\u00f4nia (Inpa), Ramal do Brasileirinho, Iranduba e Boa Vista do Ramos. Os nutrientes majorit\u00e1rios encontrados nessas amostras foram as prote\u00ednas e as fibras diet\u00e9ticas insol\u00faveis.<\/span><\/p>\n<figure id=\"attachment_3448\" aria-describedby=\"caption-attachment-3448\" style=\"width: 550px\" class=\"wp-caption alignleft\"><a href=\"https:\/\/apacame.org.br\/site\/wp-content\/uploads\/2020\/06\/figura-2-Potencial.jpg\"><img decoding=\"async\" class=\"size-full wp-image-3448\" src=\"https:\/\/apacame.org.br\/site\/wp-content\/uploads\/2020\/06\/figura-2-Potencial.jpg\" alt=\"Melipona seminigra esp\u00e9cie de abelha sem ferr\u00e3o nativa do Amazonas.\" width=\"550\" height=\"367\" srcset=\"https:\/\/apacame.org.br\/site\/wp-content\/uploads\/2020\/06\/figura-2-Potencial.jpg 550w, https:\/\/apacame.org.br\/site\/wp-content\/uploads\/2020\/06\/figura-2-Potencial-300x200.jpg 300w, https:\/\/apacame.org.br\/site\/wp-content\/uploads\/2020\/06\/figura-2-Potencial-150x100.jpg 150w, https:\/\/apacame.org.br\/site\/wp-content\/uploads\/2020\/06\/figura-2-Potencial-500x334.jpg 500w\" sizes=\"(max-width: 550px) 100vw, 550px\" \/><\/a><figcaption id=\"caption-attachment-3448\" class=\"wp-caption-text\">Melipona seminigra esp\u00e9cie de abelha sem ferr\u00e3o nativa do Amazonas.<\/figcaption><\/figure>\n<p><span style=\"font-size: large;\">A coordenadora do projeto, Kemilla Rebelo, destaca que todas as amostras apresentaram alta quantidade de amino\u00e1cidos essenciais, quando comparadas a outros alimentos, como o leite e os ovos de galinha, tidos como as principais fontes dessas subst\u00e2ncias.<\/span><\/p>\n<p><span style=\"font-size: large;\">A rela\u00e7\u00e3o de \u00e1cidos graxos poli-insaturados com os saturados, encontrada na totalidade das amostras, tamb\u00e9m foi alta em compara\u00e7\u00e3o a outros alimentos, como algumas esp\u00e9cies de peixes de \u00e1gua doce e salgada e, de diferentes cultivares de azeitonas. Uma dieta com alto \u00edndice dessas subst\u00e2ncias \u00e9 recomendada para prevenir doen\u00e7as card\u00edacas. <\/span><\/p>\n<p><span style=\"font-size: large;\">\u201cO \u201cp\u00f3len de pote\u201d tamb\u00e9m \u00e9 rico em subst\u00e2ncias bioativas como os polifen\u00f3is e carotenoides que s\u00e3o compostos com propriedades anti-inflamat\u00f3ria e antioxidante. Diversos estudos j\u00e1 demostraram que alimentos ricos nessas subst\u00e2ncias apresentam efeitos protetores capazes de prevenir ou minimizar os efeitos nocivos dos radicais livres, compostos relacionados ao desenvolvimento de diversas doen\u00e7as\u201d, disse Kemilla. <\/span><\/p>\n<p><span style=\"font-size: large;\"><b>Metodologia<\/b> <\/span><\/p>\n<figure id=\"attachment_3449\" aria-describedby=\"caption-attachment-3449\" style=\"width: 550px\" class=\"wp-caption alignright\"><a href=\"https:\/\/apacame.org.br\/site\/wp-content\/uploads\/2020\/06\/figura-3-Potencial.jpg\"><img decoding=\"async\" class=\"size-full wp-image-3449\" src=\"https:\/\/apacame.org.br\/site\/wp-content\/uploads\/2020\/06\/figura-3-Potencial.jpg\" alt=\"Professora Kemilla Rebelo coordenadora do projeto.\" width=\"550\" height=\"367\" srcset=\"https:\/\/apacame.org.br\/site\/wp-content\/uploads\/2020\/06\/figura-3-Potencial.jpg 550w, https:\/\/apacame.org.br\/site\/wp-content\/uploads\/2020\/06\/figura-3-Potencial-300x200.jpg 300w, https:\/\/apacame.org.br\/site\/wp-content\/uploads\/2020\/06\/figura-3-Potencial-150x100.jpg 150w, https:\/\/apacame.org.br\/site\/wp-content\/uploads\/2020\/06\/figura-3-Potencial-500x334.jpg 500w\" sizes=\"(max-width: 550px) 100vw, 550px\" \/><\/a><figcaption id=\"caption-attachment-3449\" class=\"wp-caption-text\">Professora Kemilla Rebelo coordenadora do projeto.<\/figcaption><\/figure>\n<p><span style=\"font-size: large;\">Para avaliar o efeito da ingest\u00e3o do \u201cp\u00f3len de pote\u201d in vivo 36 camundongos da linhagem C57BL\/6J foram divididos em tr\u00eas grupos experimentais. Um deles foi alimentado com uma dieta com baixo teor de gordura e a\u00e7\u00facar e, os outros dois receberam dieta com alto teor de gordura e a\u00e7\u00facar durante duas semanas para a indu\u00e7\u00e3o da obesidade.<\/span><\/p>\n<p><span style=\"font-size: large;\">Ap\u00f3s este per\u00edodo, o terceiro grupo passou a receber uma dieta com alto teor de a\u00e7\u00facar e gordura contendo 0,1% de \u201cp\u00f3len de pote\u201d por mais 10 semanas. As dietas foram equilibradas para fornecer o mesmo conte\u00fado energ\u00e9tico e, o \u201cp\u00f3len de pote\u201d foi a \u00fanica fonte de polifen\u00f3is da dieta. <\/span><\/p>\n<p><span style=\"font-size: large;\">Os camundongos obesos tratados com o \u201cp\u00f3len de pote\u201d apresentaram diminui\u00e7\u00e3o significativa da glicemia de jejum, melhora na constante de decaimento da glicose e, uma tend\u00eancia a aumentar a secre\u00e7\u00e3o de insulina plasm\u00e1tica estimulada por glicose. <\/span><\/p>\n<p><span style=\"font-size: large;\">A modula\u00e7\u00e3o da microbiota intestinal consiste na altera\u00e7\u00e3o da composi\u00e7\u00e3o de microrganismos presentes no intestino. Essa modula\u00e7\u00e3o depende de diversos fatores, entre eles a dieta, e pode ser ben\u00e9fica \u00e0 sa\u00fade ou n\u00e3o. Atualmente, est\u00e3o sendo realizadas v\u00e1rias pesquisas com o intuito de conhecer como modular beneficamente a microbiota, ou seja, como manipular as popula\u00e7\u00f5es bacterianas para proporcionar efeitos ben\u00e9ficos \u00e0 sa\u00fade. <\/span><\/p>\n<p><span style=\"font-size: large;\"><b>Import\u00e2ncia da pesquisa<\/b><\/span><\/p>\n<p><span style=\"font-size: large;\">O \u201cpol\u00e9n de pote\u201d \u00e9 um produto oriundo da Meliponicultura, atividade econ\u00f4mica que consiste na cria\u00e7\u00e3o racional de abelhas sem ferr\u00e3o. O conhecimento do valor nutritivo e do potencial efeito ben\u00e9fico da ingest\u00e3o deste alimento para a sa\u00fade pode impulsionar o desenvolvimento da economia regional e ao mesmo tempo contribuir para a preserva\u00e7\u00e3o do bioma Amaz\u00f4nia, uma vez que a Meliponicultura \u00e9 uma atividade ecologicamente sustent\u00e1vel e socialmente justa, com potencial para substituir atividades explorat\u00f3rias relacionadas ao desmatamento. <\/span><\/p>\n<p><span style=\"font-size: large;\"><b>RH-Interioriza\u00e7\u00e3o<\/b><\/span><\/p>\n<p><span style=\"font-size: large;\">O Programa RH-Interioriza\u00e7\u00e3o foi substitu\u00eddo pelo Programa de Apoio \u00e0 Forma\u00e7\u00e3o de Recursos Humanos para o Interior do Estado do Amazonas (Proint). O objetivo \u00e9 conceder bolsa de mestrado e doutorado a profissionais graduados residentes no interior do estado do Amazonas h\u00e1 no m\u00ednimo 4 (quatro) anos ou que mantenham rela\u00e7\u00e3o de trabalho ou emprego com institui\u00e7\u00e3o municipal, estadual ou federal sediada ou com unidade permanente no interior do Estado, interessados em realizar curso de p\u00f3s-gradua\u00e7\u00e3o stricto sensu, em programa credenciado pela Coordena\u00e7\u00e3o de Aperfei\u00e7oamento de Pessoal de N\u00edvel Superior (Capes), em institui\u00e7\u00f5es do Amazonas localizadas em munic\u00edpio diferente de onde reside o candidato.<\/span><\/p>\n","protected":false},"excerpt":{"rendered":"<p>Estudo revela potencial antiglic\u00eamico de p\u00f3len produzido por esp\u00e9cie de abelha nativa do Amazonas Fonte: http:\/\/www.fapeam.am.gov.br\/estudo-revela-potencial-antiglicemico-de-polen-produzido-por-especie-de-abelha-nativa-do-amazonas\/ Texto: Helen de Melo &#8211; Fotos: \u00c9rico Xavier. Um estudo realizado com um modelo [&hellip;]<\/p>\n","protected":false},"author":20,"featured_media":0,"parent":3421,"menu_order":0,"comment_status":"open","ping_status":"open","template":"","meta":{"pmpro_default_level":"","_price":"","_stock":"","_tribe_ticket_header":"","_tribe_default_ticket_provider":"","_tribe_ticket_capacity":"0","_ticket_start_date":"","_ticket_end_date":"","_tribe_ticket_show_description":"","_tribe_ticket_show_not_going":false,"_tribe_ticket_use_global_stock":"","_tribe_ticket_global_stock_level":"","_global_stock_mode":"","_global_stock_cap":"","_tribe_rsvp_for_event":"","_tribe_ticket_going_count":"","_tribe_ticket_not_going_count":"","_tribe_tickets_list":"[]","_tribe_ticket_has_attendee_info_fields":false,"cybocfi_hide_featured_image":"","footnotes":""},"class_list":["post-3446","page","type-page","status-publish","hentry","pmpro-has-access"],"_links":{"self":[{"href":"https:\/\/apacame.org.br\/site\/wp-json\/wp\/v2\/pages\/3446"}],"collection":[{"href":"https:\/\/apacame.org.br\/site\/wp-json\/wp\/v2\/pages"}],"about":[{"href":"https:\/\/apacame.org.br\/site\/wp-json\/wp\/v2\/types\/page"}],"author":[{"embeddable":true,"href":"https:\/\/apacame.org.br\/site\/wp-json\/wp\/v2\/users\/20"}],"replies":[{"embeddable":true,"href":"https:\/\/apacame.org.br\/site\/wp-json\/wp\/v2\/comments?post=3446"}],"version-history":[{"count":2,"href":"https:\/\/apacame.org.br\/site\/wp-json\/wp\/v2\/pages\/3446\/revisions"}],"predecessor-version":[{"id":3451,"href":"https:\/\/apacame.org.br\/site\/wp-json\/wp\/v2\/pages\/3446\/revisions\/3451"}],"up":[{"embeddable":true,"href":"https:\/\/apacame.org.br\/site\/wp-json\/wp\/v2\/pages\/3421"}],"wp:attachment":[{"href":"https:\/\/apacame.org.br\/site\/wp-json\/wp\/v2\/media?parent=3446"}],"curies":[{"name":"wp","href":"https:\/\/api.w.org\/{rel}","templated":true}]}}