{"id":3438,"date":"2020-06-15T19:32:34","date_gmt":"2020-06-15T19:32:34","guid":{"rendered":"http:\/\/apacame.org.br\/site\/?page_id=3438"},"modified":"2020-06-15T19:38:24","modified_gmt":"2020-06-15T19:38:24","slug":"artigo-2","status":"publish","type":"page","link":"https:\/\/apacame.org.br\/site\/revista\/mensagem-doce-n-156-maio-de-2020\/artigo-2\/","title":{"rendered":"Artigo"},"content":{"rendered":"<h1 style=\"text-align: center;\">Mudan\u00e7as clim\u00e1ticas poder\u00e3o reduzir a disponibilidade de polinizadores na Amaz\u00f4nia Oriental<\/h1>\n<blockquote><p>Tereza Cristina Giannini<sup>1<\/sup>,<sup>2<\/sup>, Wilian Fran\u00e7a Costa<sup>1<\/sup>,<sup>3<\/sup>, Rafael Cabral Borges<sup>1<\/sup>,<sup>2<\/sup>, Leonardo Miranda<sup>1<\/sup>, Claudia Priscila Wanzeler da Costa<sup>1<\/sup>, Antonio Mauro Saraiva<sup>3<\/sup>, Vera Lucia Imperatriz Fonseca<sup>3<\/sup><br \/>\n<sup>1<\/sup> Instituto Tecnol\u00f3gico Vale, Bel\u00e9m, Par\u00e1, Brasil<br \/>\n<sup>2<\/sup> Universidade Federal do Par\u00e1, Bel\u00e9m, Par\u00e1, Brasil<br \/>\n<sup>3<\/sup> Universidade de S\u00e3o Paulo, S\u00e3o Paulo, S\u00e3o Paulo, Brasil<\/p><\/blockquote>\n<p><span style=\"font-size: large;\"><b>Introdu\u00e7\u00e3o<\/b><\/span><\/p>\n<p><span style=\"font-size: large;\">As mudan\u00e7as clim\u00e1ticas t\u00eam impactado os ecossistemas e sua biodiversidade de forma crescente em todo o globo. Extin\u00e7\u00f5es de esp\u00e9cies j\u00e1 foram reportadas e atingem grupos muito variados tanto da flora quanto da fauna. Recentemente, uma grande aten\u00e7\u00e3o tem sido direcionada aos insetos, j\u00e1 que estudos mostraram que as mudan\u00e7as do clima global v\u00eam atuando como respons\u00e1veis por uma acentuada redu\u00e7\u00e3o de sua biodiversidade. Esse \u00e9 um fato que precisa ser tratado com seriedade e compromisso, pois os insetos est\u00e3o presentes na cadeia alimentar de v\u00e1rios outros animais, como por exemplo, aves e morcegos, que realizam importantes fun\u00e7\u00f5es para a manuten\u00e7\u00e3o dos ecossistemas, como por exemplo, a dispers\u00e3o de sementes. Al\u00e9m disso, muitas esp\u00e9cies de insetos est\u00e3o diretamente envolvidas na manuten\u00e7\u00e3o dos ecossistemas atrav\u00e9s da ciclagem de nutrientes e da poliniza\u00e7\u00e3o. Os insetos s\u00e3o o principal grupo de animais polinizadores, e a poliniza\u00e7\u00e3o \u00e9 uma fun\u00e7\u00e3o que \u00e9 imprescind\u00edvel de ser executada, j\u00e1 que muitas plantas dependem de poliniza\u00e7\u00e3o para produzir frutos e sementes que, al\u00e9m de servir de alimento para muitos animais, est\u00e3o na base da agricultura e garantem o fornecimento de alimento para as pessoas.<\/span><\/p>\n<figure id=\"attachment_3442\" aria-describedby=\"caption-attachment-3442\" style=\"width: 500px\" class=\"wp-caption alignright\"><a href=\"https:\/\/apacame.org.br\/site\/wp-content\/uploads\/2020\/06\/figura-1-Mundancas.jpg\"><img fetchpriority=\"high\" decoding=\"async\" class=\"size-full wp-image-3442\" src=\"https:\/\/apacame.org.br\/site\/wp-content\/uploads\/2020\/06\/figura-1-Mundancas.jpg\" alt=\"Figura 1. Os impactos das mudan\u00e7as clim\u00e1ticas nas esp\u00e9cies de abelhas incluem a redu\u00e7\u00e3o da adequabilidade do habitat. As respostas das abelhas \u00e0s mudan\u00e7as clim\u00e1ticas podem ser complexas, com potenciais efeitos negativos na poliniza\u00e7\u00e3o, uma importante fun\u00e7\u00e3o do ecossistema.\" width=\"500\" height=\"346\" srcset=\"https:\/\/apacame.org.br\/site\/wp-content\/uploads\/2020\/06\/figura-1-Mundancas.jpg 500w, https:\/\/apacame.org.br\/site\/wp-content\/uploads\/2020\/06\/figura-1-Mundancas-300x208.jpg 300w, https:\/\/apacame.org.br\/site\/wp-content\/uploads\/2020\/06\/figura-1-Mundancas-150x104.jpg 150w\" sizes=\"(max-width: 500px) 100vw, 500px\" \/><\/a><figcaption id=\"caption-attachment-3442\" class=\"wp-caption-text\">Figura 1. Os impactos das mudan\u00e7as clim\u00e1ticas nas esp\u00e9cies de abelhas incluem<br \/>a redu\u00e7\u00e3o da adequabilidade do habitat. As respostas das abelhas \u00e0s mudan\u00e7as<br \/>clim\u00e1ticas podem ser complexas, com potenciais efeitos negativos na poliniza\u00e7\u00e3o,<br \/>uma importante fun\u00e7\u00e3o do ecossistema.<\/figcaption><\/figure>\n<p><span style=\"font-size: large;\">As abelhas s\u00e3o consideradas, dentre os insetos, como os polinizadores mais importantes em todos os ecossistemas terrestres. Globalmente, as popula\u00e7\u00f5es de abelhas nativas v\u00eam sofrendo decl\u00ednio devido a algumas atividades humanas, tais como, desmatamento, competi\u00e7\u00e3o com esp\u00e9cies invasoras, doen\u00e7as, uso de agroqu\u00edmicos e as mudan\u00e7as clim\u00e1ticas originadas. As mudan\u00e7as clim\u00e1ticas s\u00e3o uma grande amea\u00e7a para as abelhas, tanto as silvestres quanto as que s\u00e3o manejadas para a obten\u00e7\u00e3o de produtos ap\u00edcolas (como o mel, por exemplo) em todo o mundo. Na regi\u00e3o Amaz\u00f4nica, as mudan\u00e7as clim\u00e1ticas podem causar altera\u00e7\u00f5es na intensidade, frequ\u00eancia e na dura\u00e7\u00e3o de eventos clim\u00e1ticos extremos, al\u00e9m de serem respons\u00e1veis pela altera\u00e7\u00e3o nos padr\u00f5es de temperatura e nos regimes de chuva. Essas mudan\u00e7as afetam diretamente m\u00faltiplos aspectos da biologia das esp\u00e9cies, como por exemplo, adapta\u00e7\u00f5es fisiol\u00f3gicas, capacidade de habitar determinadas \u00e1reas, e a capacidade de mover-se em busca de \u00e1reas climaticamente mais adequadas. Portanto, compreender as respostas das esp\u00e9cies \u00e0s mudan\u00e7as globais em andamento \u00e9 essencial para que se possa manter a poliniza\u00e7\u00e3o, garantindo o funcionamento e a sustentabilidade dos ecossistemas.<\/span><\/p>\n<p><span style=\"font-size: large;\">Uma maneira de analisar a resposta de m\u00faltiplas esp\u00e9cies \u00e0s mudan\u00e7as clim\u00e1ticas consiste em utilizar caracter\u00edsticas espec\u00edficas, como por exemplo, carater\u00edsticas morfol\u00f3gicas, reprodutivas e\/ou comportamentais. N\u00e3o apenas as respostas das esp\u00e9cies podem ser medidas e previstas usando esse tipo de abordagem, mas tamb\u00e9m sua contribui\u00e7\u00e3o para as fun\u00e7\u00f5es e servi\u00e7os do ecossistema, e os poss\u00edveis impactos da perda das esp\u00e9cies nesses processos. Sabe-se que o tamanho do corpo dos polinizadores influencia na compatibilidade com diferentes tipos de flores e na efici\u00eancia da poliniza\u00e7\u00e3o por visita. Por exemplo, uma esp\u00e9cie de pequeno tamanho ou uma esp\u00e9cie com l\u00edngua longa poder\u00e3o ser capazes de explorar de forma mais eficiente uma flor pequena ou uma flor de tubo longo, respectivamente. No caso das abelhas, al\u00e9m do tamanho corporal, caracter\u00edsticas como h\u00e1bito de nidifica\u00e7\u00e3o, grau de socialidade (se \u00e9 social ou solit\u00e1ria), se a extens\u00e3o de sua ocorr\u00eancia geogr\u00e1fica \u00e9 ampla ou restrita, e se a esp\u00e9cie \u00e9 ou n\u00e3o polinizadora de culturas agr\u00edcolas podem ser avaliadas separadamente para que se possa compreender o efeito da redu\u00e7\u00e3o de esp\u00e9cies no funcionamento do ecossistema (Figura 1). <\/span><\/p>\n<p><span style=\"font-size: large;\">Neste estudo, avaliamos a resposta potencial das abelhas presentes em uma \u00e1rea protegida na Amaz\u00f4nia Oriental (Floresta Nacional de Caraj\u00e1s, sudeste do Par\u00e1) \u00e0s mudan\u00e7as clim\u00e1ticas. Consideramos tamb\u00e9m o tamanho do corpo, local de constru\u00e7\u00e3o do ninho, socialidade, tamanho da \u00e1rea de ocorr\u00eancia atual das abelhas e poliniza\u00e7\u00e3o de culturas agr\u00edcolas para compreender respostas mais espec\u00edficas \u00e0s mudan\u00e7as de clima.<\/span><\/p>\n<p><span style=\"font-size: large;\"><b>Procedimento experimental<\/b><\/span><\/p>\n<p><span style=\"font-size: large;\"><a href=\"https:\/\/apacame.org.br\/site\/wp-content\/uploads\/2020\/06\/figura-2-Mundancas.jpg\"><img decoding=\"async\" class=\"alignleft size-full wp-image-3443\" src=\"https:\/\/apacame.org.br\/site\/wp-content\/uploads\/2020\/06\/figura-2-Mundancas.jpg\" alt=\"figura-2-Mundancas\" width=\"800\" height=\"956\" srcset=\"https:\/\/apacame.org.br\/site\/wp-content\/uploads\/2020\/06\/figura-2-Mundancas.jpg 800w, https:\/\/apacame.org.br\/site\/wp-content\/uploads\/2020\/06\/figura-2-Mundancas-251x300.jpg 251w, https:\/\/apacame.org.br\/site\/wp-content\/uploads\/2020\/06\/figura-2-Mundancas-150x179.jpg 150w, https:\/\/apacame.org.br\/site\/wp-content\/uploads\/2020\/06\/figura-2-Mundancas-418x500.jpg 418w\" sizes=\"(max-width: 800px) 100vw, 800px\" \/><\/a>Foi avaliado o impacto da mudan\u00e7a clim\u00e1tica em 216 esp\u00e9cies de abelhas atrav\u00e9s de uma ferramenta computacional chamada de modelagem de distribui\u00e7\u00e3o potencial de esp\u00e9cies. As esp\u00e9cies analisadas correspondem a 80% das abelhas reportadas para o estado do Par\u00e1, o que torna esta avalia\u00e7\u00e3o importante numa escala mais ampla. Foram testados dois cen\u00e1rios clim\u00e1ticos definidos pela Plataforma Intergovernamental de Mudan\u00e7as Clim\u00e1ticas (IPCC), que projetam mudan\u00e7as de clima para 2050 e 2070, e que simulam dois n\u00edveis diferentes de intensidade de mudan\u00e7as (moderado e pessimista). No cen\u00e1rio moderado, h\u00e1 um esfor\u00e7o em manter o aumento da temperatura m\u00e9dia global em 1,5\u00b0C, ao passo que no cen\u00e1rio pessimista esse esfor\u00e7o simplesmente n\u00e3o existe e as taxas de mudan\u00e7as continuam crescendo, seguindo os n\u00edveis atuais. Os cen\u00e1rios foram utilizados para avaliar o impacto da mudan\u00e7a de clima em cada esp\u00e9cie de abelha da regi\u00e3o. Depois, foram avaliadas as mudan\u00e7as no conjunto de todas as esp\u00e9cies, e em cada subgrupo de esp\u00e9cies de acordo com as cinco caracter\u00edsticas citadas acima (tamanho corporal, socialidade, nidifica\u00e7\u00e3o, tamanho da \u00e1rea de ocorr\u00eancia, e se \u00e9 ou n\u00e3o polinizador de cultura agr\u00edcola). <\/span><\/p>\n<p><span style=\"font-size: large;\"><b>Resultados e Discuss\u00e3o<\/b><\/span><\/p>\n<p><span style=\"font-size: large;\">Obtivemos como resultado, que as \u00e1reas onde as abelhas ocorrem sofrer\u00e3o mudan\u00e7as significativas, o que poder\u00e1 afetar negativamente mais de 85% das esp\u00e9cies. Considerando-se os subgrupos que apresentam as cinco caracter\u00edsticas citadas anteriormente, os resultados mostraram que as abelhas que apresentam \u00e1reas de ocorr\u00eancia mais restritas e aquelas que s\u00e3o polinizadoras de culturas agr\u00edcolas poder\u00e3o ser significativamente mais afetadas (Figura 2). As implica\u00e7\u00f5es da perda t\u00e3o acentuada de esp\u00e9cies podem ser diversas. Por exemplo, poder\u00e1 haver um importante impacto nas intera\u00e7\u00f5es com as plantas locais, e um potencial d\u00e9ficit de poliniza\u00e7\u00e3o na regi\u00e3o. A redu\u00e7\u00e3o do n\u00famero de esp\u00e9cies que apresentam \u00e1reas de ocorr\u00eancia mais restritas indica que poder\u00e1 haver uma homogeneiza\u00e7\u00e3o da diversidade local de abelhas, fazendo com que apenas um pequeno n\u00famero de esp\u00e9cies mais comuns, que est\u00e3o presentes em muitos lugares, poder\u00e1 continuar habitando a regi\u00e3o analisada. Por fim, a redu\u00e7\u00e3o de esp\u00e9cies polinizadoras de culturas agr\u00edcolas poder\u00e1 impactar diretamente na produ\u00e7\u00e3o de alguns alimentos gerando potencialmente um impacto na economia local, e podendo aumentar a vulnerabilidade \u00e0 escassez de alimentos.<\/span><\/p>\n<p><span style=\"font-size: large;\">Os resultados mostram tamb\u00e9m que outras \u00e1reas no estado do Par\u00e1 poder\u00e3o ser adequadas para essas esp\u00e9cies (Figura 2). Essas \u00e1reas est\u00e3o localizadas principalmente nas regi\u00f5es oeste e norte do Estado. As diferen\u00e7as encontradas entre essas regi\u00f5es s\u00e3o not\u00e1veis. As por\u00e7\u00f5es nordeste e sudeste s\u00e3o as mais desmatadas de todo o estado, enquanto que, nas por\u00e7\u00f5es a oeste, est\u00e3o localizadas muitas \u00e1reas protegidas (Unidades de Conserva\u00e7\u00e3o e Terras Ind\u00edgenas). Vale ressaltar tamb\u00e9m que as \u00e1reas tidas como adequadas para essas abelhas, refletem apenas os aspectos clim\u00e1ticos do habitat e que outras condi\u00e7\u00f5es s\u00e3o igualmente importantes para a manuten\u00e7\u00e3o da biodiversidade de abelhas, como por exemplo, a presen\u00e7a de florestas. Portanto, do ponto de vista de tomada de decis\u00e3o, nossos resultados s\u00e3o importantes para guiar a\u00e7\u00f5es de manejo e conserva\u00e7\u00e3o mais eficientes.<\/span><\/p>\n<p><span style=\"font-size: large;\">Solu\u00e7\u00f5es poss\u00edveis para reduzir o impacto das mudan\u00e7as de clima sobre a biodiversidade deveriam considerar a restaura\u00e7\u00e3o de \u00e1reas degradadas, especialmente no contexto da floresta Amaz\u00f4nica. A floresta tem sido crescentemente degradada por atividades antr\u00f3picas como o desmatamento. Em especial, a \u00e1rea de estudo localiza-se dentro do Arco do Desmatamento, uma regi\u00e3o historicamente bastante afetada. Outros trabalhos recentes t\u00eam mostrado que o desmatamento tem alterado o clima da regi\u00e3o, e isso pode acarretar em maior perda de floresta e, se assim continuar, um ponto irrevers\u00edvel poder\u00e1 ser alcan\u00e7ado, onde a floresta poder\u00e1 ser substitu\u00edda por um novo tipo de ecossistema. Portanto, programas de restaura\u00e7\u00e3o de florestas na Amaz\u00f4nia s\u00e3o importantes para a manuten\u00e7\u00e3o da biodiversidade a longo prazo. A cria\u00e7\u00e3o de corredores ecol\u00f3gicos, conectando fragmentos de floresta isolados, pode auxiliar as esp\u00e9cies a se deslocarem em dire\u00e7\u00e3o a \u00e1reas de clima mais adequado. A aplica\u00e7\u00e3o de sistemas agroflorestais tamb\u00e9m seria \u00fatil, visando n\u00e3o s\u00f3 a prote\u00e7\u00e3o da biodiversidade, mas tamb\u00e9m a gera\u00e7\u00e3o de renda para a popula\u00e7\u00e3o local. Atividades como cria\u00e7\u00e3o de abelhas sem ferr\u00e3o nativas, por exemplo, poderiam tamb\u00e9m ser uma alternativa que promove renda e protege a natureza. <\/span><\/p>\n<p><span style=\"font-size: large;\">Assim, a utiliza\u00e7\u00e3o de cen\u00e1rios para antecipar o impacto das mudan\u00e7as de clima \u00e9 uma ferramenta imprescind\u00edvel para auxiliar a tomada de decis\u00f5es diante das mudan\u00e7as globais. Em especial, a prote\u00e7\u00e3o dos polinizadores \u00e9 urgente, visando garantir a provis\u00e3o dos servi\u00e7os de poliniza\u00e7\u00e3o tanto para o equil\u00edbrio dos ecossistemas como para a produ\u00e7\u00e3o das culturas agr\u00edcolas.<\/span><\/p>\n<p><span style=\"font-size: large;\"><b>O texto completo (incluindo as listas das esp\u00e9cies analisadas) est\u00e1 dispon\u00edvel na internet e \u00e9 de livre acesso:<\/b><\/span><\/p>\n<p><span style=\"font-size: large;\">Giannini, T.C.; Costa, W.F.; Borges, R.C.; Miranda, L.; Costa, C.P.W.; Saraiva, A.M.; Imperatriz-Fonseca, V.L. Climate change in the Eastern Amazon: crop-pollinator and occurrence-restricted bees are potentially more affected. Regional Environmental Change 2020. Em <a href=\"https:\/\/link.springer.com\/article\/10.1007\/s10113-020-01611-y\" target=\"_blank\" rel=\"noopener\">https:\/\/link.springer.com\/article\/10.1007\/s10113-020-01611-y<\/a>.<\/span><\/p>\n","protected":false},"excerpt":{"rendered":"<p>Mudan\u00e7as clim\u00e1ticas poder\u00e3o reduzir a disponibilidade de polinizadores na Amaz\u00f4nia Oriental Tereza Cristina Giannini1,2, Wilian Fran\u00e7a Costa1,3, Rafael Cabral Borges1,2, Leonardo Miranda1, Claudia Priscila Wanzeler da Costa1, Antonio Mauro Saraiva3, [&hellip;]<\/p>\n","protected":false},"author":20,"featured_media":0,"parent":3421,"menu_order":0,"comment_status":"open","ping_status":"open","template":"","meta":{"pmpro_default_level":"","_price":"","_stock":"","_tribe_ticket_header":"","_tribe_default_ticket_provider":"","_tribe_ticket_capacity":"0","_ticket_start_date":"","_ticket_end_date":"","_tribe_ticket_show_description":"","_tribe_ticket_show_not_going":false,"_tribe_ticket_use_global_stock":"","_tribe_ticket_global_stock_level":"","_global_stock_mode":"","_global_stock_cap":"","_tribe_rsvp_for_event":"","_tribe_ticket_going_count":"","_tribe_ticket_not_going_count":"","_tribe_tickets_list":"[]","_tribe_ticket_has_attendee_info_fields":false,"cybocfi_hide_featured_image":"","footnotes":""},"class_list":["post-3438","page","type-page","status-publish","hentry","pmpro-has-access"],"_links":{"self":[{"href":"https:\/\/apacame.org.br\/site\/wp-json\/wp\/v2\/pages\/3438"}],"collection":[{"href":"https:\/\/apacame.org.br\/site\/wp-json\/wp\/v2\/pages"}],"about":[{"href":"https:\/\/apacame.org.br\/site\/wp-json\/wp\/v2\/types\/page"}],"author":[{"embeddable":true,"href":"https:\/\/apacame.org.br\/site\/wp-json\/wp\/v2\/users\/20"}],"replies":[{"embeddable":true,"href":"https:\/\/apacame.org.br\/site\/wp-json\/wp\/v2\/comments?post=3438"}],"version-history":[{"count":3,"href":"https:\/\/apacame.org.br\/site\/wp-json\/wp\/v2\/pages\/3438\/revisions"}],"predecessor-version":[{"id":3444,"href":"https:\/\/apacame.org.br\/site\/wp-json\/wp\/v2\/pages\/3438\/revisions\/3444"}],"up":[{"embeddable":true,"href":"https:\/\/apacame.org.br\/site\/wp-json\/wp\/v2\/pages\/3421"}],"wp:attachment":[{"href":"https:\/\/apacame.org.br\/site\/wp-json\/wp\/v2\/media?parent=3438"}],"curies":[{"name":"wp","href":"https:\/\/api.w.org\/{rel}","templated":true}]}}