{"id":3429,"date":"2020-06-15T19:02:57","date_gmt":"2020-06-15T19:02:57","guid":{"rendered":"http:\/\/apacame.org.br\/site\/?page_id=3429"},"modified":"2020-06-15T19:02:57","modified_gmt":"2020-06-15T19:02:57","slug":"editorial","status":"publish","type":"page","link":"https:\/\/apacame.org.br\/site\/revista\/mensagem-doce-n-156-maio-de-2020\/editorial\/","title":{"rendered":"Editorial"},"content":{"rendered":"<h1 style=\"text-align: center;\">O Mundo est\u00e1 parado!<\/h1>\n<p><span style=\"font-size: large;\">Estamos passando por um per\u00edodo de imensas dificuldades onde o ser humano est\u00e1 sofrendo grande transforma\u00e7\u00e3o, s\u00f3 vista antes, em 1918 com a gripe espanhola e agora em fun\u00e7\u00e3o do Covid-19. <\/span><\/p>\n<p><span style=\"font-size: large;\">A ind\u00fastria e o com\u00e9rcio est\u00e3o praticamente parados e o aumento da doen\u00e7a atingindo a popula\u00e7\u00e3o de forma clara e objetiva tem deixado uma preocupa\u00e7\u00e3o enorme.<\/span><\/p>\n<p><span style=\"font-size: large;\">Isso trouxe uma situa\u00e7\u00e3o muito triste, mas necess\u00e1ria que exige hoje do ser humano ficar em casa para evitar contamina\u00e7\u00e3o. Os passeios, reuni\u00f5es, encontros nos Shoppings, cinema, teatros, parques est\u00e3o todos cancelados. <\/span><\/p>\n<p><span style=\"font-size: large;\">At\u00e9 quando vamos ter esse problema? N\u00e3o sabemos, porem temos a confian\u00e7a que muitas coisas n\u00e3o ser\u00e3o afetadas, e uma delas, s\u00e3o as abelhas, que continuam sofrendo os ataques das pulveriza\u00e7\u00f5es a\u00e9reas, mas ainda n\u00e3o ser\u00e3o totalmente eliminadas, e sim oferecendo condi\u00e7\u00f5es de polinizar pelo menos 75% de todos os produtos agr\u00edcolas que consumimos, e s\u00f3 os consumimos porque temos as abelhas para fazer a poliniza\u00e7\u00e3o.<\/span><\/p>\n<p><span style=\"font-size: large;\">A vida \u00e9 uma caixa de surpresa, porem temos que ter consci\u00eancia e responsabilidade da realidade e para tanto lutarmos pelo bem esta da nossa popula\u00e7\u00e3o.<\/span><\/p>\n<p><span style=\"font-size: large;\"><i><b>Radam\u00e9s Zovaro \u2013 Diretor T\u00e9cnico da APACAME<\/b><\/i><\/span><\/p>\n","protected":false},"excerpt":{"rendered":"<p>O Mundo est\u00e1 parado! Estamos passando por um per\u00edodo de imensas dificuldades onde o ser humano est\u00e1 sofrendo grande transforma\u00e7\u00e3o, s\u00f3 vista antes, em 1918 com a gripe espanhola e [&hellip;]<\/p>\n","protected":false},"author":20,"featured_media":0,"parent":3421,"menu_order":0,"comment_status":"open","ping_status":"open","template":"","meta":{"pmpro_default_level":"","_price":"","_stock":"","_tribe_ticket_header":"","_tribe_default_ticket_provider":"","_tribe_ticket_capacity":"0","_ticket_start_date":"","_ticket_end_date":"","_tribe_ticket_show_description":"","_tribe_ticket_show_not_going":false,"_tribe_ticket_use_global_stock":"","_tribe_ticket_global_stock_level":"","_global_stock_mode":"","_global_stock_cap":"","_tribe_rsvp_for_event":"","_tribe_ticket_going_count":"","_tribe_ticket_not_going_count":"","_tribe_tickets_list":"[]","_tribe_ticket_has_attendee_info_fields":false,"cybocfi_hide_featured_image":"","footnotes":""},"class_list":["post-3429","page","type-page","status-publish","hentry","pmpro-has-access"],"_links":{"self":[{"href":"https:\/\/apacame.org.br\/site\/wp-json\/wp\/v2\/pages\/3429"}],"collection":[{"href":"https:\/\/apacame.org.br\/site\/wp-json\/wp\/v2\/pages"}],"about":[{"href":"https:\/\/apacame.org.br\/site\/wp-json\/wp\/v2\/types\/page"}],"author":[{"embeddable":true,"href":"https:\/\/apacame.org.br\/site\/wp-json\/wp\/v2\/users\/20"}],"replies":[{"embeddable":true,"href":"https:\/\/apacame.org.br\/site\/wp-json\/wp\/v2\/comments?post=3429"}],"version-history":[{"count":1,"href":"https:\/\/apacame.org.br\/site\/wp-json\/wp\/v2\/pages\/3429\/revisions"}],"predecessor-version":[{"id":3430,"href":"https:\/\/apacame.org.br\/site\/wp-json\/wp\/v2\/pages\/3429\/revisions\/3430"}],"up":[{"embeddable":true,"href":"https:\/\/apacame.org.br\/site\/wp-json\/wp\/v2\/pages\/3421"}],"wp:attachment":[{"href":"https:\/\/apacame.org.br\/site\/wp-json\/wp\/v2\/media?parent=3429"}],"curies":[{"name":"wp","href":"https:\/\/api.w.org\/{rel}","templated":true}]}}