{"id":3393,"date":"2020-04-09T22:16:47","date_gmt":"2020-04-09T22:16:47","guid":{"rendered":"http:\/\/apacame.org.br\/site\/?page_id=3393"},"modified":"2020-04-10T02:58:46","modified_gmt":"2020-04-10T02:58:46","slug":"noticia-2","status":"publish","type":"page","link":"https:\/\/apacame.org.br\/site\/revista\/mensagem-doce-n-155-marco-de-2020\/noticia-2\/","title":{"rendered":"Not\u00edcia"},"content":{"rendered":"<h1 style=\"text-align: center;\">Reuni\u00e3o na C\u00e2mara Setorial de Produtos Ap\u00edcolas<\/h1>\n<blockquote><p>Alcindo Alves<\/p><\/blockquote>\n<p><span style=\"font-size: large;\"><a href=\"https:\/\/apacame.org.br\/site\/wp-content\/uploads\/2020\/04\/Quadro_Reuniao.jpg\"><img fetchpriority=\"high\" decoding=\"async\" class=\"alignright size-medium wp-image-3395\" src=\"https:\/\/apacame.org.br\/site\/wp-content\/uploads\/2020\/04\/Quadro_Reuniao-196x300.jpg\" alt=\"Quadro_Reuniao\" width=\"196\" height=\"300\" srcset=\"https:\/\/apacame.org.br\/site\/wp-content\/uploads\/2020\/04\/Quadro_Reuniao-196x300.jpg 196w, https:\/\/apacame.org.br\/site\/wp-content\/uploads\/2020\/04\/Quadro_Reuniao-150x229.jpg 150w, https:\/\/apacame.org.br\/site\/wp-content\/uploads\/2020\/04\/Quadro_Reuniao-327x500.jpg 327w, https:\/\/apacame.org.br\/site\/wp-content\/uploads\/2020\/04\/Quadro_Reuniao.jpg 600w\" sizes=\"(max-width: 196px) 100vw, 196px\" \/><\/a>No dia 20 de fevereiro de 2020 a FAAMESP (Federa\u00e7\u00e3o das Associa\u00e7\u00f5es de Apicultores do Estado de S\u00e3o Paulo, a C\u00e2mara Setorial de Produtos Ap\u00edcolas do Estado de S\u00e3o Paulo e a ABEMEL (Associa\u00e7\u00e3o Brasileira de Exportadores de Mel), estiveram numa importante reuni\u00e3o com o deputado estadual Frederico D\u2019Avila e o seu chefe de gabinete, para tratar principalmente de assunto ligado \u00e0 parceria com os produtores de citros do estado de S\u00e3o Paulo, a fim de possibilitar que os apicultores possam instalar suas colmeias nos laranjais visando, em princ\u00edpio, a sua poliniza\u00e7\u00e3o e incrementar a produtividade..<\/span><\/p>\n<p><span style=\"font-size: large;\">Outro assunto n\u00e3o menos importante, com in\u00edcio de sua discuss\u00e3o, colocado \u00e0 mesa foi sobre a falsifica\u00e7\u00e3o do mel, assunto que na realidade ficou para a pauta da pr\u00f3xima reuni\u00e3o quando ser\u00e1 discutido a possibilidade de protocolizarmos perante o Minist\u00e9rio P\u00fablico solicita\u00e7\u00e3o no sentido que os falsificadores sejam coibidos dessa pr\u00e1tica. Como, praticamente \u00e9 invi\u00e1vel punir diretamente os falsificadores, sejam autuados os estabelecimentos onde sejam vendidos os falsificados. Para tanto ser\u00e1 necess\u00e1rio o aux\u00edlio dos apicultores para que adquiram esses produtos para que tenhamos o CNPJ e o endere\u00e7o desses estabelecimentos para que Minist\u00e9rio P\u00fablico possa acompanhar todo o tr\u00e2mite legal.<\/span><\/p>\n<p><span style=\"font-size: large;\">Foi discutido tamb\u00e9m, rapidamente, sobre os eventuais projetos para a poliniza\u00e7\u00e3o de soja, abacate e caf\u00e9.<\/span><\/p>\n","protected":false},"excerpt":{"rendered":"<p>Reuni\u00e3o na C\u00e2mara Setorial de Produtos Ap\u00edcolas Alcindo Alves No dia 20 de fevereiro de 2020 a FAAMESP (Federa\u00e7\u00e3o das Associa\u00e7\u00f5es de Apicultores do Estado de S\u00e3o Paulo, a C\u00e2mara [&hellip;]<\/p>\n","protected":false},"author":20,"featured_media":0,"parent":3339,"menu_order":0,"comment_status":"open","ping_status":"open","template":"","meta":{"pmpro_default_level":"","_price":"","_stock":"","_tribe_ticket_header":"","_tribe_default_ticket_provider":"","_tribe_ticket_capacity":"0","_ticket_start_date":"","_ticket_end_date":"","_tribe_ticket_show_description":"","_tribe_ticket_show_not_going":false,"_tribe_ticket_use_global_stock":"","_tribe_ticket_global_stock_level":"","_global_stock_mode":"","_global_stock_cap":"","_tribe_rsvp_for_event":"","_tribe_ticket_going_count":"","_tribe_ticket_not_going_count":"","_tribe_tickets_list":"[]","_tribe_ticket_has_attendee_info_fields":false,"cybocfi_hide_featured_image":"","footnotes":""},"class_list":["post-3393","page","type-page","status-publish","hentry","pmpro-has-access"],"_links":{"self":[{"href":"https:\/\/apacame.org.br\/site\/wp-json\/wp\/v2\/pages\/3393"}],"collection":[{"href":"https:\/\/apacame.org.br\/site\/wp-json\/wp\/v2\/pages"}],"about":[{"href":"https:\/\/apacame.org.br\/site\/wp-json\/wp\/v2\/types\/page"}],"author":[{"embeddable":true,"href":"https:\/\/apacame.org.br\/site\/wp-json\/wp\/v2\/users\/20"}],"replies":[{"embeddable":true,"href":"https:\/\/apacame.org.br\/site\/wp-json\/wp\/v2\/comments?post=3393"}],"version-history":[{"count":4,"href":"https:\/\/apacame.org.br\/site\/wp-json\/wp\/v2\/pages\/3393\/revisions"}],"predecessor-version":[{"id":3398,"href":"https:\/\/apacame.org.br\/site\/wp-json\/wp\/v2\/pages\/3393\/revisions\/3398"}],"up":[{"embeddable":true,"href":"https:\/\/apacame.org.br\/site\/wp-json\/wp\/v2\/pages\/3339"}],"wp:attachment":[{"href":"https:\/\/apacame.org.br\/site\/wp-json\/wp\/v2\/media?parent=3393"}],"curies":[{"name":"wp","href":"https:\/\/api.w.org\/{rel}","templated":true}]}}