{"id":3345,"date":"2020-04-08T14:59:12","date_gmt":"2020-04-08T14:59:12","guid":{"rendered":"http:\/\/apacame.org.br\/site\/?page_id=3345"},"modified":"2020-04-08T14:59:12","modified_gmt":"2020-04-08T14:59:12","slug":"editorial","status":"publish","type":"page","link":"https:\/\/apacame.org.br\/site\/revista\/mensagem-doce-n-155-marco-de-2020\/editorial\/","title":{"rendered":"Editorial"},"content":{"rendered":"<h1 style=\"text-align: center;\">Como ser\u00e1 2020<\/h1>\n<p><span style=\"font-size: large;\">Mais um ano se inicia e com isso, todos os problemas que a Apicultura tem que resolver e descobrir coisas boas para eliminar ou pelo menos minimizarem as tantas coisas ruins que passaram. Teremos nos dias 31\/07 a 02\/08\/2020, a realiza\u00e7\u00e3o do XXIII Congresso Brasileiro de Apicultura e IX Congresso Brasileiro de Meliponicultura, que ser\u00e1 realizado na cidade de Bras\u00edlia &#8211; Capital Federal do Brasil.<\/span><\/p>\n<p><span style=\"font-size: large;\">Esperamos que os \u00f3rg\u00e3os p\u00fablicos sejam muito bem representados e possam sentir as dificuldades que o setor Ap\u00edcola vem sofrendo constantemente em fun\u00e7\u00e3o dos problemas que lamentavelmente existem.<\/span><\/p>\n<p><span style=\"font-size: large;\">Hoje o setor sofre com roubos de colmeias, mortandade de abelha, motivado pela pulveriza\u00e7\u00e3o a\u00e9rea, baixo pre\u00e7o que os exportadores pagam pelo mel ao apicultor, isso em fun\u00e7\u00e3o do pre\u00e7o do produto no mercado internacional, invas\u00e3o do pequeno besouro (Aethina t\u00famida), que tem muito prejudicado as colmeias infectadas, aprova\u00e7\u00e3o dos \u00f3rg\u00e3os competentes, permitindo a comercializa\u00e7\u00e3o de quaisquer produtos em substitui\u00e7\u00e3o dos produtos de abelhas, principalmente do mel e outros.<\/span><\/p>\n<p><span style=\"font-size: large;\">Esperamos que esses temas possam ser colocados \u00e0 mesa para serem discutidos e evidentemente que o resultado possa refletir para uma apicultura melhor, mais produtiva, mais unida, trazendo alegria e felicidades a todos que dela sobrevivem.<\/span><\/p>\n<p><span style=\"font-size: large;\"><i><b>Radam\u00e9s Zovaro \u2013 Diretor T\u00e9cnico da APACAME<\/b><\/i><\/span><\/p>\n","protected":false},"excerpt":{"rendered":"<p>Como ser\u00e1 2020 Mais um ano se inicia e com isso, todos os problemas que a Apicultura tem que resolver e descobrir coisas boas para eliminar ou pelo menos minimizarem [&hellip;]<\/p>\n","protected":false},"author":20,"featured_media":0,"parent":3339,"menu_order":0,"comment_status":"open","ping_status":"open","template":"","meta":{"pmpro_default_level":"","_price":"","_stock":"","_tribe_ticket_header":"","_tribe_default_ticket_provider":"","_tribe_ticket_capacity":"0","_ticket_start_date":"","_ticket_end_date":"","_tribe_ticket_show_description":"","_tribe_ticket_show_not_going":false,"_tribe_ticket_use_global_stock":"","_tribe_ticket_global_stock_level":"","_global_stock_mode":"","_global_stock_cap":"","_tribe_rsvp_for_event":"","_tribe_ticket_going_count":"","_tribe_ticket_not_going_count":"","_tribe_tickets_list":"[]","_tribe_ticket_has_attendee_info_fields":false,"cybocfi_hide_featured_image":"","footnotes":""},"class_list":["post-3345","page","type-page","status-publish","hentry","pmpro-has-access"],"_links":{"self":[{"href":"https:\/\/apacame.org.br\/site\/wp-json\/wp\/v2\/pages\/3345"}],"collection":[{"href":"https:\/\/apacame.org.br\/site\/wp-json\/wp\/v2\/pages"}],"about":[{"href":"https:\/\/apacame.org.br\/site\/wp-json\/wp\/v2\/types\/page"}],"author":[{"embeddable":true,"href":"https:\/\/apacame.org.br\/site\/wp-json\/wp\/v2\/users\/20"}],"replies":[{"embeddable":true,"href":"https:\/\/apacame.org.br\/site\/wp-json\/wp\/v2\/comments?post=3345"}],"version-history":[{"count":1,"href":"https:\/\/apacame.org.br\/site\/wp-json\/wp\/v2\/pages\/3345\/revisions"}],"predecessor-version":[{"id":3346,"href":"https:\/\/apacame.org.br\/site\/wp-json\/wp\/v2\/pages\/3345\/revisions\/3346"}],"up":[{"embeddable":true,"href":"https:\/\/apacame.org.br\/site\/wp-json\/wp\/v2\/pages\/3339"}],"wp:attachment":[{"href":"https:\/\/apacame.org.br\/site\/wp-json\/wp\/v2\/media?parent=3345"}],"curies":[{"name":"wp","href":"https:\/\/api.w.org\/{rel}","templated":true}]}}