{"id":3326,"date":"2019-12-12T15:55:09","date_gmt":"2019-12-12T15:55:09","guid":{"rendered":"http:\/\/apacame.org.br\/site\/?page_id=3326"},"modified":"2019-12-12T15:55:09","modified_gmt":"2019-12-12T15:55:09","slug":"noticia","status":"publish","type":"page","link":"https:\/\/apacame.org.br\/site\/revista\/mensagem-doce-n-154-novembro-de-2019\/noticia\/","title":{"rendered":"Not\u00edcia"},"content":{"rendered":"<h1 style=\"text-align: center;\">APROVADA POL\u00cdTICA DE INCENTIVO \u00c0 APICULTURA<\/h1>\n<blockquote><p>Ag\u00eancia C\u00e2mara Not\u00edcias &#8211; Reportagem &#8211; Paula Bittar &#8211; 24\/10\/2019<\/p><\/blockquote>\n<p><span style=\"font-size: large;\"><a href=\"https:\/\/apacame.org.br\/site\/wp-content\/uploads\/2019\/12\/Figura-1-noticia.jpg\"><img decoding=\"async\" class=\"alignright size-medium wp-image-3327\" src=\"https:\/\/apacame.org.br\/site\/wp-content\/uploads\/2019\/12\/Figura-1-noticia-300x130.jpg\" alt=\"Figura-1-noticia\" width=\"300\" height=\"130\" srcset=\"https:\/\/apacame.org.br\/site\/wp-content\/uploads\/2019\/12\/Figura-1-noticia-300x130.jpg 300w, https:\/\/apacame.org.br\/site\/wp-content\/uploads\/2019\/12\/Figura-1-noticia-150x65.jpg 150w, https:\/\/apacame.org.br\/site\/wp-content\/uploads\/2019\/12\/Figura-1-noticia-500x216.jpg 500w, https:\/\/apacame.org.br\/site\/wp-content\/uploads\/2019\/12\/Figura-1-noticia.jpg 748w\" sizes=\"(max-width: 300px) 100vw, 300px\" \/><\/a>A Comiss\u00e3o de Constitui\u00e7\u00e3o e Justi\u00e7a (CCJ) da C\u00e2mara dos Deputados aprovou, nesta quinta-feira (24\/10\/19), proposta que cria uma pol\u00edtica nacional de incentivo \u00e0s cadeias produtivas da apicultura e da meliponicultura, esta \u00faltima relacionada \u00e0 cria\u00e7\u00e3o das abelhas brasileiras sem ferr\u00e3o, como jata\u00ed, manda\u00e7aia e manduri.<\/span><\/p>\n<p><span style=\"font-size: large;\">O relator, deputado Rog\u00e9rio Peninha Mendon\u00e7a (MDB-SC), apresentou parecer favor\u00e1vel tanto ao Projeto de Lei 6913\/17, do deputado Evair Vieira de Melo (PP-ES), quanto ao substitutivo aprovado na Comiss\u00e3o de Agricultura, Pecu\u00e1ria, Abastecimento e Desenvolvimento Rural, que incluiu as abelhas melipon\u00edcolas na pol\u00edtica de apoio.<\/span><\/p>\n<p><span style=\"font-size: large;\">A pol\u00edtica de incentivos para as duas cadeias produtivas est\u00e1 baseada em diretrizes e instrumentos de execu\u00e7\u00e3o. Entre as diretrizes est\u00e3o a sustentabilidade ambiental, social e econ\u00f4mica, a rastreabilidade dos produtos, a gera\u00e7\u00e3o de tecnologias de produ\u00e7\u00e3o, a redu\u00e7\u00e3o das desigualdades regionais, a agrega\u00e7\u00e3o de valor ao produto in natura, e o apoio ao com\u00e9rcio interno e externo.<\/span><\/p>\n<p><span style=\"font-size: large;\">Para garantir a execu\u00e7\u00e3o das diretrizes, o texto prev\u00ea instrumentos como cr\u00e9dito rural, com prioridade para agricultores familiares, mini, pequenos e m\u00e9dios produtores rurais, assim como os produtores organizados em associa\u00e7\u00f5es, cooperativas ou arranjos produtivos locais que agreguem valor a produtos ap\u00edcolas e melipon\u00edcolas. Outros instrumentos s\u00e3o pesquisa e desenvolvimento tecnol\u00f3gico, assist\u00eancia t\u00e9cnica e seguro rural.<\/span><\/p>\n<p><span style=\"font-size: large;\">Para executar a pol\u00edtica, os \u00f3rg\u00e3os competentes dever\u00e3o, entre outros pontos, estabelecer parcerias com entidades p\u00fablicas e privadas, considerar as reivindica\u00e7\u00f5es e sugest\u00f5es de representantes do setor e dos consumidores, estimular o desenvolvimento de produtos orientados para o atendimento das demandas do mercado, incentivar o uso de abelhas mel\u00edferas na poliniza\u00e7\u00e3o de pomares, e fomentar o manejo adequado e o melhoramento gen\u00e9tico de esp\u00e9cies mel\u00edferas.<\/span><\/p>\n<p><span style=\"font-size: large;\">O projeto tramitou em car\u00e1ter conclusivo e poder\u00e1 seguir para a an\u00e1lise do Senado, a n\u00e3o ser que haja recurso para vota\u00e7\u00e3o pelo Plen\u00e1rio.<\/span><\/p>\n","protected":false},"excerpt":{"rendered":"<p>APROVADA POL\u00cdTICA DE INCENTIVO \u00c0 APICULTURA Ag\u00eancia C\u00e2mara Not\u00edcias &#8211; Reportagem &#8211; Paula Bittar &#8211; 24\/10\/2019 A Comiss\u00e3o de Constitui\u00e7\u00e3o e Justi\u00e7a (CCJ) da C\u00e2mara dos Deputados aprovou, nesta quinta-feira [&hellip;]<\/p>\n","protected":false},"author":20,"featured_media":0,"parent":3244,"menu_order":0,"comment_status":"open","ping_status":"open","template":"","meta":{"pmpro_default_level":"","_price":"","_stock":"","_tribe_ticket_header":"","_tribe_default_ticket_provider":"","_tribe_ticket_capacity":"0","_ticket_start_date":"","_ticket_end_date":"","_tribe_ticket_show_description":"","_tribe_ticket_show_not_going":false,"_tribe_ticket_use_global_stock":"","_tribe_ticket_global_stock_level":"","_global_stock_mode":"","_global_stock_cap":"","_tribe_rsvp_for_event":"","_tribe_ticket_going_count":"","_tribe_ticket_not_going_count":"","_tribe_tickets_list":"[]","_tribe_ticket_has_attendee_info_fields":false,"cybocfi_hide_featured_image":"","footnotes":""},"class_list":["post-3326","page","type-page","status-publish","hentry","pmpro-has-access"],"_links":{"self":[{"href":"https:\/\/apacame.org.br\/site\/wp-json\/wp\/v2\/pages\/3326"}],"collection":[{"href":"https:\/\/apacame.org.br\/site\/wp-json\/wp\/v2\/pages"}],"about":[{"href":"https:\/\/apacame.org.br\/site\/wp-json\/wp\/v2\/types\/page"}],"author":[{"embeddable":true,"href":"https:\/\/apacame.org.br\/site\/wp-json\/wp\/v2\/users\/20"}],"replies":[{"embeddable":true,"href":"https:\/\/apacame.org.br\/site\/wp-json\/wp\/v2\/comments?post=3326"}],"version-history":[{"count":2,"href":"https:\/\/apacame.org.br\/site\/wp-json\/wp\/v2\/pages\/3326\/revisions"}],"predecessor-version":[{"id":3329,"href":"https:\/\/apacame.org.br\/site\/wp-json\/wp\/v2\/pages\/3326\/revisions\/3329"}],"up":[{"embeddable":true,"href":"https:\/\/apacame.org.br\/site\/wp-json\/wp\/v2\/pages\/3244"}],"wp:attachment":[{"href":"https:\/\/apacame.org.br\/site\/wp-json\/wp\/v2\/media?parent=3326"}],"curies":[{"name":"wp","href":"https:\/\/api.w.org\/{rel}","templated":true}]}}