{"id":3318,"date":"2019-12-12T15:44:58","date_gmt":"2019-12-12T15:44:58","guid":{"rendered":"http:\/\/apacame.org.br\/site\/?page_id=3318"},"modified":"2019-12-12T15:46:07","modified_gmt":"2019-12-12T15:46:07","slug":"preservacao","status":"publish","type":"page","link":"https:\/\/apacame.org.br\/site\/revista\/mensagem-doce-n-154-novembro-de-2019\/preservacao\/","title":{"rendered":"Preserva\u00e7\u00e3o"},"content":{"rendered":"<h1 style=\"text-align: center;\">Preservando a jata\u00ed da terra (Paratrigona subnuda) em \u00e1reas urbanas<\/h1>\n<blockquote><p>Marilda Cortopassi-Laurino (<a href=\"mailto:mclaurin@usp.br\">mclaurin@usp.br<\/a>);<br \/>\nGerson Pinheiro (<a href=\"mailto:gersonpinheiro@sosabelhassemferrao.com.br\">gersonpinheiro@sosabelhassemferrao.com.br<\/a>)<\/p><\/blockquote>\n<p><span style=\"font-size: large;\">As abelhas jata\u00ed da terra s\u00e3o pouco conhecidas porque s\u00e3o abelhas pequenas e que nidificam sempre no solo tornando seus ninhos dif\u00edceis de visualizar e que s\u00f3 s\u00e3o descobertos quando da atividade externa das suas abelhas. Visitam como os outros meliponineos grande diversidade de plantas as quais, provavelmente tamb\u00e9m polinizam. Faltam estudos nesta dire\u00e7\u00e3o.<\/span><\/p>\n<p><span style=\"font-size: large;\">Por serem estes ninhos quase invis\u00edveis aos olhos urbanos \u00e9 que s\u00e3o raros os registros da sua preserva\u00e7\u00e3o. <\/span><\/p>\n<p><span style=\"font-size: large;\">Um deles, alojado numa cal\u00e7ada de casa que estava sendo demolida foi transferido para colmeia de barro adaptado por Gerson Pinheiro para esta esp\u00e9cie e que sobrevive com sucesso h\u00e1 dois anos. Este ninho estava a um metro de profundidade e tinha n\u00e3o mais que 20 cm de di\u00e2metro. <\/span><\/p>\n<p><span style=\"font-size: large;\">A colmeia para as jata\u00ed da terra foi feita pensando nas caracter\u00edsticas das esp\u00e9cies que nidificam no solo, cujo material mais pr\u00f3ximo e que conseguiria trabalhar seriam os potes de barro. Para esta colmeia foram utilizados dois potes de tamanhos diferentes, sendo um dentro do outro e com espa\u00e7o entre eles, inclusive no fundo, e que foram preenchidos com terra simulando como s\u00e3o encontrados na natureza. A preocupa\u00e7\u00e3o principal foi tentar simular o m\u00e1ximo poss\u00edvel o ambiente natural, inclusive na metragem do t\u00fanel de acesso ao ninho que foi feito interligando os vasos de barro com canos de PVC na medida de 20 mil\u00edmetros. O destaque foi adaptar um vaso, no caso, de metal, com terra do local do resgate bem na sa\u00edda do tubo de acesso ao ninho. Uma coisa bem bonita de se ver foi o quanto elas aceitaram e protegeram toda a colmeia.<\/span><\/p>\n<p><span style=\"font-size: large;\">Outro ninho, na cal\u00e7ada quebrada do Parque da SABESP na avenida Doutor Arnaldo, SP correu o mesmo perigo pela reconstru\u00e7\u00e3o do cal\u00e7amento. Um primeiro \u00edmpeto foi retirar o ninho imediatamente antes que fosse soterrado pelo concreto e ent\u00e3o o SOS abelhas sem ferr\u00e3o foi acionado, pois para escavar perto de um metro de profundidade \u00e9 necess\u00e1rio ajuda de ferramentas adequadas e bra\u00e7os fortes. Entretanto, como compromissos do SOS adiaram a a\u00e7\u00e3o para o outro fim de semana, outra ideia foi tomando corpo: porque n\u00e3o deixar o ninho no seu local de origem e solicitar que o seu entorno fosse preservado? Afinal, trocar o ninho de local sempre \u00e9 um risco mesmo que com experi\u00eancia exitosa anterior.<\/span><\/p>\n<p><span style=\"font-size: large;\">E assim foi feito. Conversa telef\u00f4nica com o respons\u00e1vel pela obra da SABESP, Ricardo Spindola, e a presen\u00e7a no local do engenheiro Sergio Barbosa promoveram o salvamento deste ninho atrav\u00e9s de uma ideia simples: a extens\u00e3o da faixa de gramado da cal\u00e7ada. Miss\u00e3o cumprida e comprida porque durante todo o processo, todos os dias, eram avisados os funcion\u00e1rios novos ou passava por l\u00e1 alertando para terem cuidado com aquele ninho t\u00e3o invis\u00edvel. Com todo este movimento, atualmente, at\u00e9 os funcion\u00e1rios do parque j\u00e1 encontraram novos ninhos destas abelhas. A divulga\u00e7\u00e3o \u00e9 chave na preserva\u00e7\u00e3o. <\/span><\/p>\n<p><span style=\"font-size: large;\">Valeu o esfor\u00e7o!<\/span><\/p>\n<p><span style=\"font-size: large;\">Fica o pensamento: sempre \u00e9 melhor pensar uma solu\u00e7\u00e3o para manuten\u00e7\u00e3o do ninho no seu local de origem porque foi uma escolha das pr\u00f3prias abelhas aquele ambiente, o que nem sempre coincide com os locais que os humanos as colocam.<\/span><\/p>\n<div id='gallery-1' class='gallery galleryid-3318 gallery-columns-3 gallery-size-large'><figure class='gallery-item'>\n\t\t\t<div class='gallery-icon portrait'>\n\t\t\t\t<a href='https:\/\/apacame.org.br\/site\/wp-content\/uploads\/2019\/12\/Preservando-1.jpg'><img fetchpriority=\"high\" decoding=\"async\" width=\"748\" height=\"842\" src=\"https:\/\/apacame.org.br\/site\/wp-content\/uploads\/2019\/12\/Preservando-1.jpg\" class=\"attachment-large size-large\" alt=\"\" aria-describedby=\"gallery-1-3319\" srcset=\"https:\/\/apacame.org.br\/site\/wp-content\/uploads\/2019\/12\/Preservando-1.jpg 748w, https:\/\/apacame.org.br\/site\/wp-content\/uploads\/2019\/12\/Preservando-1-267x300.jpg 267w, https:\/\/apacame.org.br\/site\/wp-content\/uploads\/2019\/12\/Preservando-1-150x169.jpg 150w, https:\/\/apacame.org.br\/site\/wp-content\/uploads\/2019\/12\/Preservando-1-444x500.jpg 444w\" sizes=\"(max-width: 748px) 100vw, 748px\" \/><\/a>\n\t\t\t<\/div>\n\t\t\t\t<figcaption class='wp-caption-text gallery-caption' id='gallery-1-3319'>\n\t\t\t\tFig. 1 linda entrada de ninho natural de jata\u00ed da terra (Paratrigona subnuda) em um barranco no bairro do Sumar\u00e9-SP. A folha que caiu sobre a entrada foi recortada pelas abelhas para agilizar os voos.\n\t\t\t\t<\/figcaption><\/figure><figure class='gallery-item'>\n\t\t\t<div class='gallery-icon landscape'>\n\t\t\t\t<a href='https:\/\/apacame.org.br\/site\/wp-content\/uploads\/2019\/12\/Preservando-2.jpg'><img decoding=\"async\" width=\"748\" height=\"545\" src=\"https:\/\/apacame.org.br\/site\/wp-content\/uploads\/2019\/12\/Preservando-2.jpg\" class=\"attachment-large size-large\" alt=\"\" aria-describedby=\"gallery-1-3321\" srcset=\"https:\/\/apacame.org.br\/site\/wp-content\/uploads\/2019\/12\/Preservando-2.jpg 748w, https:\/\/apacame.org.br\/site\/wp-content\/uploads\/2019\/12\/Preservando-2-300x219.jpg 300w, https:\/\/apacame.org.br\/site\/wp-content\/uploads\/2019\/12\/Preservando-2-150x109.jpg 150w, https:\/\/apacame.org.br\/site\/wp-content\/uploads\/2019\/12\/Preservando-2-500x364.jpg 500w\" sizes=\"(max-width: 748px) 100vw, 748px\" \/><\/a>\n\t\t\t<\/div>\n\t\t\t\t<figcaption class='wp-caption-text gallery-caption' id='gallery-1-3321'>\n\t\t\t\tFig.2 colmeia para jata\u00ed da terra (Paratrigona subnuda) idealizada por Gerson Pinheiro do SOS Abelhas sem Ferr\u00e3o com potes de barro.\n\t\t\t\t<\/figcaption><\/figure><figure class='gallery-item'>\n\t\t\t<div class='gallery-icon landscape'>\n\t\t\t\t<a href='https:\/\/apacame.org.br\/site\/wp-content\/uploads\/2019\/12\/Preservando-1-detalhe.jpg'><img decoding=\"async\" width=\"748\" height=\"292\" src=\"https:\/\/apacame.org.br\/site\/wp-content\/uploads\/2019\/12\/Preservando-1-detalhe.jpg\" class=\"attachment-large size-large\" alt=\"\" srcset=\"https:\/\/apacame.org.br\/site\/wp-content\/uploads\/2019\/12\/Preservando-1-detalhe.jpg 748w, https:\/\/apacame.org.br\/site\/wp-content\/uploads\/2019\/12\/Preservando-1-detalhe-300x117.jpg 300w, https:\/\/apacame.org.br\/site\/wp-content\/uploads\/2019\/12\/Preservando-1-detalhe-150x59.jpg 150w, https:\/\/apacame.org.br\/site\/wp-content\/uploads\/2019\/12\/Preservando-1-detalhe-500x195.jpg 500w\" sizes=\"(max-width: 748px) 100vw, 748px\" \/><\/a>\n\t\t\t<\/div><\/figure>\n\t\t<\/div>\n\n","protected":false},"excerpt":{"rendered":"<p>Preservando a jata\u00ed da terra (Paratrigona subnuda) em \u00e1reas urbanas Marilda Cortopassi-Laurino (mclaurin@usp.br); Gerson Pinheiro (gersonpinheiro@sosabelhassemferrao.com.br) As abelhas jata\u00ed da terra s\u00e3o pouco conhecidas porque s\u00e3o abelhas pequenas e que [&hellip;]<\/p>\n","protected":false},"author":20,"featured_media":0,"parent":3244,"menu_order":0,"comment_status":"open","ping_status":"open","template":"","meta":{"pmpro_default_level":"","_price":"","_stock":"","_tribe_ticket_header":"","_tribe_default_ticket_provider":"","_tribe_ticket_capacity":"0","_ticket_start_date":"","_ticket_end_date":"","_tribe_ticket_show_description":"","_tribe_ticket_show_not_going":false,"_tribe_ticket_use_global_stock":"","_tribe_ticket_global_stock_level":"","_global_stock_mode":"","_global_stock_cap":"","_tribe_rsvp_for_event":"","_tribe_ticket_going_count":"","_tribe_ticket_not_going_count":"","_tribe_tickets_list":"[]","_tribe_ticket_has_attendee_info_fields":false,"cybocfi_hide_featured_image":"","footnotes":""},"class_list":["post-3318","page","type-page","status-publish","hentry","pmpro-has-access"],"_links":{"self":[{"href":"https:\/\/apacame.org.br\/site\/wp-json\/wp\/v2\/pages\/3318"}],"collection":[{"href":"https:\/\/apacame.org.br\/site\/wp-json\/wp\/v2\/pages"}],"about":[{"href":"https:\/\/apacame.org.br\/site\/wp-json\/wp\/v2\/types\/page"}],"author":[{"embeddable":true,"href":"https:\/\/apacame.org.br\/site\/wp-json\/wp\/v2\/users\/20"}],"replies":[{"embeddable":true,"href":"https:\/\/apacame.org.br\/site\/wp-json\/wp\/v2\/comments?post=3318"}],"version-history":[{"count":3,"href":"https:\/\/apacame.org.br\/site\/wp-json\/wp\/v2\/pages\/3318\/revisions"}],"predecessor-version":[{"id":3323,"href":"https:\/\/apacame.org.br\/site\/wp-json\/wp\/v2\/pages\/3318\/revisions\/3323"}],"up":[{"embeddable":true,"href":"https:\/\/apacame.org.br\/site\/wp-json\/wp\/v2\/pages\/3244"}],"wp:attachment":[{"href":"https:\/\/apacame.org.br\/site\/wp-json\/wp\/v2\/media?parent=3318"}],"curies":[{"name":"wp","href":"https:\/\/api.w.org\/{rel}","templated":true}]}}