{"id":3289,"date":"2019-12-11T19:52:33","date_gmt":"2019-12-11T19:52:33","guid":{"rendered":"http:\/\/apacame.org.br\/site\/?page_id=3289"},"modified":"2019-12-11T19:52:33","modified_gmt":"2019-12-11T19:52:33","slug":"apimondia-6","status":"publish","type":"page","link":"https:\/\/apacame.org.br\/site\/revista\/mensagem-doce-n-154-novembro-de-2019\/apimondia-6\/","title":{"rendered":"APIMONDIA"},"content":{"rendered":"<h1 style=\"text-align: center;\">ABEMEL NA 46\u00aa APIMONDIA<\/h1>\n<blockquote><p>Suellen de Palma Tomazella<\/p><\/blockquote>\n<p><span style=\"font-size: large;\">A participa\u00e7\u00e3o brasileira na APIMONDIA 2019 foi definida como sin\u00f4nimo de sucesso. Al\u00e9m do stand brasileiro ser destaque em localiza\u00e7\u00e3o, organiza\u00e7\u00e3o e estrutura, a participa\u00e7\u00e3o setorial foi marcada por premia\u00e7\u00f5es, evidenciando ainda mais o setor ap\u00edcola nacional.<\/span><\/p>\n<p><span style=\"font-size: large;\">Em parceria com a Ag\u00eancia Brasileira de Promo\u00e7\u00e3o de Exporta\u00e7\u00f5es e Investimentos (Apex-Brasil) e o Consulado Geral do Brasil de Montreal, as empresas associadas \u00e0 ABEMEL participaram da APIMONDIA 2019 realizada de 8 a 12 de setembro em Montreal, no Canad\u00e1.<\/span><\/p>\n<p><span style=\"font-size: large;\">Na 46\u00aa edi\u00e7\u00e3o do congresso, o pavilh\u00e3o brasileiro teve 190m2 e contou com 14 entrepostos associados: Api\u00e1rios Lambertucci, Apis Flora, Baldoni, Breyer Naturais e Org\u00e2nicos, CONAP, Essenciale Bee Products, Ita Brasil Mel e Pr\u00f3polis, Melbras, Minamel, Mn Pr\u00f3polis, Natucentro Green Propolis, Novo Mel, Prodapys Organic Honey e Supermel, que tiveram a oportunidade de promover seus produtos ap\u00edcolas de alta qualidade.<\/span><\/p>\n<p><span style=\"font-size: large;\">Na ter\u00e7a-feira, 10\/09, o estande da ABEMEL recebeu a visita do Excelent\u00edssimo Embaixador Rubens Gama, C\u00f4nsul-Geral da embaixada brasileira junto ao Excelent\u00edssimo Luiz Fernando Evangelista, C\u00f4nsul Adjunto do consulado.<\/span><\/p>\n<p><span style=\"font-size: large;\">O objetivo da visita foi conhecer o setor ap\u00edcola exportador brasileiro, entender as necessidades das empresas junto ao mercado canadense e reiterar o apoio da embaixada brasileira aos empres\u00e1rios. <\/span><\/p>\n<p><span style=\"font-size: large;\">Na oportunidade o Exmo. Embaixador p\u00f4de parabenizar as empresas que conquistaram as medalhas para o nosso pa\u00eds.<\/span><\/p>\n<p>&nbsp;<\/p>\n<div id='gallery-1' class='gallery galleryid-3289 gallery-columns-1 gallery-size-large'><figure class='gallery-item'>\n\t\t\t<div class='gallery-icon portrait'>\n\t\t\t\t<a href='https:\/\/apacame.org.br\/site\/revista\/mensagem-doce-n-154-novembro-de-2019\/apimondia-6\/quadro-1-abemel\/'><img fetchpriority=\"high\" decoding=\"async\" width=\"859\" height=\"1024\" src=\"https:\/\/apacame.org.br\/site\/wp-content\/uploads\/2019\/12\/Quadro-1-ABEMEL-859x1024.jpg\" class=\"attachment-large size-large\" alt=\"\" srcset=\"https:\/\/apacame.org.br\/site\/wp-content\/uploads\/2019\/12\/Quadro-1-ABEMEL-859x1024.jpg 859w, https:\/\/apacame.org.br\/site\/wp-content\/uploads\/2019\/12\/Quadro-1-ABEMEL-252x300.jpg 252w, https:\/\/apacame.org.br\/site\/wp-content\/uploads\/2019\/12\/Quadro-1-ABEMEL-150x179.jpg 150w, https:\/\/apacame.org.br\/site\/wp-content\/uploads\/2019\/12\/Quadro-1-ABEMEL-419x500.jpg 419w, https:\/\/apacame.org.br\/site\/wp-content\/uploads\/2019\/12\/Quadro-1-ABEMEL.jpg 1616w\" sizes=\"(max-width: 859px) 100vw, 859px\" \/><\/a>\n\t\t\t<\/div><\/figure><figure class='gallery-item'>\n\t\t\t<div class='gallery-icon portrait'>\n\t\t\t\t<a href='https:\/\/apacame.org.br\/site\/revista\/mensagem-doce-n-154-novembro-de-2019\/apimondia-6\/quadro-2-abemel-2\/'><img decoding=\"async\" width=\"859\" height=\"1024\" src=\"https:\/\/apacame.org.br\/site\/wp-content\/uploads\/2019\/12\/Quadro-2-ABEMEL1-859x1024.jpg\" class=\"attachment-large size-large\" alt=\"\" srcset=\"https:\/\/apacame.org.br\/site\/wp-content\/uploads\/2019\/12\/Quadro-2-ABEMEL1-859x1024.jpg 859w, https:\/\/apacame.org.br\/site\/wp-content\/uploads\/2019\/12\/Quadro-2-ABEMEL1-252x300.jpg 252w, https:\/\/apacame.org.br\/site\/wp-content\/uploads\/2019\/12\/Quadro-2-ABEMEL1-150x179.jpg 150w, https:\/\/apacame.org.br\/site\/wp-content\/uploads\/2019\/12\/Quadro-2-ABEMEL1-419x500.jpg 419w, https:\/\/apacame.org.br\/site\/wp-content\/uploads\/2019\/12\/Quadro-2-ABEMEL1.jpg 1616w\" sizes=\"(max-width: 859px) 100vw, 859px\" \/><\/a>\n\t\t\t<\/div><\/figure><figure class='gallery-item'>\n\t\t\t<div class='gallery-icon portrait'>\n\t\t\t\t<a href='https:\/\/apacame.org.br\/site\/revista\/mensagem-doce-n-154-novembro-de-2019\/apimondia-6\/quadro-3-abemel-2\/'><img decoding=\"async\" width=\"859\" height=\"1024\" src=\"https:\/\/apacame.org.br\/site\/wp-content\/uploads\/2019\/12\/Quadro-3-ABEMEL1-859x1024.jpg\" class=\"attachment-large size-large\" alt=\"\" srcset=\"https:\/\/apacame.org.br\/site\/wp-content\/uploads\/2019\/12\/Quadro-3-ABEMEL1-859x1024.jpg 859w, https:\/\/apacame.org.br\/site\/wp-content\/uploads\/2019\/12\/Quadro-3-ABEMEL1-252x300.jpg 252w, https:\/\/apacame.org.br\/site\/wp-content\/uploads\/2019\/12\/Quadro-3-ABEMEL1-150x179.jpg 150w, https:\/\/apacame.org.br\/site\/wp-content\/uploads\/2019\/12\/Quadro-3-ABEMEL1-419x500.jpg 419w, https:\/\/apacame.org.br\/site\/wp-content\/uploads\/2019\/12\/Quadro-3-ABEMEL1.jpg 1616w\" sizes=\"(max-width: 859px) 100vw, 859px\" \/><\/a>\n\t\t\t<\/div><\/figure>\n\t\t<\/div>\n\n","protected":false},"excerpt":{"rendered":"<p>ABEMEL NA 46\u00aa APIMONDIA Suellen de Palma Tomazella A participa\u00e7\u00e3o brasileira na APIMONDIA 2019 foi definida como sin\u00f4nimo de sucesso. Al\u00e9m do stand brasileiro ser destaque em localiza\u00e7\u00e3o, organiza\u00e7\u00e3o e [&hellip;]<\/p>\n","protected":false},"author":20,"featured_media":0,"parent":3244,"menu_order":0,"comment_status":"open","ping_status":"open","template":"","meta":{"pmpro_default_level":"","_price":"","_stock":"","_tribe_ticket_header":"","_tribe_default_ticket_provider":"","_tribe_ticket_capacity":"0","_ticket_start_date":"","_ticket_end_date":"","_tribe_ticket_show_description":"","_tribe_ticket_show_not_going":false,"_tribe_ticket_use_global_stock":"","_tribe_ticket_global_stock_level":"","_global_stock_mode":"","_global_stock_cap":"","_tribe_rsvp_for_event":"","_tribe_ticket_going_count":"","_tribe_ticket_not_going_count":"","_tribe_tickets_list":"[]","_tribe_ticket_has_attendee_info_fields":false,"cybocfi_hide_featured_image":"","footnotes":""},"class_list":["post-3289","page","type-page","status-publish","hentry","pmpro-has-access"],"_links":{"self":[{"href":"https:\/\/apacame.org.br\/site\/wp-json\/wp\/v2\/pages\/3289"}],"collection":[{"href":"https:\/\/apacame.org.br\/site\/wp-json\/wp\/v2\/pages"}],"about":[{"href":"https:\/\/apacame.org.br\/site\/wp-json\/wp\/v2\/types\/page"}],"author":[{"embeddable":true,"href":"https:\/\/apacame.org.br\/site\/wp-json\/wp\/v2\/users\/20"}],"replies":[{"embeddable":true,"href":"https:\/\/apacame.org.br\/site\/wp-json\/wp\/v2\/comments?post=3289"}],"version-history":[{"count":2,"href":"https:\/\/apacame.org.br\/site\/wp-json\/wp\/v2\/pages\/3289\/revisions"}],"predecessor-version":[{"id":3296,"href":"https:\/\/apacame.org.br\/site\/wp-json\/wp\/v2\/pages\/3289\/revisions\/3296"}],"up":[{"embeddable":true,"href":"https:\/\/apacame.org.br\/site\/wp-json\/wp\/v2\/pages\/3244"}],"wp:attachment":[{"href":"https:\/\/apacame.org.br\/site\/wp-json\/wp\/v2\/media?parent=3289"}],"curies":[{"name":"wp","href":"https:\/\/api.w.org\/{rel}","templated":true}]}}