{"id":3283,"date":"2019-12-11T19:15:15","date_gmt":"2019-12-11T19:15:15","guid":{"rendered":"http:\/\/apacame.org.br\/site\/?page_id=3283"},"modified":"2019-12-11T19:15:15","modified_gmt":"2019-12-11T19:15:15","slug":"apimondia-5","status":"publish","type":"page","link":"https:\/\/apacame.org.br\/site\/revista\/mensagem-doce-n-154-novembro-de-2019\/apimondia-5\/","title":{"rendered":"APIMONDIA"},"content":{"rendered":"<h1 style=\"text-align: center;\">O 46\u00ba CONGRESSO INTERNACIONAL DE APICULTURA APIMONDIA 2019 Montreal &#8211; Canad\u00e1<\/h1>\n<blockquote><p>El\u00f3i Viana &#8211; 2\u00ba Tesoureiro e Monitor de Cursos de Apicultura da APACAME.<\/p><\/blockquote>\n<figure id=\"attachment_3285\" aria-describedby=\"caption-attachment-3285\" style=\"width: 300px\" class=\"wp-caption alignright\"><a href=\"https:\/\/apacame.org.br\/site\/wp-content\/uploads\/2019\/12\/Foto-01-Apimondia2.jpg\"><img fetchpriority=\"high\" decoding=\"async\" class=\"size-medium wp-image-3285\" src=\"https:\/\/apacame.org.br\/site\/wp-content\/uploads\/2019\/12\/Foto-01-Apimondia2-300x296.jpg\" alt=\"Delega\u00e7\u00e3o da APACAME na frente do Pal\u00e1cio dos Congressos - Montreal - Canad\u00e1.\" width=\"300\" height=\"296\" srcset=\"https:\/\/apacame.org.br\/site\/wp-content\/uploads\/2019\/12\/Foto-01-Apimondia2-300x296.jpg 300w, https:\/\/apacame.org.br\/site\/wp-content\/uploads\/2019\/12\/Foto-01-Apimondia2-100x100.jpg 100w, https:\/\/apacame.org.br\/site\/wp-content\/uploads\/2019\/12\/Foto-01-Apimondia2-150x148.jpg 150w, https:\/\/apacame.org.br\/site\/wp-content\/uploads\/2019\/12\/Foto-01-Apimondia2-500x494.jpg 500w, https:\/\/apacame.org.br\/site\/wp-content\/uploads\/2019\/12\/Foto-01-Apimondia2.jpg 748w\" sizes=\"(max-width: 300px) 100vw, 300px\" \/><\/a><figcaption id=\"caption-attachment-3285\" class=\"wp-caption-text\">Delega\u00e7\u00e3o da APACAME na frente do Pal\u00e1cio dos Congressos &#8211; Montreal &#8211; Canad\u00e1.<\/figcaption><\/figure>\n<p><span style=\"font-size: large;\">Nesse Congresso foi grande a preocupa\u00e7\u00e3o dos representantes da APIMONDIA sobre a falsifica\u00e7\u00e3o do mel, a defesa de uma investiga\u00e7\u00e3o sobre o uso de pesticidas, o meio ambiente, e principalmente na produ\u00e7\u00e3o ap\u00edcola e a qualidade dos seus produtos, bem como a introdu\u00e7\u00e3o da apiterapia na medicina moderna, tema esse que vem sendo tratado desde o \u00faltimo Congresso realizado na Turquia.<\/span><\/p>\n<p><span style=\"font-size: large;\">Com os trabalhos apresentados nas pesquisas feitas no Jap\u00e3o, na China, na Col\u00f4mbia, no Brasil e em outros pa\u00edses foram mencionados a pr\u00f3polis brasileira (nosso orgulho), a geleia real, o p\u00f3len, o mel, o veneno e outros, todos comprovados cientificamente com muita pesquisa e dedica\u00e7\u00e3o da comunidade cient\u00edfica e que ,portanto, ficamos no aguardo do avan\u00e7o junto \u00e0 comunidade m\u00e9dica mundial.<\/span><\/p>\n<p><span style=\"font-size: large;\">Atualmente, no Brasil, os m\u00e9dicos n\u00e3o podem receitar os produtos das abelhas pois a ANVISA n\u00e3o permite, mas as pessoas s\u00e3o tratadas no mundo todo com os produtos das abelhas, e a pesquisa comprova que o resultado \u00e9 excelente no tratamento das doen\u00e7as.<\/span><\/p>\n<p><span style=\"font-size: large;\">Uma infinidade de m\u00e1quinas e utens\u00edlios para o trabalho com as colmeias estava em exposi\u00e7\u00e3o no pavilh\u00e3o da feira, nesse Congresso que teve a participa\u00e7\u00e3o de 134 pa\u00edses e cerca de 5.000 congressistas, quando a organiza\u00e7\u00e3o esperava mais de 8.000, por\u00e9m com a inscri\u00e7\u00e3o individual a $c 450,00 para todos os dias e $c 150,00 para as visitas t\u00e9cnicas de um dia, ficou dif\u00edcil mesmo para os canadenses. Em conversa com o Arag\u00e3o presidente da Confedera\u00e7\u00e3o Brasileira de Apicultura \u2013 CBA, ficou ele de levar esse questionamento para a reuni\u00e3o da APIMONDIA. (nota: o d\u00f3lar canadense em rela\u00e7\u00e3o ao Real equivale a R$ 3,50).<\/span><\/p>\n<p><span style=\"font-size: large;\">A apicultura no Canad\u00e1 \u00e9 muito dif\u00edcil, como em todos os pa\u00edses frios; tem uma produ\u00e7\u00e3o m\u00e9dia anual de cerca de 50 kg por colmeia. As abelhas ficam hibernando por 5 meses ap\u00f3s a colheita e s\u00e3o alimentadas com xarope elaborado com 2 kg de a\u00e7\u00facar, 1 litro de \u00e1gua e 2% de vinagre de ma\u00e7\u00e3, entre meados de setembro e outubro.<\/span><\/p>\n<p><span style=\"font-size: large;\">Ap\u00f3s alimentadas as colmeias s\u00e3o fechadas em um recinto escuro com ventila\u00e7\u00e3o para permitir a circula\u00e7\u00e3o do ar, onde a temperatura deve ser id\u00eantica a das pr\u00f3prias colmeias. Passado o per\u00edodo de hiberna\u00e7\u00e3o os alimentos s\u00e3o preparados e colocados no lado externo da colmeia e os alvados s\u00e3o abertos e as abelhas come\u00e7am a sair. Os alimentos s\u00e3o l\u00edquidos para que as abelhas n\u00e3o fa\u00e7am suas necessidades dentro das colmeias.<\/span><\/p>\n<p><span style=\"font-size: large;\"><a href=\"https:\/\/apacame.org.br\/site\/wp-content\/uploads\/2019\/12\/Foto-02-Apimondia2.jpg\"><img decoding=\"async\" class=\"alignleft size-medium wp-image-3284\" src=\"https:\/\/apacame.org.br\/site\/wp-content\/uploads\/2019\/12\/Foto-02-Apimondia2-300x172.jpg\" alt=\"Foto-02-Apimondia2\" width=\"300\" height=\"172\" srcset=\"https:\/\/apacame.org.br\/site\/wp-content\/uploads\/2019\/12\/Foto-02-Apimondia2-300x172.jpg 300w, https:\/\/apacame.org.br\/site\/wp-content\/uploads\/2019\/12\/Foto-02-Apimondia2-150x86.jpg 150w, https:\/\/apacame.org.br\/site\/wp-content\/uploads\/2019\/12\/Foto-02-Apimondia2-500x287.jpg 500w, https:\/\/apacame.org.br\/site\/wp-content\/uploads\/2019\/12\/Foto-02-Apimondia2.jpg 748w\" sizes=\"(max-width: 300px) 100vw, 300px\" \/><\/a>No ver\u00e3o canadense a temperatura chega a 30\u00ba e s\u00e3o produzidos o mel, o p\u00f3len e a pr\u00f3polis. O p\u00f3len se distingue de ver\u00e3o e de outono. Muito hidromel \u00e9 produzido com o uso de v\u00e1rios tipos de frutas de cada regi\u00e3o.<\/span><\/p>\n<p><span style=\"font-size: large;\">Foram visitados dois api\u00e1rios, um com 10 colmeias para os trabalhos de apiterapia e outro com 300 colmeias trabalhadas com ninho e sobre ninho com a produ\u00e7\u00e3o m\u00e9dia anual por colmeia de 20 a 25 kg. O mel \u00e9 vendido, em m\u00e9dia, a $c 4,50 e a pr\u00f3polis a $c 70,00 o kg. Com rela\u00e7\u00e3o \u00e0 doen\u00e7a somente a varroa foi citada.<\/span><\/p>\n<p><span style=\"font-size: large;\">O Canad\u00e1 \u00e9 um pa\u00eds que tem uma popula\u00e7\u00e3o por volta de 37 milh\u00f5es de pessoas, portanto menos que o estado de S\u00e3o Paulo, por\u00e9m um pa\u00eds muito rico. Os canadenses d\u00e3o prefer\u00eancia \u00e0 compra de produtos nacionais e evitam comprar produtos importados. <\/span><\/p>\n<p><span style=\"font-size: large;\">Foi relatado por um exportador de mel brasileiro que em conversa com um comerciante canadense sobre o mel para negociar, e ele perguntou se o produto era canadense. Se n\u00e3o for, o que \u00e9 \u00f3bvio neste caso, o comerciante simplesmente n\u00e3o dar\u00e1 aten\u00e7\u00e3o e necessitar\u00e1 de muita negocia\u00e7\u00e3o para poder concluir a venda.<\/span><\/p>\n<p><span style=\"font-size: large;\">Na segunda-feira dia 09 de setembro, o Brasil foi destaque nas premia\u00e7\u00f5es do World Beekeeping Awards conquistando ao todo 08 medalhas, elevando mundialmente o nome da Apicultura Brasileira.<\/span><\/p>\n<p><span style=\"font-size: large;\">Foram 03 medalhas de ouro, 01 de prata e 04 de bronze. Segue abaixo as empresas premiadas: <\/span><\/p>\n<p><span style=\"font-size: large;\">Baldoni = 01 medalha de ouro \u2013 melhor produto com mel; 01 medalha de prata \u2013 melhor apresenta\u00e7\u00e3o de produtos ap\u00edcolas.<\/span><\/p>\n<p><span style=\"font-size: large;\">Breyer Naturais e Org\u00e2nicos= 01 medalha de bronze \u2013 melhor mel de cor m\u00e9dia.<\/span><\/p>\n<p><span style=\"font-size: large;\">Natucentro Green Pr\u00f3polis = 01 medalha de bronze \u2013 melhor v\u00eddeo institucional de pr\u00f3polis verde.<\/span><\/p>\n<p><span style=\"font-size: large;\">Prodapys Organic Honey = 02 medalhas de ouro \u2013 melhor mel \u2013 02 medalhas de bronze \u2013 Melhor cera de abelha.<\/span><\/p>\n<p><span style=\"font-size: large;\">Tudo o que aqui foi relatado foi uma pequena parte do que pude observar nos 5 dias do Congresso.<\/span><\/p>\n<p><span style=\"font-size: large;\">O pr\u00f3ximo Congresso ser\u00e1 na cidade de Ufa na R\u00fassia em setembro de 2021 e para o Congresso de 2023 foi eleita a cidade de Santiago no Chile.<\/span><\/p>\n","protected":false},"excerpt":{"rendered":"<p>O 46\u00ba CONGRESSO INTERNACIONAL DE APICULTURA APIMONDIA 2019 Montreal &#8211; Canad\u00e1 El\u00f3i Viana &#8211; 2\u00ba Tesoureiro e Monitor de Cursos de Apicultura da APACAME. Nesse Congresso foi grande a preocupa\u00e7\u00e3o [&hellip;]<\/p>\n","protected":false},"author":20,"featured_media":0,"parent":3244,"menu_order":0,"comment_status":"open","ping_status":"open","template":"","meta":{"pmpro_default_level":"","_price":"","_stock":"","_tribe_ticket_header":"","_tribe_default_ticket_provider":"","_tribe_ticket_capacity":"0","_ticket_start_date":"","_ticket_end_date":"","_tribe_ticket_show_description":"","_tribe_ticket_show_not_going":false,"_tribe_ticket_use_global_stock":"","_tribe_ticket_global_stock_level":"","_global_stock_mode":"","_global_stock_cap":"","_tribe_rsvp_for_event":"","_tribe_ticket_going_count":"","_tribe_ticket_not_going_count":"","_tribe_tickets_list":"[]","_tribe_ticket_has_attendee_info_fields":false,"cybocfi_hide_featured_image":"","footnotes":""},"class_list":["post-3283","page","type-page","status-publish","hentry","pmpro-has-access"],"_links":{"self":[{"href":"https:\/\/apacame.org.br\/site\/wp-json\/wp\/v2\/pages\/3283"}],"collection":[{"href":"https:\/\/apacame.org.br\/site\/wp-json\/wp\/v2\/pages"}],"about":[{"href":"https:\/\/apacame.org.br\/site\/wp-json\/wp\/v2\/types\/page"}],"author":[{"embeddable":true,"href":"https:\/\/apacame.org.br\/site\/wp-json\/wp\/v2\/users\/20"}],"replies":[{"embeddable":true,"href":"https:\/\/apacame.org.br\/site\/wp-json\/wp\/v2\/comments?post=3283"}],"version-history":[{"count":2,"href":"https:\/\/apacame.org.br\/site\/wp-json\/wp\/v2\/pages\/3283\/revisions"}],"predecessor-version":[{"id":3287,"href":"https:\/\/apacame.org.br\/site\/wp-json\/wp\/v2\/pages\/3283\/revisions\/3287"}],"up":[{"embeddable":true,"href":"https:\/\/apacame.org.br\/site\/wp-json\/wp\/v2\/pages\/3244"}],"wp:attachment":[{"href":"https:\/\/apacame.org.br\/site\/wp-json\/wp\/v2\/media?parent=3283"}],"curies":[{"name":"wp","href":"https:\/\/api.w.org\/{rel}","templated":true}]}}