{"id":3248,"date":"2019-12-10T19:40:11","date_gmt":"2019-12-10T19:40:11","guid":{"rendered":"http:\/\/apacame.org.br\/site\/?page_id=3248"},"modified":"2019-12-10T19:40:11","modified_gmt":"2019-12-10T19:40:11","slug":"editorial","status":"publish","type":"page","link":"https:\/\/apacame.org.br\/site\/revista\/mensagem-doce-n-154-novembro-de-2019\/editorial\/","title":{"rendered":"Editorial"},"content":{"rendered":"<h1 style=\"text-align: center;\">Qual a Esperan\u00e7a do novo ano?<\/h1>\n<p><span style=\"font-size: large;\">Mais um ano se finda e infelizmente n\u00e3o temos muito a comemorar ou comentar, a n\u00e3o ser a grande preocupa\u00e7\u00e3o com a situa\u00e7\u00e3o atual, e ainda, a perspectiva do ano que se aproxima no que se relaciona \u00e0 Apicultura.<\/span><\/p>\n<p><span style=\"font-size: large;\">A mortandade de abelhas continua com o problema da pulveriza\u00e7\u00e3o ar\u00e9a. S\u00f3 no Rio Grande do Sul foram mais de 5.000 colmeias, sem contar com a mortandade em outros estados. Lamentavelmente o grande prejudicado sempre somos n\u00f3s que trabalhamos com as abelhas. 0 Governo n\u00e3o tem dado o apoio que necessitamos e precisamos para amenizar os problemas, e pelo visto, sem perspectivas de mudan\u00e7a, pois poder econ\u00f4mico sempre vence.<\/span><\/p>\n<p><span style=\"font-size: large;\">Com rela\u00e7\u00e3o \u00e0 venda de produtos ap\u00edcolas, principalmente o mel, estamos com grande problema. O pre\u00e7o que o mercado externo est\u00e1 pagando \u00e9 muito baixo para pagar o custo que temos para exportar, contando evidentemente com a margem de lucro do apicultor e do exportador.<\/span><\/p>\n<p><span style=\"font-size: large;\">Apesar do nosso mel ser de \u00f3tima qualidade, ele n\u00e3o \u00e9 vendido pela qualidade e sim pela cor (mel claro tem um valor maior do que o mel escuro), para efeitos de exporta\u00e7\u00e3o.<\/span><\/p>\n<p><span style=\"font-size: large;\">O que devemos pensar para os pr\u00f3ximos anos, fazer um trabalho com o poder p\u00fablico para aumentar o consumo interno do mel, fazendo campanhas para o uso de mel na merenda escolar, for\u00e7ar os departamentos competentes a exigir o uso efetivo do mel verdadeiro em produtos, cuja f\u00f3rmula indique o mel, mostrar em ampla divulga\u00e7\u00e3o nacional os benef\u00edcios cont\u00ednuos do uso do mel.<\/span><\/p>\n<p><span style=\"font-size: large;\">A esperan\u00e7a \u00e9 a \u00faltima que morre! Desejo a todos um Feliz 2020.<\/span><\/p>\n<p><span style=\"font-size: large;\"><i><b>Radam\u00e9s Zovaro \u2013 Diretor T\u00e9cnico<\/b><\/i><\/span><\/p>\n","protected":false},"excerpt":{"rendered":"<p>Qual a Esperan\u00e7a do novo ano? Mais um ano se finda e infelizmente n\u00e3o temos muito a comemorar ou comentar, a n\u00e3o ser a grande preocupa\u00e7\u00e3o com a situa\u00e7\u00e3o atual, [&hellip;]<\/p>\n","protected":false},"author":20,"featured_media":0,"parent":3244,"menu_order":0,"comment_status":"open","ping_status":"open","template":"","meta":{"pmpro_default_level":"","_price":"","_stock":"","_tribe_ticket_header":"","_tribe_default_ticket_provider":"","_tribe_ticket_capacity":"0","_ticket_start_date":"","_ticket_end_date":"","_tribe_ticket_show_description":"","_tribe_ticket_show_not_going":false,"_tribe_ticket_use_global_stock":"","_tribe_ticket_global_stock_level":"","_global_stock_mode":"","_global_stock_cap":"","_tribe_rsvp_for_event":"","_tribe_ticket_going_count":"","_tribe_ticket_not_going_count":"","_tribe_tickets_list":"[]","_tribe_ticket_has_attendee_info_fields":false,"cybocfi_hide_featured_image":"","footnotes":""},"class_list":["post-3248","page","type-page","status-publish","hentry","pmpro-has-access"],"_links":{"self":[{"href":"https:\/\/apacame.org.br\/site\/wp-json\/wp\/v2\/pages\/3248"}],"collection":[{"href":"https:\/\/apacame.org.br\/site\/wp-json\/wp\/v2\/pages"}],"about":[{"href":"https:\/\/apacame.org.br\/site\/wp-json\/wp\/v2\/types\/page"}],"author":[{"embeddable":true,"href":"https:\/\/apacame.org.br\/site\/wp-json\/wp\/v2\/users\/20"}],"replies":[{"embeddable":true,"href":"https:\/\/apacame.org.br\/site\/wp-json\/wp\/v2\/comments?post=3248"}],"version-history":[{"count":1,"href":"https:\/\/apacame.org.br\/site\/wp-json\/wp\/v2\/pages\/3248\/revisions"}],"predecessor-version":[{"id":3249,"href":"https:\/\/apacame.org.br\/site\/wp-json\/wp\/v2\/pages\/3248\/revisions\/3249"}],"up":[{"embeddable":true,"href":"https:\/\/apacame.org.br\/site\/wp-json\/wp\/v2\/pages\/3244"}],"wp:attachment":[{"href":"https:\/\/apacame.org.br\/site\/wp-json\/wp\/v2\/media?parent=3248"}],"curies":[{"name":"wp","href":"https:\/\/api.w.org\/{rel}","templated":true}]}}