{"id":3221,"date":"2019-10-14T19:07:29","date_gmt":"2019-10-14T19:07:29","guid":{"rendered":"http:\/\/apacame.org.br\/site\/?page_id=3221"},"modified":"2019-10-14T19:07:29","modified_gmt":"2019-10-14T19:07:29","slug":"artigo-8","status":"publish","type":"page","link":"https:\/\/apacame.org.br\/site\/revista\/mensagem-doce-n-153-setembro-de-2019\/artigo-8\/","title":{"rendered":"Artigo"},"content":{"rendered":"<h1 style=\"text-align: center;\">Brasil conclui testes de soro in\u00e9dito para picadas m\u00faltiplas de abelha<\/h1>\n<blockquote><p>Fonte: Publicado em 24\/08\/2019 &#8211; Alana Gandra Rep\u00f3rter da Ag\u00eancia Brasil &#8211; Rio de Janeiro<\/p><\/blockquote>\n<p><span style=\"font-size: large;\"><a href=\"https:\/\/apacame.org.br\/site\/wp-content\/uploads\/2019\/10\/Abertura-materia-Brasil-conclui.jpg\"><img decoding=\"async\" class=\"alignright size-medium wp-image-3222\" src=\"https:\/\/apacame.org.br\/site\/wp-content\/uploads\/2019\/10\/Abertura-materia-Brasil-conclui-300x76.jpg\" alt=\"Abertura-materia-Brasil-conclui\" width=\"300\" height=\"76\" srcset=\"https:\/\/apacame.org.br\/site\/wp-content\/uploads\/2019\/10\/Abertura-materia-Brasil-conclui-300x76.jpg 300w, https:\/\/apacame.org.br\/site\/wp-content\/uploads\/2019\/10\/Abertura-materia-Brasil-conclui-1024x261.jpg 1024w, https:\/\/apacame.org.br\/site\/wp-content\/uploads\/2019\/10\/Abertura-materia-Brasil-conclui-150x38.jpg 150w, https:\/\/apacame.org.br\/site\/wp-content\/uploads\/2019\/10\/Abertura-materia-Brasil-conclui-500x127.jpg 500w, https:\/\/apacame.org.br\/site\/wp-content\/uploads\/2019\/10\/Abertura-materia-Brasil-conclui.jpg 1538w\" sizes=\"(max-width: 300px) 100vw, 300px\" \/><\/a>Ap\u00f3s dez anos de estudos e testes, o Brasil est\u00e1 se preparando para ser o \u00fanico pa\u00eds do mundo a produzir o soro antiap\u00edlico \u2013 contra m\u00faltiplas picadas de abelhas. Os pesquisadores respons\u00e1veis pelo projeto, Marcelo Abrah\u00e3o Strauch, do Instituto Vital Brazil (IVB), e Rui Seabra Ferreira J\u00fanior, do Centro de Estudos de Venenos de Animais Pe\u00e7onhentos (Cevap) da Universidade Estadual Paulista, querem submeter, ainda este ano, ao Minist\u00e9rio da Sa\u00fade e \u00e0 Ag\u00eancia Nacional de Vigil\u00e2ncia Sanit\u00e1ria (Anvisa), os relat\u00f3rios com os resultados positivos alcan\u00e7ados nos ensaios cl\u00ednicos da primeira fase, que envolveram testes em 20 pessoas mordidas por muitas abelhas.<\/span><\/p>\n<p><span style=\"font-size: large;\">A fase 3 de testes ser\u00e1 iniciada ap\u00f3s a aprova\u00e7\u00e3o do minist\u00e9rio e da Anvisa e prev\u00ea o recrutamento de 150 a 200 pessoas que tiveram m\u00faltiplas mordidas de abelhas, atendidas em 32 hospitais pertencentes \u00e0 rede nacional de pesquisa p\u00fablica.<\/span><\/p>\n<p><span style=\"font-size: large;\">Os resultados das pesquisas farmacol\u00f3gicas com o soro antiap\u00edlico ser\u00e3o apresentados por Marcelo Abrah\u00e3o Strauch no Congresso Mundial de Toxinologia, que ser\u00e1 realizado na Argentina, em setembro.<\/span><\/p>\n<p><span style=\"font-size: large;\">A primeira fase avaliou a seguran\u00e7a do produto, por se tratar de um medicamento novo, e o ajuste de dose. A fase 3 vai observar a garantia da seguran\u00e7a e a efic\u00e1cia do soro, disse Rui Ferreira J\u00fanior, em entrevista \u00e0 Ag\u00eancia Brasil.<\/span><\/p>\n<p><span style=\"font-size: large;\">Caso tudo corra bem na nova fase, a previs\u00e3o \u00e9 que o soro seja disponibilizado para a popula\u00e7\u00e3o entre 2021 e 2022. Ap\u00f3s os ensaios da fase 3, os resultados ser\u00e3o novamente submetidos \u00e0 Anvisa, para que o registro do produto possa ser efetuado.<\/span><\/p>\n<p><span style=\"font-size: large;\"><b>Envenenamento t\u00f3xico<\/b><\/span><\/p>\n<p><span style=\"font-size: large;\">Ferreira J\u00fanior esclareceu que o soro antiap\u00edlico ser\u00e1 produzido pelo Instituto Vital Brazil, \u00f3rg\u00e3o do governo fluminense. De acordo com os pesquisadores, o soro deve ser aplicado em casos de envenenamento t\u00f3xico, isto \u00e9, quando a pessoa \u00e9 v\u00edtima do ataque de um enxame. Para os casos de indiv\u00edduos al\u00e9rgicos picados por uma \u00fanica abelha, o tratamento \u00e9 espec\u00edfico e abrange medicamentos comuns. <\/span><\/p>\n<p><span style=\"font-size: large;\">O ant\u00eddoto brasileiro \u00e9 in\u00e9dito. Atualmente, h\u00e1 45 produtores de soros para animais pe\u00e7onhentos no mundo, mas nenhum fabrica o soro para envenenamento t\u00f3xico por abelhas. \u201cO Brasil \u00e9 pioneiro\u201d, destacou Strauch.<\/span><\/p>\n<p><span style=\"font-size: large;\">Ap\u00f3s ganhar o registro, a disponibiliza\u00e7\u00e3o do soro ser\u00e1 gratuita. \u201cHoje, todo tratamento de picada de animal pe\u00e7onhento s\u00f3 tem soro dispon\u00edvel na rede p\u00fablica\u201d, disse Marcelo Strauch.<\/span><\/p>\n<p><span style=\"font-size: large;\">No Rio de Janeiro, o polo de atendimento em caso de picadas de animais pe\u00e7onhentos, como cobras, escorpi\u00f5es e abelhas, \u00e9 encontrado no Hospital Municipal Louren\u00e7o Jorge, na Barra da Tijuca, zona oeste da capital. J\u00e1 o soro para m\u00faltiplas picadas de abelhas tamb\u00e9m dever\u00e1 ficar dispon\u00edvel no Hospital Universit\u00e1rio Antonio Pedro, da Universidade Federal Fluminense (UFF), localizado em Niter\u00f3i, regi\u00e3o metropolitana do Rio.<\/span><\/p>\n<p><span style=\"font-size: large;\">Rui Ferreira J\u00fanior lembrou que as pesquisas contaram com a colabora\u00e7\u00e3o do Laborat\u00f3rio de Farmacologia das Toxinas da Universidade Federal do Rio de Janeiro (UFRJ), que realizou testes farmacol\u00f3gicos paralelos para avalia\u00e7\u00e3o do soro j\u00e1 produzido.<\/span><\/p>\n<p><span style=\"font-size: large;\"><b>Acidentes<\/b><\/span><\/p>\n<p><span style=\"font-size: large;\">Segundo Strauch, a abelha faz parte do grupo dos animais pe\u00e7onhentos, que se caracterizam por possu\u00edrem gl\u00e2ndulas que produzem e secretam veneno.<\/span><\/p>\n<p><span style=\"font-size: large;\">Picadas m\u00faltiplas de dezenas ou centenas de abelhas podem gerar intoxica\u00e7\u00e3o. H\u00e1 casos de choque anafil\u00e1tico que podem levar o paciente \u00e0 morte. \u201cA letalidade \u00e9 alta por um ataque de m\u00faltiplas abelhas por causa da quantidade de veneno que o paciente recebe e n\u00e3o tem o ant\u00eddoto\u201d.<\/span><\/p>\n<p><span style=\"font-size: large;\">A estimativa \u00e9 que ocorram cerca de 10 mil acidentes com picadas de abelhas por ano no Brasil. Marcelo Strauch avaliou que o n\u00famero pode ser muito maior, tendo em vista as subnotifica\u00e7\u00f5es. O pesquisador afirmou que os acidentes por enxames de abelhas resultam em 40 \u00f3bitos notificados anualmente no Brasil.<\/span><\/p>\n<p><span style=\"font-size: large;\">O projeto contou ainda com apoio do Minist\u00e9rio da Sa\u00fade, da Funda\u00e7\u00e3o de Amparo \u00e0 Pesquisa do Estado de S\u00e3o Paulo (Fapesp), do Conselho Nacional de Desenvolvimento Cient\u00edfico e Tecnol\u00f3gico (CNPq) e da Funda\u00e7\u00e3o de Amparo \u00e0 Pesquisa do Estado do Rio de Janeiro (Faperj).<\/span><\/p>\n","protected":false},"excerpt":{"rendered":"<p>Brasil conclui testes de soro in\u00e9dito para picadas m\u00faltiplas de abelha Fonte: Publicado em 24\/08\/2019 &#8211; Alana Gandra Rep\u00f3rter da Ag\u00eancia Brasil &#8211; Rio de Janeiro Ap\u00f3s dez anos de [&hellip;]<\/p>\n","protected":false},"author":20,"featured_media":0,"parent":3143,"menu_order":0,"comment_status":"open","ping_status":"open","template":"","meta":{"pmpro_default_level":"","_price":"","_stock":"","_tribe_ticket_header":"","_tribe_default_ticket_provider":"","_tribe_ticket_capacity":"0","_ticket_start_date":"","_ticket_end_date":"","_tribe_ticket_show_description":"","_tribe_ticket_show_not_going":false,"_tribe_ticket_use_global_stock":"","_tribe_ticket_global_stock_level":"","_global_stock_mode":"","_global_stock_cap":"","_tribe_rsvp_for_event":"","_tribe_ticket_going_count":"","_tribe_ticket_not_going_count":"","_tribe_tickets_list":"[]","_tribe_ticket_has_attendee_info_fields":false,"cybocfi_hide_featured_image":"","footnotes":""},"class_list":["post-3221","page","type-page","status-publish","hentry","pmpro-has-access"],"_links":{"self":[{"href":"https:\/\/apacame.org.br\/site\/wp-json\/wp\/v2\/pages\/3221"}],"collection":[{"href":"https:\/\/apacame.org.br\/site\/wp-json\/wp\/v2\/pages"}],"about":[{"href":"https:\/\/apacame.org.br\/site\/wp-json\/wp\/v2\/types\/page"}],"author":[{"embeddable":true,"href":"https:\/\/apacame.org.br\/site\/wp-json\/wp\/v2\/users\/20"}],"replies":[{"embeddable":true,"href":"https:\/\/apacame.org.br\/site\/wp-json\/wp\/v2\/comments?post=3221"}],"version-history":[{"count":2,"href":"https:\/\/apacame.org.br\/site\/wp-json\/wp\/v2\/pages\/3221\/revisions"}],"predecessor-version":[{"id":3224,"href":"https:\/\/apacame.org.br\/site\/wp-json\/wp\/v2\/pages\/3221\/revisions\/3224"}],"up":[{"embeddable":true,"href":"https:\/\/apacame.org.br\/site\/wp-json\/wp\/v2\/pages\/3143"}],"wp:attachment":[{"href":"https:\/\/apacame.org.br\/site\/wp-json\/wp\/v2\/media?parent=3221"}],"curies":[{"name":"wp","href":"https:\/\/api.w.org\/{rel}","templated":true}]}}