{"id":3185,"date":"2019-10-11T20:35:12","date_gmt":"2019-10-11T20:35:12","guid":{"rendered":"http:\/\/apacame.org.br\/site\/?page_id=3185"},"modified":"2019-10-11T20:35:12","modified_gmt":"2019-10-11T20:35:12","slug":"artigo-5","status":"publish","type":"page","link":"https:\/\/apacame.org.br\/site\/revista\/mensagem-doce-n-153-setembro-de-2019\/artigo-5\/","title":{"rendered":"Artigo"},"content":{"rendered":"<h1 style=\"text-align: center;\">Sem ferr\u00e3o e muito sens\u00edveis<br \/>\nLarvas de abelhas nativas se mostraram menos resistentes a inseticidas<br \/>\ndo que as de Apis mellifera, de origem europeia<\/h1>\n<blockquote><p>Fonte: <a href=\"https:\/\/revistapesquisa.fapesp.br\/2019\/05\/10\/sem-ferrao-e-muito-sensiveis\/\" target=\"_blank\" rel=\"noopener\">https:\/\/revistapesquisa.fapesp.br\/2019\/05\/10\/sem-ferrao-e-muito-sensiveis\/<\/a><br \/>\nCarlos Fioravanti<\/p><\/blockquote>\n<p><span style=\"font-size: large;\">Depois de uma intensa mortandade de abelhas no in\u00edcio dos anos 2000, causada possivelmente pelo uso excessivo de inseticida no campo, o Instituto Brasileiro do Meio Ambiente e dos Recursos Naturais Renov\u00e1veis (Ibama) convidou os bi\u00f3logos Osmar Malaspina, da Universidade Estadual Paulista (Unesp), de Rio Claro, e Roberta Nocelli, da Universidade Federal de S\u00e3o Carlos (UFSCar), para aprofundar os estudos sobre a situa\u00e7\u00e3o das abelhas no Brasil. Em 2017, o governo aprovou uma lei estabelecendo que os agrot\u00f3xicos a serem comercializados no Brasil devem passar por testes de avalia\u00e7\u00e3o de risco em abelhas Apis mellifera, esp\u00e9cie adotada internacionalmente nos testes dessa natureza, por viver em quase todo o mundo. No entanto, a mortalidade continuou. De dezembro de 2018 a fevereiro de 2019, o Rio Grande do Sul registrou 400 milh\u00f5es de Apis mortas, Santa Catarina 50 milh\u00f5es, Mato Grosso do Sul 45 milh\u00f5es e S\u00e3o Paulo 5 milh\u00f5es. Os inseticidas usados para matar pragas das planta\u00e7\u00f5es s\u00e3o uma das causas da redu\u00e7\u00e3o das popula\u00e7\u00f5es de abelhas no mundo, ao lado da diminui\u00e7\u00e3o das \u00e1reas de florestas e das mudan\u00e7as clim\u00e1ticas (ver Pesquisa FAPESP n\u00ba 271).<\/span><\/p>\n<figure id=\"attachment_3186\" aria-describedby=\"caption-attachment-3186\" style=\"width: 300px\" class=\"wp-caption alignright\"><a href=\"https:\/\/apacame.org.br\/site\/wp-content\/uploads\/2019\/10\/Foto-Abelhas-sem-ferrao.jpg\"><img decoding=\"async\" class=\"size-medium wp-image-3186\" src=\"https:\/\/apacame.org.br\/site\/wp-content\/uploads\/2019\/10\/Foto-Abelhas-sem-ferrao-300x158.jpg\" alt=\"As abelhas jata\u00ed se tornam mais lentas e voam menos sob a a\u00e7\u00e3o de agrot\u00f3xicos - foto L\u00e9o Ramos Chaves.\" width=\"300\" height=\"158\" srcset=\"https:\/\/apacame.org.br\/site\/wp-content\/uploads\/2019\/10\/Foto-Abelhas-sem-ferrao-300x158.jpg 300w, https:\/\/apacame.org.br\/site\/wp-content\/uploads\/2019\/10\/Foto-Abelhas-sem-ferrao-150x79.jpg 150w, https:\/\/apacame.org.br\/site\/wp-content\/uploads\/2019\/10\/Foto-Abelhas-sem-ferrao-500x263.jpg 500w, https:\/\/apacame.org.br\/site\/wp-content\/uploads\/2019\/10\/Foto-Abelhas-sem-ferrao.jpg 748w\" sizes=\"(max-width: 300px) 100vw, 300px\" \/><\/a><figcaption id=\"caption-attachment-3186\" class=\"wp-caption-text\">As abelhas jata\u00ed se tornam mais lentas e voam menos sob a a\u00e7\u00e3o de agrot\u00f3xicos &#8211; foto L\u00e9o<br \/>Ramos Chaves.<\/figcaption><\/figure>\n<p><span style=\"font-size: large;\">O grupo de trabalho criado pelo Ibama para avaliar o risco de agrot\u00f3xicos concluiu que era necess\u00e1rio incluir abelhas sem ferr\u00e3o que fossem representativas das cerca de 350 esp\u00e9cies exclusivas do Brasil. \u201cTemos de criar metodologias de an\u00e1lise de toxicidade para as abelhas nativas para n\u00e3o fazer apenas testes com\u00a0Apis\u00a0antes de lan\u00e7ar um produto novo\u201d, enfatiza Malaspina, coordenador do laborat\u00f3rio de pesquisa sobre ecotoxicologia de abelhas sociais do Instituto de Bioci\u00eancias da Unesp de Rio Claro. \u201cSugerimos que os m\u00e9todos para avalia\u00e7\u00e3o de toxicidade durante o est\u00e1gio imaturo de abelhas adotados para\u00a0Apis\u00a0para avalia\u00e7\u00e3o de risco n\u00e3o podem ser aplicados nas abelhas sem ferr\u00e3o\u201d, reitera a bi\u00f3loga Annelise Rosa-Fontana, pesquisadora em est\u00e1gio de p\u00f3s-doutorado na Unesp em Rio Claro.<\/span><\/p>\n<p><span style=\"font-size: large;\">Em 2015, em um experimento de seu doutorado na Universidade de S\u00e3o Paulo (USP) em Ribeir\u00e3o Preto, ela colocou doses diferentes de um inseticida bastante usado na agricultura, o tiametoxam, no alimento de larvas de uma esp\u00e9cie de abelha nativa sem ferr\u00e3o, a canudo (Scaptotrigona depilis). Sobreviveram apenas 40% das larvas tratadas com a dose mais alta de inseticida, enquanto no grupo controle, que n\u00e3o recebeu inseticida, sobreviveram 80%, como detalhado em um artigo publicado em 2016 na revista\u00a0Apidologie.<\/span><\/p>\n<p><span style=\"font-size: large;\">Em 2018, ela participou de um estudo na Unesp realizado pela bi\u00f3loga Adna Dorigo, que avaliou o efeito de dimetoato, usado como refer\u00eancia internacional em testes de toxicidade, na uru\u00e7u nordestina (Melipona scutellaris). Nesse trabalho, publicado em mar\u00e7o de 2019 na revista cient\u00edfica PLOS One, a concentra\u00e7\u00e3o letal capaz de matar 50% de uma popula\u00e7\u00e3o de larvas de uru\u00e7u foi 320 vezes menor que a de larvas de\u00a0Apis.\u00a0Em novos estudos, ainda preliminares, larvas de outra esp\u00e9cie de abelha sem ferr\u00e3o, a mandaguari (Scaptotrigona postica), morreram com uma concentra\u00e7\u00e3o letal ainda menor do que a da uru\u00e7u.<\/span><\/p>\n<p><span style=\"font-size: large;\"><b>Mudan\u00e7as de comportamento<\/b><\/span><\/p>\n<p><span style=\"font-size: large;\">Na Escola Superior de Agricultura Luiz de Queiroz da Universidade de S\u00e3o Paulo (Esalq-USP), a bi\u00f3loga Cynthia Jacob refor\u00e7ou as conclus\u00f5es sobre os efeitos de defensivos agr\u00edcolas em abelhas sem ferr\u00e3o ao verificar que o tiametoxam e outros tr\u00eas inseticidas do grupo dos neonicotinoides podem causar mudan\u00e7as de comportamento, como a redu\u00e7\u00e3o da velocidade de voo e da dist\u00e2ncia percorrida, de abelhas adultas jata\u00ed (Tetragonisca angustula), de acordo com um estudo publicado em fevereiro na revista\u00a0Chemosphere.<\/span><\/p>\n<p><span style=\"font-size: large;\">Apis predominam como produtoras de mel e s\u00e3o essenciais como polinizadoras de laranja, soja, canola, algod\u00e3o, entre outras culturas agr\u00edcolas, enquanto as sem ferr\u00e3o favorecem a frutifica\u00e7\u00e3o de caf\u00e9, morango, ma\u00e7\u00e3, p\u00eassego, tomate e berinjela. O relat\u00f3rio\u00a0Poliniza\u00e7\u00e3o, polinizadores e produ\u00e7\u00e3o de alimentos, organizado pela Plataforma Brasileira de Biodiversidade e Servi\u00e7os Ecossist\u00eamicos (BPBES) e pela Rede Brasileira de Intera\u00e7\u00f5es Planta-Polinizador (Rebipp) e apresentado em fevereiro de 2019, estimou em R$ 43 bilh\u00f5es os servi\u00e7os prestados pelos polinizadores no Brasil. De acordo com esse documento, as abelhas realizam 66% dos trabalhos de poliniza\u00e7\u00e3o, ao lado de besouros, borboletas, mariposas, aves e morcegos.<\/span><\/p>\n<p><span style=\"font-size: large;\">As abelhas sem ferr\u00e3o \u2013 na verdade, com ferr\u00e3o atrofiado \u2013 voam em praticamente toda a Am\u00e9rica Central e do Sul, \u00c1frica, Sudeste Asi\u00e1tico e norte da Austr\u00e1lia. \u201cElas vivem em matas pr\u00f3ximas \u00e0s planta\u00e7\u00f5es, como\u00a0Apis, s\u00e3o menos numerosas e vis\u00edveis, percorrem \u00e1reas menores, por\u00e9m entram em cultivos agr\u00edcolas\u201d, diz Malaspina. Diante do risco de redu\u00e7\u00e3o cont\u00ednua das popula\u00e7\u00f5es de abelhas, ele argumenta: \u201cComo os agrot\u00f3xicos ainda s\u00e3o indispens\u00e1veis para manter o tamanho da safra agr\u00edcola, os fabricantes de defensivos e os produtores rurais deveriam investir mais em agroqu\u00edmicos menos t\u00f3xicos ou em produtos biol\u00f3gicos mais seletivos\u201d.<\/span><\/p>\n<p><span style=\"font-size: large;\">\u201cSe usados adequadamente, por meio de aplica\u00e7\u00f5es a\u00e9reas com empresas certificadas, os defensivos agr\u00edcolas n\u00e3o causam impacto sobre as abelhas\u201d, diz a advogada Renata Camargo, coordenadora de sustentabilidade da Uni\u00e3o da Agroind\u00fastria Canavieira do Estado de S\u00e3o Paulo (Unica), que representa 120 usinas produtoras de a\u00e7\u00facar e \u00e1lcool. Em junho de 2017, a Unica e a Organiza\u00e7\u00e3o de Plantadores de Cana da Regi\u00e3o Centro-Sul do Brasil (Orplana) assinaram um acordo com \u00f3rg\u00e3os do governo paulista, o Protocolo Etanol Mais Verde, para, entre outros objetivos, promover as boas pr\u00e1ticas no uso de agrot\u00f3xicos e a prote\u00e7\u00e3o da vegeta\u00e7\u00e3o nativa.<\/span><\/p>\n<p><span style=\"font-size: large;\"><b>Projeto<\/b><\/span><\/p>\n<p><span style=\"font-size: large;\">Padroniza\u00e7\u00e3o de m\u00e9todo para testes de toxicidade em larvas de abelhas sem ferr\u00e3o em condi\u00e7\u00f5es de laborat\u00f3rio, e potenciais efeitos adversos provenientes do alimento larval contaminado com o neonicotinoide tiametoxam (n\u00ba 16\/00328-4); Modalidade Bolsa de P\u00f3s-doutorado; Pesquisador respons\u00e1vel Osmar Malaspina (Unesp); Bolsista Annelise de Souza Rosa; Investimento\u00a0R$ 302.373,77.<\/span><\/p>\n<p><span style=\"font-size: large;\"><b>Artigos cient\u00edficos<\/b><\/span><\/p>\n<p><span style=\"font-size: large;\">DORIGO, A. S. et al. In vitro larval rearing protocol for the stingless bee species\u00a0Melipona scutellaris\u00a0for toxicological studies.\u00a0PLOS One. v. 14, n. 3, e02113109. 20 mar. 2019.<\/span><\/p>\n<p><span style=\"font-size: large;\">JACOB, C. R. de O.\u00a0et al. The impact of four widely used neonicotinoid insecticides on Tetragonisca angustula (Latreille) (Hymenoptera: Apidae).\u00a0Chemosphere. v. 224, p. 65-70. 18 fev. 2019.<\/span><\/p>\n<p><span style=\"font-size: large;\">ROSA, A. de S. et al. Consumption of the neonicotinoid thiamethoxam during the larval stage affects the survival and development of the stingless bee, Scaptotrigona aff. depilis. Apidologie. v. 47, n. 6, p. 729-38. Nov. 2016.<\/span><\/p>\n","protected":false},"excerpt":{"rendered":"<p>Sem ferr\u00e3o e muito sens\u00edveis Larvas de abelhas nativas se mostraram menos resistentes a inseticidas do que as de Apis mellifera, de origem europeia Fonte: https:\/\/revistapesquisa.fapesp.br\/2019\/05\/10\/sem-ferrao-e-muito-sensiveis\/ Carlos Fioravanti Depois de [&hellip;]<\/p>\n","protected":false},"author":20,"featured_media":0,"parent":3143,"menu_order":0,"comment_status":"open","ping_status":"open","template":"","meta":{"pmpro_default_level":"","_price":"","_stock":"","_tribe_ticket_header":"","_tribe_default_ticket_provider":"","_tribe_ticket_capacity":"0","_ticket_start_date":"","_ticket_end_date":"","_tribe_ticket_show_description":"","_tribe_ticket_show_not_going":false,"_tribe_ticket_use_global_stock":"","_tribe_ticket_global_stock_level":"","_global_stock_mode":"","_global_stock_cap":"","_tribe_rsvp_for_event":"","_tribe_ticket_going_count":"","_tribe_ticket_not_going_count":"","_tribe_tickets_list":"[]","_tribe_ticket_has_attendee_info_fields":false,"cybocfi_hide_featured_image":"","footnotes":""},"class_list":["post-3185","page","type-page","status-publish","hentry","pmpro-has-access"],"_links":{"self":[{"href":"https:\/\/apacame.org.br\/site\/wp-json\/wp\/v2\/pages\/3185"}],"collection":[{"href":"https:\/\/apacame.org.br\/site\/wp-json\/wp\/v2\/pages"}],"about":[{"href":"https:\/\/apacame.org.br\/site\/wp-json\/wp\/v2\/types\/page"}],"author":[{"embeddable":true,"href":"https:\/\/apacame.org.br\/site\/wp-json\/wp\/v2\/users\/20"}],"replies":[{"embeddable":true,"href":"https:\/\/apacame.org.br\/site\/wp-json\/wp\/v2\/comments?post=3185"}],"version-history":[{"count":2,"href":"https:\/\/apacame.org.br\/site\/wp-json\/wp\/v2\/pages\/3185\/revisions"}],"predecessor-version":[{"id":3188,"href":"https:\/\/apacame.org.br\/site\/wp-json\/wp\/v2\/pages\/3185\/revisions\/3188"}],"up":[{"embeddable":true,"href":"https:\/\/apacame.org.br\/site\/wp-json\/wp\/v2\/pages\/3143"}],"wp:attachment":[{"href":"https:\/\/apacame.org.br\/site\/wp-json\/wp\/v2\/media?parent=3185"}],"curies":[{"name":"wp","href":"https:\/\/api.w.org\/{rel}","templated":true}]}}