{"id":3143,"date":"2019-10-10T19:56:55","date_gmt":"2019-10-10T19:56:55","guid":{"rendered":"http:\/\/apacame.org.br\/site\/?page_id=3143"},"modified":"2023-08-13T04:11:50","modified_gmt":"2023-08-13T04:11:50","slug":"mensagem-doce-n-153-setembro-de-2019","status":"publish","type":"page","link":"https:\/\/apacame.org.br\/site\/revista\/mensagem-doce-n-153-setembro-de-2019\/","title":{"rendered":"Mensagem Doce  n\u00b0 153 Setembro de 2019"},"content":{"rendered":"\n<p class=\"has-text-align-center\">Capa: abelha Apis mellifera em floresc\u00eancia<br>de a\u00e7afr\u00e3o da primavera (Crocus vernus). Foto<br>banco de Imagens adobe stock.<\/p>\n","protected":false},"excerpt":{"rendered":"<p>Capa: abelha Apis mellifera em floresc\u00eanciade a\u00e7afr\u00e3o da primavera (Crocus vernus). Fotobanco de Imagens adobe stock.<\/p>\n","protected":false},"author":20,"featured_media":3236,"parent":587,"menu_order":0,"comment_status":"open","ping_status":"open","template":"","meta":{"pmpro_default_level":"","_price":"","_stock":"","_tribe_ticket_header":"","_tribe_default_ticket_provider":"","_tribe_ticket_capacity":"0","_ticket_start_date":"","_ticket_end_date":"","_tribe_ticket_show_description":"","_tribe_ticket_show_not_going":false,"_tribe_ticket_use_global_stock":"","_tribe_ticket_global_stock_level":"","_global_stock_mode":"","_global_stock_cap":"","_tribe_rsvp_for_event":"","_tribe_ticket_going_count":"","_tribe_ticket_not_going_count":"","_tribe_tickets_list":"[]","_tribe_ticket_has_attendee_info_fields":false,"cybocfi_hide_featured_image":"","footnotes":""},"class_list":["post-3143","page","type-page","status-publish","has-post-thumbnail","hentry","pmpro-has-access"],"_links":{"self":[{"href":"https:\/\/apacame.org.br\/site\/wp-json\/wp\/v2\/pages\/3143"}],"collection":[{"href":"https:\/\/apacame.org.br\/site\/wp-json\/wp\/v2\/pages"}],"about":[{"href":"https:\/\/apacame.org.br\/site\/wp-json\/wp\/v2\/types\/page"}],"author":[{"embeddable":true,"href":"https:\/\/apacame.org.br\/site\/wp-json\/wp\/v2\/users\/20"}],"replies":[{"embeddable":true,"href":"https:\/\/apacame.org.br\/site\/wp-json\/wp\/v2\/comments?post=3143"}],"version-history":[{"count":2,"href":"https:\/\/apacame.org.br\/site\/wp-json\/wp\/v2\/pages\/3143\/revisions"}],"predecessor-version":[{"id":6159,"href":"https:\/\/apacame.org.br\/site\/wp-json\/wp\/v2\/pages\/3143\/revisions\/6159"}],"up":[{"embeddable":true,"href":"https:\/\/apacame.org.br\/site\/wp-json\/wp\/v2\/pages\/587"}],"wp:featuredmedia":[{"embeddable":true,"href":"https:\/\/apacame.org.br\/site\/wp-json\/wp\/v2\/media\/3236"}],"wp:attachment":[{"href":"https:\/\/apacame.org.br\/site\/wp-json\/wp\/v2\/media?parent=3143"}],"curies":[{"name":"wp","href":"https:\/\/api.w.org\/{rel}","templated":true}]}}