{"id":3127,"date":"2019-08-13T17:09:42","date_gmt":"2019-08-13T17:09:42","guid":{"rendered":"http:\/\/apacame.org.br\/site\/?page_id=3127"},"modified":"2019-08-13T17:09:42","modified_gmt":"2019-08-13T17:09:42","slug":"minha-experiencia","status":"publish","type":"page","link":"https:\/\/apacame.org.br\/site\/revista\/mensagem-doce-n-152-julho-de-2019\/minha-experiencia\/","title":{"rendered":"Minha Experi\u00eancia"},"content":{"rendered":"<h1 style=\"text-align: center;\">OBSERVAR, PENSAR E FAZER<\/h1>\n<blockquote><p>Jo\u00e3o de Paula<\/p><\/blockquote>\n<p><a href=\"https:\/\/apacame.org.br\/site\/wp-content\/uploads\/2019\/08\/Quadro-Observar.png\"><img fetchpriority=\"high\" decoding=\"async\" class=\"alignright size-medium wp-image-3128\" src=\"https:\/\/apacame.org.br\/site\/wp-content\/uploads\/2019\/08\/Quadro-Observar-237x300.png\" alt=\"Quadro-Observar\" width=\"237\" height=\"300\" srcset=\"https:\/\/apacame.org.br\/site\/wp-content\/uploads\/2019\/08\/Quadro-Observar-237x300.png 237w, https:\/\/apacame.org.br\/site\/wp-content\/uploads\/2019\/08\/Quadro-Observar-150x190.png 150w, https:\/\/apacame.org.br\/site\/wp-content\/uploads\/2019\/08\/Quadro-Observar-396x500.png 396w, https:\/\/apacame.org.br\/site\/wp-content\/uploads\/2019\/08\/Quadro-Observar.png 706w\" sizes=\"(max-width: 237px) 100vw, 237px\" \/><\/a><span style=\"font-size: large;\">O excesso de frio ou de calor s\u00e3o prejudiciais a vida das abelhas ind\u00edgenas sem ferr\u00e3o que se encontram em abrigos artificiais. Existe um costume errado, na minha opini\u00e3o, a constru\u00e7\u00e3o de caixa para as abelhas sem ferr\u00e3o usando madeira com espessura inadequada, uma polegada, tem como consequ\u00eancia uma exagerada propoliza\u00e7\u00e3o. As abelhas sofrem um grande desgaste e perdem muito tempo coletando material e construindo essa\u201d gigantesca\u201d estrutura dotada de labirintos e cavernas com uma finalidade especifica, a estabiliza\u00e7\u00e3o da temperatura no interior do ninho. <\/span><\/p>\n<p><span style=\"font-size: large;\">Quando usamos madeiras com espessura adequada essa propoliza\u00e7\u00e3o \u00e9 bastante reduzida ou at\u00e9 inexistente Usando sobras de marcenaria ou restos descartados de pouca espessura, fa\u00e7o um sanduiche , usando duas pe\u00e7as recheadas com uma l\u00e2mina de alum\u00ednio, recortado de uma caixinha de leite, que \u00e9 \u00f3timo isolante t\u00e9rmico, e com mais uma vantagem, \u00e9 de gra\u00e7a. <\/span><\/p>\n<p><span style=\"font-size: large;\">Nossas abelhinhas, l\u00e1 na natureza s\u00e3o autossuficientes. Quando est\u00e3o sobre nossos cuidados, em abrigos artificiais, se tornam carentes de estudos e prote\u00e7\u00e3o. Nossa dedica\u00e7\u00e3o \u00e9 recompensada com sementes mais abundantes, frutos mais bonitos e mais saborosos, um mel de sabor inigual\u00e1vel e um maravilhoso e relaxante entretenimento.<\/span><\/p>\n","protected":false},"excerpt":{"rendered":"<p>OBSERVAR, PENSAR E FAZER Jo\u00e3o de Paula O excesso de frio ou de calor s\u00e3o prejudiciais a vida das abelhas ind\u00edgenas sem ferr\u00e3o que se encontram em abrigos artificiais. Existe [&hellip;]<\/p>\n","protected":false},"author":20,"featured_media":0,"parent":3044,"menu_order":0,"comment_status":"open","ping_status":"open","template":"","meta":{"pmpro_default_level":"","_price":"","_stock":"","_tribe_ticket_header":"","_tribe_default_ticket_provider":"","_tribe_ticket_capacity":"0","_ticket_start_date":"","_ticket_end_date":"","_tribe_ticket_show_description":"","_tribe_ticket_show_not_going":false,"_tribe_ticket_use_global_stock":"","_tribe_ticket_global_stock_level":"","_global_stock_mode":"","_global_stock_cap":"","_tribe_rsvp_for_event":"","_tribe_ticket_going_count":"","_tribe_ticket_not_going_count":"","_tribe_tickets_list":"[]","_tribe_ticket_has_attendee_info_fields":false,"cybocfi_hide_featured_image":"","footnotes":""},"class_list":["post-3127","page","type-page","status-publish","hentry","pmpro-has-access"],"_links":{"self":[{"href":"https:\/\/apacame.org.br\/site\/wp-json\/wp\/v2\/pages\/3127"}],"collection":[{"href":"https:\/\/apacame.org.br\/site\/wp-json\/wp\/v2\/pages"}],"about":[{"href":"https:\/\/apacame.org.br\/site\/wp-json\/wp\/v2\/types\/page"}],"author":[{"embeddable":true,"href":"https:\/\/apacame.org.br\/site\/wp-json\/wp\/v2\/users\/20"}],"replies":[{"embeddable":true,"href":"https:\/\/apacame.org.br\/site\/wp-json\/wp\/v2\/comments?post=3127"}],"version-history":[{"count":2,"href":"https:\/\/apacame.org.br\/site\/wp-json\/wp\/v2\/pages\/3127\/revisions"}],"predecessor-version":[{"id":3130,"href":"https:\/\/apacame.org.br\/site\/wp-json\/wp\/v2\/pages\/3127\/revisions\/3130"}],"up":[{"embeddable":true,"href":"https:\/\/apacame.org.br\/site\/wp-json\/wp\/v2\/pages\/3044"}],"wp:attachment":[{"href":"https:\/\/apacame.org.br\/site\/wp-json\/wp\/v2\/media?parent=3127"}],"curies":[{"name":"wp","href":"https:\/\/api.w.org\/{rel}","templated":true}]}}