{"id":3117,"date":"2019-08-13T16:51:13","date_gmt":"2019-08-13T16:51:13","guid":{"rendered":"http:\/\/apacame.org.br\/site\/?page_id=3117"},"modified":"2019-08-13T16:51:13","modified_gmt":"2019-08-13T16:51:13","slug":"artigo-6","status":"publish","type":"page","link":"https:\/\/apacame.org.br\/site\/revista\/mensagem-doce-n-152-julho-de-2019\/artigo-6\/","title":{"rendered":"Artigo"},"content":{"rendered":"<h1 style=\"text-align: center;\">AVALIA\u00c7\u00c3O DO USO DA TINTURA DE PR\u00d3POLIS NA QUIMIOPROFILAXIA E NO TRATAMENTO CL\u00cdNICO DA MAL\u00c1RIA E DA DENGUE.<\/h1>\n<blockquote><p>Dr. Gilvan Barbosa Gama &#8211; Apiterapeuta Hol\u00edstico Pi\u00fama &#8211; ES<\/p><\/blockquote>\n<p><span style=\"font-size: large;\">Este \u00e9 o resumo do trabalho apresentado no primeiro Simpr\u00f3polis na Universidade de Franca em agosto de 1999.<\/span><\/p>\n<p><span style=\"font-size: large;\">Segue abaixo pesquisa realizada na Amaz\u00f4nia, onde constatou-se ser o Extrato de pr\u00f3polis das abelhas, subst\u00e2ncia profil\u00e1tica e cl\u00ednica no tratamento de patologias transmitidas por insetos hemat\u00f3fagos. Esta informa\u00e7\u00e3o \u00e9 repassada gratuitamente e, creio eu, venha ser de utilidade p\u00fablica caso a vossa cidade venha a atravessar um surto de mosquitos e consequentes patologias transmitidas pelos mesmos.<\/span><\/p>\n<p><span style=\"font-size: large;\"><b>PESQUISA DE CAMPO<\/b><\/span><\/p>\n<p><span style=\"font-size: large;\">O objetivo da pesquisa foi demonstrar na regi\u00e3o norte do Brasil, em popula\u00e7\u00f5es definidas de \u00e1reas end\u00eamicas, a sensibilidade dos diversos tipos de mal\u00e1ria ao poder antiparasit\u00e1rio da pr\u00f3polis; observando a sua a\u00e7\u00e3o repelente ao anofelino, quando ingerida e eliminada pela sudorese. Constatar e avaliar a sua efic\u00e1cia cl\u00ednica e tempo de supress\u00e3o quando ministrada como dose prim\u00e1ria em crise mal\u00e1rica<\/span><\/p>\n<p><span style=\"font-size: large;\"><b>METODOLOGIA<\/b><\/span><\/p>\n<p><span style=\"font-size: large;\">A localidade end\u00eamica pesquisada foi o garimpo Cui\u00fa-Cui\u00fa no Estado do Par\u00e1, onde na pesquisa de campo foi utilizada a t\u00e9cnica de avalia\u00e7\u00e3o r\u00e1pida. Na primeira fase da pesquisa foram ministradas, em gotas, dosagens de tintura de pr\u00f3polis, em concentra\u00e7\u00f5es que variavam de 30% a 40%, a um grupo de trinta indiv\u00edduos, n\u00e3o portadores do plasmodium, durante trinta dias. Durante este per\u00edodo o grupo mostrou-se imune \u00e0 picada de insetos e n\u00e3o houve nenhum caso de mal\u00e1ria. Na segunda fase da pesquisa, ap\u00f3s comprovado o efeito repelente, foram ministradas dosagens de pr\u00f3polis, em gostas, por via oral, a uma concentra\u00e7\u00e3o de 40% em bruto, a trinta indiv\u00edduos portadores do plasmodium, em ataques prim\u00e1rios de mal\u00e1ria. Todos tiveram a febre e os demais sintomas da doen\u00e7a eliminados prontamente, persistindo em alguns casos apenas uma leve cefaleia.<\/span><\/p>\n<p><span style=\"font-size: large;\"><b>RESULTADOS<\/b><\/span><\/p>\n<p><span style=\"font-size: large;\">Na avalia\u00e7\u00e3o de resposta quimioprofil\u00e1tica, a tintura de pr\u00f3polis a uma concentra\u00e7\u00e3o variante de 30% a 40%, ingerida em 250 ml de \u00e1gua, mostrou-se um excelente repelente quando expelida pela sudorese, mantendo n\u00e3o s\u00f3 o anofelino, como tamb\u00e9m outros mosquitos afastados dos indiv\u00edduos, tornando-os protegidos das picadas, e por via de consequ\u00eancia, protegidos tamb\u00e9m das parasitemias e viroses que esses mosquitos pudessem transmitir. Na avalia\u00e7\u00e3o de respostas como tratamento cl\u00ednico da mal\u00e1ria, aqueles indiv\u00edduos que fizeram o uso da tintura de pr\u00f3polis a 40% em bruto, como dose de ataque, tiveram a supress\u00e3o dos sintomas.<\/span><\/p>\n<p><span style=\"font-size: large;\"><b>CONCLUS\u00c3O E REPERCUSS\u00c3O ESPERADA<\/b><\/span><\/p>\n<p><span style=\"font-size: large;\">As tinturas ministradas com diferentes graus de concentra\u00e7\u00e3o mostraram-se eficazes na quimioprofilaxia e no tratamento cl\u00ednico da mal\u00e1ria. Acredita-se que numa prova terap\u00eautica as flavonas encontradas na composi\u00e7\u00e3o da pr\u00f3polis mostrem-se respons\u00e1veis por estes resultados. Diante desta e de tantas outras evid\u00eancias sobre apiter\u00e1picos, aguarda-se por parte dos \u00d3rg\u00e3os da Sa\u00fade uma especial aten\u00e7\u00e3o e cr\u00e9dito. Espera-se tamb\u00e9m uma maior divulga\u00e7\u00e3o junto ao p\u00fablico, possibilitando um total conhecimento dos produtos apiter\u00e1picos, pois o seu campo de aplica\u00e7\u00e3o na sa\u00fade \u00e9 vast\u00edssimo, e por ter um custo bem menor que os medicamentos tradicionais, poder\u00e1 melhorar a qualidade de vida das popula\u00e7\u00f5es de baixo poder aquisitivo.<\/span><\/p>\n<p><span style=\"font-size: large;\"><b>DADOS PARCIAIS PUBLICADOS<\/b><\/span><\/p>\n<p><span style=\"font-size: large;\">Di\u00e1rio do Congresso Nacional. C\u00e2mara do Deputados &#8211; Bras\u00edlia &#8211; DF, setembro 1993, pg.18229. Sr. Fernando Diniz. Revista Brasileira de Apicultura, S\u00e3o Paulo 1992, pg.14. Revista da Sociedade Brasileira de Medicina Tropical 26(3):193, jul.-set, 1993.<\/span><\/p>\n<p><span style=\"font-size: large;\"><b>JUSTIFICATIVA SANIT\u00c1RIA<\/b><\/span><\/p>\n<p><span style=\"font-size: large;\">Ningu\u00e9m jamais seria t\u00e3o insano, debiloide ou megaloman\u00edaco o bastante para durante mais de 20 anos afirmar e pedir a prova e a contra prova de que o Extrato de Pr\u00f3polis das abelhas \u00e9 ou n\u00e3o f\u00e1rmaco natural no tratamento da mal\u00e1ria e da dengue.<\/span><\/p>\n<p><span style=\"font-size: large;\">Trata-se apenas, segundo as evid\u00eancias e ao bom senso, da n\u00e3o inten\u00e7\u00e3o das nossas autoridades da Sa\u00fade em confirmar, via ensaio cl\u00ednico, que tal substancia produzida pelas abelhas \u00e9 repelente contra toda a sorte de mosquitos hemat\u00f3fagos. Com as patologias instaladas tal substancia, na mal\u00e1ria, funciona como terapia associada \u00e0s aminoquinole\u00ednas e aos quinolinometan\u00f3is, sem permitir que estes apresentem efeitos colaterais, e na dengue funciona como um potente antiviral aumentando o n\u00famero de plaquetas. A pr\u00f3polis \u00e9 comprovadamente uma subst\u00e2ncia hemost\u00e1tica cumpre lembrar ainda que 30 a 40 gotas bebidas em meio copo de \u00e1gua a cada 8 horas em \u00e9pocas de infesta\u00e7\u00e3o de mosquitos, funciona como excelente repelente aos mesmos.<\/span><\/p>\n<p><span style=\"font-size: large;\">Quando ingerida n\u00e3o causa danos \u00e0 sa\u00fade por ser at\u00f3xica. Esta dosagem sugerida \u00e9 para adultos. <\/span><\/p>\n<p><span style=\"font-size: large;\">Para crian\u00e7as de 0 a 10 anos, sugere-se dar as gotas corresponde a 1\/4 do peso corporal. Embora seja at\u00f3xica, existem pessoas al\u00e9rgicas \u00e0 Pr\u00f3polis. Na d\u00favida fazer o teste al\u00e9rgico.<\/span><\/p>\n<p><a href=\"https:\/\/apacame.org.br\/site\/wp-content\/uploads\/2019\/08\/Quadro-uso-da-tintura.png\"><img fetchpriority=\"high\" decoding=\"async\" class=\"aligncenter size-full wp-image-3118\" src=\"https:\/\/apacame.org.br\/site\/wp-content\/uploads\/2019\/08\/Quadro-uso-da-tintura.png\" alt=\"Quadro-uso-da-tintura\" width=\"800\" height=\"466\" srcset=\"https:\/\/apacame.org.br\/site\/wp-content\/uploads\/2019\/08\/Quadro-uso-da-tintura.png 800w, https:\/\/apacame.org.br\/site\/wp-content\/uploads\/2019\/08\/Quadro-uso-da-tintura-300x175.png 300w, https:\/\/apacame.org.br\/site\/wp-content\/uploads\/2019\/08\/Quadro-uso-da-tintura-150x87.png 150w, https:\/\/apacame.org.br\/site\/wp-content\/uploads\/2019\/08\/Quadro-uso-da-tintura-500x291.png 500w\" sizes=\"(max-width: 800px) 100vw, 800px\" \/><\/a><\/p>\n","protected":false},"excerpt":{"rendered":"<p>AVALIA\u00c7\u00c3O DO USO DA TINTURA DE PR\u00d3POLIS NA QUIMIOPROFILAXIA E NO TRATAMENTO CL\u00cdNICO DA MAL\u00c1RIA E DA DENGUE. Dr. Gilvan Barbosa Gama &#8211; Apiterapeuta Hol\u00edstico Pi\u00fama &#8211; ES Este \u00e9 [&hellip;]<\/p>\n","protected":false},"author":20,"featured_media":0,"parent":3044,"menu_order":0,"comment_status":"open","ping_status":"open","template":"","meta":{"pmpro_default_level":"","_price":"","_stock":"","_tribe_ticket_header":"","_tribe_default_ticket_provider":"","_tribe_ticket_capacity":"0","_ticket_start_date":"","_ticket_end_date":"","_tribe_ticket_show_description":"","_tribe_ticket_show_not_going":false,"_tribe_ticket_use_global_stock":"","_tribe_ticket_global_stock_level":"","_global_stock_mode":"","_global_stock_cap":"","_tribe_rsvp_for_event":"","_tribe_ticket_going_count":"","_tribe_ticket_not_going_count":"","_tribe_tickets_list":"[]","_tribe_ticket_has_attendee_info_fields":false,"cybocfi_hide_featured_image":"","footnotes":""},"class_list":["post-3117","page","type-page","status-publish","hentry","pmpro-has-access"],"_links":{"self":[{"href":"https:\/\/apacame.org.br\/site\/wp-json\/wp\/v2\/pages\/3117"}],"collection":[{"href":"https:\/\/apacame.org.br\/site\/wp-json\/wp\/v2\/pages"}],"about":[{"href":"https:\/\/apacame.org.br\/site\/wp-json\/wp\/v2\/types\/page"}],"author":[{"embeddable":true,"href":"https:\/\/apacame.org.br\/site\/wp-json\/wp\/v2\/users\/20"}],"replies":[{"embeddable":true,"href":"https:\/\/apacame.org.br\/site\/wp-json\/wp\/v2\/comments?post=3117"}],"version-history":[{"count":2,"href":"https:\/\/apacame.org.br\/site\/wp-json\/wp\/v2\/pages\/3117\/revisions"}],"predecessor-version":[{"id":3120,"href":"https:\/\/apacame.org.br\/site\/wp-json\/wp\/v2\/pages\/3117\/revisions\/3120"}],"up":[{"embeddable":true,"href":"https:\/\/apacame.org.br\/site\/wp-json\/wp\/v2\/pages\/3044"}],"wp:attachment":[{"href":"https:\/\/apacame.org.br\/site\/wp-json\/wp\/v2\/media?parent=3117"}],"curies":[{"name":"wp","href":"https:\/\/api.w.org\/{rel}","templated":true}]}}