{"id":3111,"date":"2019-08-13T16:36:02","date_gmt":"2019-08-13T16:36:02","guid":{"rendered":"http:\/\/apacame.org.br\/site\/?page_id=3111"},"modified":"2019-08-13T16:36:02","modified_gmt":"2019-08-13T16:36:02","slug":"abelhas-nativas","status":"publish","type":"page","link":"https:\/\/apacame.org.br\/site\/revista\/mensagem-doce-n-152-julho-de-2019\/abelhas-nativas\/","title":{"rendered":"Abelhas Nativas"},"content":{"rendered":"<h1 style=\"text-align: center;\">Janda\u00edra, a rainha do sert\u00e3o<\/h1>\n<blockquote><p>Paulo Ot\u00e1vio Picolli &#8211; Engenheiro Agr\u00f4nomo &#8211; Barcelos-AM<\/p><\/blockquote>\n<p><a href=\"https:\/\/apacame.org.br\/site\/wp-content\/uploads\/2019\/08\/Figura_Jandaira.png\"><img decoding=\"async\" class=\"alignright size-thumbnail wp-image-3112\" src=\"https:\/\/apacame.org.br\/site\/wp-content\/uploads\/2019\/08\/Figura_Jandaira-150x150.png\" alt=\"Figura_Jandaira\" width=\"150\" height=\"150\" srcset=\"https:\/\/apacame.org.br\/site\/wp-content\/uploads\/2019\/08\/Figura_Jandaira-150x150.png 150w, https:\/\/apacame.org.br\/site\/wp-content\/uploads\/2019\/08\/Figura_Jandaira-100x100.png 100w\" sizes=\"(max-width: 150px) 100vw, 150px\" \/><\/a><span style=\"font-size: large;\">Apresentando colora\u00e7\u00e3o escura com listas amareladas no abd\u00f4men e medindo entre seis e sete mil\u00edmetros, a abelha janda\u00edra \u00e9 t\u00edpica do sert\u00e3o nordestino.\u00c9 uma das mais conhecidas, por ser encontrada em todos os estados da regi\u00e3o, do semi-\u00e1rido ao litoral, e em \u00e1reas de restinga dos estados do Piau\u00ed,Maranh\u00e3o e Amazonas. Por ser uma grande produtora de mel, al\u00e9m de ter import\u00e2ncia ecol\u00f3gica como polinizadora, a esp\u00e9cie \u00e9 conhecida entre os apicultores como a \u201crainha do sert\u00e3o\u201d.<\/span><\/p>\n<p><span style=\"font-size: large;\">Abelhas sem ferr\u00e3o, como a janda\u00edra, s\u00e3o respons\u00e1veis pela poliniza\u00e7\u00e3o de 30 a 60% das plantas da caatinga, do pantanal e de manchas da Mata Atl\u00e2ntica, importantes ecossistemas brasileiros. No entanto, segundo a pesquisadora F\u00e1bia Pereira, da Embrapa meio-norte,cerca de um ter\u00e7o das esp\u00e9cies dessas abelhas est\u00e3o em risco. O motivo \u00e9 a degrada\u00e7\u00e3o dos ecossistemas. \u201c A conserva\u00e7\u00e3o dessas esp\u00e9cies \u00e9 uma necessidade, j\u00e1 que elas executam uma importante fun\u00e7\u00e3o na perpetua\u00e7\u00e3o da floresta e sua biodiversidade,como polinizadoras e parte integrante da teia alimentar\u201d.<\/span><\/p>\n<p><span style=\"font-size: large;\">O extrativismo predat\u00f3rio e o desmatamento sem controle, t\u00eam levado a redu\u00e7\u00e3o no n\u00famero de col\u00f4nias silvestres da esp\u00e9cie,Pequenas popula\u00e7\u00f5es de abelhas sem ferr\u00e3o,podem sofrer decl\u00ednio gradual, resultando na sua extin\u00e7\u00e3o local.<\/span><\/p>\n<p><span style=\"font-size: large;\">A flora nativa e diversificada \u00e9 o grande trunfo para manuten\u00e7\u00e3o desta esp\u00e9cie de abelhas sem ferr\u00e3o, portanto a preserva\u00e7\u00e3o das florestas nativas \u00e9 essencial para que a janda\u00edra n\u00e3o entre na lista das esp\u00e9cies em extin\u00e7\u00e3o.<\/span><\/p>\n<p><a href=\"https:\/\/apacame.org.br\/site\/wp-content\/uploads\/2019\/08\/quadro-curiosidade.png\"><img fetchpriority=\"high\" decoding=\"async\" class=\"aligncenter size-full wp-image-3113\" src=\"https:\/\/apacame.org.br\/site\/wp-content\/uploads\/2019\/08\/quadro-curiosidade.png\" alt=\"quadro-curiosidade\" width=\"828\" height=\"423\" srcset=\"https:\/\/apacame.org.br\/site\/wp-content\/uploads\/2019\/08\/quadro-curiosidade.png 828w, https:\/\/apacame.org.br\/site\/wp-content\/uploads\/2019\/08\/quadro-curiosidade-300x153.png 300w, https:\/\/apacame.org.br\/site\/wp-content\/uploads\/2019\/08\/quadro-curiosidade-150x77.png 150w, https:\/\/apacame.org.br\/site\/wp-content\/uploads\/2019\/08\/quadro-curiosidade-500x255.png 500w\" sizes=\"(max-width: 828px) 100vw, 828px\" \/><\/a><\/p>\n","protected":false},"excerpt":{"rendered":"<p>Janda\u00edra, a rainha do sert\u00e3o Paulo Ot\u00e1vio Picolli &#8211; Engenheiro Agr\u00f4nomo &#8211; Barcelos-AM Apresentando colora\u00e7\u00e3o escura com listas amareladas no abd\u00f4men e medindo entre seis e sete mil\u00edmetros, a abelha [&hellip;]<\/p>\n","protected":false},"author":20,"featured_media":0,"parent":3044,"menu_order":0,"comment_status":"open","ping_status":"open","template":"","meta":{"pmpro_default_level":"","_price":"","_stock":"","_tribe_ticket_header":"","_tribe_default_ticket_provider":"","_tribe_ticket_capacity":"0","_ticket_start_date":"","_ticket_end_date":"","_tribe_ticket_show_description":"","_tribe_ticket_show_not_going":false,"_tribe_ticket_use_global_stock":"","_tribe_ticket_global_stock_level":"","_global_stock_mode":"","_global_stock_cap":"","_tribe_rsvp_for_event":"","_tribe_ticket_going_count":"","_tribe_ticket_not_going_count":"","_tribe_tickets_list":"[]","_tribe_ticket_has_attendee_info_fields":false,"cybocfi_hide_featured_image":"","footnotes":""},"class_list":["post-3111","page","type-page","status-publish","hentry","pmpro-has-access"],"_links":{"self":[{"href":"https:\/\/apacame.org.br\/site\/wp-json\/wp\/v2\/pages\/3111"}],"collection":[{"href":"https:\/\/apacame.org.br\/site\/wp-json\/wp\/v2\/pages"}],"about":[{"href":"https:\/\/apacame.org.br\/site\/wp-json\/wp\/v2\/types\/page"}],"author":[{"embeddable":true,"href":"https:\/\/apacame.org.br\/site\/wp-json\/wp\/v2\/users\/20"}],"replies":[{"embeddable":true,"href":"https:\/\/apacame.org.br\/site\/wp-json\/wp\/v2\/comments?post=3111"}],"version-history":[{"count":2,"href":"https:\/\/apacame.org.br\/site\/wp-json\/wp\/v2\/pages\/3111\/revisions"}],"predecessor-version":[{"id":3115,"href":"https:\/\/apacame.org.br\/site\/wp-json\/wp\/v2\/pages\/3111\/revisions\/3115"}],"up":[{"embeddable":true,"href":"https:\/\/apacame.org.br\/site\/wp-json\/wp\/v2\/pages\/3044"}],"wp:attachment":[{"href":"https:\/\/apacame.org.br\/site\/wp-json\/wp\/v2\/media?parent=3111"}],"curies":[{"name":"wp","href":"https:\/\/api.w.org\/{rel}","templated":true}]}}