{"id":3087,"date":"2019-08-12T23:59:56","date_gmt":"2019-08-12T23:59:56","guid":{"rendered":"http:\/\/apacame.org.br\/site\/?page_id=3087"},"modified":"2019-08-12T23:59:56","modified_gmt":"2019-08-12T23:59:56","slug":"congresso","status":"publish","type":"page","link":"https:\/\/apacame.org.br\/site\/revista\/mensagem-doce-n-152-julho-de-2019\/congresso\/","title":{"rendered":"Congresso"},"content":{"rendered":"<p><span style=\"font-size: large;\"><a href=\"https:\/\/apacame.org.br\/site\/wp-content\/uploads\/2019\/08\/Logo-congresso.png\"><img fetchpriority=\"high\" decoding=\"async\" class=\"alignleft size-medium wp-image-3088\" src=\"https:\/\/apacame.org.br\/site\/wp-content\/uploads\/2019\/08\/Logo-congresso-256x300.png\" alt=\"Logo-congresso\" width=\"256\" height=\"300\" srcset=\"https:\/\/apacame.org.br\/site\/wp-content\/uploads\/2019\/08\/Logo-congresso-256x300.png 256w, https:\/\/apacame.org.br\/site\/wp-content\/uploads\/2019\/08\/Logo-congresso-150x176.png 150w, https:\/\/apacame.org.br\/site\/wp-content\/uploads\/2019\/08\/Logo-congresso-427x500.png 427w, https:\/\/apacame.org.br\/site\/wp-content\/uploads\/2019\/08\/Logo-congresso.png 659w\" sizes=\"(max-width: 256px) 100vw, 256px\" \/><\/a>\u00c9 com grande satisfa\u00e7\u00e3o que o CNAA \u2013 Conselho Nacional do Agroneg\u00f3cio de Abelhas realiza seu primeiro congresso, juntamente com diversos parceiros e apoiadores como MAPA\/CEPLAC, IF baiano \u2013 Campus Uru\u00e7uca, Universidade Estadual de Santa Cruz, Universidade Federal do Sul da Bahia, Universidade Estadual de Goi\u00e1s \u2013 Campus S\u00e3o Lu\u00eds de Monte Belos, Instituto do Mel e Chocolate, Prefeitura Municipal de Itabuna, Veracel, entre outros. O Congresso Brasileiro de Apicultura e Meliponicultura CNAA ser\u00e1 realizado na cidade de Itabuna (BA), no per\u00edodo de 06 a 08 de novembro de 2019. Junto com o Congresso ser\u00e1 realizado a EXPOMEL, exposi\u00e7\u00e3o de materiais e equipamentos ap\u00edcolas e melipon\u00edcolas, exposi\u00e7\u00e3o de insetos gigantes (a ser confirmado), comercializa\u00e7\u00e3o de produtos da apicultura e meliponicultura, pra\u00e7a de alimenta\u00e7\u00e3o com food truck e show musical. O Congresso Brasileiro de Apicultura e Meliponicultura CNAA est\u00e1 sendo programado de forma a atender todos interessados no desenvolvimento do agroneg\u00f3cio de abelhas. Ser\u00e3o enfocados avan\u00e7os nas \u00e1reas de t\u00e9cnicas de manejo, pesquisas, melhoramento de abelhas, comercializa\u00e7\u00e3o e exporta\u00e7\u00e3o. Os temas ser\u00e3o apresentados por renomados pesquisadores do Brasil e apicultores, quando mostrar\u00e3o suas experi\u00eancias de sucesso. Ainda como parte da Programa\u00e7\u00e3o do Congresso, os interessados ter\u00e3o \u00e0 disposi\u00e7\u00e3o palestras, mesa-redonda, mincursos, oficinas pr\u00e1ticas e ainda programa\u00e7\u00e3o opcional, que s\u00e3o as visitas t\u00e9cnicas \u00e0 cidade de Canavieiras para conhecer as t\u00e9cnicas de produ\u00e7\u00e3o de pr\u00f3polis vermelha e a produ\u00e7\u00e3o de p\u00f3len ap\u00edcola.<\/span><\/p>\n<p><span style=\"font-size: large;\">Portanto, a realiza\u00e7\u00e3o dos Eventos pelo CNNA e parceiros constitui uma demonstra\u00e7\u00e3o de uni\u00e3o e for\u00e7a em prol da apicultura brasileira, refletindo de grande import\u00e2ncia para o fortalecimento da cadeia produtiva, visando a sua consolida\u00e7\u00e3o como uma atividade sustent\u00e1vel e promotora do desenvolvimento das regi\u00f5es produtoras do Brasil.<\/span><\/p>\n<p><span style=\"font-size: large;\">Sua participa\u00e7\u00e3o \u00e9 muito importante&#8230;estamos esperando todos voc\u00eas de bra\u00e7os abertos.<\/span><\/p>\n<div id='gallery-1' class='gallery galleryid-3087 gallery-columns-3 gallery-size-large'><figure class='gallery-item'>\n\t\t\t<div class='gallery-icon portrait'>\n\t\t\t\t<a href='https:\/\/apacame.org.br\/site\/wp-content\/uploads\/2019\/08\/Quadro-1-Congresso.png'><img decoding=\"async\" width=\"453\" height=\"1024\" src=\"https:\/\/apacame.org.br\/site\/wp-content\/uploads\/2019\/08\/Quadro-1-Congresso-453x1024.png\" class=\"attachment-large size-large\" alt=\"\" srcset=\"https:\/\/apacame.org.br\/site\/wp-content\/uploads\/2019\/08\/Quadro-1-Congresso-453x1024.png 453w, https:\/\/apacame.org.br\/site\/wp-content\/uploads\/2019\/08\/Quadro-1-Congresso-133x300.png 133w, https:\/\/apacame.org.br\/site\/wp-content\/uploads\/2019\/08\/Quadro-1-Congresso-150x339.png 150w, https:\/\/apacame.org.br\/site\/wp-content\/uploads\/2019\/08\/Quadro-1-Congresso-221x500.png 221w, https:\/\/apacame.org.br\/site\/wp-content\/uploads\/2019\/08\/Quadro-1-Congresso.png 862w\" sizes=\"(max-width: 453px) 100vw, 453px\" \/><\/a>\n\t\t\t<\/div><\/figure><figure class='gallery-item'>\n\t\t\t<div class='gallery-icon portrait'>\n\t\t\t\t<a href='https:\/\/apacame.org.br\/site\/wp-content\/uploads\/2019\/08\/Quadro-2-Congresso.png'><img decoding=\"async\" width=\"444\" height=\"1024\" src=\"https:\/\/apacame.org.br\/site\/wp-content\/uploads\/2019\/08\/Quadro-2-Congresso-444x1024.png\" class=\"attachment-large size-large\" alt=\"\" srcset=\"https:\/\/apacame.org.br\/site\/wp-content\/uploads\/2019\/08\/Quadro-2-Congresso-444x1024.png 444w, https:\/\/apacame.org.br\/site\/wp-content\/uploads\/2019\/08\/Quadro-2-Congresso-130x300.png 130w, https:\/\/apacame.org.br\/site\/wp-content\/uploads\/2019\/08\/Quadro-2-Congresso-150x346.png 150w, https:\/\/apacame.org.br\/site\/wp-content\/uploads\/2019\/08\/Quadro-2-Congresso-217x500.png 217w, https:\/\/apacame.org.br\/site\/wp-content\/uploads\/2019\/08\/Quadro-2-Congresso.png 845w\" sizes=\"(max-width: 444px) 100vw, 444px\" \/><\/a>\n\t\t\t<\/div><\/figure><figure class='gallery-item'>\n\t\t\t<div class='gallery-icon portrait'>\n\t\t\t\t<a href='https:\/\/apacame.org.br\/site\/wp-content\/uploads\/2019\/08\/Quadro-3-Congresso.png'><img loading=\"lazy\" decoding=\"async\" width=\"705\" height=\"1024\" src=\"https:\/\/apacame.org.br\/site\/wp-content\/uploads\/2019\/08\/Quadro-3-Congresso-705x1024.png\" class=\"attachment-large size-large\" alt=\"\" srcset=\"https:\/\/apacame.org.br\/site\/wp-content\/uploads\/2019\/08\/Quadro-3-Congresso-705x1024.png 705w, https:\/\/apacame.org.br\/site\/wp-content\/uploads\/2019\/08\/Quadro-3-Congresso-207x300.png 207w, https:\/\/apacame.org.br\/site\/wp-content\/uploads\/2019\/08\/Quadro-3-Congresso-150x218.png 150w, https:\/\/apacame.org.br\/site\/wp-content\/uploads\/2019\/08\/Quadro-3-Congresso-344x500.png 344w, https:\/\/apacame.org.br\/site\/wp-content\/uploads\/2019\/08\/Quadro-3-Congresso.png 847w\" sizes=\"(max-width: 705px) 100vw, 705px\" \/><\/a>\n\t\t\t<\/div><\/figure>\n\t\t<\/div>\n\n","protected":false},"excerpt":{"rendered":"<p>\u00c9 com grande satisfa\u00e7\u00e3o que o CNAA \u2013 Conselho Nacional do Agroneg\u00f3cio de Abelhas realiza seu primeiro congresso, juntamente com diversos parceiros e apoiadores como MAPA\/CEPLAC, IF baiano \u2013 Campus [&hellip;]<\/p>\n","protected":false},"author":20,"featured_media":0,"parent":3044,"menu_order":0,"comment_status":"open","ping_status":"open","template":"","meta":{"pmpro_default_level":"","_price":"","_stock":"","_tribe_ticket_header":"","_tribe_default_ticket_provider":"","_tribe_ticket_capacity":"0","_ticket_start_date":"","_ticket_end_date":"","_tribe_ticket_show_description":"","_tribe_ticket_show_not_going":false,"_tribe_ticket_use_global_stock":"","_tribe_ticket_global_stock_level":"","_global_stock_mode":"","_global_stock_cap":"","_tribe_rsvp_for_event":"","_tribe_ticket_going_count":"","_tribe_ticket_not_going_count":"","_tribe_tickets_list":"[]","_tribe_ticket_has_attendee_info_fields":false,"cybocfi_hide_featured_image":"","footnotes":""},"class_list":["post-3087","page","type-page","status-publish","hentry","pmpro-has-access"],"_links":{"self":[{"href":"https:\/\/apacame.org.br\/site\/wp-json\/wp\/v2\/pages\/3087"}],"collection":[{"href":"https:\/\/apacame.org.br\/site\/wp-json\/wp\/v2\/pages"}],"about":[{"href":"https:\/\/apacame.org.br\/site\/wp-json\/wp\/v2\/types\/page"}],"author":[{"embeddable":true,"href":"https:\/\/apacame.org.br\/site\/wp-json\/wp\/v2\/users\/20"}],"replies":[{"embeddable":true,"href":"https:\/\/apacame.org.br\/site\/wp-json\/wp\/v2\/comments?post=3087"}],"version-history":[{"count":2,"href":"https:\/\/apacame.org.br\/site\/wp-json\/wp\/v2\/pages\/3087\/revisions"}],"predecessor-version":[{"id":3093,"href":"https:\/\/apacame.org.br\/site\/wp-json\/wp\/v2\/pages\/3087\/revisions\/3093"}],"up":[{"embeddable":true,"href":"https:\/\/apacame.org.br\/site\/wp-json\/wp\/v2\/pages\/3044"}],"wp:attachment":[{"href":"https:\/\/apacame.org.br\/site\/wp-json\/wp\/v2\/media?parent=3087"}],"curies":[{"name":"wp","href":"https:\/\/api.w.org\/{rel}","templated":true}]}}