{"id":3079,"date":"2019-08-12T23:40:28","date_gmt":"2019-08-12T23:40:28","guid":{"rendered":"http:\/\/apacame.org.br\/site\/?page_id=3079"},"modified":"2019-08-12T23:46:52","modified_gmt":"2019-08-12T23:46:52","slug":"artigo-3","status":"publish","type":"page","link":"https:\/\/apacame.org.br\/site\/revista\/mensagem-doce-n-152-julho-de-2019\/artigo-3\/","title":{"rendered":"Artigo"},"content":{"rendered":"<h1 style=\"text-align: center;\">O Amargo Sabor do Mel<\/h1>\n<blockquote><p>Jos\u00e9 Alexandre Silva de Abreu &#8211; Vice-Presidente do CNAA<\/p><\/blockquote>\n<p><span style=\"font-size: large;\"><a href=\"https:\/\/apacame.org.br\/site\/wp-content\/uploads\/2019\/08\/Figura_1_Amargo.png\"><img fetchpriority=\"high\" decoding=\"async\" class=\"alignright size-medium wp-image-3081\" src=\"https:\/\/apacame.org.br\/site\/wp-content\/uploads\/2019\/08\/Figura_1_Amargo-300x280.png\" alt=\"Figura_1_Amargo\" width=\"300\" height=\"280\" srcset=\"https:\/\/apacame.org.br\/site\/wp-content\/uploads\/2019\/08\/Figura_1_Amargo-300x280.png 300w, https:\/\/apacame.org.br\/site\/wp-content\/uploads\/2019\/08\/Figura_1_Amargo-150x140.png 150w, https:\/\/apacame.org.br\/site\/wp-content\/uploads\/2019\/08\/Figura_1_Amargo-500x467.png 500w, https:\/\/apacame.org.br\/site\/wp-content\/uploads\/2019\/08\/Figura_1_Amargo.png 748w\" sizes=\"(max-width: 300px) 100vw, 300px\" \/><\/a>A amarga li\u00e7\u00e3o desta vez tem seu primeiro ato na incorrig\u00edvel mania dos chineses de produzir \u201cfakes\u201d cada vez mais baratos e tentar passar os desavisados pra tr\u00e1s. Por conta da p\u00e9ssima qualidade do mel chin\u00eas, eles ficaram quase 3 anos banidos dos dois maiores mercados do mundo: Europa e Estados Unidos, causando um desequil\u00edbrio na oferta mundial de mel: pre\u00e7os hist\u00f3ricos entre US$ 1.80 a US$ 2.40 \/ kg, saltaram para US$ 3.80 a US$ 4.70 \/ kg. O mundo todo passou a fomentar a produ\u00e7\u00e3o ap\u00edcola, alguns pa\u00edses com excelentes condi\u00e7\u00f5es produtivas, como Canad\u00e1, M\u00e9xico, Vietnam, \u00cdndia tornaram- se concorrentes do Brasil mesmo no seleto segmento de org\u00e2nicos, onde est\u00e1vamos praticamente sozinhos por muitos anos.<\/span><\/p>\n<p><span style=\"font-size: large;\">Em meados de 2018 a China solucionou seus empecilhos regulat\u00f3rios e voltou voraz ao mercado de mel, soltando um grande estoque represado no mercado internacional e provocando com isto o efeito domin\u00f3 da queda dos pre\u00e7os em todo mundo. Mas com um mercado consumidor de quase 210.000.000 de bocas, o problema do mercado internacional n\u00e3o seria sequer percebido se pud\u00e9ssemos virar a chave para modo \u201cMercado Interno,\u201d mas Infelizmente esta chave n\u00e3o existe.<\/span><\/p>\n<p><span style=\"font-size: large;\">Durante muitos anos, toda a m\u00e1quina p\u00fablica: Emater, Sebrae, Apex, Bancos de fomento: BB, Basa, BN, BNDES, etc., estimulavam a apicultura comoditizada: produzir mel para vender em tambores aos entrepostos, que por sua vez revendiam no mercado internacional, agregando sem nada agregar na cadeia de valor do produto. Em nenhum momento ningu\u00e9m pedia licen\u00e7a ao entusiasmo geral e lembrava uma c\u00e9lebre frase nas bolsas de mercadorias e futuro: N\u00e3o existe comodite premium!<\/span><\/p>\n<p><span style=\"font-size: large;\">Agora de nada adianta ficar apontando o dedo uns para os outros: apicultores culpando entrepostos, e estes dizendo que os apicultores n\u00e3o tem produtividade, pre\u00e7o competitivo e profissionalismo. O mercado mundial de mel est\u00e1 passando por uma crise c\u00edclica, contra a qual quase nada podemos fazer com resultados imediatos. Na verdade, fomos pegos em vulnerabilidade, porque absurdamente os produtores brasileiros, n\u00e3o conseguem colocar o pr\u00f3prio mel em nosso pa\u00eds!<\/span><\/p>\n<p><span style=\"font-size: large;\">O Brasil \u00e9 o \u00fanico pa\u00eds do mundo, no qual o pr\u00f3prio governo federal autoriza a fabrica\u00e7\u00e3o e uso de mel falsificado pela ind\u00fastria de alimentos bebidas, cosm\u00e9tica e farmac\u00eautica. Desde 2003 a ANVISA e MAPA autorizam o uso de \u201cpreparado de mel\u201d, que nada mais \u00e9 do que uma grosseira falsifica\u00e7\u00e3o \u00e0 base de a\u00e7\u00facar e fragr\u00e2ncia de mel, para enganar o consumidor e prejudicar os apicultores. A competi\u00e7\u00e3o \u00e9 invi\u00e1vel, pois esta falsifica\u00e7\u00e3o autorizada \u00e9 oferecida \u00e0s ind\u00fastrias ao pre\u00e7o de R$3,00\/kg (com credito de ICMS e ST).<\/span><\/p>\n<p><span style=\"font-size: large;\">Infelizmente a ret\u00f3rica de que, \u201cMuito ajuda, quem pouco atrapalha\u201d ainda n\u00e3o foi bem absorvida pelos nossos governos e assim, rigoros\u00edssimas regras sanit\u00e1rias dificultam que pequenos produtores tenham acesso ao mercado. Desde 2018, sob a subordina\u00e7\u00e3o da ANVISA, na categoria de suplemento, classificado como fonte de carboidrato, o mel ganhou ainda mais restri\u00e7\u00f5es de consumo por grupo de habitantes. O acesso ao mercado interno que j\u00e1 era dific\u00edlimo por conta da concorr\u00eancia contra o \u201cmel falsificado do governo\u201d fica ainda mais restrito. As normas do SIF se tornaram mais e mais rigorosas com obriga\u00e7\u00f5es cada vez mais dispendiosas como a absurda obriga\u00e7\u00e3o de realizar 3 an\u00e1lises de \u00e1gua por dia nos entrepostos.<\/span><\/p>\n<p><span style=\"font-size: large;\">Por conta de tudo isto, o setor ap\u00edcola est\u00e1 amargando atualmente a pior crise de mercado de sua hist\u00f3ria, que poder\u00e1 inviabilizar a cria\u00e7\u00e3o de abelhas no pa\u00eds. Abelhas s\u00e3o o adubo alado do agroneg\u00f3cio. Atrav\u00e9s da poliniza\u00e7\u00e3o elas s\u00e3o respons\u00e1veis por 70% da produ\u00e7\u00e3o agr\u00edcola nacional: US$ 287,000,000,000.00 (duzentos e oitenta e sete bilh\u00f5es de d\u00f3lares por ano). O valor do mel em si nada representa diante do peso da poliniza\u00e7\u00e3o nas lavouras do pa\u00eds, mas ao sufocar os apicultores, restringindo o seu mercado com uma competi\u00e7\u00e3o desleal e desonesta, o governo promove o desmanche da apicultura, que ter\u00e1 impactos profundos na produ\u00e7\u00e3o agropecu\u00e1ria.<\/span><\/p>\n<p><span style=\"font-size: large;\">A situa\u00e7\u00e3o chegou a um ponto t\u00e3o extremo que, o governo e a sociedade precisam decidir se criar abelhas \u00e9 ou n\u00e3o importante, se \u00e9 ou n\u00e3o \u00e9 estrat\u00e9gico para o agroneg\u00f3cio ter abelhas para polinizar as lavouras. Se a decis\u00e3o for pelo sim, a hemorragia dever\u00e1 ser estancada logo, ou o paciente morre. As emergentes e fr\u00e1geis apicultura e meliponicultura no pa\u00eds clamam por uma nova postura do Governo Federal, como as que s\u00e3o pleiteadas pelo Conselho Nacional do Agroneg\u00f3cio de Abelhas, veja quadro.<\/span><\/p>\n<div id='gallery-1' class='gallery galleryid-3079 gallery-columns-2 gallery-size-large'><figure class='gallery-item'>\n\t\t\t<div class='gallery-icon portrait'>\n\t\t\t\t<a href='https:\/\/apacame.org.br\/site\/wp-content\/uploads\/2019\/08\/Quadro-1-Amargo.png'><img decoding=\"async\" width=\"680\" height=\"1024\" src=\"https:\/\/apacame.org.br\/site\/wp-content\/uploads\/2019\/08\/Quadro-1-Amargo-680x1024.png\" class=\"attachment-large size-large\" alt=\"\" srcset=\"https:\/\/apacame.org.br\/site\/wp-content\/uploads\/2019\/08\/Quadro-1-Amargo-680x1024.png 680w, https:\/\/apacame.org.br\/site\/wp-content\/uploads\/2019\/08\/Quadro-1-Amargo-199x300.png 199w, https:\/\/apacame.org.br\/site\/wp-content\/uploads\/2019\/08\/Quadro-1-Amargo-150x226.png 150w, https:\/\/apacame.org.br\/site\/wp-content\/uploads\/2019\/08\/Quadro-1-Amargo-332x500.png 332w, https:\/\/apacame.org.br\/site\/wp-content\/uploads\/2019\/08\/Quadro-1-Amargo.png 824w\" sizes=\"(max-width: 680px) 100vw, 680px\" \/><\/a>\n\t\t\t<\/div><\/figure><figure class='gallery-item'>\n\t\t\t<div class='gallery-icon portrait'>\n\t\t\t\t<a href='https:\/\/apacame.org.br\/site\/wp-content\/uploads\/2019\/08\/Quadro-2-Amargo.png'><img decoding=\"async\" width=\"695\" height=\"1024\" src=\"https:\/\/apacame.org.br\/site\/wp-content\/uploads\/2019\/08\/Quadro-2-Amargo-695x1024.png\" class=\"attachment-large size-large\" alt=\"\" srcset=\"https:\/\/apacame.org.br\/site\/wp-content\/uploads\/2019\/08\/Quadro-2-Amargo-695x1024.png 695w, https:\/\/apacame.org.br\/site\/wp-content\/uploads\/2019\/08\/Quadro-2-Amargo-203x300.png 203w, https:\/\/apacame.org.br\/site\/wp-content\/uploads\/2019\/08\/Quadro-2-Amargo-150x221.png 150w, https:\/\/apacame.org.br\/site\/wp-content\/uploads\/2019\/08\/Quadro-2-Amargo-339x500.png 339w, https:\/\/apacame.org.br\/site\/wp-content\/uploads\/2019\/08\/Quadro-2-Amargo.png 856w\" sizes=\"(max-width: 695px) 100vw, 695px\" \/><\/a>\n\t\t\t<\/div><\/figure>\n\t\t<\/div>\n\n","protected":false},"excerpt":{"rendered":"<p>O Amargo Sabor do Mel Jos\u00e9 Alexandre Silva de Abreu &#8211; Vice-Presidente do CNAA A amarga li\u00e7\u00e3o desta vez tem seu primeiro ato na incorrig\u00edvel mania dos chineses de produzir [&hellip;]<\/p>\n","protected":false},"author":20,"featured_media":0,"parent":3044,"menu_order":0,"comment_status":"open","ping_status":"open","template":"","meta":{"pmpro_default_level":"","_price":"","_stock":"","_tribe_ticket_header":"","_tribe_default_ticket_provider":"","_tribe_ticket_capacity":"0","_ticket_start_date":"","_ticket_end_date":"","_tribe_ticket_show_description":"","_tribe_ticket_show_not_going":false,"_tribe_ticket_use_global_stock":"","_tribe_ticket_global_stock_level":"","_global_stock_mode":"","_global_stock_cap":"","_tribe_rsvp_for_event":"","_tribe_ticket_going_count":"","_tribe_ticket_not_going_count":"","_tribe_tickets_list":"[]","_tribe_ticket_has_attendee_info_fields":false,"cybocfi_hide_featured_image":"","footnotes":""},"class_list":["post-3079","page","type-page","status-publish","hentry","pmpro-has-access"],"_links":{"self":[{"href":"https:\/\/apacame.org.br\/site\/wp-json\/wp\/v2\/pages\/3079"}],"collection":[{"href":"https:\/\/apacame.org.br\/site\/wp-json\/wp\/v2\/pages"}],"about":[{"href":"https:\/\/apacame.org.br\/site\/wp-json\/wp\/v2\/types\/page"}],"author":[{"embeddable":true,"href":"https:\/\/apacame.org.br\/site\/wp-json\/wp\/v2\/users\/20"}],"replies":[{"embeddable":true,"href":"https:\/\/apacame.org.br\/site\/wp-json\/wp\/v2\/comments?post=3079"}],"version-history":[{"count":3,"href":"https:\/\/apacame.org.br\/site\/wp-json\/wp\/v2\/pages\/3079\/revisions"}],"predecessor-version":[{"id":3084,"href":"https:\/\/apacame.org.br\/site\/wp-json\/wp\/v2\/pages\/3079\/revisions\/3084"}],"up":[{"embeddable":true,"href":"https:\/\/apacame.org.br\/site\/wp-json\/wp\/v2\/pages\/3044"}],"wp:attachment":[{"href":"https:\/\/apacame.org.br\/site\/wp-json\/wp\/v2\/media?parent=3079"}],"curies":[{"name":"wp","href":"https:\/\/api.w.org\/{rel}","templated":true}]}}