{"id":3055,"date":"2019-08-12T19:28:22","date_gmt":"2019-08-12T19:28:22","guid":{"rendered":"http:\/\/apacame.org.br\/site\/?page_id=3055"},"modified":"2019-08-12T19:28:22","modified_gmt":"2019-08-12T19:28:22","slug":"artigo","status":"publish","type":"page","link":"https:\/\/apacame.org.br\/site\/revista\/mensagem-doce-n-152-julho-de-2019\/artigo\/","title":{"rendered":"Artigo"},"content":{"rendered":"<h1 style=\"text-align: center;\">APITERAPIA<\/h1>\n<blockquote><p>Dr. Celso Henrique &#8211; Apiterapeuta<\/p><\/blockquote>\n<p><span style=\"font-size: large;\"><b>INTRODU\u00c7\u00c3O<\/b><\/span><\/p>\n<p><span style=\"font-size: large;\"><a href=\"https:\/\/apacame.org.br\/site\/wp-content\/uploads\/2019\/08\/Imagem_1_Apiterapia.png\"><img decoding=\"async\" class=\"alignright size-medium wp-image-3056\" src=\"https:\/\/apacame.org.br\/site\/wp-content\/uploads\/2019\/08\/Imagem_1_Apiterapia-300x157.png\" alt=\"Imagem_1_Apiterapia\" width=\"300\" height=\"157\" srcset=\"https:\/\/apacame.org.br\/site\/wp-content\/uploads\/2019\/08\/Imagem_1_Apiterapia-300x157.png 300w, https:\/\/apacame.org.br\/site\/wp-content\/uploads\/2019\/08\/Imagem_1_Apiterapia-1024x536.png 1024w, https:\/\/apacame.org.br\/site\/wp-content\/uploads\/2019\/08\/Imagem_1_Apiterapia-150x79.png 150w, https:\/\/apacame.org.br\/site\/wp-content\/uploads\/2019\/08\/Imagem_1_Apiterapia-500x262.png 500w, https:\/\/apacame.org.br\/site\/wp-content\/uploads\/2019\/08\/Imagem_1_Apiterapia.png 1534w\" sizes=\"(max-width: 300px) 100vw, 300px\" \/><\/a>Desde os prim\u00f3rdios o homem pratica a apiterapia. Analisando a hist\u00f3ria, chegou-se \u00e0 conclus\u00e3o de que as abelhas habitam o planeta terra antes da ra\u00e7a humana; a rainha Cle\u00f3patra testava venenos em seus inimigos para analisar qual seria o mais eficiente para tortur\u00e1-los\/mat\u00e1-los, em particular a apitoxina. Foram tamb\u00e9m encontrados relatos de que soldados romanos eram curados de suas feridas com unguento produzido com abelhas maceradas. Diversos s\u00e3o os papiros e lendas de v\u00e1rias civiliza\u00e7\u00f5es que fazem alus\u00e3o \u00e0 abelha; na b\u00edblia sagrada existem diversas passagens fazendo alus\u00e3o a abelha, sendo que uma das mais interessantes, \u00e9 aquela que acreditava-se que as abelhas germinavam de carca\u00e7a de animais em decomposi\u00e7\u00e3o; ocorre, que sans\u00e3o havia matado um le\u00e3o, as abelhas encontrando essa carca\u00e7a se alojaram no cr\u00e2nio em decomposi\u00e7\u00e3o. <\/span><\/p>\n<p><span style=\"font-size: large;\"><b>HIST\u00d2RIA DA APITERAPIA<\/b><\/span><\/p>\n<figure id=\"attachment_3057\" aria-describedby=\"caption-attachment-3057\" style=\"width: 300px\" class=\"wp-caption alignleft\"><a href=\"https:\/\/apacame.org.br\/site\/wp-content\/uploads\/2019\/08\/Imagem_2_Apiterapia.png\"><img fetchpriority=\"high\" decoding=\"async\" class=\"size-medium wp-image-3057\" src=\"https:\/\/apacame.org.br\/site\/wp-content\/uploads\/2019\/08\/Imagem_2_Apiterapia-300x200.png\" alt=\"A abelha Apis mellifera \u00e9 o principal elemento para a Apiterapia.\" width=\"300\" height=\"200\" srcset=\"https:\/\/apacame.org.br\/site\/wp-content\/uploads\/2019\/08\/Imagem_2_Apiterapia-300x200.png 300w, https:\/\/apacame.org.br\/site\/wp-content\/uploads\/2019\/08\/Imagem_2_Apiterapia-150x100.png 150w, https:\/\/apacame.org.br\/site\/wp-content\/uploads\/2019\/08\/Imagem_2_Apiterapia-500x333.png 500w, https:\/\/apacame.org.br\/site\/wp-content\/uploads\/2019\/08\/Imagem_2_Apiterapia.png 747w\" sizes=\"(max-width: 300px) 100vw, 300px\" \/><\/a><figcaption id=\"caption-attachment-3057\" class=\"wp-caption-text\">A abelha Apis mellifera \u00e9 o principal elemento para a Apiterapia.<\/figcaption><\/figure>\n<p><span style=\"font-size: large;\">Hip\u00f3crates, pai da medicina alopata, deixou relatado em suas anota\u00e7\u00f5es, os benef\u00edcios que o veneno da abelha (apitoxina) proporcionava a pacientes acometidos por reumatismo e algumas outras patologias ortop\u00e9dicas. Galeno que seguiu a mesma escola que Hip\u00f3crates, tamb\u00e9m efetuou e relatou diversos estudos e experimentos com o veneno da abelha em benef\u00edcio da sa\u00fade humana, relatando em particular os benef\u00edcios em pacientes acometidos por reumatismo. Ao Dr. Philip Terc, m\u00e9dico austr\u00edaco devemos a pr\u00e1tica da apiterapia moderna, que \u00e9 a praticada nos dias de hoje, pois foi o primeiro a escrever artigo cientifico a respeito, portanto, a partir dai, passou-se a pr\u00e1tica de uma apiterapia mais cientifica, sendo que que os pa\u00edses que mais desenvolveram no mundo, foram a R\u00fassia, Alemanha e China, seguidos por Cuba e Chile, ficando o Brasil muito a desejar, mas apesar disso, ultimamente tem ocorrido maior divulga\u00e7\u00e3o; por\u00e9m, teremos muito a percorrer at\u00e9 atingirmos a notoriedade desejada, pois a apiterapia est\u00e1 muito aqu\u00e9m, ainda carecendo de estudos cient\u00edficos mais aprofundados a fim de que seja angariada credibilidade plena.<\/span><\/p>\n<p><span style=\"font-size: large;\"><b>APITERAPIA<\/b><\/span><\/p>\n<figure id=\"attachment_3058\" aria-describedby=\"caption-attachment-3058\" style=\"width: 300px\" class=\"wp-caption alignright\"><a href=\"https:\/\/apacame.org.br\/site\/wp-content\/uploads\/2019\/08\/Imagem_3_Apiterapia.png\"><img decoding=\"async\" class=\"size-medium wp-image-3058\" src=\"https:\/\/apacame.org.br\/site\/wp-content\/uploads\/2019\/08\/Imagem_3_Apiterapia-300x200.png\" alt=\"O Mel Foi o primeiro produto apiterapeutico.\" width=\"300\" height=\"200\" srcset=\"https:\/\/apacame.org.br\/site\/wp-content\/uploads\/2019\/08\/Imagem_3_Apiterapia-300x200.png 300w, https:\/\/apacame.org.br\/site\/wp-content\/uploads\/2019\/08\/Imagem_3_Apiterapia-150x100.png 150w, https:\/\/apacame.org.br\/site\/wp-content\/uploads\/2019\/08\/Imagem_3_Apiterapia-500x333.png 500w, https:\/\/apacame.org.br\/site\/wp-content\/uploads\/2019\/08\/Imagem_3_Apiterapia.png 747w\" sizes=\"(max-width: 300px) 100vw, 300px\" \/><\/a><figcaption id=\"caption-attachment-3058\" class=\"wp-caption-text\">O Mel Foi o primeiro produto apiterapeutico.<\/figcaption><\/figure>\n<p><span style=\"font-size: large;\">Dado a falta de conhecimento do que \u00e9 apiterapia, quando a popula\u00e7\u00e3o ouve esse termo, tem a ideia de que seja um tratamento com as picadas de abelhas, por\u00e9m, n\u00e3o \u00e9 propriamente dito o que ocorre, pois apiterapia \u00e9 tratamento baseado no uso dos produtos da colmeia para benef\u00edcios da sa\u00fade de humanos e animais, sendo esses os produtos:<\/span><\/p>\n<p><span style=\"font-size: large;\"><b>ABELHAS<\/b><\/span><\/p>\n<p><span style=\"font-size: large;\">Principais elementos para o procedimento, sendo as mesmas divididas em castas, que s\u00e3o: a abelha rainha respons\u00e1vel pelas posturas dos ovos e perpetua\u00e7\u00e3o da esp\u00e9cie, as oper\u00e1rias, respons\u00e1veis por toda a manuten\u00e7\u00e3o da colmeia e os zang\u00f5es, respons\u00e1veis por inseminar as princesas.<\/span><\/p>\n<p><span style=\"font-size: large;\"><b>MEL<\/b><\/span><\/p>\n<p><span style=\"font-size: large;\">Foi o primeiro produto apiterapeutico descoberto pelo homem, pois quando o homem descobriu que o mel era um produto que agradava ao paladar e poderia ser ingerido puro ou para ado\u00e7ar seus alimentos, j\u00e1 estava praticando apiterapia, pois al\u00e9m de suas propriedades curativas para resolver problemas gastrointestinais, tamb\u00e9m usufru\u00eda de suas propriedades para resolu\u00e7\u00e3o de problemas sist\u00eamicos a n\u00edvel molecular, promovendo satisfatoriamente a homeostase. <\/span><\/p>\n<p><span style=\"font-size: large;\">Sua colora\u00e7\u00e3o, valores nutricionais e cultivos, vai depender da fonte de onde foi extra\u00edda a mat\u00e9ria-prima, pois temos m\u00e9is florais e extraflorais, sendo que os extras florais podem ser extra\u00eddos de secre\u00e7\u00f5es de pulg\u00f5es, resina de plantas e at\u00e9 mesmo de sangue animal e etc.<\/span><\/p>\n<figure id=\"attachment_3059\" aria-describedby=\"caption-attachment-3059\" style=\"width: 300px\" class=\"wp-caption alignleft\"><a href=\"https:\/\/apacame.org.br\/site\/wp-content\/uploads\/2019\/08\/Imagem_4_Apiterapia.png\"><img loading=\"lazy\" decoding=\"async\" class=\"size-medium wp-image-3059\" src=\"https:\/\/apacame.org.br\/site\/wp-content\/uploads\/2019\/08\/Imagem_4_Apiterapia-300x212.png\" alt=\"P\u00f3len \u00e9 o gameta masculino das flores.\" width=\"300\" height=\"212\" srcset=\"https:\/\/apacame.org.br\/site\/wp-content\/uploads\/2019\/08\/Imagem_4_Apiterapia-300x212.png 300w, https:\/\/apacame.org.br\/site\/wp-content\/uploads\/2019\/08\/Imagem_4_Apiterapia-150x106.png 150w, https:\/\/apacame.org.br\/site\/wp-content\/uploads\/2019\/08\/Imagem_4_Apiterapia-500x353.png 500w, https:\/\/apacame.org.br\/site\/wp-content\/uploads\/2019\/08\/Imagem_4_Apiterapia.png 748w\" sizes=\"(max-width: 300px) 100vw, 300px\" \/><\/a><figcaption id=\"caption-attachment-3059\" class=\"wp-caption-text\">P\u00f3len \u00e9 o gameta masculino das flores.<\/figcaption><\/figure>\n<p><span style=\"font-size: large;\"><b>P\u00d3LEN<\/b><\/span><\/p>\n<p><span style=\"font-size: large;\">\u00c9 o gameta masculino das flores, indispens\u00e1vel para nutri\u00e7\u00e3o das larvas e postura da abelha rainha, sem ele a colmeia sucumbe por falta de prote\u00ednas, cont\u00e9m todos amino\u00e1cidos essenciais, aquele que o organismo humano n\u00e3o sintetiza; supre as defici\u00eancias nutricionais, sendo largamente prescrito na apiterapia para pacientes convalescentes, que passaram por algum mal que tenha causado debilidade sist\u00eamica, refor\u00e7ando as defesas org\u00e2nicas, prevenindo dist\u00farbios metab\u00f3licos, promovendo rendimento f\u00edsico e mental; tamb\u00e9m prescrito para combate e profilaxia de problemas prost\u00e1ticos, aterosclerose, fragilidade capilar e envelhecimento precoce, pois um sistema que tem fluidez sangu\u00ednea satisfat\u00f3ria, \u00e9 um sistema sadio.<\/span><\/p>\n<p><span style=\"font-size: large;\"><b>PR\u00d3POLIS<\/b><\/span><\/p>\n<figure id=\"attachment_3060\" aria-describedby=\"caption-attachment-3060\" style=\"width: 300px\" class=\"wp-caption alignright\"><a href=\"https:\/\/apacame.org.br\/site\/wp-content\/uploads\/2019\/08\/Imagem_5_Apiterapia.png\"><img loading=\"lazy\" decoding=\"async\" class=\"size-medium wp-image-3060\" src=\"https:\/\/apacame.org.br\/site\/wp-content\/uploads\/2019\/08\/Imagem_5_Apiterapia-300x212.png\" alt=\"Pr\u00f3polis \u00e9 o produto resultante das resinas coletadas pelas abelhas.\" width=\"300\" height=\"212\" srcset=\"https:\/\/apacame.org.br\/site\/wp-content\/uploads\/2019\/08\/Imagem_5_Apiterapia-300x212.png 300w, https:\/\/apacame.org.br\/site\/wp-content\/uploads\/2019\/08\/Imagem_5_Apiterapia-150x106.png 150w, https:\/\/apacame.org.br\/site\/wp-content\/uploads\/2019\/08\/Imagem_5_Apiterapia-500x353.png 500w, https:\/\/apacame.org.br\/site\/wp-content\/uploads\/2019\/08\/Imagem_5_Apiterapia.png 749w\" sizes=\"(max-width: 300px) 100vw, 300px\" \/><\/a><figcaption id=\"caption-attachment-3060\" class=\"wp-caption-text\">Pr\u00f3polis \u00e9 o produto resultante das resinas coletadas pelas abelhas.<\/figcaption><\/figure>\n<p><span style=\"font-size: large;\">Produto resultante das resinas e bot\u00f5es de certas plantas, sua colora\u00e7\u00e3o e composi\u00e7\u00e3o qu\u00edmica \u00e9 vari\u00e1vel, pois vai depender da fonte de onde foi extra\u00edda a mat\u00e9ria- prima, sua fun\u00e7\u00e3o \u00e9 restringir entradas, fixar pe\u00e7as, assepsia na colmeia, preparando os alv\u00e9olos para novas posturas da abelha rainha e embalsamento de animais maiores que as abelhas que porventura venham invadir a colmeia e s\u00e3o mortos em seu interior, sendo a remo\u00e7\u00e3o impratic\u00e1vel, para evitar contamina\u00e7\u00e3o os mesmos s\u00e3o embalsamados. Seu uso \u00e9 interno ou externo, em tintura ou comprimido, dado aos elemento que possui em sua composi\u00e7\u00e3o, \u00e9 um potente cicatrizante, anti-inflamat\u00f3rio analg\u00e9sico e anest\u00e9sico, \u00e9 imunomodulador, isto \u00e9, modula corrige o sistema imunol\u00f3gico, sendo prescrito para dist\u00farbios respirat\u00f3rios, gastrointestinais e pele, sendo que da pr\u00f3polis, s\u00e3o produzidas pomadas para tratamento de psor\u00edase e outros .<\/span><\/p>\n<p><span style=\"font-size: large;\"><b>GELEIA REAL<\/b><\/span><\/p>\n<figure id=\"attachment_3061\" aria-describedby=\"caption-attachment-3061\" style=\"width: 300px\" class=\"wp-caption alignleft\"><a href=\"https:\/\/apacame.org.br\/site\/wp-content\/uploads\/2019\/08\/Imagem_6_Apiterapia.png\"><img loading=\"lazy\" decoding=\"async\" class=\"size-medium wp-image-3061\" src=\"https:\/\/apacame.org.br\/site\/wp-content\/uploads\/2019\/08\/Imagem_6_Apiterapia-300x208.png\" alt=\"Produzida pelas abelhas para alimentar a rainha.\" width=\"300\" height=\"208\" srcset=\"https:\/\/apacame.org.br\/site\/wp-content\/uploads\/2019\/08\/Imagem_6_Apiterapia-300x208.png 300w, https:\/\/apacame.org.br\/site\/wp-content\/uploads\/2019\/08\/Imagem_6_Apiterapia-150x104.png 150w, https:\/\/apacame.org.br\/site\/wp-content\/uploads\/2019\/08\/Imagem_6_Apiterapia-500x347.png 500w, https:\/\/apacame.org.br\/site\/wp-content\/uploads\/2019\/08\/Imagem_6_Apiterapia.png 749w\" sizes=\"(max-width: 300px) 100vw, 300px\" \/><\/a><figcaption id=\"caption-attachment-3061\" class=\"wp-caption-text\">Produzida pelas abelhas para alimentar a rainha.<\/figcaption><\/figure>\n<p><span style=\"font-size: large;\">produto glandular de consist\u00eancia \u00e1cida, cheiro caracter\u00edstico que \u00e9 produzida por abelhas de 4 a 14 dias, \u00e9 a base alimentar da abelha rainha; base alimentar, pelo fato de a abelha rainha ser alimentada somente da geleia. A geleia real \u00e9 rica em vitaminas do complexo B, prote\u00edna que reveste a rainha de mielina, pois tendo uma rainha de mielina integra, o sistema nervoso ter\u00e1 condi\u00e7\u00f5es de veicular impulsos nervosos com maior rapidez. Ela tamb\u00e9m \u00e9 rica em amino\u00e1cidos e horm\u00f4nios, principalmente um horm\u00f4nio juvenil o que confere abelha rainha o seu tamanho.<\/span><\/p>\n<p><span style=\"font-size: large;\"><b>CERA<\/b><\/span><\/p>\n<p><span style=\"font-size: large;\">Utilizada pelo homem desde os prim\u00f3rdios. Os jesu\u00edtas quando vieram para o Brasil trouxeram as abelhas, n\u00e3o s\u00f3 com o objetivo de extrair o mel que era um produto de grande valor, pois era usado para ado\u00e7ar seus alimentos, mas sim, com intuito religiosos, para a confec\u00e7\u00e3o de velas para seus rituais. A cera do g\u00eanero Apis, \u00e9 a mais importante pelo fato de ter maior produ\u00e7\u00e3o e maneabilidade de uso, ela \u00e9 secretada por oito gl\u00e2ndulas cer\u00edgenas existentes no abd\u00f4men da abelha, no momento que \u00e9 expelida, tem a apar\u00eancia de mica, (mineral usado para confec\u00e7\u00e3o de resist\u00eancia de ferro de passar roupas), adquirindo sua colora\u00e7\u00e3o ap\u00f3s contato com o ar, possui em sua composi\u00e7\u00e3o aproximadamente 300 substancia que tem uma comprova\u00e7\u00e3o bem din\u00e2mica pois constantemente v\u00eam ocorrendo pesquisas no intuito de encontrar novo elementos, portanto sua composi\u00e7\u00e3o vai depender desse dinamismo e a fonte de alimenta\u00e7\u00e3o das abelhas. \u00c9 utilizada largamente na farmacopeia, principalmente na confec\u00e7\u00e3o de comprimido, na est\u00e9tica, na composi\u00e7\u00e3o de shampoo, depila\u00e7\u00e3o e tamb\u00e9m largamente na ind\u00fastria como isolantes e outros. Devido a quantidade de elementos em sua composi\u00e7\u00e3o, \u00e9 um produto cicatrizante e anti-inflamat\u00f3rio, o que \u00e9 conferido principalmente pela presen\u00e7a da vitamina A.<\/span><\/p>\n<figure id=\"attachment_3062\" aria-describedby=\"caption-attachment-3062\" style=\"width: 300px\" class=\"wp-caption alignright\"><a href=\"https:\/\/apacame.org.br\/site\/wp-content\/uploads\/2019\/08\/Imagem_7_Apiterapia.png\"><img loading=\"lazy\" decoding=\"async\" class=\"size-medium wp-image-3062\" src=\"https:\/\/apacame.org.br\/site\/wp-content\/uploads\/2019\/08\/Imagem_7_Apiterapia-300x209.png\" alt=\"A cera do g\u00eanero apis, \u00e9 a mais importante pelo fato de ter maior produ\u00e7\u00e3o e maneabilidade\" width=\"300\" height=\"209\" srcset=\"https:\/\/apacame.org.br\/site\/wp-content\/uploads\/2019\/08\/Imagem_7_Apiterapia-300x209.png 300w, https:\/\/apacame.org.br\/site\/wp-content\/uploads\/2019\/08\/Imagem_7_Apiterapia-150x104.png 150w, https:\/\/apacame.org.br\/site\/wp-content\/uploads\/2019\/08\/Imagem_7_Apiterapia-500x348.png 500w, https:\/\/apacame.org.br\/site\/wp-content\/uploads\/2019\/08\/Imagem_7_Apiterapia.png 748w\" sizes=\"(max-width: 300px) 100vw, 300px\" \/><\/a><figcaption id=\"caption-attachment-3062\" class=\"wp-caption-text\">A cera do g\u00eanero apis, \u00e9 a mais importante pelo fato de ter maior produ\u00e7\u00e3o e maneabilidade<\/figcaption><\/figure>\n<p><span style=\"font-size: large;\"><b>LARVA DE ZANG\u00c3O APILARNIL<\/b><\/span><\/p>\n<p><span style=\"font-size: large;\">A pasta de larva de zang\u00e3o foi denominada Apilarnil em homenagem ao seu criador, o rep\u00f3rter e apicultor russo Nicholas Liesiu, (API &#8211; abelha\/ LAR &#8211; larva \/ NI &#8211; Nicholas \/ L &#8211; Lliesiu), que na d\u00e9cada de 1950 deu inicio as pesquisas sobre o assunto, e dada composi\u00e7\u00e3o, chegou \u00e0 conclus\u00e3o de que tal produto era excelente para tratamento de preven\u00e7\u00e3o e resolu\u00e7\u00e3o de impot\u00eancia masculina, posteriormente para dist\u00farbios ginecol\u00f3gicos, chegou tamb\u00e9m \u00e0 conclus\u00e3o de que era eficaz para tratamento de enurese noturna em crian\u00e7as,<\/span><\/p>\n<p><span style=\"font-size: large;\"><b>APITOXINA<\/b><\/span><\/p>\n<p><span style=\"font-size: large;\">Alguns apiterapeutas, que atuam mais holisticamente, recusam se a proferir veneno da abelha ou apitoxina, mas sim, ess\u00eancia da abelha, por\u00e9m, s\u00e3o termos diferentes para se referirem unicamente ao l\u00edquido\/secre\u00e7\u00e3o produzida pelas abelhas que a priori \u00e9 utilizado para sua defesa e o homem usa para fins terap\u00eauticos. \u00c9 uma neurotoxina, isto \u00e9, tem predile\u00e7\u00e3o aos tecidos nervosos, uma abelha adulta, no caso a oper\u00e1ria, possui em sua bolsa um volume de 100 mg a 150 mg, sendo que a abelha rainha possui um volume de aproximadamente 700mg.<\/span><\/p>\n<p><span style=\"font-size: large;\">A apitoxina possui aproximadamente 70 componentes, e tamb\u00e9m como todos os outros produtos da colmeia, variam de acordo com a fonte alimentar. <\/span><\/p>\n<figure id=\"attachment_3063\" aria-describedby=\"caption-attachment-3063\" style=\"width: 300px\" class=\"wp-caption alignleft\"><a href=\"https:\/\/apacame.org.br\/site\/wp-content\/uploads\/2019\/08\/Imagem_8_Apiterapia.png\"><img loading=\"lazy\" decoding=\"async\" class=\"size-medium wp-image-3063\" src=\"https:\/\/apacame.org.br\/site\/wp-content\/uploads\/2019\/08\/Imagem_8_Apiterapia-300x201.png\" alt=\"Apitoxina a abelha oper\u00e1ria, possui em sua bolsa um volume de 100 mg a 150 mg.\" width=\"300\" height=\"201\" srcset=\"https:\/\/apacame.org.br\/site\/wp-content\/uploads\/2019\/08\/Imagem_8_Apiterapia-300x201.png 300w, https:\/\/apacame.org.br\/site\/wp-content\/uploads\/2019\/08\/Imagem_8_Apiterapia-150x100.png 150w, https:\/\/apacame.org.br\/site\/wp-content\/uploads\/2019\/08\/Imagem_8_Apiterapia-500x334.png 500w, https:\/\/apacame.org.br\/site\/wp-content\/uploads\/2019\/08\/Imagem_8_Apiterapia.png 748w\" sizes=\"(max-width: 300px) 100vw, 300px\" \/><\/a><figcaption id=\"caption-attachment-3063\" class=\"wp-caption-text\">Apitoxina a abelha oper\u00e1ria, possui em sua bolsa um volume de 100 mg a 150 mg.<\/figcaption><\/figure>\n<p><span style=\"font-size: large;\">Dentre esses componentes, podemos citar os mais relevantes que s\u00e3o: &#8211; Hialuronidase: \u00e9 uma enzima que hidrolisa o \u00e1cido hialur\u00f4nico, uma subst\u00e2ncia que comp\u00f5e o interst\u00edcio dos tecidos e possui fun\u00e7\u00e3o adesiva, mantendo as c\u00e9lulas unidas. Quando este \u00e1cido \u00e9 destru\u00eddo pela hialuronidase abre-se espa\u00e7os entre as c\u00e9lulas, facilitando a penetra\u00e7\u00e3o dos outros componentes do veneno. &#8211; Fosfolipase A2:\u00e9 uma enzima de peso molecular ao redor de 14.000 e possui 134 amino\u00e1cidos e se constitui no principal al\u00e9rgeno do veneno. Ela atua provocando a contra\u00e7\u00e3o da musculatura lisa, diminui\u00e7\u00e3o da press\u00e3o sangu\u00ednea, aumento da permeabilidade dos capilares e destrui\u00e7\u00e3o de mast\u00f3citos. Acredita-se que estes tipos de intera\u00e7\u00f5es com sistemas enzim\u00e1ticos sejam a causa de morte provocada pela fosfolipase-A2. &#8211; Melitina: \u00e9 a principal toxina do veneno e compreende aproximadamente 50% do seu peso seco, possui 26 amino\u00e1cidos e um peso molecular de 3 kDa, considerado um imuno supressor natural, produz aumento da permeabilidade celular, hemolizando eritr\u00f3citos e leuc\u00f3citos, facilitando a entrada dos demais componentes, esse pept\u00eddeo possui atividade hemol\u00edtica e dependendo da concentra\u00e7\u00e3o e do tecido, provoca a constri\u00e7\u00e3o ou dilata\u00e7\u00e3o dos vasos sangu\u00edneos e depolariza\u00e7\u00e3o da musculatura com libera\u00e7\u00f5es de enzimas e \u00e9 respons\u00e1vel pela intensa dor no local da ferroada. Dependendo da dose e do \u00f3rg\u00e3o provoca constri\u00e7\u00e3o ou dilata\u00e7\u00e3o dos vasos, aumentando a permeabilidade vascular no local da aplica\u00e7\u00e3o. &#8211; Pept\u00eddeo MCD: degradador de mast\u00f3citos corresponde aproximadamente a 2% do veneno seco, tem 22 amino\u00e1cidos e um peso molecular de 3.0 kDa. Um potente analg\u00e9sico que atua sobre os mast\u00f3citos que s\u00e3o c\u00e9lulas presente no sangue e em outros tecidos e que cont\u00e9m muitas ves\u00edculas de histamina que s\u00e3o liberadas pela a\u00e7\u00e3o desse pept\u00eddeo; abaixa a press\u00e3o sangu\u00ednea e produz cianose. &#8211; Apamina: \u00e9 um pept\u00eddeo pequeno, contendo apenas 18 amino\u00e1cidos e um PM de 2.0 kDa, apresenta propriedades neurot\u00f3xicas e analg\u00e9sicas. Experimentos realizados em laborat\u00f3rio com pequenos roedores foi observado que provoca convuls\u00f5es, movimentos e respira\u00e7\u00e3o descoordenados, podendo provocar hiperexcitabilidade.<\/span><\/p>\n<p><span style=\"font-size: large;\"><b>Anafilaxia<\/b> \u2013 (choque anafil\u00e1tico) \u2013 Muito t\u00eam-se estudado, por\u00e9m, pouco se sabe porque raz\u00e3o uns organismos s\u00e3o mais desconfiados e outros n\u00e3o. Rea\u00e7\u00f5es al\u00e9rgicas variam de brandas a severas, podendo ocorrer anafilaxia (choque anafil\u00e1tico). Pessoas al\u00e9rgicas tem um anticorpo chamado imunoglobulina E ou IgE, quando entram em contato com o al\u00e9rgeno, os anticorpos circulam pelo sangue e est\u00e3o presentes em quase todos os fluidos corporais, capturando invasores indesej\u00e1veis. A anafilaxia, \u00e9 uma rea\u00e7\u00e3o sist\u00eamica<\/span><\/p>\n<p><span style=\"font-size: large;\"><b>Apiterapeuta\/Apicupuntor<\/b> \u2013 Apiterapeuta \u00e9 o indiv\u00edduo que possui a qualifica\u00e7\u00e3o para praticar apiterapia, significa que esse indiv\u00edduo seja certificado por um curso id\u00f4neo que o tenha capacitado para pr\u00e1tica do exerc\u00edcio e para tanto, n\u00e3o \u00e9 necess\u00e1rio qualifica\u00e7\u00e3o na \u00e1rea de sa\u00fade, pois \u00e9 um curso livre, por\u00e9m sem reconhecimento do Minist\u00e9rio da Educa\u00e7\u00e3o e at\u00e9 a presente data n\u00e3o foi reclamado por quaisquer Conselho de Classe, como ocorreu em datas anteriores com a MTC, que culminou no Ato M\u00e9dico que foi vetado. Apicupuntor, \u00e9 o individuo que possui a qualifica\u00e7\u00e3o acima citada, mais a especializa\u00e7\u00e3o em MTC (Medicina Tradicional Chinesa), portanto esse individuo possui uma forma\u00e7\u00e3o superior, frequentemente na \u00e1rea da sa\u00fade. Antes de submeter qualquer pessoa ao tratamento apiterapeutico, o apiterapeuta\/apicupuntor dever\u00e1 efetuar teste de aptid\u00e3o, precedido da leitura, esclarecimento do Termo de Consentimento para Tratamento Apiterapeutico e posteriormente a assinatura do paciente.<\/span><\/p>\n","protected":false},"excerpt":{"rendered":"<p>APITERAPIA Dr. Celso Henrique &#8211; Apiterapeuta INTRODU\u00c7\u00c3O Desde os prim\u00f3rdios o homem pratica a apiterapia. Analisando a hist\u00f3ria, chegou-se \u00e0 conclus\u00e3o de que as abelhas habitam o planeta terra antes [&hellip;]<\/p>\n","protected":false},"author":20,"featured_media":0,"parent":3044,"menu_order":0,"comment_status":"open","ping_status":"open","template":"","meta":{"pmpro_default_level":"","_price":"","_stock":"","_tribe_ticket_header":"","_tribe_default_ticket_provider":"","_tribe_ticket_capacity":"0","_ticket_start_date":"","_ticket_end_date":"","_tribe_ticket_show_description":"","_tribe_ticket_show_not_going":false,"_tribe_ticket_use_global_stock":"","_tribe_ticket_global_stock_level":"","_global_stock_mode":"","_global_stock_cap":"","_tribe_rsvp_for_event":"","_tribe_ticket_going_count":"","_tribe_ticket_not_going_count":"","_tribe_tickets_list":"[]","_tribe_ticket_has_attendee_info_fields":false,"cybocfi_hide_featured_image":"","footnotes":""},"class_list":["post-3055","page","type-page","status-publish","hentry","pmpro-has-access"],"_links":{"self":[{"href":"https:\/\/apacame.org.br\/site\/wp-json\/wp\/v2\/pages\/3055"}],"collection":[{"href":"https:\/\/apacame.org.br\/site\/wp-json\/wp\/v2\/pages"}],"about":[{"href":"https:\/\/apacame.org.br\/site\/wp-json\/wp\/v2\/types\/page"}],"author":[{"embeddable":true,"href":"https:\/\/apacame.org.br\/site\/wp-json\/wp\/v2\/users\/20"}],"replies":[{"embeddable":true,"href":"https:\/\/apacame.org.br\/site\/wp-json\/wp\/v2\/comments?post=3055"}],"version-history":[{"count":2,"href":"https:\/\/apacame.org.br\/site\/wp-json\/wp\/v2\/pages\/3055\/revisions"}],"predecessor-version":[{"id":3065,"href":"https:\/\/apacame.org.br\/site\/wp-json\/wp\/v2\/pages\/3055\/revisions\/3065"}],"up":[{"embeddable":true,"href":"https:\/\/apacame.org.br\/site\/wp-json\/wp\/v2\/pages\/3044"}],"wp:attachment":[{"href":"https:\/\/apacame.org.br\/site\/wp-json\/wp\/v2\/media?parent=3055"}],"curies":[{"name":"wp","href":"https:\/\/api.w.org\/{rel}","templated":true}]}}