{"id":3052,"date":"2019-08-12T18:55:30","date_gmt":"2019-08-12T18:55:30","guid":{"rendered":"http:\/\/apacame.org.br\/site\/?page_id=3052"},"modified":"2019-08-12T18:55:30","modified_gmt":"2019-08-12T18:55:30","slug":"editorial","status":"publish","type":"page","link":"https:\/\/apacame.org.br\/site\/revista\/mensagem-doce-n-152-julho-de-2019\/editorial\/","title":{"rendered":"Editorial"},"content":{"rendered":"<h1 style=\"text-align: center;\">O que ser\u00e1 de nossa apicultura?<\/h1>\n<p><span style=\"font-size: large;\">Mais um semestre se inicia e 50% do ano j\u00e1 passou. E a apicultura no Brasil continua com os mesmos problemas de mortandade de abelhas por uso indevido de aplica\u00e7\u00f5es de Agrot\u00f3xicos, proibido em quase todo o mundo e liberado aqui, aliado a mais um problema, a redu\u00e7\u00e3o das exporta\u00e7\u00f5es de mel para os Estados Unidos e Europa, motivado pela baixa dos pre\u00e7os pagos pelos compradores.<\/span><\/p>\n<p><span style=\"font-size: large;\">Infelizmente o custo Brasil limita certas negocia\u00e7\u00f5es de nossos produtos, motivo pelo qual devemos pensar e melhorar a venda no mercado interno.<\/span><\/p>\n<p><span style=\"font-size: large;\">Acreditamos que a CBA &#8211; Confedera\u00e7\u00e3o Brasileira de Apicultura com auxilio das Federa\u00e7\u00f5es estaduais e das Associa\u00e7\u00f5es deveriam fazer um trabalho (for\u00e7a-tarefa), junto aos \u00d3rg\u00e3os competentes do Governo Federal, Estadual e Municipal, no sentido de obrigar o uso do mel, em produtos que hoje utilizam produtos similares como se fosse mel, infelizmente, assim como agilizar o consumo do mel na Merenda Escolar em todas as escolas no \u00e2mbito estadual e municipal. <\/span><\/p>\n<p><span style=\"font-size: large;\">Com isso, acreditamos que a venda do produto no mercado interno seria aumentada, atendendo a demanda necess\u00e1ria dos produtores e dos entrepostos.<\/span><\/p>\n<p><span style=\"font-size: large;\"><i><b>Radam\u00e9s Zovaro \u2013 Diretor T\u00e9cnico<\/b><\/i><\/span><\/p>\n","protected":false},"excerpt":{"rendered":"<p>O que ser\u00e1 de nossa apicultura? Mais um semestre se inicia e 50% do ano j\u00e1 passou. E a apicultura no Brasil continua com os mesmos problemas de mortandade de [&hellip;]<\/p>\n","protected":false},"author":20,"featured_media":0,"parent":3044,"menu_order":0,"comment_status":"open","ping_status":"open","template":"","meta":{"pmpro_default_level":"","_price":"","_stock":"","_tribe_ticket_header":"","_tribe_default_ticket_provider":"","_tribe_ticket_capacity":"0","_ticket_start_date":"","_ticket_end_date":"","_tribe_ticket_show_description":"","_tribe_ticket_show_not_going":false,"_tribe_ticket_use_global_stock":"","_tribe_ticket_global_stock_level":"","_global_stock_mode":"","_global_stock_cap":"","_tribe_rsvp_for_event":"","_tribe_ticket_going_count":"","_tribe_ticket_not_going_count":"","_tribe_tickets_list":"[]","_tribe_ticket_has_attendee_info_fields":false,"cybocfi_hide_featured_image":"","footnotes":""},"class_list":["post-3052","page","type-page","status-publish","hentry","pmpro-has-access"],"_links":{"self":[{"href":"https:\/\/apacame.org.br\/site\/wp-json\/wp\/v2\/pages\/3052"}],"collection":[{"href":"https:\/\/apacame.org.br\/site\/wp-json\/wp\/v2\/pages"}],"about":[{"href":"https:\/\/apacame.org.br\/site\/wp-json\/wp\/v2\/types\/page"}],"author":[{"embeddable":true,"href":"https:\/\/apacame.org.br\/site\/wp-json\/wp\/v2\/users\/20"}],"replies":[{"embeddable":true,"href":"https:\/\/apacame.org.br\/site\/wp-json\/wp\/v2\/comments?post=3052"}],"version-history":[{"count":1,"href":"https:\/\/apacame.org.br\/site\/wp-json\/wp\/v2\/pages\/3052\/revisions"}],"predecessor-version":[{"id":3053,"href":"https:\/\/apacame.org.br\/site\/wp-json\/wp\/v2\/pages\/3052\/revisions\/3053"}],"up":[{"embeddable":true,"href":"https:\/\/apacame.org.br\/site\/wp-json\/wp\/v2\/pages\/3044"}],"wp:attachment":[{"href":"https:\/\/apacame.org.br\/site\/wp-json\/wp\/v2\/media?parent=3052"}],"curies":[{"name":"wp","href":"https:\/\/api.w.org\/{rel}","templated":true}]}}