{"id":3032,"date":"2019-06-21T19:01:58","date_gmt":"2019-06-21T19:01:58","guid":{"rendered":"http:\/\/apacame.org.br\/site\/?page_id=3032"},"modified":"2019-06-21T19:01:58","modified_gmt":"2019-06-21T19:01:58","slug":"noticia","status":"publish","type":"page","link":"https:\/\/apacame.org.br\/site\/revista\/mensagem-doce-n-151-maio-de-2019\/noticia\/","title":{"rendered":"Not\u00edcia"},"content":{"rendered":"<h1 style=\"text-align: center;\">ABEMEL 15 ANOS<\/h1>\n<blockquote><p>Texto e imagens do Facebook ABEMEL<\/p><\/blockquote>\n<p><span style=\"font-size: large;\">Na \u00faltima quarta-feira, dia 24\/04\/2019, a ABEMEL comemorou o que foi um marco para a entidade, o lan\u00e7amento do livro: 15 anos de Legados e Conquistas.<\/span><\/p>\n<p><span style=\"font-size: large;\"><a href=\"https:\/\/apacame.org.br\/site\/wp-content\/uploads\/2019\/06\/Quadro-ABEMEL.png\"><img fetchpriority=\"high\" decoding=\"async\" class=\"alignright size-medium wp-image-3033\" src=\"https:\/\/apacame.org.br\/site\/wp-content\/uploads\/2019\/06\/Quadro-ABEMEL-300x182.png\" alt=\"Quadro-ABEMEL\" width=\"300\" height=\"182\" srcset=\"https:\/\/apacame.org.br\/site\/wp-content\/uploads\/2019\/06\/Quadro-ABEMEL-300x182.png 300w, https:\/\/apacame.org.br\/site\/wp-content\/uploads\/2019\/06\/Quadro-ABEMEL-150x91.png 150w, https:\/\/apacame.org.br\/site\/wp-content\/uploads\/2019\/06\/Quadro-ABEMEL-500x303.png 500w, https:\/\/apacame.org.br\/site\/wp-content\/uploads\/2019\/06\/Quadro-ABEMEL.png 829w\" sizes=\"(max-width: 300px) 100vw, 300px\" \/><\/a>Como j\u00e1 dissemos por aqui, muita coisa d\u00e1 pra fazer em 15 anos! MUITA coisa mesmo. N\u00e3o s\u00e3o 15 dias, nem 15 meses. Foram 15 anos onde a ABEMEL esteve \u00e0 frente do setor ap\u00edcola discutindo e participando ativamente da gest\u00e3o de projetos de leis junto ao Congresso Nacional e lutando para que os entrepostos tenham grande representa\u00e7\u00e3o do setor, que s\u00f3 cresce no Brasil.<\/span><\/p>\n<p><span style=\"font-size: large;\">Em 15 anos a ABEMEL viu v\u00e1rios diretores passar por aqui e muita coisa boa acontecer. Tivemos o privil\u00e9gio de ver o mercado de exporta\u00e7\u00e3o brasileiro conquistar importantes territ\u00f3rios, como o mercado europeu, e consequentemente levar o mel produzido por apicultores brasileiros para muitos lugares do mundo. E olha, como \u00e9 bom poder dizer: fizemos parte disso.<\/span><\/p>\n<p><span style=\"font-size: large;\">O coquetel foi um sucesso e tivemos falas importantes de nossos ex presidentes e do ex secret\u00e1rio executivo do Minist\u00e9rio da Agricultura, hoje chefe da Casa Civil no Distrito Federal, que sempre foi o defensor do setor e se mostrou comprometido em manter sua aten\u00e7\u00e3o para o setor ap\u00edcola.<\/span><\/p>\n<p><span style=\"font-size: large;\">Tamb\u00e9m foi uma oportunidade para todos os entrepostos e parceiros presentes terem uma conversa mais pr\u00f3xima com o irm\u00e3o do presidente da rep\u00fablica e levar seus anseios at\u00e9 ele. Sabemos que ele n\u00e3o faz parte do governo, mas, por ser conhecedor do setor, atuante na apicultura, temos certeza que ele levar\u00e1 ao seu irm\u00e3o.<\/span><\/p>\n<p><span style=\"font-size: large;\">Temos certeza que esse momento marcante ficar\u00e1 na mem\u00f3ria de todos aqueles que estiveram presentes para contemplar essa conquista n\u00e3o s\u00f3 da ABEMEL, mas para o setor ap\u00edcola brasileiro que necessita ser mais ouvido e ter seus anseios atendidos.<\/span><\/p>\n<p><span style=\"font-size: large;\">O lan\u00e7amento desse livro eterniza a nossa hist\u00f3ria, mas principalmente ser\u00e1 um grande aux\u00edlio no caminho para o conhecimento e a conscientiza\u00e7\u00e3o da import\u00e2ncia da ABEMEL e seus associados nessa luta pela valoriza\u00e7\u00e3o de nosso setor.<\/span><\/p>\n<p><span style=\"font-size: large;\">A ABEMEL agradece a todos que fazem parte dessa hist\u00f3ria e continuaremos lutando e vencendo.<\/span><\/p>\n","protected":false},"excerpt":{"rendered":"<p>ABEMEL 15 ANOS Texto e imagens do Facebook ABEMEL Na \u00faltima quarta-feira, dia 24\/04\/2019, a ABEMEL comemorou o que foi um marco para a entidade, o lan\u00e7amento do livro: 15 [&hellip;]<\/p>\n","protected":false},"author":20,"featured_media":0,"parent":2921,"menu_order":0,"comment_status":"open","ping_status":"open","template":"","meta":{"pmpro_default_level":"","_price":"","_stock":"","_tribe_ticket_header":"","_tribe_default_ticket_provider":"","_tribe_ticket_capacity":"0","_ticket_start_date":"","_ticket_end_date":"","_tribe_ticket_show_description":"","_tribe_ticket_show_not_going":false,"_tribe_ticket_use_global_stock":"","_tribe_ticket_global_stock_level":"","_global_stock_mode":"","_global_stock_cap":"","_tribe_rsvp_for_event":"","_tribe_ticket_going_count":"","_tribe_ticket_not_going_count":"","_tribe_tickets_list":"[]","_tribe_ticket_has_attendee_info_fields":false,"cybocfi_hide_featured_image":"","footnotes":""},"class_list":["post-3032","page","type-page","status-publish","hentry","pmpro-has-access"],"_links":{"self":[{"href":"https:\/\/apacame.org.br\/site\/wp-json\/wp\/v2\/pages\/3032"}],"collection":[{"href":"https:\/\/apacame.org.br\/site\/wp-json\/wp\/v2\/pages"}],"about":[{"href":"https:\/\/apacame.org.br\/site\/wp-json\/wp\/v2\/types\/page"}],"author":[{"embeddable":true,"href":"https:\/\/apacame.org.br\/site\/wp-json\/wp\/v2\/users\/20"}],"replies":[{"embeddable":true,"href":"https:\/\/apacame.org.br\/site\/wp-json\/wp\/v2\/comments?post=3032"}],"version-history":[{"count":2,"href":"https:\/\/apacame.org.br\/site\/wp-json\/wp\/v2\/pages\/3032\/revisions"}],"predecessor-version":[{"id":3036,"href":"https:\/\/apacame.org.br\/site\/wp-json\/wp\/v2\/pages\/3032\/revisions\/3036"}],"up":[{"embeddable":true,"href":"https:\/\/apacame.org.br\/site\/wp-json\/wp\/v2\/pages\/2921"}],"wp:attachment":[{"href":"https:\/\/apacame.org.br\/site\/wp-json\/wp\/v2\/media?parent=3032"}],"curies":[{"name":"wp","href":"https:\/\/api.w.org\/{rel}","templated":true}]}}