{"id":3025,"date":"2019-06-21T18:55:20","date_gmt":"2019-06-21T18:55:20","guid":{"rendered":"http:\/\/apacame.org.br\/site\/?page_id=3025"},"modified":"2019-06-21T18:55:20","modified_gmt":"2019-06-21T18:55:20","slug":"atividade-2","status":"publish","type":"page","link":"https:\/\/apacame.org.br\/site\/revista\/mensagem-doce-n-151-maio-de-2019\/atividade-2\/","title":{"rendered":"Atividade"},"content":{"rendered":"<h1 style=\"text-align: center;\">Reuni\u00e3o Plen\u00e1ria de Abril de 2019<\/h1>\n<blockquote><p>Reda\u00e7\u00e3o APACAME.<\/p><\/blockquote>\n<p><span style=\"font-size: large;\">Na Reuni\u00e3o Plen\u00e1ria de 3 de abril tivemos a ilustre presen\u00e7a do Prof. Dr. Jose Oscar William Vega Bustillos, graduado em F\u00edsica pela Universidade de S\u00e3o Paulo em 1977,com mestrado e doutorado em tecnologia nuclear pela USP em 1981 e 1996 respectivamente. Atualmente \u00e9 pesquisador da Comiss\u00e3o Nacional de Energia Nuclear, tem experi\u00eancia na \u00e1rea de qu\u00edmica, com \u00eanfase em Qu\u00edmica Anal\u00edtica, atuando principalmente nos seguintes termos: caracteriza\u00e7\u00e3o qu\u00edmica, analise de gases, espectr\u00f4metro de massas, meio ambiente e cromatografia gasosa. Apresentou magn\u00edfica palestra sobre o tema:<\/span><\/p>\n<p><span style=\"font-size: large;\">Redu\u00e7\u00e3o da popula\u00e7\u00e3o de abelhas pelo uso dos pesticidas, neonicotinoides na agricultura.<\/span><\/p>\n<p><span style=\"font-size: large;\">Aguardamos sua presen\u00e7a na pr\u00f3xima reuni\u00e3o mensal que ser\u00e1 em 05 de junho de 2019.<\/span><\/p>\n<div id='gallery-1' class='gallery galleryid-3025 gallery-columns-3 gallery-size-medium'><figure class='gallery-item'>\n\t\t\t<div class='gallery-icon portrait'>\n\t\t\t\t<a href='https:\/\/apacame.org.br\/site\/wp-content\/uploads\/2019\/06\/figura-1-reuniao.png'><img fetchpriority=\"high\" decoding=\"async\" width=\"225\" height=\"300\" src=\"https:\/\/apacame.org.br\/site\/wp-content\/uploads\/2019\/06\/figura-1-reuniao-225x300.png\" class=\"attachment-medium size-medium\" alt=\"\" aria-describedby=\"gallery-1-3026\" srcset=\"https:\/\/apacame.org.br\/site\/wp-content\/uploads\/2019\/06\/figura-1-reuniao-225x300.png 225w, https:\/\/apacame.org.br\/site\/wp-content\/uploads\/2019\/06\/figura-1-reuniao-150x200.png 150w, https:\/\/apacame.org.br\/site\/wp-content\/uploads\/2019\/06\/figura-1-reuniao.png 355w\" sizes=\"(max-width: 225px) 100vw, 225px\" \/><\/a>\n\t\t\t<\/div>\n\t\t\t\t<figcaption class='wp-caption-text gallery-caption' id='gallery-1-3026'>\n\t\t\t\tProf. Dr. Jose Oscar William Vega Bustillos.\n\t\t\t\t<\/figcaption><\/figure><figure class='gallery-item'>\n\t\t\t<div class='gallery-icon landscape'>\n\t\t\t\t<a href='https:\/\/apacame.org.br\/site\/wp-content\/uploads\/2019\/06\/figura-2-reuniao.png'><img decoding=\"async\" width=\"300\" height=\"188\" src=\"https:\/\/apacame.org.br\/site\/wp-content\/uploads\/2019\/06\/figura-2-reuniao-300x188.png\" class=\"attachment-medium size-medium\" alt=\"\" aria-describedby=\"gallery-1-3027\" srcset=\"https:\/\/apacame.org.br\/site\/wp-content\/uploads\/2019\/06\/figura-2-reuniao-300x188.png 300w, https:\/\/apacame.org.br\/site\/wp-content\/uploads\/2019\/06\/figura-2-reuniao-150x94.png 150w, https:\/\/apacame.org.br\/site\/wp-content\/uploads\/2019\/06\/figura-2-reuniao.png 355w\" sizes=\"(max-width: 300px) 100vw, 300px\" \/><\/a>\n\t\t\t<\/div>\n\t\t\t\t<figcaption class='wp-caption-text gallery-caption' id='gallery-1-3027'>\n\t\t\t\tVista parcial do p\u00fablico presente.\n\t\t\t\t<\/figcaption><\/figure><figure class='gallery-item'>\n\t\t\t<div class='gallery-icon landscape'>\n\t\t\t\t<a href='https:\/\/apacame.org.br\/site\/wp-content\/uploads\/2019\/06\/figura-3-reuniao.png'><img decoding=\"async\" width=\"300\" height=\"220\" src=\"https:\/\/apacame.org.br\/site\/wp-content\/uploads\/2019\/06\/figura-3-reuniao-300x220.png\" class=\"attachment-medium size-medium\" alt=\"\" aria-describedby=\"gallery-1-3028\" srcset=\"https:\/\/apacame.org.br\/site\/wp-content\/uploads\/2019\/06\/figura-3-reuniao-300x220.png 300w, https:\/\/apacame.org.br\/site\/wp-content\/uploads\/2019\/06\/figura-3-reuniao-150x110.png 150w, https:\/\/apacame.org.br\/site\/wp-content\/uploads\/2019\/06\/figura-3-reuniao-500x366.png 500w, https:\/\/apacame.org.br\/site\/wp-content\/uploads\/2019\/06\/figura-3-reuniao.png 747w\" sizes=\"(max-width: 300px) 100vw, 300px\" \/><\/a>\n\t\t\t<\/div>\n\t\t\t\t<figcaption class='wp-caption-text gallery-caption' id='gallery-1-3028'>\n\t\t\t\tRadam\u00e9s Zovaro e Eloi Viana da Silva representando a APACAME diplomaram o palestrante\n\t\t\t\t<\/figcaption><\/figure>\n\t\t<\/div>\n\n","protected":false},"excerpt":{"rendered":"<p>Reuni\u00e3o Plen\u00e1ria de Abril de 2019 Reda\u00e7\u00e3o APACAME. Na Reuni\u00e3o Plen\u00e1ria de 3 de abril tivemos a ilustre presen\u00e7a do Prof. Dr. Jose Oscar William Vega Bustillos, graduado em F\u00edsica [&hellip;]<\/p>\n","protected":false},"author":20,"featured_media":0,"parent":2921,"menu_order":0,"comment_status":"open","ping_status":"open","template":"","meta":{"pmpro_default_level":"","_price":"","_stock":"","_tribe_ticket_header":"","_tribe_default_ticket_provider":"","_tribe_ticket_capacity":"0","_ticket_start_date":"","_ticket_end_date":"","_tribe_ticket_show_description":"","_tribe_ticket_show_not_going":false,"_tribe_ticket_use_global_stock":"","_tribe_ticket_global_stock_level":"","_global_stock_mode":"","_global_stock_cap":"","_tribe_rsvp_for_event":"","_tribe_ticket_going_count":"","_tribe_ticket_not_going_count":"","_tribe_tickets_list":"[]","_tribe_ticket_has_attendee_info_fields":false,"cybocfi_hide_featured_image":"","footnotes":""},"class_list":["post-3025","page","type-page","status-publish","hentry","pmpro-has-access"],"_links":{"self":[{"href":"https:\/\/apacame.org.br\/site\/wp-json\/wp\/v2\/pages\/3025"}],"collection":[{"href":"https:\/\/apacame.org.br\/site\/wp-json\/wp\/v2\/pages"}],"about":[{"href":"https:\/\/apacame.org.br\/site\/wp-json\/wp\/v2\/types\/page"}],"author":[{"embeddable":true,"href":"https:\/\/apacame.org.br\/site\/wp-json\/wp\/v2\/users\/20"}],"replies":[{"embeddable":true,"href":"https:\/\/apacame.org.br\/site\/wp-json\/wp\/v2\/comments?post=3025"}],"version-history":[{"count":2,"href":"https:\/\/apacame.org.br\/site\/wp-json\/wp\/v2\/pages\/3025\/revisions"}],"predecessor-version":[{"id":3030,"href":"https:\/\/apacame.org.br\/site\/wp-json\/wp\/v2\/pages\/3025\/revisions\/3030"}],"up":[{"embeddable":true,"href":"https:\/\/apacame.org.br\/site\/wp-json\/wp\/v2\/pages\/2921"}],"wp:attachment":[{"href":"https:\/\/apacame.org.br\/site\/wp-json\/wp\/v2\/media?parent=3025"}],"curies":[{"name":"wp","href":"https:\/\/api.w.org\/{rel}","templated":true}]}}