{"id":2930,"date":"2019-06-17T20:11:59","date_gmt":"2019-06-17T20:11:59","guid":{"rendered":"http:\/\/apacame.org.br\/site\/?page_id=2930"},"modified":"2019-06-17T20:11:59","modified_gmt":"2019-06-17T20:11:59","slug":"editorial","status":"publish","type":"page","link":"https:\/\/apacame.org.br\/site\/revista\/mensagem-doce-n-151-maio-de-2019\/editorial\/","title":{"rendered":"Editorial"},"content":{"rendered":"<h1 style=\"text-align: center;\">Mercado<\/h1>\n<p><span style=\"font-size: large;\">Estamos em maio de 2019 e sentimos uma paraliza\u00e7\u00e3o no mercado ap\u00edcola. Paraliza\u00e7\u00e3o essa que vem crescendo desde janeiro e o pre\u00e7o do mel tem ca\u00eddo de uma forma impressionante, comenta-se que o mel vindo do produtor est\u00e1 na faixa de R$ 5,00 o kg. No mercado internacional em mar\u00e7o, o pre\u00e7o nos Estados Unidos estava em R$1,45 a Libra (libra corresponde praticamente a 500g) Cota\u00e7\u00e3o do d\u00f3lar hoje, (03\/05\/2019) R$ 3,95, portanto, 1 kg de mel colocado no porto, teria um valor de R$ 11,45 e a pergunta \u00e9: ser\u00e1 que esse valor paga todos os custos do apicultor, entreposto, embalagem, transporte, impostos, taxas alfandeg\u00e1rias, etc., etc.?<\/p>\n<p><span style=\"font-size: large;\">Infelizmente essa \u00e9 a situa\u00e7\u00e3o da apicultura brasileira, no momento e sem perspectiva de melhora. Temos tamb\u00e9m que levar em considera\u00e7\u00e3o que o pre\u00e7o pago ao mel brasileiro e bem superior ao mel pago na Argentina, Uruguai, \u00cdndia e outros pa\u00edses.<\/p>\n<p><span style=\"font-size: large;\">Uma das alternativas seria fazer uma grande campanha de consumo de mel para a popula\u00e7\u00e3o brasileira. Infelizmente o consumo per capita e de 0,060 gramas.<\/p>\n<p><span style=\"font-size: large;\">Isso poderia subir, oferecendo condi\u00e7\u00f5es para que a apicultura consiga encontrar o seu espa\u00e7o, melhorando sensivelmente as condi\u00e7\u00f5es de todos que trabalham com as abelhas.<\/p>\n<p><span style=\"font-size: large;\"><i><b>Radam\u00e9s Zovaro \u2013 Diretor T\u00e9cnico<\/b><\/i><\/span><\/p>\n","protected":false},"excerpt":{"rendered":"<p>Mercado Estamos em maio de 2019 e sentimos uma paraliza\u00e7\u00e3o no mercado ap\u00edcola. Paraliza\u00e7\u00e3o essa que vem crescendo desde janeiro e o pre\u00e7o do mel tem ca\u00eddo de uma forma [&hellip;]<\/p>\n","protected":false},"author":20,"featured_media":0,"parent":2921,"menu_order":0,"comment_status":"open","ping_status":"open","template":"","meta":{"pmpro_default_level":"","_price":"","_stock":"","_tribe_ticket_header":"","_tribe_default_ticket_provider":"","_tribe_ticket_capacity":"0","_ticket_start_date":"","_ticket_end_date":"","_tribe_ticket_show_description":"","_tribe_ticket_show_not_going":false,"_tribe_ticket_use_global_stock":"","_tribe_ticket_global_stock_level":"","_global_stock_mode":"","_global_stock_cap":"","_tribe_rsvp_for_event":"","_tribe_ticket_going_count":"","_tribe_ticket_not_going_count":"","_tribe_tickets_list":"[]","_tribe_ticket_has_attendee_info_fields":false,"cybocfi_hide_featured_image":"","footnotes":""},"class_list":["post-2930","page","type-page","status-publish","hentry","pmpro-has-access"],"_links":{"self":[{"href":"https:\/\/apacame.org.br\/site\/wp-json\/wp\/v2\/pages\/2930"}],"collection":[{"href":"https:\/\/apacame.org.br\/site\/wp-json\/wp\/v2\/pages"}],"about":[{"href":"https:\/\/apacame.org.br\/site\/wp-json\/wp\/v2\/types\/page"}],"author":[{"embeddable":true,"href":"https:\/\/apacame.org.br\/site\/wp-json\/wp\/v2\/users\/20"}],"replies":[{"embeddable":true,"href":"https:\/\/apacame.org.br\/site\/wp-json\/wp\/v2\/comments?post=2930"}],"version-history":[{"count":1,"href":"https:\/\/apacame.org.br\/site\/wp-json\/wp\/v2\/pages\/2930\/revisions"}],"predecessor-version":[{"id":2931,"href":"https:\/\/apacame.org.br\/site\/wp-json\/wp\/v2\/pages\/2930\/revisions\/2931"}],"up":[{"embeddable":true,"href":"https:\/\/apacame.org.br\/site\/wp-json\/wp\/v2\/pages\/2921"}],"wp:attachment":[{"href":"https:\/\/apacame.org.br\/site\/wp-json\/wp\/v2\/media?parent=2930"}],"curies":[{"name":"wp","href":"https:\/\/api.w.org\/{rel}","templated":true}]}}