{"id":2888,"date":"2019-04-25T20:23:41","date_gmt":"2019-04-25T20:23:41","guid":{"rendered":"http:\/\/apacame.org.br\/site\/?page_id=2888"},"modified":"2019-04-25T20:23:41","modified_gmt":"2019-04-25T20:23:41","slug":"homenagem-4","status":"publish","type":"page","link":"https:\/\/apacame.org.br\/site\/revista\/mensagem-doce-n-150-marco-de-2019\/homenagem-4\/","title":{"rendered":"Homenagem"},"content":{"rendered":"<h1 style=\"text-align: center;\">Paulo Nogueira-Neto,<br \/>\no Professor Em\u00e9rito do Departamento de Ecologia<br \/>\ndo IBUSP e seu legado.<\/h1>\n<blockquote><p>Vera Lucia Imperatriz Fonseca (vlifonse@ib.usp.br) &#8211; Professora S\u00eanior da USP. Laborat\u00f3rio de Abelhas<\/p><\/blockquote>\n<figure id=\"attachment_2889\" aria-describedby=\"caption-attachment-2889\" style=\"width: 176px\" class=\"wp-caption alignright\"><a href=\"https:\/\/apacame.org.br\/site\/wp-content\/uploads\/2019\/04\/Figura-1-prof-emerito.jpg\"><img fetchpriority=\"high\" decoding=\"async\" class=\"size-medium wp-image-2889\" src=\"https:\/\/apacame.org.br\/site\/wp-content\/uploads\/2019\/04\/Figura-1-prof-emerito-176x300.jpg\" alt=\"Onde tudo come\u00e7ou. Colmeia de abelha jata\u00ed instalada no mesmo local na fazenda Aretuzina- S\u00e3o Sim\u00e3o, onde Paulo Nogueira- Neto despertou seu interesse pelas abelhas nativas sem ferr\u00e3o. Foto Marilda Cortopassi- Laurino\" width=\"176\" height=\"300\" srcset=\"https:\/\/apacame.org.br\/site\/wp-content\/uploads\/2019\/04\/Figura-1-prof-emerito-176x300.jpg 176w, https:\/\/apacame.org.br\/site\/wp-content\/uploads\/2019\/04\/Figura-1-prof-emerito-150x256.jpg 150w, https:\/\/apacame.org.br\/site\/wp-content\/uploads\/2019\/04\/Figura-1-prof-emerito.jpg 266w\" sizes=\"(max-width: 176px) 100vw, 176px\" \/><\/a><figcaption id=\"caption-attachment-2889\" class=\"wp-caption-text\">Onde tudo come\u00e7ou. Colmeia de abelha<br \/>jata\u00ed instalada no mesmo local na fazenda<br \/>Aretuzina- S\u00e3o Sim\u00e3o, onde Paulo Nogueira-<br \/>Neto despertou seu interesse pelas abelhas<br \/>nativas sem ferr\u00e3o. Foto Marilda Cortopassi-<br \/>Laurino<\/figcaption><\/figure>\n<p><span style=\"font-size: large;\">\u201cA melhor coisa que fiz na vida foi conseguir que a prote\u00e7\u00e3o do meio ambiente passasse a ser defendia: faz parte do amor ao pr\u00f3ximo\u201d Declara\u00e7\u00e3o de Paulo Nogueira-Neto \u00e0 Associa\u00e7\u00e3o A.B.E.L.H.A., em entrevista concedida em 2015.<\/span><\/p>\n<p><span style=\"font-size: large;\">Em um tempo de m\u00e9tricas (qual o impacto da revista que publicou esse artigo? Quantos trabalhos o pesquisador publicou neste ano em Qualis A? Quantos trabalhos reviu? Quantos pesquisadores recebeu no seu laborat\u00f3rio? Foi revisor de quantos estudos? etc&#8230;) falar do legado de um professor em\u00e9rito falecido aos 96 anos \u00e9 um tema extenso.<\/span><\/p>\n<p><span style=\"font-size: large;\">Vamos viajar no tempo? Um jovem estudante de direito da USP conheceu as abelhas ind\u00edgenas sem ferr\u00e3o atrav\u00e9s do interesse de seu sogro que lhe presenteou com um ninho da abelha jata\u00ed, como Dr. Paulo sempre contava nos seus livros. Quis saber mais sobre essas abelhas, pouco conhecidas, e resolveu estudar sua biologia e tamb\u00e9m como cri\u00e1-las, um grupo de abelhas sociais tropicais muito diverso e pouco conhecido<\/span><\/p>\n<p><span style=\"font-size: large;\">Era a d\u00e9cada de 40. Na literatura, relatos hist\u00f3ricos de naturalistas eram encontrados (como os de von Ihering, Fritz Muller, entre outros). N\u00e3o havia xerox, nem computadores, os livros eram preciosos e as separatas (c\u00f3pias adicionais impressas) dos trabalhos publicados, uma riqueza. Pesquisadores com interesse comum conversavam, pesquisavam e escreviam cartas. Foi assim, no Brasil dos meados do s\u00e9culo passado, que o trio Paulo Nogueira-Neto (o criador de abelhas nativas), Warwick E. Kerr (o geneticista) e o Padre Jesus Santiago Moure, (o taxonomista), fundaram as bases dos estudos sistem\u00e1ticos com abelhas.<\/span><\/p>\n<figure id=\"attachment_2890\" aria-describedby=\"caption-attachment-2890\" style=\"width: 300px\" class=\"wp-caption alignleft\"><a href=\"https:\/\/apacame.org.br\/site\/wp-content\/uploads\/2019\/04\/Figura-2-prof-emerito.jpg\"><img decoding=\"async\" class=\"size-medium wp-image-2890\" src=\"https:\/\/apacame.org.br\/site\/wp-content\/uploads\/2019\/04\/Figura-2-prof-emerito-300x172.jpg\" alt=\"O trio Paulo Nogueira-Neto (o criador de abelhas nativas), Warwick E. Kerr (o geneticista) e o Padre Jesus Santiago Moure, (o taxonomista) fundaram as bases dos estudos sistem\u00e1ticos com abelhas. Cada um deles deu a sua contribui\u00e7\u00e3o para as ra\u00edzes do desenvolvimento do estudo das abelhas no Brasil. Viveram muitos anos e viram o fruto de seus trabalhos e da forma\u00e7\u00e3o de alunos, incluindo as novas escolas pelo Brasil afora. O que tinham em comum? O pioneirismo, o ideal, o amor pelas abelhas e a generosidade para partilhar o conhecimento.\" width=\"300\" height=\"172\" srcset=\"https:\/\/apacame.org.br\/site\/wp-content\/uploads\/2019\/04\/Figura-2-prof-emerito-300x172.jpg 300w, https:\/\/apacame.org.br\/site\/wp-content\/uploads\/2019\/04\/Figura-2-prof-emerito-150x86.jpg 150w, https:\/\/apacame.org.br\/site\/wp-content\/uploads\/2019\/04\/Figura-2-prof-emerito-500x287.jpg 500w, https:\/\/apacame.org.br\/site\/wp-content\/uploads\/2019\/04\/Figura-2-prof-emerito.jpg 562w\" sizes=\"(max-width: 300px) 100vw, 300px\" \/><\/a><figcaption id=\"caption-attachment-2890\" class=\"wp-caption-text\">O trio Paulo Nogueira-Neto (o criador de abelhas nativas), Warwick E. Kerr (o geneticista) e o Padre<br \/>Jesus Santiago Moure, (o taxonomista) fundaram as bases dos estudos sistem\u00e1ticos com abelhas.<br \/>Cada um deles deu a sua contribui\u00e7\u00e3o para as ra\u00edzes do desenvolvimento do estudo das abelhas<br \/>no Brasil. Viveram muitos anos e viram o fruto de seus trabalhos e da forma\u00e7\u00e3o de alunos,<br \/>incluindo as novas escolas pelo Brasil afora. O que tinham em comum? O pioneirismo, o ideal,<br \/>o amor pelas abelhas e a generosidade para partilhar o conhecimento.<\/figcaption><\/figure>\n<p><span style=\"font-size: large;\">Ap\u00f3s a publica\u00e7\u00e3o de seu primeiro livro em 1953, intitulado \u201cCria\u00e7\u00e3o de Abelhas Ind\u00edgenas Sem Ferr\u00e3o\u201d, o amigo Paulo Vanzolini aconselhou Paulo a fazer o curso de Hist\u00f3ria Natural na USP. Assim, o jovem advogado fez o curso noturno na ent\u00e3o Faculdade de Filosofia, Ci\u00eancias e Letras e ampliou seus horizontes com o conhecimento trazido pelo curso.<\/span><\/p>\n<p><span style=\"font-size: large;\">Formou-se em 1959 e fez seu doutoramento no Departamento de Zoologia em 1963, e a tese foi sobre a arquitetura dos ninhos das esp\u00e9cies de abelhas sem ferr\u00e3o.<\/span><\/p>\n<p><span style=\"font-size: large;\">Naquela \u00e9poca j\u00e1 tinha publicado importantes estudos sobre o comportamento e a cria\u00e7\u00e3o das abelhas ind\u00edgenas sem ferr\u00e3o principalmente na revista Ch\u00e1caras e Quintais. Preocupava-se com as flores visitadas pelas abelhas, pois todo criador deveria plantar para as abelhas se alimentarem e ou nidificar. Ali\u00e1s, aqui vale dizer que tanto o Dr. Paulo quanto Dr Kerr sempre estavam com sementes ou mudas de \u00e1rvores, para distribuir ou que plantavam com prioridade no campus ainda pouco arborizado alem de em pra\u00e7as e jardins.<\/span><\/p>\n<p><span style=\"font-size: large;\">Na d\u00e9cada de 50, tamb\u00e9m o Dr. Paulo fundou a Adeflofa, Associa\u00e7\u00e3o de Defesa da Flora e da Fauna, que mais tarde passou a chamar-se Ademasp (Associa\u00e7\u00e3o de Defesa do Meio Ambiente de S. Paulo). Essa ONG se ocupava de a\u00e7\u00f5es ligadas \u00e0 prote\u00e7\u00e3o do meio ambiente, da cria\u00e7\u00e3o de reservas biol\u00f3gicas, de apoio a jovens estudantes.<\/span><\/p>\n<p><span style=\"font-size: large;\">\u00c1reas de import\u00e2ncia ecol\u00f3gica eram avaliadas para serem conservadas. A Adeflofa era s\u00f3cia da IUCN (Uni\u00e3o Internacional da Conserva\u00e7\u00e3o da Natureza) que at\u00e9 hoje \u00e9 uma das mais importantes e respeitadas organiza\u00e7\u00f5es de defesa do meio ambiente encontradas. Tamb\u00e9m no final desta d\u00e9cada ele publicou o primeiro trabalho sobre a utiliza\u00e7\u00e3o das abelhas sem ferr\u00e3o como polinizadores importantes do caf\u00e9 Bourbon, em colabora\u00e7\u00e3o com pesquisadores do Instituto Agron\u00f4mico de Campinas.<\/span><\/p>\n<figure id=\"attachment_2891\" aria-describedby=\"caption-attachment-2891\" style=\"width: 265px\" class=\"wp-caption alignright\"><a href=\"https:\/\/apacame.org.br\/site\/wp-content\/uploads\/2019\/04\/Figura-3-prof-emerito.jpg\"><img decoding=\"async\" class=\"size-medium wp-image-2891\" src=\"https:\/\/apacame.org.br\/site\/wp-content\/uploads\/2019\/04\/Figura-3-prof-emerito-265x300.jpg\" alt=\"Paulo Nogueira-Neto met\u00f3dico e organizado, anotava em fichas as observa\u00e7\u00f5es feitas nos ninho das abelhas, mas sobre os acontecimentos vividos, toda noite, escrevia no seu di\u00e1rio. E em 2010, uma parte destes di\u00e1rios sobre fatos da sua vida e da historia ambiental da Federa\u00e7\u00e3o Brasileira foi publicada no livro \u201cUma trajet\u00f3ria ambientalista\u201d. Di\u00e1rio de Paulo Nogueira- Neto. Foto Marilda Cortopassi-Laurino.\" width=\"265\" height=\"300\" srcset=\"https:\/\/apacame.org.br\/site\/wp-content\/uploads\/2019\/04\/Figura-3-prof-emerito-265x300.jpg 265w, https:\/\/apacame.org.br\/site\/wp-content\/uploads\/2019\/04\/Figura-3-prof-emerito-150x170.jpg 150w, https:\/\/apacame.org.br\/site\/wp-content\/uploads\/2019\/04\/Figura-3-prof-emerito.jpg 269w\" sizes=\"(max-width: 265px) 100vw, 265px\" \/><\/a><figcaption id=\"caption-attachment-2891\" class=\"wp-caption-text\">Paulo Nogueira-Neto met\u00f3dico e organizado,<br \/>anotava em fichas as observa\u00e7\u00f5es<br \/>feitas nos ninho das abelhas, mas sobre<br \/>os acontecimentos vividos, toda noite,<br \/>escrevia no seu di\u00e1rio. E em 2010, uma parte<br \/>destes di\u00e1rios sobre fatos da sua vida e da<br \/>historia ambiental da Federa\u00e7\u00e3o Brasileira<br \/>foi publicada no livro \u201cUma trajet\u00f3ria<br \/>ambientalista\u201d. Di\u00e1rio de Paulo Nogueira-<br \/>Neto. Foto Marilda Cortopassi-Laurino.<\/figcaption><\/figure>\n<p><span style=\"font-size: large;\">J\u00e1 estava definido ent\u00e3o um perfil de pesquisador importante para o Brasil. Ligado ao setor agr\u00edcola (Dr. Paulo era de fam\u00edlia de usineiros de cana de a\u00e7\u00facar) e com grande pendor conservacionista, j\u00e1 tinha naquela \u00e9poca entendido a import\u00e2ncia da cria\u00e7\u00e3o das abelhas como polinizadoras, e que dialogar com os pares dos dois setores era uma prioridade. A restaura\u00e7\u00e3o do entorno da Usina Ester em Cosm\u00f3polis, no Estado de S. Paulo, considerada modelo, foi idealizada e implantada por ele.<\/span><\/p>\n<p><span style=\"font-size: large;\">Para encurtar a hist\u00f3ria, Nogueira-Neto sempre foi ativo e participava dos principais movimentos ligados \u00e0 preserva\u00e7\u00e3o ambiental. Fez parte da delega\u00e7\u00e3o brasileira na famosa reuni\u00e3o de Estocolmo de 1972 (Reuni\u00e3o das Na\u00e7\u00f5es Unidas que abordou as intera\u00e7\u00f5es entre a Humanidade e o Meio Ambiente, os resultados apresentados na Declara\u00e7\u00e3o de Estocolmo). Chamado pelo governo brasileiro a opinar sobre os documentos resultantes deste encontro da ONU, do qual participaram 123 pa\u00edses, e como tratar da situa\u00e7\u00e3o no caso do Brasil, apontou novas possibilidades e foi posteriormente convidado pelo governo brasileiro para ser o primeiro Secret\u00e1rio Especial do Meio Ambiente. Era uma Secretaria ligada \u00e0 Presid\u00eancia da Rep\u00fablica que come\u00e7ou com 5 pessoas, em janeiro de 1974, para planejar as a\u00e7\u00f5es ligadas ao meio ambiente do Brasil. Felizmente, a escolha foi muito acertada: estava nas m\u00e3os de um homem \u00edntegro, capaz e preparado essa fun\u00e7\u00e3o. Foi uma \u00e9poca importante para o desenvolvimento das pol\u00edticas p\u00fablicas, quando foram criadas as esta\u00e7\u00f5es ecol\u00f3gicas, outros tipos de \u00e1reas de conserva\u00e7\u00e3o, e a legisla\u00e7\u00e3o ambiental do Brasil. Atuou sempre em prol deste desenvolvimento de \u00e1reas protegidas, pois sabia que era a \u00fanica possibilidade de conservar a biodiversidade no futuro.<\/span><\/p>\n<figure id=\"attachment_2892\" aria-describedby=\"caption-attachment-2892\" style=\"width: 266px\" class=\"wp-caption alignleft\"><a href=\"https:\/\/apacame.org.br\/site\/wp-content\/uploads\/2019\/04\/Figura-4-prof-emerito.jpg\"><img loading=\"lazy\" decoding=\"async\" class=\"size-full wp-image-2892\" src=\"https:\/\/apacame.org.br\/site\/wp-content\/uploads\/2019\/04\/Figura-4-prof-emerito.jpg\" alt=\"Na fazenda Aretuzina, os visitantes sempre contavam com a companhia de Paulo Nogueira-Neto e durante uns tempos, de um caititu domesticado que apreciava biscoitos de aveia.\" width=\"266\" height=\"288\" srcset=\"https:\/\/apacame.org.br\/site\/wp-content\/uploads\/2019\/04\/Figura-4-prof-emerito.jpg 266w, https:\/\/apacame.org.br\/site\/wp-content\/uploads\/2019\/04\/Figura-4-prof-emerito-150x162.jpg 150w\" sizes=\"(max-width: 266px) 100vw, 266px\" \/><\/a><figcaption id=\"caption-attachment-2892\" class=\"wp-caption-text\">Na fazenda Aretuzina, os visitantes sempre<br \/>contavam com a companhia de Paulo<br \/>Nogueira-Neto e durante uns tempos, de um<br \/>caititu domesticado que apreciava biscoitos<br \/>de aveia.<\/figcaption><\/figure>\n<p><span style=\"font-size: large;\">Nesta posi\u00e7\u00e3o, Nogueira-Neto participou como representante da Am\u00e9rica Latina ou do Brasil em comiss\u00f5es globais muito importantes. Destaco aqui o programa Homem e Biosfera (MAB : Man and Biosphere) da UNESCO, tendo sido eleito duas vezes para vice-presidente deste programa intergovernamental muito importante. Lan\u00e7ado em 1971 pela UNESCO, o programa tinha o objetivo de estabelecer a base cient\u00edfica para a melhoria das rela\u00e7\u00f5es entre os povos e o meio ambiente. Foi criada neste programa uma plataforma de coopera\u00e7\u00e3o e troca de informa\u00e7\u00f5es, experi\u00eancias e conhecimento sobre a perda de biodiversidade, as mudan\u00e7as clim\u00e1ticas e o desenvolvimento sustent\u00e1vel. <\/span><\/p>\n<p><span style=\"font-size: large;\">Com toda essa experi\u00eancia, participar da Comiss\u00e3o Brundtland, tamb\u00e9m das Na\u00e7\u00f5es Unidas, intitulada Comiss\u00e3o Mundial sobre Meio Ambiente e Desenvolvimento (1983-1987), foi o ponto alto de sua atua\u00e7\u00e3o global. Esta comiss\u00e3o definiu o desenvolvimento sustent\u00e1vel como a \u00fanica possibilidade para o futuro, e o relat\u00f3rio foi publicado em um livro denominado Nosso Futuro Comum. O relat\u00f3rio deu as bases para a reuni\u00e3o da ONU conhecida como Eco 92, quando foram criadas as grandes conven\u00e7\u00f5es que re\u00fanem os pa\u00edses signat\u00e1rios da ONU em temas como Biodiversidade, Mudan\u00e7as Clim\u00e1ticas, \u00c1reas Alagadas e a cria\u00e7\u00e3o da Agenda XXI.<\/span><\/p>\n<p><span style=\"font-size: large;\">Paulo Nogueira-Neto deixou o governo, mas n\u00e3o as a\u00e7\u00f5es em prol da biodiversidade, mudan\u00e7as clim\u00e1ticas, desenvolvimento sustent\u00e1vel, atuando no ensino, em muitas ONGs e Conselhos Ambientais. Foi muito respeitado por todos, pela sua habilidade de comunicar-se com setores antag\u00f4nicos, resolver conflitos, propor solu\u00e7\u00f5es simples para problemas complexos. Compreendia muito bem que a sociedade \u00e9 formada por muitos setores e que o di\u00e1logo bem constru\u00eddo e coerente \u00e9 uma ferramenta inestim\u00e1vel para o desenvolvimento.<\/span><\/p>\n<p><span style=\"font-size: large;\">Foi sempre bem-vindo, seja nas atividades junto \u00e0 USP e sempre presente nos Encontros sobre Abelhas de Ribeir\u00e3o Preto. Ofereceu aos pesquisadores e meliponicultores a fazenda Aretuzina como local de pesquisa com suas abelhas muito bem cuidadas e estudadas; era um dos pontos relevantes dos encontros em Ribeir\u00e3o Preto. <\/span><\/p>\n<p><span style=\"font-size: large;\">Recebeu muitos pr\u00eamios no Brasil e no Exterior, mas um dos que mais gostava era o de Professor Em\u00e9rito. Tinha orgulho de ser professor, e de poder ensinar. Sempre acompanhou o desenvolvimento do laborat\u00f3rio de abelhas que criou em 1967, iniciado com 5 colmeias e que formou muitos pesquisadores, hoje com posi\u00e7\u00f5es em Universidades e Centros de Pesquisa em todo Brasil. Influenciou positivamente centenas de pessoas, que o admiraram e respeitaram. Uma homenagem dos alunos ser\u00e1 o plantio inicialmente de 96 \u00e1rvores em todo Brasil em todos os s\u00e1bado do m\u00eas de mar\u00e7o, celebrando a vida e o exemplo do nosso mestre. M\u00e9xico, Portugal e Austr\u00e1lia acabam de ser inclu\u00eddos nesta homenagem.<\/span><\/p>\n<p><span style=\"font-size: large;\">Em um dos seus depoimentos ele comentava as li\u00e7\u00f5es do ex\u00edlio do seu pai durante o governo getulista. \u201cQuando viajava de avi\u00e3o com destino a Buenos Aires, ficava sempre impressionado com o espet\u00e1culo oferecido pelas florestas de arauc\u00e1ria que se mostravam presentes e imponentes. Achava que era um espet\u00e1culo eterno, que n\u00e3o iria acabar nunca. Mas o tempo mostrou que estava errado. Daquilo tudo, hoje, sobrou apenas o Parque Nacional Igua\u00e7u\u201d.<\/span><\/p>\n<p><span style=\"font-size: large;\">Como bem definiu em uma entrevista dada \u00e0 Associa\u00e7\u00e3o ABELHA, \u201cO mundo n\u00e3o \u00e9 sustent\u00e1vel se n\u00e3o cuidarmos do meio Ambiente. A vida humana depende disso\u201d. Ele tamb\u00e9m disse que a melhor coisa que fez na vida foi conseguir que a prote\u00e7\u00e3o ao Meio Ambiente passasse a ser defendia, pois faz parte do amor ao pr\u00f3ximo&#8230;<\/span><\/p>\n","protected":false},"excerpt":{"rendered":"<p>Paulo Nogueira-Neto, o Professor Em\u00e9rito do Departamento de Ecologia do IBUSP e seu legado. Vera Lucia Imperatriz Fonseca (vlifonse@ib.usp.br) &#8211; Professora S\u00eanior da USP. Laborat\u00f3rio de Abelhas \u201cA melhor coisa [&hellip;]<\/p>\n","protected":false},"author":20,"featured_media":0,"parent":2811,"menu_order":0,"comment_status":"open","ping_status":"open","template":"","meta":{"pmpro_default_level":"","_price":"","_stock":"","_tribe_ticket_header":"","_tribe_default_ticket_provider":"","_tribe_ticket_capacity":"0","_ticket_start_date":"","_ticket_end_date":"","_tribe_ticket_show_description":"","_tribe_ticket_show_not_going":false,"_tribe_ticket_use_global_stock":"","_tribe_ticket_global_stock_level":"","_global_stock_mode":"","_global_stock_cap":"","_tribe_rsvp_for_event":"","_tribe_ticket_going_count":"","_tribe_ticket_not_going_count":"","_tribe_tickets_list":"[]","_tribe_ticket_has_attendee_info_fields":false,"cybocfi_hide_featured_image":"","footnotes":""},"class_list":["post-2888","page","type-page","status-publish","hentry","pmpro-has-access"],"_links":{"self":[{"href":"https:\/\/apacame.org.br\/site\/wp-json\/wp\/v2\/pages\/2888"}],"collection":[{"href":"https:\/\/apacame.org.br\/site\/wp-json\/wp\/v2\/pages"}],"about":[{"href":"https:\/\/apacame.org.br\/site\/wp-json\/wp\/v2\/types\/page"}],"author":[{"embeddable":true,"href":"https:\/\/apacame.org.br\/site\/wp-json\/wp\/v2\/users\/20"}],"replies":[{"embeddable":true,"href":"https:\/\/apacame.org.br\/site\/wp-json\/wp\/v2\/comments?post=2888"}],"version-history":[{"count":2,"href":"https:\/\/apacame.org.br\/site\/wp-json\/wp\/v2\/pages\/2888\/revisions"}],"predecessor-version":[{"id":2894,"href":"https:\/\/apacame.org.br\/site\/wp-json\/wp\/v2\/pages\/2888\/revisions\/2894"}],"up":[{"embeddable":true,"href":"https:\/\/apacame.org.br\/site\/wp-json\/wp\/v2\/pages\/2811"}],"wp:attachment":[{"href":"https:\/\/apacame.org.br\/site\/wp-json\/wp\/v2\/media?parent=2888"}],"curies":[{"name":"wp","href":"https:\/\/api.w.org\/{rel}","templated":true}]}}