{"id":2873,"date":"2019-04-25T19:42:47","date_gmt":"2019-04-25T19:42:47","guid":{"rendered":"http:\/\/apacame.org.br\/site\/?page_id=2873"},"modified":"2019-04-25T19:42:47","modified_gmt":"2019-04-25T19:42:47","slug":"homenagem-3","status":"publish","type":"page","link":"https:\/\/apacame.org.br\/site\/revista\/mensagem-doce-n-150-marco-de-2019\/homenagem-3\/","title":{"rendered":"Homenagem"},"content":{"rendered":"<h1 style=\"text-align: center;\">Dr. Paulo Nogueira Neto e a Fazenda Aretuzina<\/h1>\n<blockquote><p>Cristiano Menezes (<a href=\"mailto:cristiano.menezes@embrapa.br\">cristiano.menezes@embrapa.br<\/a>) &#8211; Pesquisador da Embrapa Meio Ambiente, Jaguari\u00fana-SP &#8211; Bi\u00f3logo, Entom\u00f3logo, especialista em abelhas sem ferr\u00e3o<\/p><\/blockquote>\n<p style=\"text-align: center;\"><span style=\"font-size: large;\"><b>\u201c26 de fevereiro de 2019,<br \/>\no mundo amanheceu menos verde\u201d<\/b><\/span><\/p>\n<p><span style=\"font-size: large;\"><a href=\"https:\/\/apacame.org.br\/site\/wp-content\/uploads\/2019\/04\/Foto-1-Nogueira.jpg\"><img fetchpriority=\"high\" decoding=\"async\" class=\"alignleft size-full wp-image-2874\" src=\"https:\/\/apacame.org.br\/site\/wp-content\/uploads\/2019\/04\/Foto-1-Nogueira.jpg\" alt=\"Foto-1-Nogueira\" width=\"561\" height=\"377\" srcset=\"https:\/\/apacame.org.br\/site\/wp-content\/uploads\/2019\/04\/Foto-1-Nogueira.jpg 561w, https:\/\/apacame.org.br\/site\/wp-content\/uploads\/2019\/04\/Foto-1-Nogueira-300x202.jpg 300w, https:\/\/apacame.org.br\/site\/wp-content\/uploads\/2019\/04\/Foto-1-Nogueira-150x101.jpg 150w, https:\/\/apacame.org.br\/site\/wp-content\/uploads\/2019\/04\/Foto-1-Nogueira-500x336.jpg 500w\" sizes=\"(max-width: 561px) 100vw, 561px\" \/><\/a>Tive o privil\u00e9gio de conviver com o Dr. Paulo Nogueira Neto em sua Fazenda Aretuzina, no munic\u00edpio de S\u00e3o Sim\u00e3o, onde ele mantinha e disponibilizava uma infraestrutura incr\u00edvel para estudar a abelhas sem ferr\u00e3o. Para quem \u00e9 apaixonado pelo mundo das abelhas, visitar a fazenda era equivalente a ir para a Disneyl\u00e2ndia para uma crian\u00e7a. Neste local ele criava uma grande diversidade de esp\u00e9cies nativas, mantidas em condi\u00e7\u00f5es prop\u00edcias para a pesquisa cient\u00edfica, e mantinha um laborat\u00f3rio para estudos de comportamento, biblioteca e estrutura confort\u00e1vel para hospedar as pessoas. N\u00e3o havia restri\u00e7\u00f5es para ajudar pesquisadores e estudantes a realizarem suas pesquisas. Al\u00e9m de oferecer infraestrutura, disponibilizava toda a equipe de funcion\u00e1rios e colaboradores para atender \u00e0s necessidades dos visitantes. Geralmente aos finais de semana, os visitantes tinham o privil\u00e9gio de conviver com o Dr. Paulo, compartilhar os resultados de suas pesquisas, discutir ideias e ouvir as hist\u00f3rias de quem participou literalmente da constru\u00e7\u00e3o dos principais pilares da conserva\u00e7\u00e3o da biodiversidade brasileira.<\/span><\/p>\n<p><span style=\"font-size: large;\">O ambiente estimulante e favor\u00e1vel \u00e0 ci\u00eancia tamb\u00e9m representava uma oportunidade \u00fanica para conhecer a hist\u00f3ria do caf\u00e9 e sua import\u00e2ncia para o pa\u00eds. No passado a Fazenda Aretuzina foi uma das mais relevantes para a produ\u00e7\u00e3o de caf\u00e9 no interior de S\u00e3o Paulo e possui um acervo de equipamentos, infraestrutura e utens\u00edlios capazes de fazer inveja em qualquer museu de hist\u00f3ria.<\/span><\/p>\n<p><span style=\"font-size: large;\">Ao longo de muitos anos a Fazenda Aretuzina foi frequentada por dezenas de brasileiros e estrangeiros e dali surgiram diversas descobertas importantes sobre o mundo desses insetos t\u00e3o especiais, as abelhas sem ferr\u00e3o. Experimentem buscar no Google Scholar por \u201cFazenda Aretuzina\u201d para ter uma ideia de quantas publica\u00e7\u00f5es cient\u00edficas foram geradas nesse local. Tive a oportunidade participar ativamente de algumas delas, mas uma foi especial e contou com a participa\u00e7\u00e3o direta do Dr. Paulo. Foi a descoberta do primeiro caso de uma abelha guarda morfologicamente especializada. Durante uma das visitas do Prof. Francis Ratnieks e seus alunos \u00e0 fazenda, est\u00e1vamos estudando o sistema de defesa da abelha Jata\u00ed e observamos pela primeira vez que as guardas eram maiores que as forrageiras. No in\u00edcio o Dr. Paulo demonstrou desconfian\u00e7a, mas com o avan\u00e7o do estudo e diante dos resultados preliminares, o entusiasmo pela descoberta e suas considera\u00e7\u00f5es foram fundamentais para avan\u00e7ar no trabalho que posteriormente abriria uma nova linha de pesquisa no grupo das abelhas sem ferr\u00e3o. Como \u00e9 poss\u00edvel concluir, ele n\u00e3o s\u00f3 propiciava um ambiente incr\u00edvel para os estudos oferecendo a sua fazenda, mas participava ativamente dos processos, de forma humilde e ponderada, como era do seu perfil.<\/span><\/p>\n<p><span style=\"font-size: large;\">Hoje, 26 de fevereiro de 2019, o mundo amanheceu menos verde. O Brasil perde um dos principais pioneiros nas quest\u00f5es ambientais a n\u00edvel mundial. O seu legado \u00e9 imposs\u00edvel medir, mas \u00e9 poss\u00edvel ver. Em uma floresta nativa, na mata ciliar de um rio, no topo de uma montanha. No olhar de uma crian\u00e7a que conhece e admira as abelhas ind\u00edgenas sem ferr\u00e3o. Se n\u00e3o fosse ele, muitas das nossas esp\u00e9cies j\u00e1 poderiam estar extintas.<\/span><\/p>\n<p><span style=\"font-size: large;\"><b>Agradecimento<\/b><\/span><\/p>\n<p><span style=\"font-size: large;\">\u201cSou muito grato \u00e0 Prof.\u00aa Vera Imperatriz Fonseca por ter me apresentado ao Dr. Paulo e propiciado a conviv\u00eancia com ele. Foi fundamental na minha forma\u00e7\u00e3o como pesquisador e como cidad\u00e3o.\u201d\u00a0<\/span><\/p>\n","protected":false},"excerpt":{"rendered":"<p>Dr. Paulo Nogueira Neto e a Fazenda Aretuzina Cristiano Menezes (cristiano.menezes@embrapa.br) &#8211; Pesquisador da Embrapa Meio Ambiente, Jaguari\u00fana-SP &#8211; Bi\u00f3logo, Entom\u00f3logo, especialista em abelhas sem ferr\u00e3o \u201c26 de fevereiro de [&hellip;]<\/p>\n","protected":false},"author":20,"featured_media":0,"parent":2811,"menu_order":0,"comment_status":"open","ping_status":"open","template":"","meta":{"pmpro_default_level":"","_price":"","_stock":"","_tribe_ticket_header":"","_tribe_default_ticket_provider":"","_tribe_ticket_capacity":"0","_ticket_start_date":"","_ticket_end_date":"","_tribe_ticket_show_description":"","_tribe_ticket_show_not_going":false,"_tribe_ticket_use_global_stock":"","_tribe_ticket_global_stock_level":"","_global_stock_mode":"","_global_stock_cap":"","_tribe_rsvp_for_event":"","_tribe_ticket_going_count":"","_tribe_ticket_not_going_count":"","_tribe_tickets_list":"[]","_tribe_ticket_has_attendee_info_fields":false,"cybocfi_hide_featured_image":"","footnotes":""},"class_list":["post-2873","page","type-page","status-publish","hentry","pmpro-has-access"],"_links":{"self":[{"href":"https:\/\/apacame.org.br\/site\/wp-json\/wp\/v2\/pages\/2873"}],"collection":[{"href":"https:\/\/apacame.org.br\/site\/wp-json\/wp\/v2\/pages"}],"about":[{"href":"https:\/\/apacame.org.br\/site\/wp-json\/wp\/v2\/types\/page"}],"author":[{"embeddable":true,"href":"https:\/\/apacame.org.br\/site\/wp-json\/wp\/v2\/users\/20"}],"replies":[{"embeddable":true,"href":"https:\/\/apacame.org.br\/site\/wp-json\/wp\/v2\/comments?post=2873"}],"version-history":[{"count":2,"href":"https:\/\/apacame.org.br\/site\/wp-json\/wp\/v2\/pages\/2873\/revisions"}],"predecessor-version":[{"id":2876,"href":"https:\/\/apacame.org.br\/site\/wp-json\/wp\/v2\/pages\/2873\/revisions\/2876"}],"up":[{"embeddable":true,"href":"https:\/\/apacame.org.br\/site\/wp-json\/wp\/v2\/pages\/2811"}],"wp:attachment":[{"href":"https:\/\/apacame.org.br\/site\/wp-json\/wp\/v2\/media?parent=2873"}],"curies":[{"name":"wp","href":"https:\/\/api.w.org\/{rel}","templated":true}]}}