{"id":2854,"date":"2019-04-24T17:51:03","date_gmt":"2019-04-24T17:51:03","guid":{"rendered":"http:\/\/apacame.org.br\/site\/?page_id=2854"},"modified":"2019-04-24T17:51:03","modified_gmt":"2019-04-24T17:51:03","slug":"que-abelha-e-esta","status":"publish","type":"page","link":"https:\/\/apacame.org.br\/site\/revista\/mensagem-doce-n-150-marco-de-2019\/que-abelha-e-esta\/","title":{"rendered":"Que Abelha \u00e9 esta?"},"content":{"rendered":"<h1 style=\"text-align: center;\">A abelha sem ferr\u00e3o Scaura longula (jata\u00ed-preta) de Goi\u00e1s. Caracter\u00edsticas e curiosidades<\/h1>\n<blockquote><p>Marilda Cortopassi-Laurino (<a href=\"mailto:mclaurin@usp.br\">mclaurin@usp.br<\/a>)<\/p><\/blockquote>\n<p><span style=\"font-size: large;\">A jata\u00ed-preta \u00e9 um melipon\u00edneo pequeno em tamanho e que tem como principal caracter\u00edstica diferencial morfol\u00f3gica dos seus ninhos a presen\u00e7a dos favos de cria constru\u00eddos na posi\u00e7\u00e3o vertical (fig.2), enquanto todos os outros melipon\u00edneos conhecidos no Brasil constroem seus favos na posi\u00e7\u00e3o horizontal ou helicoidal. Nesta esp\u00e9cie, quando as c\u00e9lulas s\u00e3o constru\u00eddas e preenchidas com alimento larval e depois com ovos, elas permanecem no sentido vertical, entretanto, com o passar do tempo, elas se posicionam no sentido horizontal at\u00e9 a eclos\u00e3o das abelhas.<\/span><\/p>\n<figure id=\"attachment_2855\" aria-describedby=\"caption-attachment-2855\" style=\"width: 300px\" class=\"wp-caption alignright\"><a href=\"https:\/\/apacame.org.br\/site\/wp-content\/uploads\/2019\/04\/Foto-1-jatai-preta.jpg\"><img fetchpriority=\"high\" decoding=\"async\" class=\"size-medium wp-image-2855\" src=\"https:\/\/apacame.org.br\/site\/wp-content\/uploads\/2019\/04\/Foto-1-jatai-preta-300x295.jpg\" alt=\"Fig.1 Distribui\u00e7\u00e3o de Scaura longula na regi\u00e3o Neotropical: Bol\u00edvia (El Beni); Brasil (Amap\u00e1, Amazonas, Bahia, Goi\u00e1s, Maranh\u00e3o, Mato Grosso, Minas Gerais, Par\u00e1, S\u00e3o Paulo); Col\u00f4mbia (Cundinamarca, Meta); Peru (Jun\u00edn, Loreto, Pasco, San Mart\u00edn); Suriname. Fonte: Moure \u0301s bee catalogue. \" width=\"300\" height=\"295\" srcset=\"https:\/\/apacame.org.br\/site\/wp-content\/uploads\/2019\/04\/Foto-1-jatai-preta-300x295.jpg 300w, https:\/\/apacame.org.br\/site\/wp-content\/uploads\/2019\/04\/Foto-1-jatai-preta-150x147.jpg 150w, https:\/\/apacame.org.br\/site\/wp-content\/uploads\/2019\/04\/Foto-1-jatai-preta-500x491.jpg 500w, https:\/\/apacame.org.br\/site\/wp-content\/uploads\/2019\/04\/Foto-1-jatai-preta.jpg 618w\" sizes=\"(max-width: 300px) 100vw, 300px\" \/><\/a><figcaption id=\"caption-attachment-2855\" class=\"wp-caption-text\">Fig.1 Distribui\u00e7\u00e3o de Scaura longula na regi\u00e3o Neotropical: Bol\u00edvia (El Beni); Brasil (Amap\u00e1,<br \/>Amazonas, Bahia, Goi\u00e1s, Maranh\u00e3o, Mato Grosso, Minas Gerais, Par\u00e1, S\u00e3o Paulo); Col\u00f4mbia<br \/>(Cundinamarca, Meta); Peru (Jun\u00edn, Loreto, Pasco, San Mart\u00edn); Suriname. Fonte: Moure \u0301s bee<br \/>catalogue. &lt;http:\/\/maps.cria.org.br\/mapcria\/viewer4.0?server=mapcria3.cria&gt;<\/figcaption><\/figure>\n<p><span style=\"font-size: large;\">O comportamento de prote\u00e7\u00e3o dos ninhos das abelhas sem ferr\u00e3o \u00e9 bastante amplo variando desde estruturas defensivas, nidifica\u00e7\u00e3o em agregados ou junto com formigas, cupins e vespas at\u00e9 comportamento individual de beliscar a pele em locais sens\u00edveis como p\u00e1lpebras e narinas al\u00e9m de vibrar nos pelos e cabelos e ainda de depositar grumos de resina no intruso. <\/span><\/p>\n<p><span style=\"font-size: large;\">A jata\u00ed-preta, que \u00e9 uma esp\u00e9cie muito d\u00f3cil, apresentou comportamento inusitado: ao longo de alguns dias abelhas campeiras que retornavam ao ninho depositavam uma ou duas got\u00edculas muito densas, provavelmente n\u00e9ctar, nas proximidades da entrada, que eram rapidamente ingeridas por 1-3 vespas Polybia emaciata. Estas vespas investiam contra as pr\u00f3prias abelhas e tamb\u00e9m contra uma barata que foi observada lambendo os detritos de lixo jogados na porta do ninho. <\/span><\/p>\n<p><span style=\"font-size: large;\">Ao longo das observa\u00e7\u00f5es, as vespas chegavam cedo, ao mesmo tempo em que iniciava o movimento externo, entre 20.7-20.9\u00baC e 84-93% de UR e permaneciam at\u00e9 o final da tarde, quando come\u00e7ava a escurecer. Havia domin\u00e2ncia de coleta destas got\u00edculas por uma das vespas embora entre elas ocorresse trofalaxis. <\/span><\/p>\n<p><span style=\"font-size: large;\">A maior parte das got\u00edculas (60%, n=109) foi depositada ao redor de 10 cm da entrada do ninho e ao longo do dia aumentou progressivamente at\u00e9 uma hora antes do pico do movimento externo, ocorrido as 16h00min, quando elas foram depositadas em at\u00e9 30cm de distancia. Se este comportamento \u00e9 eventual, n\u00e3o \u00e9 conhecido, mas este per\u00edodo de intera\u00e7\u00e3o abelha-vespa coincidiu com a amplia\u00e7\u00e3o do comprimento e largura da porta, talvez associado com fase de enxamea\u00e7\u00e3o do ninho como ocorre em outras abelhas d\u00f3ceis, quando talvez a vulnerabilidade das abelhas e ninhos aumente. Outra possibilidade, independente do tempo, seria a recompensa do monitoramento pelas vespas porque esta abelha joga o lixo na porta, e deste lixo armazenado j\u00e1 foi observado emergiram pequenas mariposas.<\/span><\/p>\n<figure id=\"attachment_2856\" aria-describedby=\"caption-attachment-2856\" style=\"width: 300px\" class=\"wp-caption alignleft\"><a href=\"https:\/\/apacame.org.br\/site\/wp-content\/uploads\/2019\/04\/Foto-2-jatai-preta.jpg\"><img decoding=\"async\" class=\"size-medium wp-image-2856\" src=\"https:\/\/apacame.org.br\/site\/wp-content\/uploads\/2019\/04\/Foto-2-jatai-preta-300x225.jpg\" alt=\"Fig. 2 favos de cria com disposi\u00e7\u00e3o vertical da abelha jata\u00ed-preta (Scaura longula). Fotos de Marilda Cortopassi-Laurino.\" width=\"300\" height=\"225\" srcset=\"https:\/\/apacame.org.br\/site\/wp-content\/uploads\/2019\/04\/Foto-2-jatai-preta-300x225.jpg 300w, https:\/\/apacame.org.br\/site\/wp-content\/uploads\/2019\/04\/Foto-2-jatai-preta-150x113.jpg 150w, https:\/\/apacame.org.br\/site\/wp-content\/uploads\/2019\/04\/Foto-2-jatai-preta-500x375.jpg 500w, https:\/\/apacame.org.br\/site\/wp-content\/uploads\/2019\/04\/Foto-2-jatai-preta.jpg 561w\" sizes=\"(max-width: 300px) 100vw, 300px\" \/><\/a><figcaption id=\"caption-attachment-2856\" class=\"wp-caption-text\">Fig. 2 favos de cria com disposi\u00e7\u00e3o vertical da abelha jata\u00ed-preta (Scaura longula).<br \/>Fotos de Marilda Cortopassi-Laurino.<\/figcaption><\/figure>\n<p><span style=\"font-size: large;\">Depois de identificadas estas vespas e seus ninhos caracter\u00edsticos constru\u00eddos com argila, pudemos constatar que elas s\u00e3o comuns na regi\u00e3o onde a Scaura tamb\u00e9m \u00e9 nativa. <\/span><\/p>\n<p><span style=\"font-size: large;\">Rela\u00e7\u00f5es positivas observadas entre abelhas sem ferr\u00e3o e outros insetos sugadores de plantas principalmente cigarrinhas e cochonilhas que s\u00e3o comuns e conhecidas desde h\u00e1 muito tempo foram resumidas por Camargo e Pedro (2004). O \u00fanico relacionamento n\u00e3o agressivo conhecido entre abelhas sem ferr\u00e3o e vespas \u00e9 o citado por Rassmussen (2004) quando da nidifica\u00e7\u00e3o de Trigona cilipes em vespeiros de Epipona tatua na regi\u00e3o do Peru. Esta nossa observa\u00e7\u00e3o indica que rela\u00e7\u00f5es positivas podem se desenvolver entre estes dois grupos de insetos sociais e que investiga\u00e7\u00f5es nas caracter\u00edsticas destas got\u00edculas poder\u00e3o elucidar o motivo desta coleta por parte das vespas j\u00e1 que na natureza estavam dispon\u00edveis outras fontes de n\u00e9ctar. <\/span><\/p>\n<p><span style=\"font-size: large;\"><b>Bibliografia<\/b><\/span><\/p>\n<p><span style=\"font-size: large;\">Camargo JM, Pedro S, (2004) Mutualistic Association between a Tiny Amazonian Stingless Bee and a Wax Producing Scale Insect. Biotr\u00f3pica 34 (3): 446-451<\/span><\/p>\n<figure id=\"attachment_2857\" aria-describedby=\"caption-attachment-2857\" style=\"width: 300px\" class=\"wp-caption alignright\"><a href=\"https:\/\/apacame.org.br\/site\/wp-content\/uploads\/2019\/04\/Foto-3-jatai-preta.jpg\"><img decoding=\"async\" class=\"size-medium wp-image-2857\" src=\"https:\/\/apacame.org.br\/site\/wp-content\/uploads\/2019\/04\/Foto-3-jatai-preta-300x212.jpg\" alt=\"Fig. 3 entrada do ninho da abelha jata\u00ed-preta (Scaura longula). Fotos de Marilda Cortopassi-Laurino.\" width=\"300\" height=\"212\" srcset=\"https:\/\/apacame.org.br\/site\/wp-content\/uploads\/2019\/04\/Foto-3-jatai-preta-300x212.jpg 300w, https:\/\/apacame.org.br\/site\/wp-content\/uploads\/2019\/04\/Foto-3-jatai-preta-150x106.jpg 150w, https:\/\/apacame.org.br\/site\/wp-content\/uploads\/2019\/04\/Foto-3-jatai-preta-500x353.jpg 500w, https:\/\/apacame.org.br\/site\/wp-content\/uploads\/2019\/04\/Foto-3-jatai-preta.jpg 561w\" sizes=\"(max-width: 300px) 100vw, 300px\" \/><\/a><figcaption id=\"caption-attachment-2857\" class=\"wp-caption-text\">Fig. 3 entrada do ninho da abelha jata\u00ed-preta (Scaura longula).<br \/>Fotos de Marilda Cortopassi-Laurino.<\/figcaption><\/figure>\n<p><span style=\"font-size: large;\">Rassmussen C, (2004) A Stingless Bee Nesting with a Paper Wasp (Hymenoptera, Apidae, Vespidae). Journal of the Kansas Entomological Society 77(4):593-601<\/span><\/p>\n<p><span style=\"font-size: large;\"><a href=\"http:\/\/moure.cria.org.br\/catalogue?id=34490\" target=\"_blank\" rel=\"noopener\">http:\/\/moure.cria.org.br\/catalogue?id=34490<\/a><\/span><\/p>\n<p><span style=\"font-size: large;\"><b>Homenagem<\/b><\/span><\/p>\n<p><span style=\"font-size: large;\">Mais uma abelha voou em dire\u00e7\u00e3o ao sol, mas deixou sua sombra nos m\u00faltiplos trabalhos realizados em prol das abelhas. Agradecemos de cora\u00e7\u00e3o ao Constantino Zara a sua passagem pelos caminhos ap\u00edcolas.<\/span><\/p>\n","protected":false},"excerpt":{"rendered":"<p>A abelha sem ferr\u00e3o Scaura longula (jata\u00ed-preta) de Goi\u00e1s. Caracter\u00edsticas e curiosidades Marilda Cortopassi-Laurino (mclaurin@usp.br) A jata\u00ed-preta \u00e9 um melipon\u00edneo pequeno em tamanho e que tem como principal caracter\u00edstica diferencial [&hellip;]<\/p>\n","protected":false},"author":20,"featured_media":0,"parent":2811,"menu_order":0,"comment_status":"open","ping_status":"open","template":"","meta":{"pmpro_default_level":"","_price":"","_stock":"","_tribe_ticket_header":"","_tribe_default_ticket_provider":"","_tribe_ticket_capacity":"0","_ticket_start_date":"","_ticket_end_date":"","_tribe_ticket_show_description":"","_tribe_ticket_show_not_going":false,"_tribe_ticket_use_global_stock":"","_tribe_ticket_global_stock_level":"","_global_stock_mode":"","_global_stock_cap":"","_tribe_rsvp_for_event":"","_tribe_ticket_going_count":"","_tribe_ticket_not_going_count":"","_tribe_tickets_list":"[]","_tribe_ticket_has_attendee_info_fields":false,"cybocfi_hide_featured_image":"","footnotes":""},"class_list":["post-2854","page","type-page","status-publish","hentry","pmpro-has-access"],"_links":{"self":[{"href":"https:\/\/apacame.org.br\/site\/wp-json\/wp\/v2\/pages\/2854"}],"collection":[{"href":"https:\/\/apacame.org.br\/site\/wp-json\/wp\/v2\/pages"}],"about":[{"href":"https:\/\/apacame.org.br\/site\/wp-json\/wp\/v2\/types\/page"}],"author":[{"embeddable":true,"href":"https:\/\/apacame.org.br\/site\/wp-json\/wp\/v2\/users\/20"}],"replies":[{"embeddable":true,"href":"https:\/\/apacame.org.br\/site\/wp-json\/wp\/v2\/comments?post=2854"}],"version-history":[{"count":2,"href":"https:\/\/apacame.org.br\/site\/wp-json\/wp\/v2\/pages\/2854\/revisions"}],"predecessor-version":[{"id":2859,"href":"https:\/\/apacame.org.br\/site\/wp-json\/wp\/v2\/pages\/2854\/revisions\/2859"}],"up":[{"embeddable":true,"href":"https:\/\/apacame.org.br\/site\/wp-json\/wp\/v2\/pages\/2811"}],"wp:attachment":[{"href":"https:\/\/apacame.org.br\/site\/wp-json\/wp\/v2\/media?parent=2854"}],"curies":[{"name":"wp","href":"https:\/\/api.w.org\/{rel}","templated":true}]}}