{"id":2846,"date":"2019-04-24T17:34:00","date_gmt":"2019-04-24T17:34:00","guid":{"rendered":"http:\/\/apacame.org.br\/site\/?page_id=2846"},"modified":"2019-04-24T17:34:00","modified_gmt":"2019-04-24T17:34:00","slug":"homenagem-2","status":"publish","type":"page","link":"https:\/\/apacame.org.br\/site\/revista\/mensagem-doce-n-150-marco-de-2019\/homenagem-2\/","title":{"rendered":"Homenagem"},"content":{"rendered":"<h1 style=\"text-align: center;\">PRESIDENTE SEM PASTA, PRESIDENTE DE HONRA PERMANENTE DA CONFEDERA\u00c7\u00c3O BRASILEIRA DE APICULTURA.<\/h1>\n<blockquote><p>Lionel Segui Gon\u00e7alves &#8211; Professor Titular aposentado da USP-Ribeir\u00e3o Preto-SP, Pesquisador Visitante Volunt\u00e1rio da UFERSA &#8211; Mossor\u00f3 &#8211; RN e Presidente da ONG \u201cBEE OR NOT TO BE\u201d.<\/p><\/blockquote>\n<p><span style=\"font-size: large;\">Com o t\u00edtulo simb\u00f3lico acima, rendo homenagem p\u00f3stuma a um grande brasileiro, defensor das abelhas e do meio ambiente. Refiro-me ao caro amigo falecido em 20\/09\/2018, Dr. CONSTANTINO ZARA FILHO, comerciante, advogado, apicultor, educador, associativista, presidente da APACAME, membro da ONG \u201cBEE OR NOT TO BE\u201d, grande incentivador e defensor da apicultura nacional e um dos mais atuantes conselheiros da CBA &#8211; Confedera\u00e7\u00e3o Brasileira de Apicultura. Como ex-presidente da Comiss\u00e3o T\u00e9cnico-Cient\u00edfica da CBA por mais de 15 anos, sinto-me qualificado e muito \u00e0 vontade para dar testemunho das atividades desempenhadas no pa\u00eds e exterior pelo Dr. Constantino em prol da apicultura brasileira.<\/span><\/p>\n<figure id=\"attachment_2849\" aria-describedby=\"caption-attachment-2849\" style=\"width: 229px\" class=\"wp-caption alignright\"><a href=\"https:\/\/apacame.org.br\/site\/wp-content\/uploads\/2019\/04\/Foto-1-Presidente.jpg\"><img fetchpriority=\"high\" decoding=\"async\" class=\"size-medium wp-image-2849\" src=\"https:\/\/apacame.org.br\/site\/wp-content\/uploads\/2019\/04\/Foto-1-Presidente-229x300.jpg\" alt=\"APIMONDIA 2015 - Coreia do sul\" width=\"229\" height=\"300\" srcset=\"https:\/\/apacame.org.br\/site\/wp-content\/uploads\/2019\/04\/Foto-1-Presidente-229x300.jpg 229w, https:\/\/apacame.org.br\/site\/wp-content\/uploads\/2019\/04\/Foto-1-Presidente-150x197.jpg 150w, https:\/\/apacame.org.br\/site\/wp-content\/uploads\/2019\/04\/Foto-1-Presidente-381x500.jpg 381w, https:\/\/apacame.org.br\/site\/wp-content\/uploads\/2019\/04\/Foto-1-Presidente.jpg 561w\" sizes=\"(max-width: 229px) 100vw, 229px\" \/><\/a><figcaption id=\"caption-attachment-2849\" class=\"wp-caption-text\">APIMONDIA 2015 &#8211; Coreia do sul<\/figcaption><\/figure>\n<p><span style=\"font-size: large;\">Dentro do associativismo e, em particular, nas lides ap\u00edcolas relacionadas \u00e0 CBA, gra\u00e7as \u00e0 sua perspic\u00e1cia, firme determina\u00e7\u00e3o, pondera\u00e7\u00e3o e sapi\u00eancia, deixou legado hist\u00f3rico \u00e0s gera\u00e7\u00f5es que sucedem. Atuou como conselheiro fiscal e compartilhou sua experi\u00eancia jur\u00eddica junto a distintas administra\u00e7\u00f5es e diretorias da entidade, sempre em favor de sua organiza\u00e7\u00e3o e desenvolvimento, do engajamento dos apicultores e da harmonia nas gest\u00f5es. E foi com esse esp\u00edrito correto e conciliador que o Dr. Constantino \u201capagou muitos inc\u00eandios\u201d e \u201ccolocou ordem na casa\u201d em ocasi\u00f5es diversas e, marcadamente, nos momentos eleitorais, de renova\u00e7\u00e3o das diretorias da CBA.<\/span><\/p>\n<p><span style=\"font-size: large;\">Destaco importante interven\u00e7\u00e3o do Dr. Constantino, por ocasi\u00e3o da pen\u00faltima elei\u00e7\u00e3o da diretoria da CBA, realizada em 2014, em Bel\u00e9m do Par\u00e1, em Assembleia Geral durante o Congresso Brasileiro de Apicultura. Nessa ocasi\u00e3o, a CBA \u2013 a entidade m\u00e1xima da apicultura brasileira &#8211; devido a um ato falho e irrespons\u00e1vel de seu ent\u00e3o Presidente, encontrava-se estatutariamente registrada em cart\u00f3rio como membro de uma nova entidade, a \u201cAssocia\u00e7\u00e3o ABELHA\u201d, e, portanto, figurava como parceira de pessoas f\u00edsicas e jur\u00eddicas vinculadas a empresas multinacionais, fabricantes de pesticidas nocivos \u00e0s abelhas. Esse ato inconceb\u00edvel fora registrado em cart\u00f3rio pelo ent\u00e3o presidente da CBA, que agiu sem consultar os demais membros da Diretoria da CBA, Conselho Fiscal, Diretoria Cient\u00edfica (representada na \u00e9poca pela minha pessoa) e membros das distintas Federa\u00e7\u00f5es de Apicultores. A afronta causou mal-estar e indigna\u00e7\u00e3o geral, de norte a sul do pa\u00eds, e gra\u00e7as aos presidentes das Federa\u00e7\u00f5es, pesquisadores, conselheiros e, principalmente, \u00e0 a\u00e7\u00e3o e orienta\u00e7\u00e3o irretoc\u00e1vel e determinada do Dr. Constantino Zara Filho, o ato foi revogado mediante vota\u00e7\u00e3o em Assembleia Geral, evento que se tornou hist\u00f3rico para a apicultura nacional. Foi sob o seu protagonismo que se conseguiu reverter a situa\u00e7\u00e3o: a CBA livrou-se oficialmente da repugnante situa\u00e7\u00e3o e elegeu nova diretoria totalmente desvinculada de empresas com interesses sabidamente diversos daqueles dos apicultores. Hoje, a CBA, embora ainda apresente dificuldades financeiras, segue livremente, com objetivos claros, oferecendo na medida das possibilidades, sua contribui\u00e7\u00e3o para o desenvolvimento ap\u00edcola nacional.<\/span><\/p>\n<figure id=\"attachment_2850\" aria-describedby=\"caption-attachment-2850\" style=\"width: 255px\" class=\"wp-caption alignleft\"><a href=\"https:\/\/apacame.org.br\/site\/wp-content\/uploads\/2019\/04\/Foto-2-Presidente.jpg\"><img decoding=\"async\" class=\"size-medium wp-image-2850\" src=\"https:\/\/apacame.org.br\/site\/wp-content\/uploads\/2019\/04\/Foto-2-Presidente-255x300.jpg\" alt=\"Constantino Zara Filho foi homenageado pela CBA no 18o Congresso Brasileiro de Apicultura.\" width=\"255\" height=\"300\" srcset=\"https:\/\/apacame.org.br\/site\/wp-content\/uploads\/2019\/04\/Foto-2-Presidente-255x300.jpg 255w, https:\/\/apacame.org.br\/site\/wp-content\/uploads\/2019\/04\/Foto-2-Presidente-150x176.jpg 150w, https:\/\/apacame.org.br\/site\/wp-content\/uploads\/2019\/04\/Foto-2-Presidente-426x500.jpg 426w, https:\/\/apacame.org.br\/site\/wp-content\/uploads\/2019\/04\/Foto-2-Presidente.jpg 561w\" sizes=\"(max-width: 255px) 100vw, 255px\" \/><\/a><figcaption id=\"caption-attachment-2850\" class=\"wp-caption-text\">Constantino Zara Filho foi homenageado pela CBA no 18o Congresso Brasileiro de Apicultura.<\/figcaption><\/figure>\n<p><span style=\"font-size: large;\">Sou testemunha, portanto, de que nosso homenageado, sem nunca ter ocupado cargo de diretoria de nossa entidade m\u00e1xima, manteve ao longo do tempo dedica\u00e7\u00e3o zelosa e escrupulosa pelo futuro da CBA, que sempre o qualificaram junto a seus pares como merecedor do maior respeito pelas suas pondera\u00e7\u00f5es. Em diferentes oportunidades de renova\u00e7\u00e3o da diretoria, Dr. Constantino declinou o convite para se candidatar a Presidente da CBA, alegando seu compromisso imut\u00e1vel com a APACAME, mas nunca lhe negou esfor\u00e7o, compet\u00eancia, contribui\u00e7\u00f5es para que bons resultados fossem alcan\u00e7ados, a despeito das inevit\u00e1veis tens\u00f5es e impasses, como o ocorrido em Bel\u00e9m-PA. Suas atua\u00e7\u00f5es como Conselheiro, marcadas por seriedade e serenidade, dignidade e responsabilidade, eram na pr\u00e1tica a de quem agia como se fora um Presidente sem Pasta da CBA. No meu entender, por seus conselhos, proposi\u00e7\u00f5es e a\u00e7\u00f5es pela apicultura brasileira, dentro e fora da CBA, ao longo de toda uma vida, considero-o como merecedor do t\u00edtulo que ora proponho, o de \u201cPresidente Permanente de Honra da CBA\u201d.<\/span><\/p>\n<p><span style=\"font-size: large;\">Em favor dessa proposta, coleciono argumentos e compartilho a seguir alguns epis\u00f3dios da hist\u00f3ria da apicultura e da CBA. A CBA foi fundada curiosamente e extraoficialmente em Maryland-USA por um grupo de brasileiros presentes no Congresso da Apimondia de 1967 e que necessitavam de uma representa\u00e7\u00e3o oficial do Brasil naquele evento ap\u00edcola internacional no qual estavam presentes, o famoso apicultor ga\u00facho \u201cTio Hugo\u201d (Hugo Muxfeld), o Prof. Warwick E. Kerr e eu Lionel S. Gon\u00e7alves &#8211; ocasi\u00e3o em que apresentava meu primeiro trabalho em congresso internacional. Oficialmente, a CBA foi criada logo em seguida, em 1968, no Brasil, em Porto Alegre RS. Dois anos mais tarde, em 1970, face aos problemas relacionados \u00e0s abelhas africanizadas no pa\u00eds e \u00e0 falta de conhecimento sobre o manejo e biologia dessas abelhas, realizou-se o 1o Congresso Brasileiro de Apicultura em Florian\u00f3polis &#8211; SC. Nesse mesmo ano, conclu\u00ed meu doutorado na USP de Ribeir\u00e3o Preto-SP, sob a orienta\u00e7\u00e3o do geneticista Prof. Dr. Warwick Estevam Kerr, introdutor das abelhas africanas (Apis mellifera scutellata) no Brasil, tendo como tema principal gen\u00e9tica e melhoramento de abelhas africanizadas. Em 1979, um grupo de pessoas interessadas em apicultura fundaram em S\u00e3o Paulo-SP a APACAME &#8211; Associa\u00e7\u00e3o dos Apicultores Paulistas Criadores de Abelhas Mel\u00edficas Europeias, com prefer\u00eancia pelas abelhas Apis mellifera europeias, devido principalmente \u00e0 influ\u00eancia de um grego, tido como t\u00e9cnico ap\u00edcola, Nikolaos A. Mitsiotis. Poucos anos mais tarde, membros da APACAME decidiram ampliar os objetivos iniciais da Associa\u00e7\u00e3o e adotaram outras abelhas Apis mellifera, inclusive as h\u00edbridas africanizadas, passando a entidade a ser liderada pelo apicultor e advogado, Dr. Constantino Zara Filho, ocasi\u00e3o em que tive o prazer de conhec\u00ea-lo em reuni\u00f5es sobre apicultura no estado de S\u00e3o Paulo.<\/span><\/p>\n<p><span style=\"font-size: large;\">Face a dedicad\u00edssima atua\u00e7\u00e3o desse abnegado membro da APACAME, na qualidade de Presidente eleito por seus pares, ocorreram sucessivas recondu\u00e7\u00f5es ao cargo m\u00e1ximo da entidade, o que se sucedeu por aclama\u00e7\u00e3o, por 38 anos, e at\u00e9 recentemente em 2018 quando todos fomos surpreendidos com a inesperada not\u00edcia do falecimento do grande l\u00edder ap\u00edcola brasileiro. Aquele que admirou, criou e defendeu as pequenas criaturas aladas, est\u00e1 agora nos bra\u00e7os do grande Criador. Mas nesse intervalo, segundo registros documentados, foi extremamente ativo como associativista, tendo organizado e ministrado mais de 170 cursos, buscando cativar novos membros a se dedicarem \u00e0s abelhas e \u00e0 apicultura e, anotem o detalhe, ensinando inclusive a metodologia de manejo com as famosas abelhas africanizadas, outrora rotuladas como \u201ckiller bees\u201d, hoje mais domesticadas e manipul\u00e1veis. Dr. Constantino promovia o engajamento e a produtividade, inspirava a cria\u00e7\u00e3o de abelhas, como hobby ou profiss\u00e3o, gra\u00e7as a seus profundos conhecimentos ap\u00edcolas e dotes educacionais.<\/span><\/p>\n<figure id=\"attachment_2851\" aria-describedby=\"caption-attachment-2851\" style=\"width: 300px\" class=\"wp-caption alignright\"><a href=\"https:\/\/apacame.org.br\/site\/wp-content\/uploads\/2019\/04\/Foto-3-Presidente.jpg\"><img decoding=\"async\" class=\"size-medium wp-image-2851\" src=\"https:\/\/apacame.org.br\/site\/wp-content\/uploads\/2019\/04\/Foto-3-Presidente-300x212.jpg\" alt=\"Na Assembleia Legislativa do Estado de S\u00e3o Paulo, a convite do Deputado estadual Pe. Afonso Lobato, juntos argumentamos, advogamos e pleiteamos a proibi\u00e7\u00e3o das pulveriza\u00e7\u00f5es a\u00e9reas das lavouras com agrot\u00f3xicos.\" width=\"300\" height=\"212\" srcset=\"https:\/\/apacame.org.br\/site\/wp-content\/uploads\/2019\/04\/Foto-3-Presidente-300x212.jpg 300w, https:\/\/apacame.org.br\/site\/wp-content\/uploads\/2019\/04\/Foto-3-Presidente-150x106.jpg 150w, https:\/\/apacame.org.br\/site\/wp-content\/uploads\/2019\/04\/Foto-3-Presidente-500x353.jpg 500w, https:\/\/apacame.org.br\/site\/wp-content\/uploads\/2019\/04\/Foto-3-Presidente.jpg 561w\" sizes=\"(max-width: 300px) 100vw, 300px\" \/><\/a><figcaption id=\"caption-attachment-2851\" class=\"wp-caption-text\">Na Assembleia Legislativa do Estado de S\u00e3o Paulo, a convite do Deputado estadual Pe. Afonso<br \/>Lobato, juntos argumentamos, advogamos e pleiteamos a proibi\u00e7\u00e3o das pulveriza\u00e7\u00f5es a\u00e9reas<br \/>das lavouras com agrot\u00f3xicos.<\/figcaption><\/figure>\n<p><span style=\"font-size: large;\">Ainda como l\u00edder ap\u00edcola associativista, como presidente da APACAME e representando os apicultores paulistas, (na ocasi\u00e3o ainda n\u00e3o existia a Federa\u00e7\u00e3o Paulista de Apicultores), tive a oportunidade de aproximar-me do Dr. Constantino que, ao lado do Dr. Walter Moreti, na ocasi\u00e3o vice-presidente da APACAME, foram convidados pelo ent\u00e3o presidente da CBA, Sr. Helmuth Wiese, para compor juntamente comigo, como ent\u00e3o presidente da Comiss\u00e3o Cient\u00edfica da CBA, a Comiss\u00e3o Organizadora do XXXII Congresso Internacional de Apicultura da APIMONDIA, realizado no Rio de Janeiro em 1989. Trabalhamos como coordenador t\u00e9cnico-cientifico, respons\u00e1vel pela programa\u00e7\u00e3o cient\u00edfica do congresso da Apimondia no Brasil, ao lado do Dr. Constantino e do Dr. Moreti na qualidade de respons\u00e1veis pela coordena\u00e7\u00e3o financeira daquele evento. Foi grande o desafio, e excelente o aprendizado. Conseguimos realizar o referido Congresso e o Brasil tornou-se mais conhecido no mundo ap\u00edcola internacional. Foi nessa oportunidade de trabalho e conviv\u00eancia que tive o prazer de conhecer um pouco mais da face empreendedora e organizadora do Dr. Constantino, e passei a admir\u00e1-lo ainda mais, tendo nos tornado amigos por longos anos.<\/span><\/p>\n<p><span style=\"font-size: large;\">Como defensor das abelhas contra o uso indiscriminado dos pesticidas, teve ele tamb\u00e9m atua\u00e7\u00e3o marcante e amplamente reconhecida nos meios ap\u00edcolas, educacionais, pol\u00edticos e cient\u00edficos. Por ocasi\u00e3o da nossa iniciativa na cria\u00e7\u00e3o da ONG \u201cBEE OR NOT TO BE\u201c, com o objetivo de proteger as abelhas e o meio ambiente, Dr. Constantino atendeu prontamente ao nosso convite e esteve sempre atuante.<\/span><\/p>\n<p><span style=\"font-size: large;\">Comungando do mesmo amor \u00e0s abelhas e respeito aos apicultores, atuamos muitas vezes em parceira. As longas conversas, regadas com boas doses de idealismo e outras tantas de dura realidade, nos faziam avan\u00e7ar na dire\u00e7\u00e3o da vontade pol\u00edtica de salvar as abelhas de suas anunciadas senten\u00e7as de morte. Lembro que estivemos juntos na Assembleia Legislativa do Estado de S\u00e3o Paulo, a convite do Deputado estadual Pe. Afonso Lobato, e que juntos argumentamos, advogamos e pleiteamos a proibi\u00e7\u00e3o das pulveriza\u00e7\u00f5es a\u00e9reas das lavouras com agrot\u00f3xicos &#8211; pr\u00e1tica irracional e inaceit\u00e1vel frente ao conhecimento de que hoje dispomos acerca da deriva e dos danos persistentes ao solo, \u00e0 \u00e1gua e, consequentemente, a todo ser vivo. Muito mais que abelhas, juntos argumentamos pela vida.<\/span><\/p>\n<p><span style=\"font-size: large;\">Dr. Constantino foi tamb\u00e9m um dos criadores do lema da APACAME \u201cAbelhas a servi\u00e7o da Agricultura\u201c e suas palestras em simp\u00f3sios e semin\u00e1rios, proferidas em defesa das abelhas e sob os mais variados temas ap\u00edcolas, sempre cativaram e mobilizaram os participantes. Tamb\u00e9m era sua qualidade ouvir as pessoas, e a partir da escuta atenta engendrava solu\u00e7\u00f5es. In\u00fameras vezes em que estivemos juntos nos Congressos brasileiros e internacionais jamais observei um Constantino passivo sem novas ideias ou propostas de incentivo \u00e0s causas ap\u00edcolas.<\/span><\/p>\n<p><span style=\"font-size: large;\">Finalmente, destaco ainda sua maravilhosa contribui\u00e7\u00e3o na divulga\u00e7\u00e3o de eventos ap\u00edcolas e incentivo aos apicultores a se manterem atualizados, a participar de atividades, cursos, congressos. Juntamente com sua querida e dedicada esposa Cleide Zara, que com muita compet\u00eancia sempre coordenou as famosas \u201cCaravanas da APACAME\u201d, reuniam numerosos participantes, que chegavam sempre devidamente uniformizados e marcavam presen\u00e7a nas edi\u00e7\u00f5es do Congresso Brasileiro de Apicultura e Congressos Internacionais da Apimondia, Filapi etc. Com o tempo, a iniciativa perseverante do Dr. Constantino tornou-se tradi\u00e7\u00e3o na rotina de importantes eventos nacionais e internacionais, demonstrando a for\u00e7a do associativismo ap\u00edcola brasileiro. Fui testemunha da presen\u00e7a festiva e organizada das v\u00e1rias dezenas de pessoas agrupadas, vestindo as coloridas camisetas da APACAME, muitos portando n\u00e3o apenas as bandeiras do Brasil, mas carregando consigo especial alegria pela oportunidade de desfrutar desses ambientes de confraterniza\u00e7\u00e3o e interc\u00e2mbio de conhecimentos, produtos e cultura ap\u00edcola.<\/span><\/p>\n<p><span style=\"font-size: large;\">Como pesquisador, confesso minha satisfa\u00e7\u00e3o de ter podido participar dos Congressos da APIMONDIA &#8211; Federa\u00e7\u00e3o Internacional que congrega apicultores e pesquisadores de mais de 110 pa\u00edses no mundo \u2013 e poder compartilhar resultados de algumas de nossas pesquisas desenvolvidas no Brasil. Em 2017, no \u00faltimo congresso da Apimondia, em Istambul-Turquia, fui agraciado com o honroso t\u00edtulo de \u201cMembro Honor\u00e1rio da APIMONDIA\u201d em face de minhas contribui\u00e7\u00f5es t\u00e9cnico-cientificas em 45 anos de trabalho com as abelhas africanizadas e participa\u00e7\u00e3o em mais de 15 congressos internacionais da Apimondia. E \u00e9 assim, na qualidade de ass\u00edduo participante da Apimondia, que ofere\u00e7o meu testemunho acerca da indescrit\u00edvel sensa\u00e7\u00e3o de felicidade e orgulho que senti, ao participar das cerim\u00f4nias de abertura e\/ou encerramento dos Congressos Internacionais da APIMONDIA, quando a numerosa e vibrante \u201cCARAVANA da APACAME\u201d se fazia presente, bonita e organizada, representando e elevando o BRASIL nesses eventos ap\u00edcolas ao redor do mundo.<\/span><\/p>\n<p><span style=\"font-size: large;\">Sua passagem causou-nos profunda dor e sua aus\u00eancia se far\u00e1 sentir. Somo todos gratos ao casal Zara pelas memor\u00e1veis viagens a congressos, e em especial ao nosso querido Dr. Constantino Zara Filho, que n\u00e3o s\u00f3 admirava as abelhas, mas zelava, como poucos, pela apicultura e pelos muitos apicultores desse nosso Brasil. Tamanho desvelo e respeito \u00e9 legado \u00edmpar, a servir de inspira\u00e7\u00e3o e exemplo.<\/span><\/p>\n","protected":false},"excerpt":{"rendered":"<p>PRESIDENTE SEM PASTA, PRESIDENTE DE HONRA PERMANENTE DA CONFEDERA\u00c7\u00c3O BRASILEIRA DE APICULTURA. Lionel Segui Gon\u00e7alves &#8211; Professor Titular aposentado da USP-Ribeir\u00e3o Preto-SP, Pesquisador Visitante Volunt\u00e1rio da UFERSA &#8211; Mossor\u00f3 &#8211; [&hellip;]<\/p>\n","protected":false},"author":20,"featured_media":0,"parent":2811,"menu_order":0,"comment_status":"open","ping_status":"open","template":"","meta":{"pmpro_default_level":"","_price":"","_stock":"","_tribe_ticket_header":"","_tribe_default_ticket_provider":"","_tribe_ticket_capacity":"0","_ticket_start_date":"","_ticket_end_date":"","_tribe_ticket_show_description":"","_tribe_ticket_show_not_going":false,"_tribe_ticket_use_global_stock":"","_tribe_ticket_global_stock_level":"","_global_stock_mode":"","_global_stock_cap":"","_tribe_rsvp_for_event":"","_tribe_ticket_going_count":"","_tribe_ticket_not_going_count":"","_tribe_tickets_list":"[]","_tribe_ticket_has_attendee_info_fields":false,"cybocfi_hide_featured_image":"","footnotes":""},"class_list":["post-2846","page","type-page","status-publish","hentry","pmpro-has-access"],"_links":{"self":[{"href":"https:\/\/apacame.org.br\/site\/wp-json\/wp\/v2\/pages\/2846"}],"collection":[{"href":"https:\/\/apacame.org.br\/site\/wp-json\/wp\/v2\/pages"}],"about":[{"href":"https:\/\/apacame.org.br\/site\/wp-json\/wp\/v2\/types\/page"}],"author":[{"embeddable":true,"href":"https:\/\/apacame.org.br\/site\/wp-json\/wp\/v2\/users\/20"}],"replies":[{"embeddable":true,"href":"https:\/\/apacame.org.br\/site\/wp-json\/wp\/v2\/comments?post=2846"}],"version-history":[{"count":1,"href":"https:\/\/apacame.org.br\/site\/wp-json\/wp\/v2\/pages\/2846\/revisions"}],"predecessor-version":[{"id":2852,"href":"https:\/\/apacame.org.br\/site\/wp-json\/wp\/v2\/pages\/2846\/revisions\/2852"}],"up":[{"embeddable":true,"href":"https:\/\/apacame.org.br\/site\/wp-json\/wp\/v2\/pages\/2811"}],"wp:attachment":[{"href":"https:\/\/apacame.org.br\/site\/wp-json\/wp\/v2\/media?parent=2846"}],"curies":[{"name":"wp","href":"https:\/\/api.w.org\/{rel}","templated":true}]}}