{"id":2837,"date":"2019-04-24T16:17:50","date_gmt":"2019-04-24T16:17:50","guid":{"rendered":"http:\/\/apacame.org.br\/site\/?page_id=2837"},"modified":"2019-04-24T16:20:23","modified_gmt":"2019-04-24T16:20:23","slug":"atividade","status":"publish","type":"page","link":"https:\/\/apacame.org.br\/site\/revista\/mensagem-doce-n-150-marco-de-2019\/atividade\/","title":{"rendered":"Atividade"},"content":{"rendered":"<h1 style=\"text-align: center;\">REUNI\u00c3O PLEN\u00c1RIA DE 05\/12\/2018<\/h1>\n<p><span style=\"font-size: large;\">No Retorno as nossas reuni\u00f5es mensais, depois de uma pausa devido ao falecimento do nosso Presidente Constantino Zara Filho. tivemos como palestrate o Dr. Celso Henrique, Fisoterapeuta e Apiterapeuta, P\u00f3s Graduado em MTC e P\u00f3s Graduado em Apicultura e Meliponicultura que falou sobre:<\/span><\/p>\n<p><span style=\"font-size: large;\">Hist\u00f3ria da Apiterapia no Brasil e no Mundo. <\/span><\/p>\n<p><span style=\"font-size: large;\">O Que \u00e9 Apiterapia?<\/span><\/p>\n<p><span style=\"font-size: large;\">Pr\u00e1tica Legal da Apiterapia. <\/span><\/p>\n<p><span style=\"font-size: large;\">Quem Pode Praticar?<\/span><\/p>\n<p><span style=\"font-size: large;\">Sobre a Parte Cl\u00ednica.<\/span><\/p>\n<p><span style=\"font-size: large;\">A \u00faltima reuni\u00e3o do ano de 2018 foi realizada com boa presen\u00e7a de p\u00fablico e foi um sucesso.<\/span><\/p>\n<div id='gallery-1' class='gallery galleryid-2837 gallery-columns-2 gallery-size-full'><figure class='gallery-item'>\n\t\t\t<div class='gallery-icon landscape'>\n\t\t\t\t<a href='https:\/\/apacame.org.br\/site\/wp-content\/uploads\/2019\/04\/Foto-1-Atividade.jpg'><img fetchpriority=\"high\" decoding=\"async\" width=\"561\" height=\"354\" src=\"https:\/\/apacame.org.br\/site\/wp-content\/uploads\/2019\/04\/Foto-1-Atividade.jpg\" class=\"attachment-full size-full\" alt=\"\" aria-describedby=\"gallery-1-2838\" srcset=\"https:\/\/apacame.org.br\/site\/wp-content\/uploads\/2019\/04\/Foto-1-Atividade.jpg 561w, https:\/\/apacame.org.br\/site\/wp-content\/uploads\/2019\/04\/Foto-1-Atividade-300x189.jpg 300w, https:\/\/apacame.org.br\/site\/wp-content\/uploads\/2019\/04\/Foto-1-Atividade-150x95.jpg 150w, https:\/\/apacame.org.br\/site\/wp-content\/uploads\/2019\/04\/Foto-1-Atividade-500x316.jpg 500w\" sizes=\"(max-width: 561px) 100vw, 561px\" \/><\/a>\n\t\t\t<\/div>\n\t\t\t\t<figcaption class='wp-caption-text gallery-caption' id='gallery-1-2838'>\n\t\t\t\tO palestrante Dr. Celso Henrique\n\t\t\t\t<\/figcaption><\/figure><figure class='gallery-item'>\n\t\t\t<div class='gallery-icon landscape'>\n\t\t\t\t<a href='https:\/\/apacame.org.br\/site\/wp-content\/uploads\/2019\/04\/Foto-2-Atividade.jpg'><img decoding=\"async\" width=\"532\" height=\"354\" src=\"https:\/\/apacame.org.br\/site\/wp-content\/uploads\/2019\/04\/Foto-2-Atividade.jpg\" class=\"attachment-full size-full\" alt=\"\" aria-describedby=\"gallery-1-2839\" srcset=\"https:\/\/apacame.org.br\/site\/wp-content\/uploads\/2019\/04\/Foto-2-Atividade.jpg 532w, https:\/\/apacame.org.br\/site\/wp-content\/uploads\/2019\/04\/Foto-2-Atividade-300x200.jpg 300w, https:\/\/apacame.org.br\/site\/wp-content\/uploads\/2019\/04\/Foto-2-Atividade-150x100.jpg 150w, https:\/\/apacame.org.br\/site\/wp-content\/uploads\/2019\/04\/Foto-2-Atividade-500x333.jpg 500w\" sizes=\"(max-width: 532px) 100vw, 532px\" \/><\/a>\n\t\t\t<\/div>\n\t\t\t\t<figcaption class='wp-caption-text gallery-caption' id='gallery-1-2839'>\n\t\t\t\tDiploma\u00e7\u00e3o do Palestrante pela diretoria da APACAME\n\t\t\t\t<\/figcaption><\/figure>\n\t\t<\/div>\n\n","protected":false},"excerpt":{"rendered":"<p>REUNI\u00c3O PLEN\u00c1RIA DE 05\/12\/2018 No Retorno as nossas reuni\u00f5es mensais, depois de uma pausa devido ao falecimento do nosso Presidente Constantino Zara Filho. tivemos como palestrate o Dr. Celso Henrique, [&hellip;]<\/p>\n","protected":false},"author":20,"featured_media":0,"parent":2811,"menu_order":0,"comment_status":"open","ping_status":"open","template":"","meta":{"pmpro_default_level":"","_price":"","_stock":"","_tribe_ticket_header":"","_tribe_default_ticket_provider":"","_tribe_ticket_capacity":"0","_ticket_start_date":"","_ticket_end_date":"","_tribe_ticket_show_description":"","_tribe_ticket_show_not_going":false,"_tribe_ticket_use_global_stock":"","_tribe_ticket_global_stock_level":"","_global_stock_mode":"","_global_stock_cap":"","_tribe_rsvp_for_event":"","_tribe_ticket_going_count":"","_tribe_ticket_not_going_count":"","_tribe_tickets_list":"[]","_tribe_ticket_has_attendee_info_fields":false,"cybocfi_hide_featured_image":"","footnotes":""},"class_list":["post-2837","page","type-page","status-publish","hentry","pmpro-has-access"],"_links":{"self":[{"href":"https:\/\/apacame.org.br\/site\/wp-json\/wp\/v2\/pages\/2837"}],"collection":[{"href":"https:\/\/apacame.org.br\/site\/wp-json\/wp\/v2\/pages"}],"about":[{"href":"https:\/\/apacame.org.br\/site\/wp-json\/wp\/v2\/types\/page"}],"author":[{"embeddable":true,"href":"https:\/\/apacame.org.br\/site\/wp-json\/wp\/v2\/users\/20"}],"replies":[{"embeddable":true,"href":"https:\/\/apacame.org.br\/site\/wp-json\/wp\/v2\/comments?post=2837"}],"version-history":[{"count":2,"href":"https:\/\/apacame.org.br\/site\/wp-json\/wp\/v2\/pages\/2837\/revisions"}],"predecessor-version":[{"id":2841,"href":"https:\/\/apacame.org.br\/site\/wp-json\/wp\/v2\/pages\/2837\/revisions\/2841"}],"up":[{"embeddable":true,"href":"https:\/\/apacame.org.br\/site\/wp-json\/wp\/v2\/pages\/2811"}],"wp:attachment":[{"href":"https:\/\/apacame.org.br\/site\/wp-json\/wp\/v2\/media?parent=2837"}],"curies":[{"name":"wp","href":"https:\/\/api.w.org\/{rel}","templated":true}]}}